{"id":31404,"date":"2024-09-30T13:05:15","date_gmt":"2024-09-30T13:05:15","guid":{"rendered":"https:\/\/boostgrowb.com\/software\/slack\/"},"modified":"2025-07-07T16:15:11","modified_gmt":"2025-07-07T16:15:11","slug":"slack","status":"publish","type":"product","link":"https:\/\/boostgrowb.com\/es\/software\/slack\/","title":{"rendered":"Slack"},"content":{"rendered":"\t\t<div data-elementor-type=\"product-post\" data-elementor-id=\"31404\" class=\"elementor elementor-31404 elementor-9574\" data-elementor-post-type=\"product\">\n\t\t\t\t<div class=\"elementor-element elementor-element-f738e46 e-flex e-con-boxed wpr-particle-no wpr-jarallax-no wpr-parallax-no wpr-sticky-section-no e-con e-parent\" data-id=\"f738e46\" data-element_type=\"container\" data-e-type=\"container\">\n\t\t\t\t\t<div class=\"e-con-inner\">\n\t\t\t\t<div class=\"elementor-element elementor-element-3a0f322 elementor-widget elementor-widget-heading\" data-id=\"3a0f322\" data-element_type=\"widget\" data-e-type=\"widget\" data-widget_type=\"heading.default\">\n\t\t\t\t<div class=\"elementor-widget-container\">\n\t\t\t\t\t<h1 class=\"elementor-heading-title elementor-size-default\">\u00bfQu\u00e9 es Slack?<\/h1>\t\t\t\t<\/div>\n\t\t\t\t<\/div>\n\t\t\t\t\t<\/div>\n\t\t\t\t<\/div>\n\t\t<div class=\"elementor-element elementor-element-2207431 e-flex e-con-boxed wpr-particle-no wpr-jarallax-no wpr-parallax-no wpr-sticky-section-no e-con e-parent\" data-id=\"2207431\" data-element_type=\"container\" data-e-type=\"container\">\n\t\t\t\t\t<div class=\"e-con-inner\">\n\t\t\t\t<div class=\"elementor-element elementor-element-76db97b elementor-widget elementor-widget-text-editor\" data-id=\"76db97b\" data-element_type=\"widget\" data-e-type=\"widget\" data-widget_type=\"text-editor.default\">\n\t\t\t\t<div class=\"elementor-widget-container\">\n\t\t\t\t\t\t\t\t\t<p><strong>Slack<\/strong> es una plataforma <strong>de mensajer\u00eda para equipos<\/strong> que simplifica <strong>la comunicaci\u00f3n<\/strong> y mejora la <strong>colaboraci\u00f3n<\/strong> en las empresas. Con sus <strong>canales de chat<\/strong> avanzados,<strong>integraci\u00f3n de aplicaciones<\/strong> y funciones <strong>de videoconferencia<\/strong>, <strong>Slack<\/strong> te permite centralizar todas tus interacciones empresariales en un solo lugar, haci\u00e9ndote m\u00e1s organizado y productivo. Tanto si eres una start-up, una PYME o una gran empresa.  <\/p><p><strong>Slack<\/strong> destaca por su capacidad para <strong>centralizar la comunicaci\u00f3n<\/strong> dentro de los equipos, ofreciendo <strong>canales<\/strong> para cada proyecto, departamento o tema. A diferencia de los correos electr\u00f3nicos, que pueden perderse o ser demasiado numerosos, <strong>Slack<\/strong> organiza las conversaciones de forma estructurada, facilitando y agilizando el acceso a la informaci\u00f3n. Con funciones como <strong>canales p\u00fablicos y privados<\/strong>, <strong>integraci\u00f3n de aplicaciones<\/strong> y <strong>notificaciones personalizadas<\/strong>, <strong>Slack<\/strong> garantiza <strong>una comunicaci\u00f3n fluida<\/strong> y <strong>una colaboraci\u00f3n eficaz<\/strong>.  <\/p>\t\t\t\t\t\t\t\t<\/div>\n\t\t\t\t<\/div>\n\t\t\t\t\t<\/div>\n\t\t\t\t<\/div>\n\t\t<div class=\"elementor-element elementor-element-408dab0 e-flex e-con-boxed wpr-particle-no wpr-jarallax-no wpr-parallax-no wpr-sticky-section-no e-con e-parent\" data-id=\"408dab0\" data-element_type=\"container\" data-e-type=\"container\">\n\t\t\t\t\t<div class=\"e-con-inner\">\n\t\t\t\t<div class=\"elementor-element elementor-element-7cf99cd elementor-widget elementor-widget-heading\" data-id=\"7cf99cd\" data-element_type=\"widget\" data-e-type=\"widget\" data-widget_type=\"heading.default\">\n\t\t\t\t<div class=\"elementor-widget-container\">\n\t\t\t\t\t<h3 class=\"elementor-heading-title elementor-size-default\">\u00bfCu\u00e1les son las principales caracter\u00edsticas de Slack?<\/h3>\t\t\t\t<\/div>\n\t\t\t\t<\/div>\n\t\t\t\t\t<\/div>\n\t\t\t\t<\/div>\n\t\t<div class=\"elementor-element elementor-element-f465357 e-flex e-con-boxed wpr-particle-no wpr-jarallax-no wpr-parallax-no wpr-sticky-section-no e-con e-parent\" data-id=\"f465357\" data-element_type=\"container\" data-e-type=\"container\">\n\t\t\t\t\t<div class=\"e-con-inner\">\n\t\t\t\t<div class=\"elementor-element elementor-element-cb39567 elementor-widget elementor-widget-text-editor\" data-id=\"cb39567\" data-element_type=\"widget\" data-e-type=\"widget\" data-widget_type=\"text-editor.default\">\n\t\t\t\t<div class=\"elementor-widget-container\">\n\t\t\t\t\t\t\t\t\t<p data-pm-slice=\"0 0 []\">Slack est\u00e1 repleto de funciones que simplifican el trabajo en equipo y aumentan la productividad. Esto es lo que lo convierte en una herramienta esencial para las empresas modernas: <\/p><p><b>Canales tem\u00e1ticos organizados:<\/b> Crea canales dedicados para cada proyecto, equipo o cliente, y organiza tus debates seg\u00fan el tema. Haz que los canales sean p\u00fablicos o privados para una gesti\u00f3n flexible de la informaci\u00f3n. <\/p><p><b>Mensajer\u00eda instant\u00e1nea y personalizada:<\/b> Comun\u00edcate en tiempo real con tus compa\u00f1eros mediante mensajes directos o discusiones de grupo. Utiliza las menciones ( @nombre ) para alertar a miembros concretos y no perderte nunca una informaci\u00f3n importante. <\/p><p data-pm-slice=\"0 0 []\"><b>Compartir archivos de forma centralizada:<\/b> Importa documentos, im\u00e1genes o v\u00eddeos directamente a los debates para que tus equipos puedan acceder a ellos f\u00e1cilmente. Encuentra todos los archivos compartidos en una biblioteca centralizada. <\/p><p data-pm-slice=\"0 0 []\"><strong>Integraciones con herramientas profesionales:<\/strong> conecta Slack a tus aplicaciones favoritas, como Google Drive, Trello o Salesforce, para gestionar todos tus flujos de trabajo desde una \u00fanica plataforma.<\/p><p><strong>Automatizaci\u00f3n con Slackbot:<\/strong> Automatiza recordatorios, crea respuestas predefinidas y deja que Slackbot te ayude con tus tareas diarias.<\/p>\t\t\t\t\t\t\t\t<\/div>\n\t\t\t\t<\/div>\n\t\t\t\t\t<\/div>\n\t\t\t\t<\/div>\n\t\t<div class=\"elementor-element elementor-element-a746a10 e-flex e-con-boxed wpr-particle-no wpr-jarallax-no wpr-parallax-no wpr-sticky-section-no e-con e-parent\" data-id=\"a746a10\" data-element_type=\"container\" data-e-type=\"container\">\n\t\t\t\t\t<div class=\"e-con-inner\">\n\t\t\t\t<div class=\"elementor-element elementor-element-d439dbf elementor-widget elementor-widget-heading\" data-id=\"d439dbf\" data-element_type=\"widget\" data-e-type=\"widget\" data-widget_type=\"heading.default\">\n\t\t\t\t<div class=\"elementor-widget-container\">\n\t\t\t\t\t<h3 class=\"elementor-heading-title elementor-size-default\">\u00bfCu\u00e1les son las ventajas de utilizar Slack?<\/h3>\t\t\t\t<\/div>\n\t\t\t\t<\/div>\n\t\t\t\t<div class=\"elementor-element elementor-element-c011012 elementor-widget elementor-widget-text-editor\" data-id=\"c011012\" data-element_type=\"widget\" data-e-type=\"widget\" data-widget_type=\"text-editor.default\">\n\t\t\t\t<div class=\"elementor-widget-container\">\n\t\t\t\t\t\t\t\t\t<p data-pm-slice=\"0 0 []\">Slack ofrece una serie de ventajas que lo convierten en una herramienta esencial para los equipos modernos. He aqu\u00ed por qu\u00e9 deber\u00edas adoptarlo: <\/p><p><strong>Comunicaciones centralizadas:<\/strong> Con Slack, todas tus conversaciones est\u00e1n en un solo lugar, eliminando la necesidad de hacer malabarismos con correos electr\u00f3nicos, llamadas y aplicaciones de mensajer\u00eda.<\/p><p><strong>Ahorra tiempo:<\/strong> la b\u00fasqueda inteligente, las notificaciones en tiempo real y las integraciones te permiten trabajar de forma m\u00e1s eficiente, perdiendo menos tiempo en buscar informaci\u00f3n.<\/p><p data-pm-slice=\"0 0 []\"><strong>Colaboraci\u00f3n mejorada: los<\/strong> canales tem\u00e1ticos permiten organizar mejor los debates, mientras que el intercambio de archivos y la integraci\u00f3n de herramientas mejoran la colaboraci\u00f3n.<\/p><p data-pm-slice=\"0 0 []\"><strong>Flexibilidad:<\/strong> Con opciones tanto para equipos peque\u00f1os como para grandes organizaciones, Slack se adapta a todo tipo de necesidades.<\/p><p><strong>Compromiso acumulado:<\/strong> Funciones l\u00fadicas como emojis, GIFs y reacciones hacen que los intercambios sean m\u00e1s interactivos y motivadores.<\/p>\t\t\t\t\t\t\t\t<\/div>\n\t\t\t\t<\/div>\n\t\t\t\t<div class=\"elementor-element elementor-element-05ab848 elementor-widget elementor-widget-heading\" data-id=\"05ab848\" data-element_type=\"widget\" data-e-type=\"widget\" data-widget_type=\"heading.default\">\n\t\t\t\t<div class=\"elementor-widget-container\">\n\t\t\t\t\t<h3 class=\"elementor-heading-title elementor-size-default\">\u00bfA qu\u00e9 tipo de usuario va dirigido Slack?<\/h3>\t\t\t\t<\/div>\n\t\t\t\t<\/div>\n\t\t\t\t\t<\/div>\n\t\t\t\t<\/div>\n\t\t<div class=\"elementor-element elementor-element-ee5df1c e-flex e-con-boxed wpr-particle-no wpr-jarallax-no wpr-parallax-no wpr-sticky-section-no e-con e-parent\" data-id=\"ee5df1c\" data-element_type=\"container\" data-e-type=\"container\">\n\t\t\t\t\t<div class=\"e-con-inner\">\n\t\t\t\t<div class=\"elementor-element elementor-element-b9ad8c5 elementor-widget elementor-widget-text-editor\" data-id=\"b9ad8c5\" data-element_type=\"widget\" data-e-type=\"widget\" data-widget_type=\"text-editor.default\">\n\t\t\t\t<div class=\"elementor-widget-container\">\n\t\t\t\t\t\t\t\t\t<p><strong>Slack<\/strong> se integra con m\u00e1s de <strong>2.000 aplicaciones<\/strong>, incluidas herramientas de <strong>gesti\u00f3n de proyectos<\/strong> como <strong>Trello<\/strong> y <strong>Asana<\/strong>, herramientas de <strong>marketing<\/strong> como <strong>HubSpot<\/strong> y plataformas de <strong>almacenamiento<\/strong> como <strong>Google Drive<\/strong>. Estas <strong>m\u00faltiples integraciones<\/strong> permiten centralizar toda la informaci\u00f3n en un solo lugar, reduciendo la necesidad de ir y venir entre aplicaciones y mejorando la productividad. <\/p>\t\t\t\t\t\t\t\t<\/div>\n\t\t\t\t<\/div>\n\t\t\t\t\t<\/div>\n\t\t\t\t<\/div>\n\t\t<div class=\"elementor-element elementor-element-84d72aa e-flex e-con-boxed wpr-particle-no wpr-jarallax-no wpr-parallax-no wpr-sticky-section-no e-con e-parent\" data-id=\"84d72aa\" data-element_type=\"container\" data-e-type=\"container\">\n\t\t\t\t\t<div class=\"e-con-inner\">\n\t\t\t\t<div class=\"elementor-element elementor-element-ebf6e9a elementor-widget elementor-widget-heading\" data-id=\"ebf6e9a\" data-element_type=\"widget\" data-e-type=\"widget\" data-widget_type=\"heading.default\">\n\t\t\t\t<div class=\"elementor-widget-container\">\n\t\t\t\t\t<h2 class=\"elementor-heading-title elementor-size-default\">Conclusi\u00f3n<\/h2>\t\t\t\t<\/div>\n\t\t\t\t<\/div>\n\t\t\t\t\t<\/div>\n\t\t\t\t<\/div>\n\t\t<div class=\"elementor-element elementor-element-f4f9057 e-flex e-con-boxed wpr-particle-no wpr-jarallax-no wpr-parallax-no wpr-sticky-section-no e-con e-parent\" data-id=\"f4f9057\" data-element_type=\"container\" data-e-type=\"container\">\n\t\t\t\t\t<div class=\"e-con-inner\">\n\t\t\t\t<div class=\"elementor-element elementor-element-24efa80 elementor-widget elementor-widget-text-editor\" data-id=\"24efa80\" data-element_type=\"widget\" data-e-type=\"widget\" data-widget_type=\"text-editor.default\">\n\t\t\t\t<div class=\"elementor-widget-container\">\n\t\t\t\t\t\t\t\t\t<p>En resumen, <strong>Slack<\/strong> es una plataforma potente e intuitiva que ayuda a los equipos <strong>a comunicarse mejor<\/strong>, <strong>colaborar con mayor eficacia<\/strong> y ser <strong>m\u00e1s productivos<\/strong>. Con funciones como <strong>canales de chat<\/strong>, <strong>integraci\u00f3n de aplicaciones<\/strong> y <strong>mensajer\u00eda en tiempo real<\/strong>, <strong>Slack<\/strong> ayuda a simplificar la comunicaci\u00f3n y a centralizar toda la informaci\u00f3n importante. Si buscas una soluci\u00f3n para mejorar la colaboraci\u00f3n en tu equipo y maximizar la <strong>productividad<\/strong>, <strong>Slack<\/strong> es la opci\u00f3n ideal.  <\/p>\t\t\t\t\t\t\t\t<\/div>\n\t\t\t\t<\/div>\n\t\t\t\t\t<\/div>\n\t\t\t\t<\/div>\n\t\t\t\t<\/div>\n\t\t","protected":false},"excerpt":{"rendered":"<p><strong>Slack<\/strong> es una plataforma de comunicaci\u00f3n colaborativa que facilita los intercambios entre equipos a trav\u00e9s de canales tem\u00e1ticos y mensajer\u00eda directa. Incluye numerosas herramientas para centralizar el trabajo. <\/p>\n<ul>\n<li>M\u00faltiples integraciones<\/li>\n<li>Compartir archivos<\/li>\n<li>Colaboraci\u00f3n en equipo<\/li>\n<li>Comunicaci\u00f3n en tiempo real<\/li>\n<\/ul>\n","protected":false},"featured_media":31406,"comment_status":"open","ping_status":"closed","template":"","meta":{"_acf_changed":false,"_glsr_average":0,"_glsr_ranking":0,"_glsr_reviews":0},"product_brand":[],"product_cat":[4228],"product_tag":[],"class_list":{"0":"post-31404","1":"product","2":"type-product","3":"status-publish","4":"has-post-thumbnail","6":"product_cat-gestion-de-proyectos","8":"first","9":"instock","10":"shipping-taxable","11":"product-type-external"},"acf":[],"_links":{"self":[{"href":"https:\/\/boostgrowb.com\/es\/wp-json\/wp\/v2\/product\/31404","targetHints":{"allow":["GET"]}}],"collection":[{"href":"https:\/\/boostgrowb.com\/es\/wp-json\/wp\/v2\/product"}],"about":[{"href":"https:\/\/boostgrowb.com\/es\/wp-json\/wp\/v2\/types\/product"}],"replies":[{"embeddable":true,"href":"https:\/\/boostgrowb.com\/es\/wp-json\/wp\/v2\/comments?post=31404"}],"version-history":[{"count":0,"href":"https:\/\/boostgrowb.com\/es\/wp-json\/wp\/v2\/product\/31404\/revisions"}],"wp:featuredmedia":[{"embeddable":true,"href":"https:\/\/boostgrowb.com\/es\/wp-json\/wp\/v2\/media\/31406"}],"wp:attachment":[{"href":"https:\/\/boostgrowb.com\/es\/wp-json\/wp\/v2\/media?parent=31404"}],"wp:term":[{"taxonomy":"product_brand","embeddable":true,"href":"https:\/\/boostgrowb.com\/es\/wp-json\/wp\/v2\/product_brand?post=31404"},{"taxonomy":"product_cat","embeddable":true,"href":"https:\/\/boostgrowb.com\/es\/wp-json\/wp\/v2\/product_cat?post=31404"},{"taxonomy":"product_tag","embeddable":true,"href":"https:\/\/boostgrowb.com\/es\/wp-json\/wp\/v2\/product_tag?post=31404"}],"curies":[{"name":"wp","href":"https:\/\/api.w.org\/{rel}","templated":true}]}}