{"id":31405,"date":"2024-06-06T11:48:51","date_gmt":"2024-06-06T11:48:51","guid":{"rendered":"https:\/\/boostgrowb.com\/software\/lunes-com\/"},"modified":"2025-07-07T16:04:47","modified_gmt":"2025-07-07T16:04:47","slug":"lunes-com","status":"publish","type":"product","link":"https:\/\/boostgrowb.com\/es\/software\/lunes-com\/","title":{"rendered":"lunes.com"},"content":{"rendered":"\t\t<div data-elementor-type=\"product-post\" data-elementor-id=\"31405\" class=\"elementor elementor-31405 elementor-1372\" data-elementor-post-type=\"product\">\n\t\t\t\t<div class=\"elementor-element elementor-element-97ab5f8 e-flex e-con-boxed wpr-particle-no wpr-jarallax-no wpr-parallax-no wpr-sticky-section-no e-con e-parent\" data-id=\"97ab5f8\" data-element_type=\"container\" data-e-type=\"container\">\n\t\t\t\t\t<div class=\"e-con-inner\">\n\t\t\t\t<div class=\"elementor-element elementor-element-e46780e elementor-widget elementor-widget-heading\" data-id=\"e46780e\" data-element_type=\"widget\" data-e-type=\"widget\" data-widget_type=\"heading.default\">\n\t\t\t\t<div class=\"elementor-widget-container\">\n\t\t\t\t\t<h2 class=\"elementor-heading-title elementor-size-default\">\u00bfQu\u00e9 es Monday.com?<\/h2>\t\t\t\t<\/div>\n\t\t\t\t<\/div>\n\t\t\t\t<div class=\"elementor-element elementor-element-1ef537c elementor-widget elementor-widget-text-editor\" data-id=\"1ef537c\" data-element_type=\"widget\" data-e-type=\"widget\" data-widget_type=\"text-editor.default\">\n\t\t\t\t<div class=\"elementor-widget-container\">\n\t\t\t\t\t\t\t\t\t<p dir=\"auto\">Monday.com es una plataforma de gesti\u00f3n de proyectos dise\u00f1ada para ayudar a los equipos a planificar, ejecutar y supervisar sus proyectos con mayor eficacia. Con potentes funciones como paneles visuales, automatizaci\u00f3n de tareas e integraciones entre plataformas, Monday.com se ha convertido en una herramienta esencial para empresas de todos los tama\u00f1os. <\/p><p dir=\"auto\">Lo que diferencia a Monday.com son sus funciones avanzadas: automatizaci\u00f3n de tareas recurrentes, integraci\u00f3n perfecta con herramientas como Slack, Google Drive, Microsoft Teams y Zoom, y m\u00faltiples vistas (Kanban, calendario, Gantt, etc.) para adaptar la organizaci\u00f3n a tu forma de trabajar. \u00bfEl resultado? Menos tiempo perdido haciendo malabarismos con el software, m\u00e1s tiempo dedicado a la ejecuci\u00f3n estrat\u00e9gica.  <\/p><p dir=\"auto\">Adecuado tanto para empresas de nueva creaci\u00f3n como para grandes empresas, Monday.com ofrece una flexibilidad sin igual para adaptarse a todos los sectores: marketing, RRHH, TI, finanzas, etc. Es la herramienta ideal para agilizar la comunicaci\u00f3n, mejorar la transparencia e impulsar el rendimiento colectivo. En resumen, tanto si eres una start-up, una PYME o una gran empresa, Monday.com se adapta a tus necesidades para mejorar la productividad y facilitar la colaboraci\u00f3n dentro de tus equipos. <\/p>\t\t\t\t\t\t\t\t<\/div>\n\t\t\t\t<\/div>\n\t\t\t\t<div class=\"elementor-element elementor-element-a6712fb elementor-widget elementor-widget-heading\" data-id=\"a6712fb\" data-element_type=\"widget\" data-e-type=\"widget\" data-widget_type=\"heading.default\">\n\t\t\t\t<div class=\"elementor-widget-container\">\n\t\t\t\t\t<h2 class=\"elementor-heading-title elementor-size-default\">Las 5 caracter\u00edsticas clave de monday.com<\/h2>\t\t\t\t<\/div>\n\t\t\t\t<\/div>\n\t\t\t\t<div class=\"elementor-element elementor-element-279f70c elementor-widget elementor-widget-text-editor\" data-id=\"279f70c\" data-element_type=\"widget\" data-e-type=\"widget\" data-widget_type=\"text-editor.default\">\n\t\t\t\t<div class=\"elementor-widget-container\">\n\t\t\t\t\t\t\t\t\t<ul><li><p><strong>Tableros Kanban y diagramas de<\/strong> <strong>Gantt<\/strong>: Monday.com te permite visualizar tareas y proyectos de diversas formas, como <strong>tableros Kanban<\/strong>, <strong>diagramas de Gantt<\/strong>, <strong>listas de tareas<\/strong> y <strong>calendarios interactivos<\/strong>. Estas herramientas visuales facilitan la organizaci\u00f3n y el seguimiento de los proyectos en tiempo real, proporcionando una visi\u00f3n clara y completa de cada etapa. <\/p><\/li><li><p><strong>Automatizaci\u00f3n de<\/strong> tareas: Una de las caracter\u00edsticas clave de <strong>Monday.<\/strong> com es su sistema de <strong>automatizaci\u00f3n<\/strong>, que te permite crear reglas personalizadas para reducir las tareas repetitivas. Por ejemplo, puedes automatizar el env\u00edo de notificaciones, la asignaci\u00f3n de tareas, las actualizaciones de estado o incluso los recordatorios autom\u00e1ticos cuando hayan vencido los plazos. <\/p><\/li><li><p><strong>Gesti\u00f3n de equipos<\/strong>:Monday.com te permite <strong>crear y asignar tareas<\/strong>, establecer plazos y prioridades, y seguir su progreso mediante estados claros y etiquetas personalizadas. Tambi\u00e9n puedes <strong>seguir el progreso de los proyectos<\/strong> e identificar cuellos de botella o tareas atrasadas. <\/p><\/li><li><p><strong>Colaboraci\u00f3n en tiempo real<\/strong><strong>:Monday.com<\/strong> centraliza la colaboraci\u00f3n permitiendo a los equipos <strong>trabajar en tiempo real<\/strong>. Los usuarios pueden a\u00f1adir comentarios directamente a las tareas, compartir archivos, discutir proyectos y recibir notificaciones para estar al tanto de las actualizaciones importantes. <\/p><\/li><li><p><strong>Potentes integraciones<\/strong>: <span>Monday.com se integra con multitud de herramientas de terceros como <\/span><strong><span>Slack, Google Drive, Zoom, Microsoft Teams, Trello, Zapier<\/span><\/strong><span>  y muchos otros. Estas integraciones te permiten conectar tus distintos sistemas y   <\/span><strong><span>centraliza todas tus herramientas<\/span><\/strong><span> en una \u00fanica plataforma.<\/span><\/p><\/li><\/ul>\t\t\t\t\t\t\t\t<\/div>\n\t\t\t\t<\/div>\n\t\t\t\t<div class=\"elementor-element elementor-element-eebcc1b elementor-widget elementor-widget-heading\" data-id=\"eebcc1b\" data-element_type=\"widget\" data-e-type=\"widget\" data-widget_type=\"heading.default\">\n\t\t\t\t<div class=\"elementor-widget-container\">\n\t\t\t\t\t<h2 class=\"elementor-heading-title elementor-size-default\">\u00bfCu\u00e1les son las ventajas de monday.com?  <\/h2>\t\t\t\t<\/div>\n\t\t\t\t<\/div>\n\t\t\t\t<div class=\"elementor-element elementor-element-c7d60d2 elementor-widget elementor-widget-text-editor\" data-id=\"c7d60d2\" data-element_type=\"widget\" data-e-type=\"widget\" data-widget_type=\"text-editor.default\">\n\t\t\t\t<div class=\"elementor-widget-container\">\n\t\t\t\t\t\t\t\t\t<ul><li><p><strong>Interfaz ultraintuitiva<\/strong>: Con su dise\u00f1o claro y despejado, Monday.com es f\u00e1cil de manejar, incluso para usuarios poco familiarizados con las herramientas de gesti\u00f3n de proyectos.<\/p><\/li><li><p><strong>Personalizaci\u00f3n avanzada<\/strong>: Cada proyecto puede adaptarse a tus necesidades espec\u00edficas, permiti\u00e9ndote crear cuadros de mando a medida que se ajusten a tu forma de trabajar.<\/p><\/li><li><p><strong>Mejora de la productividad<\/strong>: Gracias a su <strong>automatizaci\u00f3n<\/strong> e integraciones, Monday.com te ahorra un tiempo precioso al simplificar los procesos repetitivos y reducir el riesgo de error.<\/p><\/li><li><p><strong>Colaboraci\u00f3n centralizada<\/strong>: re\u00fane todas las comunicaciones, documentos y tareas de tu equipo en una \u00fanica plataforma, reduciendo la confusi\u00f3n y garantizando <strong>una mejor coordinaci\u00f3n<\/strong> entre los miembros del equipo.<\/p><\/li><li><p><strong>Accesible en todos los dispositivos<\/strong>: Tanto si est\u00e1s en la oficina como en movimiento, <strong>Monday.com<\/strong> es accesible desde tu ordenador, smartphone o tableta, garantizando la <strong>sincronizaci\u00f3n de<\/strong> tus datos <strong>en tiempo real<\/strong>.<\/p><\/li><\/ul>\t\t\t\t\t\t\t\t<\/div>\n\t\t\t\t<\/div>\n\t\t\t\t\t<\/div>\n\t\t\t\t<\/div>\n\t\t\t\t<\/div>\n\t\t","protected":false},"excerpt":{"rendered":"<p>Monday.com es una plataforma vers\u00e1til de gesti\u00f3n del trabajo y colaboraci\u00f3n, que ofrece una amplia funcionalidad para ayudar a los equipos a planificar, organizar y supervisar su trabajo con eficacia. Gracias a su interfaz intuitiva y a sus posibilidades de personalizaci\u00f3n. <\/p>\n<ul>\n<li>Espacios de trabajo compartidos<\/li>\n<li>Tableros personalizables<\/li>\n<li>Campos personalizados<\/li>\n<li>Integraci\u00f3n con otras herramientas<\/li>\n<\/ul>\n","protected":false},"featured_media":31412,"comment_status":"open","ping_status":"closed","template":"","meta":{"_acf_changed":false,"_glsr_average":0,"_glsr_ranking":0,"_glsr_reviews":0},"product_brand":[],"product_cat":[4228],"product_tag":[],"class_list":{"0":"post-31405","1":"product","2":"type-product","3":"status-publish","4":"has-post-thumbnail","6":"product_cat-gestion-de-proyectos","8":"first","9":"instock","10":"shipping-taxable","11":"product-type-external"},"acf":[],"_links":{"self":[{"href":"https:\/\/boostgrowb.com\/es\/wp-json\/wp\/v2\/product\/31405","targetHints":{"allow":["GET"]}}],"collection":[{"href":"https:\/\/boostgrowb.com\/es\/wp-json\/wp\/v2\/product"}],"about":[{"href":"https:\/\/boostgrowb.com\/es\/wp-json\/wp\/v2\/types\/product"}],"replies":[{"embeddable":true,"href":"https:\/\/boostgrowb.com\/es\/wp-json\/wp\/v2\/comments?post=31405"}],"version-history":[{"count":0,"href":"https:\/\/boostgrowb.com\/es\/wp-json\/wp\/v2\/product\/31405\/revisions"}],"wp:featuredmedia":[{"embeddable":true,"href":"https:\/\/boostgrowb.com\/es\/wp-json\/wp\/v2\/media\/31412"}],"wp:attachment":[{"href":"https:\/\/boostgrowb.com\/es\/wp-json\/wp\/v2\/media?parent=31405"}],"wp:term":[{"taxonomy":"product_brand","embeddable":true,"href":"https:\/\/boostgrowb.com\/es\/wp-json\/wp\/v2\/product_brand?post=31405"},{"taxonomy":"product_cat","embeddable":true,"href":"https:\/\/boostgrowb.com\/es\/wp-json\/wp\/v2\/product_cat?post=31405"},{"taxonomy":"product_tag","embeddable":true,"href":"https:\/\/boostgrowb.com\/es\/wp-json\/wp\/v2\/product_tag?post=31405"}],"curies":[{"name":"wp","href":"https:\/\/api.w.org\/{rel}","templated":true}]}}