{"id":31425,"date":"2024-09-11T18:37:45","date_gmt":"2024-09-11T18:37:45","guid":{"rendered":"https:\/\/boostgrowb.com\/software\/frase\/"},"modified":"2026-02-13T14:02:54","modified_gmt":"2026-02-13T14:02:54","slug":"frase","status":"publish","type":"product","link":"https:\/\/boostgrowb.com\/es\/software\/frase\/","title":{"rendered":"Frase"},"content":{"rendered":"\t\t<div data-elementor-type=\"product-post\" data-elementor-id=\"31425\" class=\"elementor elementor-31425 elementor-7626\" data-elementor-post-type=\"product\">\n\t\t\t\t<div class=\"elementor-element elementor-element-13f81ab e-flex e-con-boxed wpr-particle-no wpr-jarallax-no wpr-parallax-no wpr-sticky-section-no e-con e-parent\" data-id=\"13f81ab\" data-element_type=\"container\" data-e-type=\"container\">\n\t\t\t\t\t<div class=\"e-con-inner\">\n\t\t\t\t<div class=\"elementor-element elementor-element-90f2a6d elementor-widget elementor-widget-heading\" data-id=\"90f2a6d\" data-element_type=\"widget\" data-e-type=\"widget\" data-widget_type=\"heading.default\">\n\t\t\t\t<div class=\"elementor-widget-container\">\n\t\t\t\t\t<h2 class=\"elementor-heading-title elementor-size-default\">\u00bfQu\u00e9 es Frase?<\/h2>\t\t\t\t<\/div>\n\t\t\t\t<\/div>\n\t\t\t\t\t<\/div>\n\t\t\t\t<\/div>\n\t\t<div class=\"elementor-element elementor-element-c623d9b e-flex e-con-boxed wpr-particle-no wpr-jarallax-no wpr-parallax-no wpr-sticky-section-no e-con e-parent\" data-id=\"c623d9b\" data-element_type=\"container\" data-e-type=\"container\">\n\t\t\t\t\t<div class=\"e-con-inner\">\n\t\t\t\t<div class=\"elementor-element elementor-element-8292786 elementor-widget elementor-widget-text-editor\" data-id=\"8292786\" data-element_type=\"widget\" data-e-type=\"widget\" data-widget_type=\"text-editor.default\">\n\t\t\t\t<div class=\"elementor-widget-container\">\n\t\t\t\t\t\t\t\t\t<p class=\"\" data-start=\"205\" data-end=\"729\"><strong data-start=\"205\" data-end=\"402\">Frase es una plataforma inteligente de optimizaci\u00f3n de contenidos SEO que est\u00e1 transformando la forma en que las empresas, los creadores de contenidos y los profesionales del marketing producen contenidos estrat\u00e9gicos.<\/strong>  Gracias a la inteligencia artificial, Frase analiza en tiempo real las p\u00e1ginas mejor posicionadas en Google para ayudarte a crear art\u00edculos, p\u00e1ginas y archivos optimizados desde el principio. \u00bfEl objetivo? Ahorrarte tiempo, atraer m\u00e1s tr\u00e1fico org\u00e1nico e impulsar tus contenidos a los primeros puestos de los resultados de b\u00fasqueda.  <\/p><p class=\"\" data-start=\"731\" data-end=\"1207\"><strong data-start=\"731\" data-end=\"925\">Lo que diferencia a Frase es su capacidad para automatizar las b\u00fasquedas tem\u00e1ticas, sugerir las palabras clave m\u00e1s relevantes y estructurar tu contenido como los mejores del mercado.<\/strong>  Con sus herramientas de comparaci\u00f3n de la competencia, an\u00e1lisis de las SERP y generaci\u00f3n de res\u00famenes editoriales SEO, la plataforma te gu\u00eda en cada paso del camino hacia la redacci\u00f3n de contenidos completos, relevantes y perfectamente calibrados para los motores de b\u00fasqueda, sin que tengas que dedicarle horas.<\/p><p class=\"\" data-start=\"1209\" data-end=\"1705\"><strong data-start=\"1209\" data-end=\"1272\">Ideal para aut\u00f3nomos, agencias SEO y equipos de marketing<\/strong>, Frase se integra de forma natural en tu flujo de trabajo editorial. Su interfaz intuitiva, sus sugerencias basadas en datos reales y su IA conversacional te permiten optimizar tus textos en un tiempo r\u00e9cord, manteniendo un control total sobre el tono y la estructura. Con Frase, cada pieza de contenido se convierte en una palanca para el crecimiento SEO, ayud\u00e1ndote a alcanzar m\u00e1s r\u00e1pidamente tus objetivos de visibilidad y conversi\u00f3n.  <\/p>\t\t\t\t\t\t\t\t<\/div>\n\t\t\t\t<\/div>\n\t\t\t\t<div class=\"elementor-element elementor-element-46c4575 elementor-widget elementor-widget-heading\" data-id=\"46c4575\" data-element_type=\"widget\" data-e-type=\"widget\" data-widget_type=\"heading.default\">\n\t\t\t\t<div class=\"elementor-widget-container\">\n\t\t\t\t\t<h3 class=\"elementor-heading-title elementor-size-default\">\u00c9stas son las 5 principales ventajas de Frase<\/h3>\t\t\t\t<\/div>\n\t\t\t\t<\/div>\n\t\t\t\t<div class=\"elementor-element elementor-element-508e39a elementor-widget elementor-widget-text-editor\" data-id=\"508e39a\" data-element_type=\"widget\" data-e-type=\"widget\" data-widget_type=\"text-editor.default\">\n\t\t\t\t<div class=\"elementor-widget-container\">\n\t\t\t\t\t\t\t\t\t<ol><li><p><strong>An\u00e1lisis de la competencia y de las<\/strong> palabras clave: Con Frase, tienes acceso a <strong>an\u00e1lisis completos de las p\u00e1ginas de la competencia<\/strong> y de las palabras clave m\u00e1s relevantes para cada tema. Esto te permite <strong>crear contenidos de mejor calidad<\/strong> y alinear tus art\u00edculos con lo que busca tu p\u00fablico. <\/p><\/li><li><p data-pm-slice=\"0 0 []\"><b>Optimizaci\u00f3n SEO automatizada mediante IA: <\/b>Frase te ayuda a crear contenidos perfectamente optimizados mediante inteligencia artificial. La herramienta identifica las palabras clave, la intenci\u00f3n de b\u00fasqueda y las oportunidades de posicionamiento para aumentar tu visibilidad en Google. <\/p><\/li><li><p>Optimizaci\u00f3n <strong>en tiempo real<\/strong>: Con recomendaciones de optimizaci\u00f3n en tiempo real, Frase te ayuda a <strong>mejorar tus contenidos mientras escribes<\/strong>. La herramienta analiza las palabras clave, la longitud de los p\u00e1rrafos y otros factores SEO para ayudarte a conseguir las mejores puntuaciones SEO. <\/p><\/li><li><p><strong>Generaci\u00f3n de preguntas e ideas de contenido<\/strong>: Frase ofrece <strong>ideas de preguntas<\/strong> basadas en las b\u00fasquedas de los usuarios. Esto te permite <strong>centrarte en las preocupaciones reales de tu audiencia<\/strong> y responder con precisi\u00f3n a sus necesidades, mejorando el compromiso. <\/p><\/li><li><p><strong>Asistente de AI para redacci\u00f3n publicitaria<\/strong>: la inteligencia artificial de Frase genera <strong>frases y p\u00e1rrafos optimizados<\/strong>, permiti\u00e9ndote estructurar tus contenidos r\u00e1pidamente y respetando las mejores pr\u00e1cticas de SEO. As\u00ed podr\u00e1s producir contenidos relevantes sin que te falte la inspiraci\u00f3n. <\/p><\/li><\/ol>\t\t\t\t\t\t\t\t<\/div>\n\t\t\t\t<\/div>\n\t\t\t\t<div class=\"elementor-element elementor-element-d57c006 elementor-widget elementor-widget-heading\" data-id=\"d57c006\" data-element_type=\"widget\" data-e-type=\"widget\" data-widget_type=\"heading.default\">\n\t\t\t\t<div class=\"elementor-widget-container\">\n\t\t\t\t\t<h2 class=\"elementor-heading-title elementor-size-default\">\u00bfCu\u00e1les son las ventajas de utilizar Frase?<\/h2>\t\t\t\t<\/div>\n\t\t\t\t<\/div>\n\t\t\t\t<div class=\"elementor-element elementor-element-5dc00dc elementor-widget elementor-widget-text-editor\" data-id=\"5dc00dc\" data-element_type=\"widget\" data-e-type=\"widget\" data-widget_type=\"text-editor.default\">\n\t\t\t\t<div class=\"elementor-widget-container\">\n\t\t\t\t\t\t\t\t\t<ul><li><p data-pm-slice=\"1 1 []\"><b>Interfaz intuitiva y f\u00e1cil de usar:<\/b> No necesitas ser un experto en SEO: Frase ofrece una interfaz fluida y f\u00e1cil de usar, apta tanto para principiantes como para profesionales de los contenidos, para lograr la m\u00e1xima eficacia.<\/p><\/li><li><p><strong>Mejora de la clasificaci\u00f3n SEO<\/strong>: Al seguir las recomendaciones SEO de Frase, optimizas todos los aspectos de tu contenido para que cumpla los criterios de los motores de b\u00fasqueda, aumentando tus <strong>posibilidades de clasificaci\u00f3n en Google<\/strong>.<\/p><\/li><li><p><strong>Mayor compromiso<\/strong>: La frase te ayuda a <strong>dirigirte con precisi\u00f3n a las preguntas de tu p\u00fablico<\/strong>, haciendo que tu contenido sea m\u00e1s atractivo y atrayente. Los art\u00edculos que responden a las preguntas de los usuarios tienen m\u00e1s probabilidades de ser compartidos y generar tr\u00e1fico. <\/p><\/li><li><p><strong>Flexibilidad y personalizaci\u00f3n<\/strong>: La frase se adapta a tus necesidades espec\u00edficas. Tanto si est\u00e1s creando entradas de blog, p\u00e1ginas de ventas o fichas de producto, puedes personalizar las sugerencias para alinearlas con tu estrategia. <\/p><\/li><\/ul>\t\t\t\t\t\t\t\t<\/div>\n\t\t\t\t<\/div>\n\t\t\t\t<div class=\"elementor-element elementor-element-19a9132 elementor-widget elementor-widget-heading\" data-id=\"19a9132\" data-element_type=\"widget\" data-e-type=\"widget\" data-widget_type=\"heading.default\">\n\t\t\t\t<div class=\"elementor-widget-container\">\n\t\t\t\t\t<h2 class=\"elementor-heading-title elementor-size-default\">\u00bfPara qui\u00e9n es la frase?  <\/h2>\t\t\t\t<\/div>\n\t\t\t\t<\/div>\n\t\t\t\t<div class=\"elementor-element elementor-element-bc85051 elementor-widget elementor-widget-text-editor\" data-id=\"bc85051\" data-element_type=\"widget\" data-e-type=\"widget\" data-widget_type=\"text-editor.default\">\n\t\t\t\t<div class=\"elementor-widget-container\">\n\t\t\t\t\t\t\t\t\t<ul><li><p><strong><span>Creadores de contenidos y blogueros<\/span><\/strong><span> Frase simplifica el proceso de creaci\u00f3n de contenidos ayud\u00e1ndote a <\/span><strong><span>estructurar art\u00edculos optimizados<\/span><\/strong><span>  en muy poco tiempo. Puedes concentrarte en la calidad de tus ideas cumpliendo las normas SEO. <\/span><\/p><\/li><li><p><strong><span>Agencias de marketing digital<\/span><\/strong><span> Para las agencias que gestionan varios clientes, Frase permite <\/span><strong><span>crear r\u00e1pidamente contenidos de alto rendimiento<\/span><\/strong><span> optimizando los esfuerzos de investigaci\u00f3n y redacci\u00f3n.<\/span><\/p><\/li><li><p><strong><span>Empresas de comercio electr\u00f3nico<\/span><\/strong><span> Si tienes un sitio de comercio electr\u00f3nico, Frase puede ayudarte a <\/span><strong><span>crear descripciones de producto optimizadas<\/span><\/strong><span> y responder a las preguntas de los usuarios, lo que mejorar\u00e1 el posicionamiento de tus fichas de producto en Google.<\/span><\/p><\/li><li><p><strong><span>Peque\u00f1as empresas y empresarios<\/span><\/strong><span>  Frase tambi\u00e9n es ideal para equipos peque\u00f1os que quieren optimizar sus contenidos sin un equipo SEO dedicado. La herramienta te permite   <\/span><strong><span>maximiza el rendimiento de la inversi\u00f3n<\/span><\/strong><span> del contenido que creas.<\/span><\/p><\/li><\/ul>\t\t\t\t\t\t\t\t<\/div>\n\t\t\t\t<\/div>\n\t\t\t\t\t<\/div>\n\t\t\t\t<\/div>\n\t\t\t\t<\/div>\n\t\t","protected":false},"excerpt":{"rendered":"<p>Frase es una herramienta de IA especializada en la b\u00fasqueda de contenidos, la generaci\u00f3n de textos y la optimizaci\u00f3n SEO. Se utiliza para producir entradas de blog y contenidos de formato largo optimizados para los motores de b\u00fasqueda. <\/p>\n<ul>\n<li>Optimizaci\u00f3n SEO inteligente<\/li>\n<li>Optimizar el contenido existente<\/li>\n<li>An\u00e1lisis del contenido competitivo<\/li>\n<li>Sugerencias de palabras clave relevantes<\/li>\n<\/ul>\n","protected":false},"featured_media":31426,"comment_status":"open","ping_status":"closed","template":"","meta":{"_acf_changed":false,"_glsr_average":0,"_glsr_ranking":0,"_glsr_reviews":0},"product_brand":[],"product_cat":[4296,5261,4538,4248],"product_tag":[],"class_list":{"0":"post-31425","1":"product","2":"type-product","3":"status-publish","4":"has-post-thumbnail","6":"product_cat-automatizacion-del-marketing","7":"product_cat-generador-de-texto-ai-para-seo","8":"product_cat-seo-es","9":"product_cat-software-de-ia","11":"first","12":"instock","13":"shipping-taxable","14":"product-type-external"},"acf":[],"_links":{"self":[{"href":"https:\/\/boostgrowb.com\/es\/wp-json\/wp\/v2\/product\/31425","targetHints":{"allow":["GET"]}}],"collection":[{"href":"https:\/\/boostgrowb.com\/es\/wp-json\/wp\/v2\/product"}],"about":[{"href":"https:\/\/boostgrowb.com\/es\/wp-json\/wp\/v2\/types\/product"}],"replies":[{"embeddable":true,"href":"https:\/\/boostgrowb.com\/es\/wp-json\/wp\/v2\/comments?post=31425"}],"version-history":[{"count":0,"href":"https:\/\/boostgrowb.com\/es\/wp-json\/wp\/v2\/product\/31425\/revisions"}],"wp:featuredmedia":[{"embeddable":true,"href":"https:\/\/boostgrowb.com\/es\/wp-json\/wp\/v2\/media\/31426"}],"wp:attachment":[{"href":"https:\/\/boostgrowb.com\/es\/wp-json\/wp\/v2\/media?parent=31425"}],"wp:term":[{"taxonomy":"product_brand","embeddable":true,"href":"https:\/\/boostgrowb.com\/es\/wp-json\/wp\/v2\/product_brand?post=31425"},{"taxonomy":"product_cat","embeddable":true,"href":"https:\/\/boostgrowb.com\/es\/wp-json\/wp\/v2\/product_cat?post=31425"},{"taxonomy":"product_tag","embeddable":true,"href":"https:\/\/boostgrowb.com\/es\/wp-json\/wp\/v2\/product_tag?post=31425"}],"curies":[{"name":"wp","href":"https:\/\/api.w.org\/{rel}","templated":true}]}}