{"id":31430,"date":"2024-06-10T09:20:03","date_gmt":"2024-06-10T09:20:03","guid":{"rendered":"https:\/\/boostgrowb.com\/software\/shopify\/"},"modified":"2025-07-07T16:05:52","modified_gmt":"2025-07-07T16:05:52","slug":"shopify","status":"publish","type":"product","link":"https:\/\/boostgrowb.com\/es\/software\/shopify\/","title":{"rendered":"Shopify"},"content":{"rendered":"\t\t<div data-elementor-type=\"product-post\" data-elementor-id=\"31430\" class=\"elementor elementor-31430 elementor-1315\" data-elementor-post-type=\"product\">\n\t\t\t\t<div class=\"elementor-element elementor-element-91c4a7c e-flex e-con-boxed wpr-particle-no wpr-jarallax-no wpr-parallax-no wpr-sticky-section-no e-con e-parent\" data-id=\"91c4a7c\" data-element_type=\"container\" data-e-type=\"container\">\n\t\t\t\t\t<div class=\"e-con-inner\">\n\t\t\t\t<div class=\"elementor-element elementor-element-2a5637b elementor-widget elementor-widget-heading\" data-id=\"2a5637b\" data-element_type=\"widget\" data-e-type=\"widget\" data-widget_type=\"heading.default\">\n\t\t\t\t<div class=\"elementor-widget-container\">\n\t\t\t\t\t<h2 class=\"elementor-heading-title elementor-size-default\">\u00bfQu\u00e9 es Shopify?<\/h2>\t\t\t\t<\/div>\n\t\t\t\t<\/div>\n\t\t\t\t<div class=\"elementor-element elementor-element-bd7f79d elementor-widget elementor-widget-text-editor\" data-id=\"bd7f79d\" data-element_type=\"widget\" data-e-type=\"widget\" data-widget_type=\"text-editor.default\">\n\t\t\t\t<div class=\"elementor-widget-container\">\n\t\t\t\t\t\t\t\t\t<p><strong>Shopify<\/strong> es una completa <strong>plataforma de comercio electr\u00f3nico<\/strong> que facilita a las empresas la creaci\u00f3n, gesti\u00f3n y crecimiento de su <strong>tienda online<\/strong>. Con esta herramienta, los empresarios pueden vender productos f\u00edsicos o digitales a trav\u00e9s de un sitio web personalizado, a la vez que tienen acceso a un conjunto de potentes herramientas para gestionar <strong>las ventas<\/strong>, <strong>el stock<\/strong>, el <strong>marketing<\/strong> y mucho m\u00e1s. Tanto si eres un peque\u00f1o negocio como una gran empresa, te ofrece todo lo que necesitas para triunfar en el mundo del comercio electr\u00f3nico, sin necesidad de conocimientos t\u00e9cnicos avanzados.  <\/p><p><strong>Shopify<\/strong> es una soluci\u00f3n todo en uno para <strong>emprendedores<\/strong> que quieren lanzar una <strong>tienda online<\/strong> sin complicaciones. Con <strong>temas personalizables<\/strong>, una <strong>pasarela de pago segura<\/strong> y <strong>herramientas de marketing integradas<\/strong>, <strong>Shopify<\/strong> te permite crear tu tienda en unos pocos clics y empezar a vender r\u00e1pidamente. A diferencia de las soluciones complicadas que requieren conocimientos de desarrollo, <strong>Shopify<\/strong> es accesible para todo el mundo, sea cual sea tu nivel de experiencia.  <\/p><p><strong data-start=\"1179\" data-end=\"1334\">Shopify es la soluci\u00f3n ideal para desarrollar una marca online de gran potencial.<\/strong>  Su infraestructura en la nube, r\u00e1pida y fiable, garantiza una experiencia \u00f3ptima al cliente, mientras que sus funciones nativas de SEO te ayudan a posicionar bien tu tienda en los resultados de b\u00fasqueda. Cuando eliges Shopify, est\u00e1s eligiendo una plataforma escalable dise\u00f1ada para convertir a tus visitantes en clientes fieles. <\/p>\t\t\t\t\t\t\t\t<\/div>\n\t\t\t\t<\/div>\n\t\t\t\t<div class=\"elementor-element elementor-element-2046837 elementor-widget elementor-widget-heading\" data-id=\"2046837\" data-element_type=\"widget\" data-e-type=\"widget\" data-widget_type=\"heading.default\">\n\t\t\t\t<div class=\"elementor-widget-container\">\n\t\t\t\t\t<h2 class=\"elementor-heading-title elementor-size-default\">Las principales ventajas de Shopify<\/h2>\t\t\t\t<\/div>\n\t\t\t\t<\/div>\n\t\t\t\t<div class=\"elementor-element elementor-element-ec2561a elementor-widget elementor-widget-text-editor\" data-id=\"ec2561a\" data-element_type=\"widget\" data-e-type=\"widget\" data-widget_type=\"text-editor.default\">\n\t\t\t\t<div class=\"elementor-widget-container\">\n\t\t\t\t\t\t\t\t\t<p data-pm-slice=\"0 0 []\"><b>Una soluci\u00f3n de comercio electr\u00f3nico todo en uno:<\/b> Shopify centraliza la gesti\u00f3n de productos, existencias, pagos, entregas, promociones y clientes desde un panel de control \u00fanico, eficaz y completo.<\/p><p data-pm-slice=\"0 0 []\"><b>F\u00e1cil de usar, sin necesidad de conocimientos t\u00e9cnicos:<\/b> Shopify te permite crear y gestionar una tienda online en unos pocos clics, gracias a una interfaz intuitiva que cualquiera puede utilizar, aunque no sepa programar.<\/p><p data-pm-slice=\"0 0 []\"><b>Temas profesionales y personalizables:<\/b> Dispones de cientos de temas responsive para crear una tienda con un dise\u00f1o moderno, totalmente adaptado a tu imagen de marca.<\/p><p data-pm-slice=\"0 0 []\"><b>SEO integrado y rendimiento optimizado:<\/b> Shopify est\u00e1 dise\u00f1ado para ser r\u00e1pido y tener buenas referencias. Etiquetas, URLs, estructura adaptada a m\u00f3viles: todo lo que necesitas para aumentar tu visibilidad en Google. <\/p><p data-pm-slice=\"0 0 []\"><b>Un amplio ecosistema de aplicaciones:<\/b> Gracias a su App Store, Shopify se adapta a todas las necesidades: opiniones de clientes, dropshipping, automatizaci\u00f3n del marketing, fidelizaci\u00f3n de clientes, etc. Tu tienda crece con tu negocio.<\/p>\t\t\t\t\t\t\t\t<\/div>\n\t\t\t\t<\/div>\n\t\t\t\t\t<\/div>\n\t\t\t\t<\/div>\n\t\t\t\t<\/div>\n\t\t","protected":false},"excerpt":{"rendered":"<p>Shopify es la plataforma de comercio electr\u00f3nico ideal para crear, gestionar y desarrollar una tienda online profesional. Lanza tu negocio f\u00e1cilmente con potentes herramientas, dise\u00f1o personalizable y SEO optimizado. <\/p>\n<ul>\n<li>F\u00e1cil personalizaci\u00f3n<\/li>\n<li>Amplia selecci\u00f3n de temas<\/li>\n<li>Ventas multicanal<\/li>\n<li>Herramientas de marketing integradas<\/li>\n<\/ul>\n","protected":false},"featured_media":31431,"comment_status":"open","ping_status":"closed","template":"","meta":{"_acf_changed":false,"_glsr_average":0,"_glsr_ranking":0,"_glsr_reviews":0},"product_brand":[],"product_cat":[4213],"product_tag":[],"class_list":{"0":"post-31430","1":"product","2":"type-product","3":"status-publish","4":"has-post-thumbnail","6":"product_cat-creacion-de-paginas-web","8":"first","9":"instock","10":"shipping-taxable","11":"product-type-external"},"acf":[],"_links":{"self":[{"href":"https:\/\/boostgrowb.com\/es\/wp-json\/wp\/v2\/product\/31430","targetHints":{"allow":["GET"]}}],"collection":[{"href":"https:\/\/boostgrowb.com\/es\/wp-json\/wp\/v2\/product"}],"about":[{"href":"https:\/\/boostgrowb.com\/es\/wp-json\/wp\/v2\/types\/product"}],"replies":[{"embeddable":true,"href":"https:\/\/boostgrowb.com\/es\/wp-json\/wp\/v2\/comments?post=31430"}],"version-history":[{"count":0,"href":"https:\/\/boostgrowb.com\/es\/wp-json\/wp\/v2\/product\/31430\/revisions"}],"wp:featuredmedia":[{"embeddable":true,"href":"https:\/\/boostgrowb.com\/es\/wp-json\/wp\/v2\/media\/31431"}],"wp:attachment":[{"href":"https:\/\/boostgrowb.com\/es\/wp-json\/wp\/v2\/media?parent=31430"}],"wp:term":[{"taxonomy":"product_brand","embeddable":true,"href":"https:\/\/boostgrowb.com\/es\/wp-json\/wp\/v2\/product_brand?post=31430"},{"taxonomy":"product_cat","embeddable":true,"href":"https:\/\/boostgrowb.com\/es\/wp-json\/wp\/v2\/product_cat?post=31430"},{"taxonomy":"product_tag","embeddable":true,"href":"https:\/\/boostgrowb.com\/es\/wp-json\/wp\/v2\/product_tag?post=31430"}],"curies":[{"name":"wp","href":"https:\/\/api.w.org\/{rel}","templated":true}]}}