{"id":31477,"date":"2025-06-09T10:23:14","date_gmt":"2025-06-09T10:23:14","guid":{"rendered":"https:\/\/boostgrowb.com\/software\/stockimg-ai\/"},"modified":"2025-07-29T14:21:18","modified_gmt":"2025-07-29T14:21:18","slug":"stockimg-ai","status":"publish","type":"product","link":"https:\/\/boostgrowb.com\/es\/software\/stockimg-ai\/","title":{"rendered":"Stockimg AI"},"content":{"rendered":"\t\t<div data-elementor-type=\"product-post\" data-elementor-id=\"31477\" class=\"elementor elementor-31477 elementor-20086\" data-elementor-post-type=\"product\">\n\t\t\t\t<div class=\"elementor-element elementor-element-82cd657 e-flex e-con-boxed wpr-particle-no wpr-jarallax-no wpr-parallax-no wpr-sticky-section-no e-con e-parent\" data-id=\"82cd657\" data-element_type=\"container\" data-e-type=\"container\">\n\t\t\t\t\t<div class=\"e-con-inner\">\n\t\t\t\t<div class=\"elementor-element elementor-element-29bf0a7 elementor-widget elementor-widget-heading\" data-id=\"29bf0a7\" data-element_type=\"widget\" data-e-type=\"widget\" data-widget_type=\"heading.default\">\n\t\t\t\t<div class=\"elementor-widget-container\">\n\t\t\t\t\t<h2 class=\"elementor-heading-title elementor-size-default\">\u00bfQu\u00e9 es la IA Stockimg?<\/h2>\t\t\t\t<\/div>\n\t\t\t\t<\/div>\n\t\t\t\t<div class=\"elementor-element elementor-element-427ab2c elementor-widget elementor-widget-text-editor\" data-id=\"427ab2c\" data-element_type=\"widget\" data-e-type=\"widget\" data-widget_type=\"text-editor.default\">\n\t\t\t\t<div class=\"elementor-widget-container\">\n\t\t\t\t\t\t\t\t\t<p data-start=\"275\" data-end=\"593\"><strong data-start=\"275\" data-end=\"385\">Stockimg AI es una plataforma de generaci\u00f3n de im\u00e1genes y visuales potenciada por inteligencia artificial<\/strong>, dise\u00f1ada para creadores, dise\u00f1adores, vendedores y empresas. En s\u00f3lo unos segundos, puedes crear <strong data-start=\"504\" data-end=\"546\">im\u00e1genes \u00fanicas, realistas o con estilo<\/strong> a partir de simples descripciones de texto. <\/p><p data-start=\"595\" data-end=\"857\">Tanto si necesitas <strong data-start=\"619\" data-end=\"742\">visuales de marketing, carteles publicitarios, portadas de libros, ilustraciones web, conceptos de productos o papeles pintados<\/strong>, Stockimg AI simplifica y acelera tu proceso creativo, al tiempo que reduce tus costes de producci\u00f3n gr\u00e1fica.<\/p>\t\t\t\t\t\t\t\t<\/div>\n\t\t\t\t<\/div>\n\t\t\t\t<div class=\"elementor-element elementor-element-2b820ae elementor-widget elementor-widget-heading\" data-id=\"2b820ae\" data-element_type=\"widget\" data-e-type=\"widget\" data-widget_type=\"heading.default\">\n\t\t\t\t<div class=\"elementor-widget-container\">\n\t\t\t\t\t<h2 class=\"elementor-heading-title elementor-size-default\">Las principales ventajas de la IA Stockimg<\/h2>\t\t\t\t<\/div>\n\t\t\t\t<\/div>\n\t\t\t\t<div class=\"elementor-element elementor-element-f48a6d9 elementor-widget elementor-widget-text-editor\" data-id=\"f48a6d9\" data-element_type=\"widget\" data-e-type=\"widget\" data-widget_type=\"text-editor.default\">\n\t\t\t\t<div class=\"elementor-widget-container\">\n\t\t\t\t\t\t\t\t\t<ul><li data-pm-slice=\"1 1 []\"><strong>Generaci\u00f3n de im\u00e1genes mediante IA:<\/strong> Crea al instante elementos visuales personalizados a partir de texto (prompts): carteles, banners publicitarios, elementos visuales para redes sociales, maquetas de productos y mucho m\u00e1s.<\/li><\/ul><div> <\/div><div><ul><li data-pm-slice=\"1 1 []\"><b>Modelos variados y m\u00faltiples estilos:<\/b> elige entre una amplia gama de <strong data-start=\"1211\" data-end=\"1288\">estilos art\u00edsticos (realista, pintura digital, minimalista, arte conceptual)<\/strong> o deja que la IA se adapte a tu proyecto para producir visuales perfectamente coherentes con tu carta gr\u00e1fica.<\/li><\/ul><div> <\/div><\/div><ul><li data-pm-slice=\"1 1 []\"><b>Creaci\u00f3n asistida para marketing y branding:<\/b> Stockimg AI ofrece herramientas especializadas para <strong style=\"background-color: transparent; letter-spacing: 0px;\" data-start=\"1519\" data-end=\"1595\">generar portadas de libros, logotipos, plantillas web y publicidad<\/strong><span style=\"background-color: transparent; letter-spacing: 0px;\"> optimizada para tus necesidades de marketing.<\/span><\/li><\/ul>\t\t\t\t\t\t\t\t<\/div>\n\t\t\t\t<\/div>\n\t\t\t\t<div class=\"elementor-element elementor-element-69766b3 elementor-widget elementor-widget-heading\" data-id=\"69766b3\" data-element_type=\"widget\" data-e-type=\"widget\" data-widget_type=\"heading.default\">\n\t\t\t\t<div class=\"elementor-widget-container\">\n\t\t\t\t\t<h2 class=\"elementor-heading-title elementor-size-default\">\u00bfA qui\u00e9n se dirige Stockimg AI?<\/h2>\t\t\t\t<\/div>\n\t\t\t\t<\/div>\n\t\t\t\t<div class=\"elementor-element elementor-element-9f21e89 elementor-widget elementor-widget-text-editor\" data-id=\"9f21e89\" data-element_type=\"widget\" data-e-type=\"widget\" data-widget_type=\"text-editor.default\">\n\t\t\t\t<div class=\"elementor-widget-container\">\n\t\t\t\t\t\t\t\t\t<ul data-start=\"1844\" data-end=\"2331\"><li data-start=\"1844\" data-end=\"1942\"><p data-start=\"1846\" data-end=\"1942\"><strong data-start=\"1849\" data-end=\"1880\">Empresarios y aut\u00f3nomos<\/strong>: crea r\u00e1pidamente logotipos, visuales de marca o presentaciones.<\/p><\/li><li data-start=\"1943\" data-end=\"2040\"><p data-start=\"1945\" data-end=\"2040\"><strong data-start=\"1948\" data-end=\"1962\">Profesionales del marketing<\/strong>: genera im\u00e1genes impactantes para tus campa\u00f1as, redes sociales o anuncios.<\/p><\/li><li data-start=\"2041\" data-end=\"2132\"><p data-start=\"2043\" data-end=\"2132\"><strong data-start=\"2047\" data-end=\"2064\">Comercios electr\u00f3nicos<\/strong>: crea maquetas de productos o visuales de p\u00e1ginas de destino.<\/p><\/li><li data-start=\"2133\" data-end=\"2229\"><p data-start=\"2135\" data-end=\"2229\"><strong data-start=\"2139\" data-end=\"2162\">Autores y editores<\/strong>: crea portadas de libros o ilustraciones para art\u00edculos.<\/p><\/li><li data-start=\"2230\" data-end=\"2331\"><p data-start=\"2232\" data-end=\"2331\"><strong data-start=\"2235\" data-end=\"2259\">Creadores de contenidos<\/strong>: consigue elementos visuales \u00fanicos para tus v\u00eddeos, art\u00edculos o boletines.<\/p><\/li><\/ul>\t\t\t\t\t\t\t\t<\/div>\n\t\t\t\t<\/div>\n\t\t\t\t\t<\/div>\n\t\t\t\t<\/div>\n\t\t\t\t<\/div>\n\t\t","protected":false},"excerpt":{"rendered":"<p>Stockimg es una completa herramienta de IA para crear im\u00e1genes y logotipos personalizados: genera visuales hiperrealistas, ilustraciones, carteles o logotipos, adapta estilos y resoluciones.<\/p>\n","protected":false},"featured_media":30975,"comment_status":"open","ping_status":"closed","template":"","meta":{"_acf_changed":false,"_glsr_average":0,"_glsr_ranking":0,"_glsr_reviews":0},"product_brand":[],"product_cat":[5392,6546,5378],"product_tag":[],"class_list":{"0":"post-31477","1":"product","2":"type-product","3":"status-publish","4":"has-post-thumbnail","6":"product_cat-diseno-del-logotipo","7":"product_cat-generador-de-imagenes","8":"product_cat-ia-generativa","10":"first","11":"instock","12":"shipping-taxable","13":"product-type-external"},"acf":[],"_links":{"self":[{"href":"https:\/\/boostgrowb.com\/es\/wp-json\/wp\/v2\/product\/31477","targetHints":{"allow":["GET"]}}],"collection":[{"href":"https:\/\/boostgrowb.com\/es\/wp-json\/wp\/v2\/product"}],"about":[{"href":"https:\/\/boostgrowb.com\/es\/wp-json\/wp\/v2\/types\/product"}],"replies":[{"embeddable":true,"href":"https:\/\/boostgrowb.com\/es\/wp-json\/wp\/v2\/comments?post=31477"}],"version-history":[{"count":0,"href":"https:\/\/boostgrowb.com\/es\/wp-json\/wp\/v2\/product\/31477\/revisions"}],"wp:featuredmedia":[{"embeddable":true,"href":"https:\/\/boostgrowb.com\/es\/wp-json\/wp\/v2\/media\/30975"}],"wp:attachment":[{"href":"https:\/\/boostgrowb.com\/es\/wp-json\/wp\/v2\/media?parent=31477"}],"wp:term":[{"taxonomy":"product_brand","embeddable":true,"href":"https:\/\/boostgrowb.com\/es\/wp-json\/wp\/v2\/product_brand?post=31477"},{"taxonomy":"product_cat","embeddable":true,"href":"https:\/\/boostgrowb.com\/es\/wp-json\/wp\/v2\/product_cat?post=31477"},{"taxonomy":"product_tag","embeddable":true,"href":"https:\/\/boostgrowb.com\/es\/wp-json\/wp\/v2\/product_tag?post=31477"}],"curies":[{"name":"wp","href":"https:\/\/api.w.org\/{rel}","templated":true}]}}