{"id":31484,"date":"2025-04-11T22:06:35","date_gmt":"2025-04-11T22:06:35","guid":{"rendered":"https:\/\/boostgrowb.com\/software\/lucca\/"},"modified":"2025-07-07T16:14:34","modified_gmt":"2025-07-07T16:14:34","slug":"lucca","status":"publish","type":"product","link":"https:\/\/boostgrowb.com\/es\/software\/lucca\/","title":{"rendered":"Lucca"},"content":{"rendered":"\t\t<div data-elementor-type=\"product-post\" data-elementor-id=\"31484\" class=\"elementor elementor-31484 elementor-17770\" data-elementor-post-type=\"product\">\n\t\t\t\t<div class=\"elementor-element elementor-element-35f11df e-flex e-con-boxed wpr-particle-no wpr-jarallax-no wpr-parallax-no wpr-sticky-section-no e-con e-parent\" data-id=\"35f11df\" data-element_type=\"container\" data-e-type=\"container\">\n\t\t\t\t\t<div class=\"e-con-inner\">\n\t\t\t\t<div class=\"elementor-element elementor-element-65ec3fa elementor-widget elementor-widget-heading\" data-id=\"65ec3fa\" data-element_type=\"widget\" data-e-type=\"widget\" data-widget_type=\"heading.default\">\n\t\t\t\t<div class=\"elementor-widget-container\">\n\t\t\t\t\t<h2 class=\"elementor-heading-title elementor-size-default\">\u00bfQu\u00e9 es Lucca?<\/h2>\t\t\t\t<\/div>\n\t\t\t\t<\/div>\n\t\t\t\t<div class=\"elementor-element elementor-element-9f60cce elementor-widget elementor-widget-text-editor\" data-id=\"9f60cce\" data-element_type=\"widget\" data-e-type=\"widget\" data-widget_type=\"text-editor.default\">\n\t\t\t\t<div class=\"elementor-widget-container\">\n\t\t\t\t\t\t\t\t\t<p class=\"\" data-start=\"0\" data-end=\"581\">Lucca es un software de gesti\u00f3n administrativa y de RR.HH. dise\u00f1ado para simplificar y automatizar las tareas que consumen mucho tiempo y que a menudo frenan la productividad de las peque\u00f1as, medianas y grandes empresas. Al centralizar funciones esenciales como la gesti\u00f3n de permisos, ausencias y reclamaciones de gastos, Lucca libera a tus equipos para que se centren en lo que realmente importa: hacer crecer tu negocio. Gracias a esta potente herramienta, puedes optimizar tus procesos de RRHH y ofrecer a tus empleados un entorno de trabajo m\u00e1s armonioso y libre de estr\u00e9s.  <\/p><p class=\"\" data-start=\"583\" data-end=\"1121\">Adem\u00e1s de su capacidad para automatizar los procesos administrativos, Lucca se integra perfectamente con tus herramientas actuales, lo que facilita su adopci\u00f3n. Su plataforma intuitiva permite un seguimiento en tiempo real y una toma de decisiones informada, haciendo m\u00e1s fluida la gesti\u00f3n de RRHH. Al integrar Lucca, mejoras el cumplimiento legal y la transparencia de los procesos, garantizando la confianza dentro de tu organizaci\u00f3n. Este software se convierte en un verdadero socio en la gesti\u00f3n estrat\u00e9gica de tus recursos humanos.   <\/p><p class=\"\" data-start=\"1123\" data-end=\"1636\">Lo que realmente diferencia a Lucca es su personalizaci\u00f3n. Se adapta a las necesidades espec\u00edficas de cada empresa, ya sea para la gesti\u00f3n de ausencias, el seguimiento del rendimiento o el control de costes. Gracias a su enfoque flexible, Lucca responde a tus necesidades optimizando la gesti\u00f3n diaria de los RRHH.  <\/p>\t\t\t\t\t\t\t\t<\/div>\n\t\t\t\t<\/div>\n\t\t\t\t<div class=\"elementor-element elementor-element-35df10c elementor-widget elementor-widget-heading\" data-id=\"35df10c\" data-element_type=\"widget\" data-e-type=\"widget\" data-widget_type=\"heading.default\">\n\t\t\t\t<div class=\"elementor-widget-container\">\n\t\t\t\t\t<h2 class=\"elementor-heading-title elementor-size-default\">Los 5 principales activos de Lucca  <\/h2>\t\t\t\t<\/div>\n\t\t\t\t<\/div>\n\t\t\t\t<div class=\"elementor-element elementor-element-b55e3a3 elementor-widget elementor-widget-text-editor\" data-id=\"b55e3a3\" data-element_type=\"widget\" data-e-type=\"widget\" data-widget_type=\"text-editor.default\">\n\t\t\t\t<div class=\"elementor-widget-container\">\n\t\t\t\t\t\t\t\t\t<ul>\n<li><strong data-start=\"49\" data-end=\"94\">Automatiza las tareas administrativas<\/strong>: Lucca simplifica y automatiza una amplia gama de procesos de RR.HH., como la gesti\u00f3n de vacaciones, gastos, ausencias y rendimiento, ahorr\u00e1ndote un tiempo valioso y aumentando la eficacia de tus equipos.<\/li><\/ul><div><br><\/div><ul>\n<li>Interfaz <strong data-start=\"345\" data-end=\"387\">intuitiva y personal<\/strong> izable: Gracias a su interfaz f\u00e1cil de usar y altamente personalizable, Lucca se adapta perfectamente a las necesidades espec\u00edficas de tu empresa. Puedes ajustar la herramienta para que se adapte exactamente a tu forma de trabajar, sin una curva de aprendizaje complicada. <\/li><\/ul><div><br><\/div><ul>\n<li data-start=\"668\" data-end=\"959\"><strong data-start=\"668\" data-end=\"713\">Seguimiento en tiempo real e informes detallados<\/strong>: Lucca proporciona una visi\u00f3n general en tiempo real de todos los datos de RR.HH., con informes detallados que te ayudan a tomar decisiones informadas y a seguir la evoluci\u00f3n de los distintos indicadores de rendimiento en toda tu empresa.<\/li><\/ul><div><br><\/div><ul>\n<li data-start=\"964\" data-end=\"1238\"><strong data-start=\"1243\" data-end=\"1291\">Integraci\u00f3n perfecta con tus herramientas actuales<\/strong>: Lucca se integra f\u00e1cilmente con el resto de software y sistemas que ya utilizas, lo que permite una r\u00e1pida adopci\u00f3n sin alterar tus procesos internos. Te beneficias de una soluci\u00f3n de RRHH flexible y adaptable que optimiza todas tus herramientas de gesti\u00f3n. <\/li><\/ul><div><br><\/div><ul>\n<li class=\"\" data-start=\"961\" data-end=\"1238\">\n<p class=\"\" data-start=\"964\" data-end=\"1238\"><strong data-start=\"964\" data-end=\"1001\">Cumplimiento legal y transparencia<\/strong>: Al garantizar una gesti\u00f3n conforme a la normativa legal, Lucca te ayuda a evitar los riesgos de incumplimiento y a mantener la transparencia en todos los procesos de RRHH, reforzando la confianza en tus equipos.<\/p>\n<\/li>\n<\/ul>\t\t\t\t\t\t\t\t<\/div>\n\t\t\t\t<\/div>\n\t\t\t\t\t<\/div>\n\t\t\t\t<\/div>\n\t\t\t\t<\/div>\n\t\t","protected":false},"excerpt":{"rendered":"<p>Lucca simplifica la gesti\u00f3n administrativa de las empresas, permiti\u00e9ndoles concentrarse en su actividad principal. Con sus soluciones intuitivas y de alto rendimiento, Lucca optimiza los procesos financieros y de RR.HH. para una mayor productividad. <\/p>\n<ul>\n<li>Gesti\u00f3n de bajas y ausencias<\/li>\n<li>Gesti\u00f3n de n\u00f3minas<\/li>\n<li>Gesti\u00f3n de reclamaciones de gastos<\/li>\n<li>Gesti\u00f3n de RRHH<\/li>\n<\/ul>\n","protected":false},"featured_media":31485,"comment_status":"open","ping_status":"closed","template":"","meta":{"_acf_changed":false,"_glsr_average":0,"_glsr_ranking":0,"_glsr_reviews":0},"product_brand":[],"product_cat":[5190],"product_tag":[],"class_list":{"0":"post-31484","1":"product","2":"type-product","3":"status-publish","4":"has-post-thumbnail","6":"product_cat-software-de-rrhh","8":"first","9":"instock","10":"shipping-taxable","11":"product-type-external"},"acf":[],"_links":{"self":[{"href":"https:\/\/boostgrowb.com\/es\/wp-json\/wp\/v2\/product\/31484","targetHints":{"allow":["GET"]}}],"collection":[{"href":"https:\/\/boostgrowb.com\/es\/wp-json\/wp\/v2\/product"}],"about":[{"href":"https:\/\/boostgrowb.com\/es\/wp-json\/wp\/v2\/types\/product"}],"replies":[{"embeddable":true,"href":"https:\/\/boostgrowb.com\/es\/wp-json\/wp\/v2\/comments?post=31484"}],"version-history":[{"count":0,"href":"https:\/\/boostgrowb.com\/es\/wp-json\/wp\/v2\/product\/31484\/revisions"}],"wp:featuredmedia":[{"embeddable":true,"href":"https:\/\/boostgrowb.com\/es\/wp-json\/wp\/v2\/media\/31485"}],"wp:attachment":[{"href":"https:\/\/boostgrowb.com\/es\/wp-json\/wp\/v2\/media?parent=31484"}],"wp:term":[{"taxonomy":"product_brand","embeddable":true,"href":"https:\/\/boostgrowb.com\/es\/wp-json\/wp\/v2\/product_brand?post=31484"},{"taxonomy":"product_cat","embeddable":true,"href":"https:\/\/boostgrowb.com\/es\/wp-json\/wp\/v2\/product_cat?post=31484"},{"taxonomy":"product_tag","embeddable":true,"href":"https:\/\/boostgrowb.com\/es\/wp-json\/wp\/v2\/product_tag?post=31484"}],"curies":[{"name":"wp","href":"https:\/\/api.w.org\/{rel}","templated":true}]}}