{"id":31496,"date":"2025-06-09T09:31:32","date_gmt":"2025-06-09T09:31:32","guid":{"rendered":"https:\/\/boostgrowb.com\/software\/vidnoz\/"},"modified":"2026-01-21T14:09:42","modified_gmt":"2026-01-21T14:09:42","slug":"vidnoz","status":"publish","type":"product","link":"https:\/\/boostgrowb.com\/es\/software\/vidnoz\/","title":{"rendered":"Vidnoz"},"content":{"rendered":"\t\t<div data-elementor-type=\"product-post\" data-elementor-id=\"31496\" class=\"elementor elementor-31496 elementor-20055\" data-elementor-post-type=\"product\">\n\t\t\t\t<div class=\"elementor-element elementor-element-837202f e-flex e-con-boxed wpr-particle-no wpr-jarallax-no wpr-parallax-no wpr-sticky-section-no e-con e-parent\" data-id=\"837202f\" data-element_type=\"container\" data-e-type=\"container\">\n\t\t\t\t\t<div class=\"e-con-inner\">\n\t\t\t\t<div class=\"elementor-element elementor-element-5ea4e26 elementor-widget elementor-widget-heading\" data-id=\"5ea4e26\" data-element_type=\"widget\" data-e-type=\"widget\" data-widget_type=\"heading.default\">\n\t\t\t\t<div class=\"elementor-widget-container\">\n\t\t\t\t\t<h2 class=\"elementor-heading-title elementor-size-default\">\u00bfQu\u00e9 es Vidnoz?<\/h2>\t\t\t\t<\/div>\n\t\t\t\t<\/div>\n\t\t\t\t<div class=\"elementor-element elementor-element-ed19beb elementor-widget elementor-widget-text-editor\" data-id=\"ed19beb\" data-element_type=\"widget\" data-e-type=\"widget\" data-widget_type=\"text-editor.default\">\n\t\t\t\t<div class=\"elementor-widget-container\">\n\t\t\t\t\t\t\t\t\t<p data-start=\"364\" data-end=\"718\"><strong data-start=\"364\" data-end=\"374\">Vidnoz<\/strong> es una plataforma de creaci\u00f3n de v\u00eddeos impulsada por inteligencia artificial, dise\u00f1ada para hacer que la producci\u00f3n audiovisual sea sencilla, r\u00e1pida y accesible. Donde la filmaci\u00f3n convencional requiere equipos, actores y tiempo, Vidnoz permite generar v\u00eddeos realistas a partir de un simple texto o visual en s\u00f3lo unos minutos. <\/p><p data-start=\"720\" data-end=\"1096\">La herramienta combina una serie de tecnolog\u00edas avanzadas -avatares fotorrealistas de IA, voces naturales multiling\u00fces, sincronizaci\u00f3n labial, editor integrado- para ofrecer una experiencia creativa sin fisuras. Tanto si eres <strong data-start=\"932\" data-end=\"993\">empresario, vendedor, formador o creador de contenidos<\/strong>, Vidnoz te ayuda a dar vida a tus ideas sin necesidad de conocimientos t\u00e9cnicos especiales ni de un gran presupuesto. <\/p>\t\t\t\t\t\t\t\t<\/div>\n\t\t\t\t<\/div>\n\t\t\t\t<div class=\"elementor-element elementor-element-35f10b1 elementor-widget elementor-widget-heading\" data-id=\"35f10b1\" data-element_type=\"widget\" data-e-type=\"widget\" data-widget_type=\"heading.default\">\n\t\t\t\t<div class=\"elementor-widget-container\">\n\t\t\t\t\t<h2 class=\"elementor-heading-title elementor-size-default\">Caracter\u00edsticas principales de Vidnoz<\/h2>\t\t\t\t<\/div>\n\t\t\t\t<\/div>\n\t\t\t\t<div class=\"elementor-element elementor-element-d06e141 elementor-widget elementor-widget-text-editor\" data-id=\"d06e141\" data-element_type=\"widget\" data-e-type=\"widget\" data-widget_type=\"text-editor.default\">\n\t\t\t\t<div class=\"elementor-widget-container\">\n\t\t\t\t\t\t\t\t\t<ul><li data-start=\"947\" data-end=\"1107\"><strong data-start=\"947\" data-end=\"979\">Creaci\u00f3n de v\u00eddeos con<\/strong> IA: Genera v\u00eddeos a partir de texto o guiones en unos pocos clics utilizando avatares realistas y voces naturales de IA.<\/li><\/ul><div> <\/div><ul><li data-start=\"1110\" data-end=\"1279\"> <strong data-start=\"1110\" data-end=\"1149\"> Locuciones multiling\u00fces realistas<\/strong>: A\u00f1ade una narraci\u00f3n profesional y natural en varios idiomas, ideal para audiencias internacionales.<\/li><\/ul><div> <\/div><ul><li data-start=\"1282\" data-end=\"1435\"><strong data-start=\"1282\" data-end=\"1313\">Personalizaci\u00f3n avanzada<\/strong>: integra el nombre, el logotipo o informaci\u00f3n espec\u00edfica de cada destinatario para conseguir v\u00eddeos hiperpersonalizados.<\/li><\/ul><div> <\/div><ul><li data-start=\"1438\" data-end=\"1580\"><strong data-start=\"1438\" data-end=\"1475\">Automatiza y ahorra tiempo<\/strong>: crea una serie de v\u00eddeos para tus campa\u00f1as de marketing, e-learning o onboarding en un tiempo r\u00e9cord.<\/li><\/ul><div> <\/div><ul><li data-start=\"1583\" data-end=\"1719\"><strong data-start=\"1583\" data-end=\"1623\">Para usar sin conocimientos de v\u00eddeo<\/strong>: interfaz intuitiva, plantillas listas para usar y herramientas sencillas para todos los niveles.<\/li><\/ul>\t\t\t\t\t\t\t\t<\/div>\n\t\t\t\t<\/div>\n\t\t\t\t<div class=\"elementor-element elementor-element-0b593ba elementor-widget elementor-widget-heading\" data-id=\"0b593ba\" data-element_type=\"widget\" data-e-type=\"widget\" data-widget_type=\"heading.default\">\n\t\t\t\t<div class=\"elementor-widget-container\">\n\t\t\t\t\t<h2 class=\"elementor-heading-title elementor-size-default\">C\u00f3mo utilizar Vidnoz para maximizar el impacto de tus v\u00eddeos<\/h2>\t\t\t\t<\/div>\n\t\t\t\t<\/div>\n\t\t\t\t<div class=\"elementor-element elementor-element-73a8e9e elementor-widget elementor-widget-text-editor\" data-id=\"73a8e9e\" data-element_type=\"widget\" data-e-type=\"widget\" data-widget_type=\"text-editor.default\">\n\t\t\t\t<div class=\"elementor-widget-container\">\n\t\t\t\t\t\t\t\t\t<p data-start=\"2372\" data-end=\"2679\">Vidnoz se presta a una amplia gama de aplicaciones pr\u00e1cticas. Por ejemplo, una empresa que desee <strong data-start=\"2463\" data-end=\"2502\">lanzar un producto internacionalmente<\/strong> puede crear un v\u00eddeo explicativo en franc\u00e9s, y luego traducirlo autom\u00e1ticamente al ingl\u00e9s, espa\u00f1ol y alem\u00e1n, manteniendo la sincronizaci\u00f3n labial del avatar. <\/p><p data-start=\"2681\" data-end=\"3039\">Los formadores pueden transformar sus materiales did\u00e1cticos en v\u00eddeos animados, mejorados con subt\u00edtulos y voces realistas, haciendo sus cursos m\u00e1s atractivos y accesibles. Por su parte, los equipos de marketing pueden producir r\u00e1pidamente v\u00eddeos promocionales adaptados a los formatos de TikTok, YouTube o LinkedIn, sin tener que recurrir a una agencia externa. <\/p><p data-start=\"3041\" data-end=\"3203\">La eficacia de Vidnoz reside en su capacidad para <strong data-start=\"3090\" data-end=\"3117\">acelerar la producci\u00f3n<\/strong> garantizando al mismo tiempo una renderizaci\u00f3n profesional, sea cual sea el tipo de contenido creado.<\/p>\t\t\t\t\t\t\t\t<\/div>\n\t\t\t\t<\/div>\n\t\t\t\t<div class=\"elementor-element elementor-element-4cde488 elementor-widget elementor-widget-heading\" data-id=\"4cde488\" data-element_type=\"widget\" data-e-type=\"widget\" data-widget_type=\"heading.default\">\n\t\t\t\t<div class=\"elementor-widget-container\">\n\t\t\t\t\t<h2 class=\"elementor-heading-title elementor-size-default\">Las ventajas de Vidnoz para tu estrategia digital<\/h2>\t\t\t\t<\/div>\n\t\t\t\t<\/div>\n\t\t\t\t<div class=\"elementor-element elementor-element-ffc0827 elementor-widget elementor-widget-text-editor\" data-id=\"ffc0827\" data-element_type=\"widget\" data-e-type=\"widget\" data-widget_type=\"text-editor.default\">\n\t\t\t\t<div class=\"elementor-widget-container\">\n\t\t\t\t\t\t\t\t\t<ul><li data-start=\"3270\" data-end=\"3364\"><p data-start=\"3272\" data-end=\"3364\"><strong data-start=\"3272\" data-end=\"3301\">R\u00e1pido y ahorra tiempo<\/strong>: pasa de la idea al v\u00eddeo terminado en s\u00f3lo unos minutos.<\/p><\/li><li data-start=\"3365\" data-end=\"3464\"><p data-start=\"3367\" data-end=\"3464\"><strong data-start=\"3367\" data-end=\"3388\">Ahorro de costes<\/strong>: no se necesitan equipos, estudios ni actores, todo lo gestiona la IA.<\/p><\/li><li data-start=\"3465\" data-end=\"3608\"><p data-start=\"3467\" data-end=\"3608\"><strong data-start=\"3467\" data-end=\"3492\">Alcance internacional<\/strong>: gracias a sus funciones multiling\u00fces, tus v\u00eddeos pueden adaptarse instant\u00e1neamente a diferentes mercados.<\/p><\/li><li data-start=\"3609\" data-end=\"3732\"><p data-start=\"3611\" data-end=\"3732\"><strong data-start=\"3611\" data-end=\"3637\">Facilidad de uso<\/strong>: una interfaz intuitiva y plantillas listas para usar hacen que la herramienta sea accesible para todos.<\/p><\/li><li data-start=\"3733\" data-end=\"3848\"><p data-start=\"3735\" data-end=\"3848\"><strong data-start=\"3735\" data-end=\"3750\">Versatilidad<\/strong>: marketing, e-learning, comunicaci\u00f3n interna, tutoriales&#8230; Vidnoz se adapta a una gran variedad de usos.<\/p><\/li><li data-start=\"3849\" data-end=\"3973\"><p data-start=\"3851\" data-end=\"3973\"><strong data-start=\"3851\" data-end=\"3875\">Mayor accesibilidad<\/strong>: los subt\u00edtulos y las voces automatizadas aumentan la inclusividad y mejoran tu visibilidad SEO.<\/p><\/li><\/ul>\t\t\t\t\t\t\t\t<\/div>\n\t\t\t\t<\/div>\n\t\t\t\t<div class=\"elementor-element elementor-element-414c44c elementor-widget elementor-widget-heading\" data-id=\"414c44c\" data-element_type=\"widget\" data-e-type=\"widget\" data-widget_type=\"heading.default\">\n\t\t\t\t<div class=\"elementor-widget-container\">\n\t\t\t\t\t<h2 class=\"elementor-heading-title elementor-size-default\">\u00bfPara qui\u00e9n es Vidnoz?<\/h2>\t\t\t\t<\/div>\n\t\t\t\t<\/div>\n\t\t\t\t<div class=\"elementor-element elementor-element-80927d1 elementor-widget elementor-widget-text-editor\" data-id=\"80927d1\" data-element_type=\"widget\" data-e-type=\"widget\" data-widget_type=\"text-editor.default\">\n\t\t\t\t<div class=\"elementor-widget-container\">\n\t\t\t\t\t\t\t\t\t<ul data-start=\"4077\" data-end=\"4619\"><li data-start=\"4077\" data-end=\"4181\"><p data-start=\"4079\" data-end=\"4181\"><strong data-start=\"4083\" data-end=\"4107\">Creadores de contenidos<\/strong> que quieran publicar v\u00eddeos atractivos sin limitaciones t\u00e9cnicas.<\/p><\/li><li data-start=\"4182\" data-end=\"4297\"><p data-start=\"4184\" data-end=\"4297\"><strong data-start=\"4188\" data-end=\"4226\">Equipos de marketing y comunicaci\u00f3n<\/strong>, que necesitan producir contenidos visuales atractivos con regularidad.<\/p><\/li><li data-start=\"4298\" data-end=\"4405\"><p data-start=\"4300\" data-end=\"4405\"><strong data-start=\"4304\" data-end=\"4333\">Formadores y profesores<\/strong> que buscan modernizar sus cursos con v\u00eddeos educativos.<\/p><\/li><li data-start=\"4406\" data-end=\"4518\"><p data-start=\"4408\" data-end=\"4518\"><strong data-start=\"4412\" data-end=\"4443\">Empresas internacionales<\/strong> que quieren transmitir mensajes multiling\u00fces de forma coherente.<\/p><\/li><li data-start=\"4519\" data-end=\"4619\"><p data-start=\"4521\" data-end=\"4619\"><strong data-start=\"4525\" data-end=\"4544\">PYMEs y start-ups<\/strong> que quieren reforzar su presencia digital sin disparar su presupuesto.<\/p><\/li><\/ul>\t\t\t\t\t\t\t\t<\/div>\n\t\t\t\t<\/div>\n\t\t\t\t\t<\/div>\n\t\t\t\t<\/div>\n\t\t\t\t<\/div>\n\t\t","protected":false},"excerpt":{"rendered":"<p>Vidnoz es una completa herramienta de AI para crear v\u00eddeos cautivadores: genera clips con avatares realistas, locuciones naturales y plantillas profesionales en s\u00f3lo unos minutos, todo en l\u00ednea, gratis y sin reducir la calidad.<\/p>\n<ul>\n<li>V\u00eddeos profesionales al alcance de un clic<\/li>\n<li>Avatares de IA que hablan por ti<\/li>\n<li>Locuciones naturales, sin micr\u00f3fonos<\/li>\n<li>Plantillas listas para usar<\/li>\n<\/ul>\n","protected":false},"featured_media":30826,"comment_status":"open","ping_status":"closed","template":"","meta":{"_acf_changed":false,"_glsr_average":0,"_glsr_ranking":0,"_glsr_reviews":0},"product_brand":[],"product_cat":[5379,5378],"product_tag":[],"class_list":{"0":"post-31496","1":"product","2":"type-product","3":"status-publish","4":"has-post-thumbnail","6":"product_cat-generadores-de-video","7":"product_cat-ia-generativa","9":"first","10":"instock","11":"shipping-taxable","12":"product-type-external"},"acf":[],"_links":{"self":[{"href":"https:\/\/boostgrowb.com\/es\/wp-json\/wp\/v2\/product\/31496","targetHints":{"allow":["GET"]}}],"collection":[{"href":"https:\/\/boostgrowb.com\/es\/wp-json\/wp\/v2\/product"}],"about":[{"href":"https:\/\/boostgrowb.com\/es\/wp-json\/wp\/v2\/types\/product"}],"replies":[{"embeddable":true,"href":"https:\/\/boostgrowb.com\/es\/wp-json\/wp\/v2\/comments?post=31496"}],"version-history":[{"count":0,"href":"https:\/\/boostgrowb.com\/es\/wp-json\/wp\/v2\/product\/31496\/revisions"}],"wp:featuredmedia":[{"embeddable":true,"href":"https:\/\/boostgrowb.com\/es\/wp-json\/wp\/v2\/media\/30826"}],"wp:attachment":[{"href":"https:\/\/boostgrowb.com\/es\/wp-json\/wp\/v2\/media?parent=31496"}],"wp:term":[{"taxonomy":"product_brand","embeddable":true,"href":"https:\/\/boostgrowb.com\/es\/wp-json\/wp\/v2\/product_brand?post=31496"},{"taxonomy":"product_cat","embeddable":true,"href":"https:\/\/boostgrowb.com\/es\/wp-json\/wp\/v2\/product_cat?post=31496"},{"taxonomy":"product_tag","embeddable":true,"href":"https:\/\/boostgrowb.com\/es\/wp-json\/wp\/v2\/product_tag?post=31496"}],"curies":[{"name":"wp","href":"https:\/\/api.w.org\/{rel}","templated":true}]}}