{"id":31515,"date":"2024-09-30T13:22:39","date_gmt":"2024-09-30T13:22:39","guid":{"rendered":"https:\/\/boostgrowb.com\/software\/actua\/"},"modified":"2025-07-07T16:15:11","modified_gmt":"2025-07-07T16:15:11","slug":"actua","status":"publish","type":"product","link":"https:\/\/boostgrowb.com\/es\/software\/actua\/","title":{"rendered":"Act\u00faa"},"content":{"rendered":"\t\t<div data-elementor-type=\"product-post\" data-elementor-id=\"31515\" class=\"elementor elementor-31515 elementor-9581\" data-elementor-post-type=\"product\">\n\t\t\t\t<div class=\"elementor-element elementor-element-95642ad e-flex e-con-boxed wpr-particle-no wpr-jarallax-no wpr-parallax-no wpr-sticky-section-no e-con e-parent\" data-id=\"95642ad\" data-element_type=\"container\" data-e-type=\"container\">\n\t\t\t\t\t<div class=\"e-con-inner\">\n\t\t\t\t<div class=\"elementor-element elementor-element-0a9f14f elementor-widget elementor-widget-heading\" data-id=\"0a9f14f\" data-element_type=\"widget\" data-e-type=\"widget\" data-widget_type=\"heading.default\">\n\t\t\t\t<div class=\"elementor-widget-container\">\n\t\t\t\t\t<h2 class=\"elementor-heading-title elementor-size-default\">\u00bfQu\u00e9 es Act\u00faa?<\/h2>\t\t\t\t<\/div>\n\t\t\t\t<\/div>\n\t\t\t\t<div class=\"elementor-element elementor-element-43681e8 elementor-widget elementor-widget-text-editor\" data-id=\"43681e8\" data-element_type=\"widget\" data-e-type=\"widget\" data-widget_type=\"text-editor.default\">\n\t\t\t\t<div class=\"elementor-widget-container\">\n\t\t\t\t\t\t\t\t\t<p><strong>Act<\/strong> es una potente herramienta <strong>de gesti\u00f3n de las relaciones con los clientes (CRM<\/strong> ) que ayuda a <strong>las PYMES<\/strong> a gestionar sus <strong>contactos<\/strong>, realizar un seguimiento de <strong>las oportunidades de venta<\/strong> y mejorar <strong>la productividad de sus equipos de ventas<\/strong>. Con una interfaz f\u00e1cil de usar y funciones avanzadas, <strong>Act<\/strong> te permite centralizar todas las interacciones con los clientes, automatizar tus procesos de venta y tomar <strong>decisiones informadas<\/strong> gracias a informes detallados. Si quieres transformar tu proceso de ventas y reforzar tus relaciones con los clientes, <strong>Act <\/strong>es la soluci\u00f3n ideal.  <\/p><p><strong>Act<\/strong> est\u00e1 dise\u00f1ado para <strong>simplificar<\/strong> tu gesti\u00f3n de contactos y optimizar tus procesos de venta. A diferencia de los CRM complejos y caros, <strong>Act<\/strong> es accesible y flexible, y ofrece herramientas adaptadas a las necesidades espec\u00edficas de las <strong>peque\u00f1as y medianas empresas<\/strong>. Con funciones como<strong>la automatizaci\u00f3n de las ventas<\/strong>, el seguimiento de <strong>las interacciones con los clientes<\/strong> y el <strong>an\u00e1lisis en tiempo real<\/strong>, <strong>Act <\/strong>te ayuda a convertir cada interacci\u00f3n en una oportunidad de venta.  <\/p><article class=\"text-token-text-primary w-full\" dir=\"auto\" data-testid=\"conversation-turn-897\" data-scroll-anchor=\"false\"><div class=\"text-base my-auto mx-auto py-5 [--thread-content-margin:--spacing(4)] @[37rem]:[--thread-content-margin:--spacing(6)] @[70rem]:[--thread-content-margin:--spacing(12)] px-(--thread-content-margin)\"><div class=\"[--thread-content-max-width:32rem] @[34rem]:[--thread-content-max-width:40rem] @[64rem]:[--thread-content-max-width:48rem] mx-auto flex max-w-(--thread-content-max-width) flex-1 text-base gap-4 md:gap-5 lg:gap-6 group\/turn-messages focus-visible:outline-hidden\" tabindex=\"-1\"><div class=\"group\/conversation-turn relative flex w-full min-w-0 flex-col agent-turn\"><div class=\"relative flex-col gap-1 md:gap-3\"><div class=\"flex max-w-full flex-col grow\"><div class=\"min-h-8 text-message relative flex w-full flex-col items-end gap-2 text-start break-words whitespace-normal [.text-message+&amp;]:mt-5\" dir=\"auto\" data-message-author-role=\"assistant\" data-message-id=\"98ee30ad-b25c-4da1-8b1b-01d7054f20d3\" data-message-model-slug=\"gpt-4o\"><div class=\"flex w-full flex-col gap-1 empty:hidden first:pt-[3px]\"><div class=\"markdown prose dark:prose-invert w-full break-words light\"><p class=\"\" data-start=\"918\" data-end=\"1315\">Con su compatibilidad multidispositivo e integraciones nativas con herramientas como Outlook, Google Workspace y Zapier, Act! se adapta f\u00e1cilmente a tu entorno actual. Tanto si eres una empresa emergente en crecimiento como una PYME consolidada, este CRM escalable te ayuda a estructurar tu estrategia de clientes e impulsar tus resultados de ventas, sin dejar de ser sencillo, potente y accesible. <\/p><\/div><\/div><\/div><\/div><\/div><\/div><\/div><\/div><\/article>\t\t\t\t\t\t\t\t<\/div>\n\t\t\t\t<\/div>\n\t\t\t\t<div class=\"elementor-element elementor-element-60eab51 elementor-widget elementor-widget-heading\" data-id=\"60eab51\" data-element_type=\"widget\" data-e-type=\"widget\" data-widget_type=\"heading.default\">\n\t\t\t\t<div class=\"elementor-widget-container\">\n\t\t\t\t\t<h2 class=\"elementor-heading-title elementor-size-default\">Principales caracter\u00edsticas de la Ley<\/h2>\t\t\t\t<\/div>\n\t\t\t\t<\/div>\n\t\t\t\t<div class=\"elementor-element elementor-element-98bdf06 elementor-widget elementor-widget-text-editor\" data-id=\"98bdf06\" data-element_type=\"widget\" data-e-type=\"widget\" data-widget_type=\"text-editor.default\">\n\t\t\t\t<div class=\"elementor-widget-container\">\n\t\t\t\t\t\t\t\t\t<ul>\n<li data-pm-slice=\"0 0 []\"><b>Automatizaci\u00f3n de ventas y marketing:<\/b> Gracias a sus potentes herramientas de automatizaci\u00f3n, puedes crear campa\u00f1as espec\u00edficas, enviar correos electr\u00f3nicos personalizados, desencadenar acciones basadas en el comportamiento de los clientes potenciales y realizar un seguimiento del rendimiento con una precisi\u00f3n milim\u00e9trica. Reducir\u00e1s las tareas manuales y maximizar\u00e1s tus conversiones. <\/li>\n<\/ul>\n<div><br><\/div>\n<ul>\n<li data-pm-slice=\"0 0 []\"><b>Un CRM todo en uno para PYMES:<\/b> Act! re\u00fane todas las funciones esenciales de gesti\u00f3n de ventas en una sola plataforma: gesti\u00f3n de contactos, pipeline de ventas, automatizaci\u00f3n del marketing, informes, etc. Puedes centralizar tus datos y obtener una mayor visibilidad de todo el ciclo del cliente.<\/li><\/ul><div><br><\/div><ul>\n<li data-pm-slice=\"1 1 []\"><b>Integraci\u00f3n perfecta:<\/b> compatible con Outlook, Gmail, Google Workspace, Zapier y muchas otras herramientas, Act! se integra f\u00e1cilmente en tu entorno de trabajo para una experiencia sin fisuras y un aumento inmediato de la productividad.<\/li><\/ul><div><br><\/div><ul>\n<li data-pm-slice=\"1 1 []\"><strong>Automatiza las tareas de ventas:<\/strong> Automatizar las tareas repetitivas es esencial para mejorar la productividad. Act te permite automatizar los correos electr\u00f3nicos de seguimiento, los recordatorios de citas y las notificaciones, para que tu equipo pueda centrarse en lo que realmente importa: cerrar tratos. Esto garantiza una comunicaci\u00f3n fluida y una mayor capacidad de respuesta a tus clientes potenciales.  <\/li>\n<\/ul>\t\t\t\t\t\t\t\t<\/div>\n\t\t\t\t<\/div>\n\t\t\t\t\t<\/div>\n\t\t\t\t<\/div>\n\t\t\t\t<\/div>\n\t\t","protected":false},"excerpt":{"rendered":"<p class=\"\" data-start=\"74\" data-end=\"276\">Act! es un CRM completo para PYMES, dise\u00f1ado para optimizar la gesti\u00f3n de clientes, automatizar las ventas y mejorar la productividad comercial gracias a una interfaz intuitiva y potentes herramientas.<\/p>\n<ul>\n<li>Integraci\u00f3n con herramientas de terceros<\/li>\n<li>Automatizaci\u00f3n de tareas<\/li>\n<li>Seguimiento eficaz de las ventas<\/li>\n<li>Cuadro de mandos flexible<\/li>\n<\/ul>\n<p>&nbsp;<\/p>\n","protected":false},"featured_media":31519,"comment_status":"open","ping_status":"closed","template":"","meta":{"_acf_changed":false,"_glsr_average":0,"_glsr_ranking":0,"_glsr_reviews":0},"product_brand":[],"product_cat":[4228],"product_tag":[],"class_list":{"0":"post-31515","1":"product","2":"type-product","3":"status-publish","4":"has-post-thumbnail","6":"product_cat-gestion-de-proyectos","8":"first","9":"instock","10":"shipping-taxable","11":"product-type-external"},"acf":[],"_links":{"self":[{"href":"https:\/\/boostgrowb.com\/es\/wp-json\/wp\/v2\/product\/31515","targetHints":{"allow":["GET"]}}],"collection":[{"href":"https:\/\/boostgrowb.com\/es\/wp-json\/wp\/v2\/product"}],"about":[{"href":"https:\/\/boostgrowb.com\/es\/wp-json\/wp\/v2\/types\/product"}],"replies":[{"embeddable":true,"href":"https:\/\/boostgrowb.com\/es\/wp-json\/wp\/v2\/comments?post=31515"}],"version-history":[{"count":0,"href":"https:\/\/boostgrowb.com\/es\/wp-json\/wp\/v2\/product\/31515\/revisions"}],"wp:featuredmedia":[{"embeddable":true,"href":"https:\/\/boostgrowb.com\/es\/wp-json\/wp\/v2\/media\/31519"}],"wp:attachment":[{"href":"https:\/\/boostgrowb.com\/es\/wp-json\/wp\/v2\/media?parent=31515"}],"wp:term":[{"taxonomy":"product_brand","embeddable":true,"href":"https:\/\/boostgrowb.com\/es\/wp-json\/wp\/v2\/product_brand?post=31515"},{"taxonomy":"product_cat","embeddable":true,"href":"https:\/\/boostgrowb.com\/es\/wp-json\/wp\/v2\/product_cat?post=31515"},{"taxonomy":"product_tag","embeddable":true,"href":"https:\/\/boostgrowb.com\/es\/wp-json\/wp\/v2\/product_tag?post=31515"}],"curies":[{"name":"wp","href":"https:\/\/api.w.org\/{rel}","templated":true}]}}