{"id":31523,"date":"2024-09-11T18:58:34","date_gmt":"2024-09-11T18:58:34","guid":{"rendered":"https:\/\/boostgrowb.com\/software\/marketmuse\/"},"modified":"2025-07-10T05:06:19","modified_gmt":"2025-07-10T05:06:19","slug":"marketmuse","status":"publish","type":"product","link":"https:\/\/boostgrowb.com\/es\/software\/marketmuse\/","title":{"rendered":"MarketMuse"},"content":{"rendered":"\t\t<div data-elementor-type=\"product-post\" data-elementor-id=\"31523\" class=\"elementor elementor-31523 elementor-7633\" data-elementor-post-type=\"product\">\n\t\t\t\t<div class=\"elementor-element elementor-element-854ad4b e-flex e-con-boxed wpr-particle-no wpr-jarallax-no wpr-parallax-no wpr-sticky-section-no e-con e-parent\" data-id=\"854ad4b\" data-element_type=\"container\" data-e-type=\"container\">\n\t\t\t\t\t<div class=\"e-con-inner\">\n\t\t\t\t<div class=\"elementor-element elementor-element-7bd71a4 elementor-widget elementor-widget-heading\" data-id=\"7bd71a4\" data-element_type=\"widget\" data-e-type=\"widget\" data-widget_type=\"heading.default\">\n\t\t\t\t<div class=\"elementor-widget-container\">\n\t\t\t\t\t<h2 class=\"elementor-heading-title elementor-size-default\">\u00bfQu\u00e9 es MarketMuse?<\/h2>\t\t\t\t<\/div>\n\t\t\t\t<\/div>\n\t\t\t\t\t<\/div>\n\t\t\t\t<\/div>\n\t\t<div class=\"elementor-element elementor-element-325e1f5 e-flex e-con-boxed wpr-particle-no wpr-jarallax-no wpr-parallax-no wpr-sticky-section-no e-con e-parent\" data-id=\"325e1f5\" data-element_type=\"container\" data-e-type=\"container\">\n\t\t\t\t\t<div class=\"e-con-inner\">\n\t\t\t\t<div class=\"elementor-element elementor-element-2f546bd elementor-widget elementor-widget-text-editor\" data-id=\"2f546bd\" data-element_type=\"widget\" data-e-type=\"widget\" data-widget_type=\"text-editor.default\">\n\t\t\t\t<div class=\"elementor-widget-container\">\n\t\t\t\t\t\t\t\t\t<p class=\"\" data-start=\"208\" data-end=\"793\"><strong data-start=\"208\" data-end=\"382\">MarketMuse es una plataforma de inteligencia de contenidos dise\u00f1ada para profesionales de SEO, escritores estrat\u00e9gicos y equipos de marketing orientados al rendimiento.<\/strong>  Mucho m\u00e1s que una herramienta de optimizaci\u00f3n editorial, MarketMuse utiliza an\u00e1lisis sem\u00e1ntico avanzado y algoritmos de IA para identificar oportunidades tem\u00e1ticas de alto potencial. No se trata s\u00f3lo de producir contenidos, sino de crear activos digitales capaces de posicionarse a largo plazo en las SERPs, respondiendo con precisi\u00f3n a las expectativas de los buscadores&#8230; y de los usuarios. <\/p><p class=\"\" data-start=\"795\" data-end=\"1361\"><strong data-start=\"795\" data-end=\"924\">Donde MarketMuse destaca es en su capacidad para transformar la estrategia editorial en una palanca de crecimiento SEO medible.<\/strong>  Gracias a sus funcionalidades de mapeo tem\u00e1tico, puntuaci\u00f3n de cobertura sem\u00e1ntica y an\u00e1lisis de la competencia, la plataforma te ayuda a identificar lagunas de contenido, reforzar tu autoridad tem\u00e1tica y estructurar capullos sem\u00e1nticos de alto rendimiento. Cada recomendaci\u00f3n se contextualiza en funci\u00f3n de tu propio sitio, tu rendimiento y los est\u00e1ndares de tu mercado, para tomar decisiones m\u00e1s informadas y rentables. <\/p><p class=\"\" data-start=\"1363\" data-end=\"1876\"><strong data-start=\"1363\" data-end=\"1497\">Integrar MarketMuse en tu flujo de trabajo significa pasar de una producci\u00f3n de contenidos intuitiva a una estrategia basada en datos.<\/strong>  Tanto si quieres reforzar tus p\u00e1ginas de anclaje, desarrollar un blog en crecimiento o recuperar la ventaja frente a tus competidores, MarketMuse act\u00faa como un copiloto SEO de alto nivel. Aprovechando sus an\u00e1lisis sem\u00e1nticos y predictivos, puedes conseguir que tus contenidos sean m\u00e1s visibles, m\u00e1s relevantes y, sobre todo, m\u00e1s competitivos. <\/p>\t\t\t\t\t\t\t\t<\/div>\n\t\t\t\t<\/div>\n\t\t\t\t\t<\/div>\n\t\t\t\t<\/div>\n\t\t<div class=\"elementor-element elementor-element-989cac9 e-flex e-con-boxed wpr-particle-no wpr-jarallax-no wpr-parallax-no wpr-sticky-section-no e-con e-parent\" data-id=\"989cac9\" data-element_type=\"container\" data-e-type=\"container\">\n\t\t\t\t\t<div class=\"e-con-inner\">\n\t\t\t\t<div class=\"elementor-element elementor-element-3d5d645 elementor-widget elementor-widget-heading\" data-id=\"3d5d645\" data-element_type=\"widget\" data-e-type=\"widget\" data-widget_type=\"heading.default\">\n\t\t\t\t<div class=\"elementor-widget-container\">\n\t\t\t\t\t<h2 class=\"elementor-heading-title elementor-size-default\">Activos clave de MarketMuse<\/h2>\t\t\t\t<\/div>\n\t\t\t\t<\/div>\n\t\t\t\t<div class=\"elementor-element elementor-element-0ace108 elementor-widget elementor-widget-text-editor\" data-id=\"0ace108\" data-element_type=\"widget\" data-e-type=\"widget\" data-widget_type=\"text-editor.default\">\n\t\t\t\t<div class=\"elementor-widget-container\">\n\t\t\t\t\t\t\t\t\t<p class=\"text-body font-regular leading-[24px] pt-[9px] pb-[2px]\" dir=\"ltr\">Las funciones de MarketMuse est\u00e1n dise\u00f1adas para ofrecer un enfoque hol\u00edstico de la optimizaci\u00f3n de contenidos. Desde el an\u00e1lisis de contenidos hasta la investigaci\u00f3n de temas, cada funci\u00f3n est\u00e1 dise\u00f1ada para ayudar a los creadores de contenidos en su proceso de mejora continua. <\/p><p><b><strong class=\"font-bold\">An\u00e1lisis de contenido<\/strong><\/b> An\u00e1lisis de contenido: MarketMuse proporciona un an\u00e1lisis en profundidad de tu contenido actual, identificando posibles lagunas y sugiriendo mejoras para la optimizaci\u00f3n SEO. Esta funci\u00f3n garantiza que cada contenido se ajuste a las mejores pr\u00e1cticas SEO actuales. <\/p><p><b><strong class=\"font-bold\">B\u00fasqueda de temas<\/strong><\/b> Gracias a sus funciones de b\u00fasqueda avanzada, MarketMuse te ayuda a descubrir temas relevantes que probablemente sean de inter\u00e9s para tu p\u00fablico objetivo. Esta funcionalidad es esencial para mantenerte relevante y en sinton\u00eda con las expectativas de tu p\u00fablico. <\/p><p><b><strong class=\"font-bold\">Recomendaciones SEO<\/strong><\/b> Al ofrecer recomendaciones SEO a medida, MarketMuse gu\u00eda a los usuarios en la optimizaci\u00f3n de sus contenidos para los motores de b\u00fasqueda. Esto incluye sugerencias sobre el uso de palabras clave, la estructura del t\u00edtulo y muchos otros aspectos t\u00e9cnicos del SEO. <\/p><p class=\"text-body font-regular leading-[24px] pt-[9px] pb-[2px]\" dir=\"ltr\"><em>Estas funciones hacen de MarketMuse un aliado indispensable para cualquier profesional que busque maximizar la eficacia de sus esfuerzos de contenido y SEO.<\/em><\/p>\t\t\t\t\t\t\t\t<\/div>\n\t\t\t\t<\/div>\n\t\t\t\t\t<\/div>\n\t\t\t\t<\/div>\n\t\t<div class=\"elementor-element elementor-element-2804731 e-flex e-con-boxed wpr-particle-no wpr-jarallax-no wpr-parallax-no wpr-sticky-section-no e-con e-parent\" data-id=\"2804731\" data-element_type=\"container\" data-e-type=\"container\">\n\t\t\t\t\t<div class=\"e-con-inner\">\n\t\t\t\t<div class=\"elementor-element elementor-element-083f333 elementor-widget elementor-widget-heading\" data-id=\"083f333\" data-element_type=\"widget\" data-e-type=\"widget\" data-widget_type=\"heading.default\">\n\t\t\t\t<div class=\"elementor-widget-container\">\n\t\t\t\t\t<h2 class=\"elementor-heading-title elementor-size-default\">Las ventajas de utilizar MarketMuse<\/h2>\t\t\t\t<\/div>\n\t\t\t\t<\/div>\n\t\t\t\t\t<\/div>\n\t\t\t\t<\/div>\n\t\t<div class=\"elementor-element elementor-element-db2e9df e-flex e-con-boxed wpr-particle-no wpr-jarallax-no wpr-parallax-no wpr-sticky-section-no e-con e-parent\" data-id=\"db2e9df\" data-element_type=\"container\" data-e-type=\"container\">\n\t\t\t\t\t<div class=\"e-con-inner\">\n\t\t\t\t<div class=\"elementor-element elementor-element-b2cd173 elementor-widget elementor-widget-text-editor\" data-id=\"b2cd173\" data-element_type=\"widget\" data-e-type=\"widget\" data-widget_type=\"text-editor.default\">\n\t\t\t\t<div class=\"elementor-widget-container\">\n\t\t\t\t\t\t\t\t\t<p class=\"text-body font-regular leading-[24px] pt-[9px] pb-[2px]\" dir=\"ltr\"><b style=\"text-align: var(--text-align); color: var( --e-global-color-text ); background-color: var( --e-global-color-ca921c0 ); letter-spacing: 0px;\"><strong class=\"font-bold\">Creaci\u00f3n de contenidos mejorada<\/strong><\/b><span style=\"text-align: var(--text-align); color: var( --e-global-color-text ); background-color: var( --e-global-color-ca921c0 ); letter-spacing: 0px;\">  MarketMuse: Con MarketMuse, los creadores de contenidos pueden producir art\u00edculos m\u00e1s relevantes e impactantes. Las recomendaciones basadas en datos pueden dirigirse directamente a las necesidades e intereses de la audiencia, aumentando la participaci\u00f3n. <\/span><\/p><p><b><strong class=\"font-bold\">Optimizaci\u00f3n SEO<\/strong><\/b> MarketMuse destaca en la optimizaci\u00f3n SEO, garantizando que cada contenido est\u00e9 estructurado para maximizar su visibilidad en los motores de b\u00fasqueda. Esto se traduce en un aumento del tr\u00e1fico org\u00e1nico y una mejor posici\u00f3n en los resultados de b\u00fasqueda. <\/p><p class=\"text-body font-regular leading-[24px] pt-[9px] pb-[2px]\" dir=\"ltr\">Con ventajas como \u00e9stas, no es de extra\u00f1ar que MarketMuse se considere una herramienta esencial para los profesionales del contenido que buscan maximizar el impacto de su trabajo.<\/p>\t\t\t\t\t\t\t\t<\/div>\n\t\t\t\t<\/div>\n\t\t\t\t\t<\/div>\n\t\t\t\t<\/div>\n\t\t<div class=\"elementor-element elementor-element-68691e3 e-flex e-con-boxed wpr-particle-no wpr-jarallax-no wpr-parallax-no wpr-sticky-section-no e-con e-parent\" data-id=\"68691e3\" data-element_type=\"container\" data-e-type=\"container\">\n\t\t\t\t\t<div class=\"e-con-inner\">\n\t\t\t\t<div class=\"elementor-element elementor-element-25de1c1 elementor-widget elementor-widget-heading\" data-id=\"25de1c1\" data-element_type=\"widget\" data-e-type=\"widget\" data-widget_type=\"heading.default\">\n\t\t\t\t<div class=\"elementor-widget-container\">\n\t\t\t\t\t<h2 class=\"elementor-heading-title elementor-size-default\">Consejos para utilizar MarketMuse con eficacia<\/h2>\t\t\t\t<\/div>\n\t\t\t\t<\/div>\n\t\t\t\t\t<\/div>\n\t\t\t\t<\/div>\n\t\t<div class=\"elementor-element elementor-element-6f07a9f e-flex e-con-boxed wpr-particle-no wpr-jarallax-no wpr-parallax-no wpr-sticky-section-no e-con e-parent\" data-id=\"6f07a9f\" data-element_type=\"container\" data-e-type=\"container\">\n\t\t\t\t\t<div class=\"e-con-inner\">\n\t\t\t\t<div class=\"elementor-element elementor-element-244ff4f elementor-widget elementor-widget-text-editor\" data-id=\"244ff4f\" data-element_type=\"widget\" data-e-type=\"widget\" data-widget_type=\"text-editor.default\">\n\t\t\t\t<div class=\"elementor-widget-container\">\n\t\t\t\t\t\t\t\t\t<p class=\"text-body font-regular leading-[24px] pt-[9px] pb-[2px]\" dir=\"ltr\">Para aprovechar al m\u00e1ximo las capacidades de MarketMuse, es esencial seguir ciertas buenas pr\u00e1cticas y estrategias.<\/p><p><b><strong class=\"font-bold\">Definir objetivos claros<\/strong><\/b> Antes de empezar, identifica claramente tus objetivos de contenido. \u00bfQuieres mejorar tu SEO, aumentar la participaci\u00f3n de los usuarios o explorar nuevos temas? Unos objetivos bien definidos gu\u00edan el uso de MarketMuse y maximizan su impacto.  <\/p><p><b><strong class=\"font-bold\">Saca el m\u00e1ximo partido a las recomendaciones<\/strong><\/b> Incorpora regularmente las recomendaciones de MarketMuse a tu proceso de creaci\u00f3n de contenidos. Estos conocimientos son inestimables para perfeccionar tus estrategias y garantizar que tu contenido siga siendo relevante y est\u00e9 optimizado. <\/p><p><b><strong class=\"font-bold\">Forma a tu equipo<\/strong><\/b> Invierte en formar a tu equipo para que domine plenamente las funciones de MarketMuse. Un equipo bien formado est\u00e1 mejor preparado para maximizar la eficacia de la herramienta. <\/p><p class=\"text-body font-regular leading-[24px] pt-[9px] pb-[2px]\" dir=\"ltr\">Siguiendo estos consejos, puedes convertir MarketMuse en un potente activo estrat\u00e9gico para tu empresa.<\/p>\t\t\t\t\t\t\t\t<\/div>\n\t\t\t\t<\/div>\n\t\t\t\t\t<\/div>\n\t\t\t\t<\/div>\n\t\t\t\t<\/div>\n\t\t","protected":false},"excerpt":{"rendered":"<p>MarketMuse es una herramienta de IA que se centra en la creaci\u00f3n de contenidos de alta calidad y la optimizaci\u00f3n SEO. Ayuda a analizar las lagunas en los temas tratados y a planificar contenidos optimizados. <\/p>\n<ul>\n<li>Investigaci\u00f3n en profundidad del tema<\/li>\n<li>Optimizaci\u00f3n SEO avanzada<\/li>\n<li>Mejora continua de los contenidos<\/li>\n<li>Res\u00famenes de contenidos inteligentes<\/li>\n<\/ul>\n","protected":false},"featured_media":34148,"comment_status":"open","ping_status":"closed","template":"","meta":{"_acf_changed":false,"_glsr_average":0,"_glsr_ranking":0,"_glsr_reviews":0},"product_brand":[],"product_cat":[4296,4248],"product_tag":[],"class_list":{"0":"post-31523","1":"product","2":"type-product","3":"status-publish","4":"has-post-thumbnail","6":"product_cat-automatizacion-del-marketing","7":"product_cat-software-de-ia","9":"first","10":"instock","11":"shipping-taxable","12":"product-type-external"},"acf":[],"_links":{"self":[{"href":"https:\/\/boostgrowb.com\/es\/wp-json\/wp\/v2\/product\/31523","targetHints":{"allow":["GET"]}}],"collection":[{"href":"https:\/\/boostgrowb.com\/es\/wp-json\/wp\/v2\/product"}],"about":[{"href":"https:\/\/boostgrowb.com\/es\/wp-json\/wp\/v2\/types\/product"}],"replies":[{"embeddable":true,"href":"https:\/\/boostgrowb.com\/es\/wp-json\/wp\/v2\/comments?post=31523"}],"version-history":[{"count":0,"href":"https:\/\/boostgrowb.com\/es\/wp-json\/wp\/v2\/product\/31523\/revisions"}],"wp:featuredmedia":[{"embeddable":true,"href":"https:\/\/boostgrowb.com\/es\/wp-json\/wp\/v2\/media\/34148"}],"wp:attachment":[{"href":"https:\/\/boostgrowb.com\/es\/wp-json\/wp\/v2\/media?parent=31523"}],"wp:term":[{"taxonomy":"product_brand","embeddable":true,"href":"https:\/\/boostgrowb.com\/es\/wp-json\/wp\/v2\/product_brand?post=31523"},{"taxonomy":"product_cat","embeddable":true,"href":"https:\/\/boostgrowb.com\/es\/wp-json\/wp\/v2\/product_cat?post=31523"},{"taxonomy":"product_tag","embeddable":true,"href":"https:\/\/boostgrowb.com\/es\/wp-json\/wp\/v2\/product_tag?post=31523"}],"curies":[{"name":"wp","href":"https:\/\/api.w.org\/{rel}","templated":true}]}}