{"id":31526,"date":"2024-07-01T20:36:34","date_gmt":"2024-07-01T20:36:34","guid":{"rendered":"https:\/\/boostgrowb.com\/software\/hostgator\/"},"modified":"2026-04-14T12:24:47","modified_gmt":"2026-04-14T12:24:47","slug":"hostgator","status":"publish","type":"product","link":"https:\/\/boostgrowb.com\/es\/software\/hostgator\/","title":{"rendered":"Hostgator"},"content":{"rendered":"\t\t<div data-elementor-type=\"product-post\" data-elementor-id=\"31526\" class=\"elementor elementor-31526 elementor-3859\" data-elementor-post-type=\"product\">\n\t\t\t\t<div class=\"elementor-element elementor-element-99e6178 e-flex e-con-boxed wpr-particle-no wpr-jarallax-no wpr-parallax-no wpr-sticky-section-no e-con e-parent\" data-id=\"99e6178\" data-element_type=\"container\" data-e-type=\"container\">\n\t\t\t\t\t<div class=\"e-con-inner\">\n\t\t\t\t<div class=\"elementor-element elementor-element-a7c706a elementor-widget elementor-widget-heading\" data-id=\"a7c706a\" data-element_type=\"widget\" data-e-type=\"widget\" data-widget_type=\"heading.default\">\n\t\t\t\t<div class=\"elementor-widget-container\">\n\t\t\t\t\t<h2 class=\"elementor-heading-title elementor-size-default\">\u00bfQu\u00e9 es Hostgator?\n<\/h2>\t\t\t\t<\/div>\n\t\t\t\t<\/div>\n\t\t\t\t<div class=\"elementor-element elementor-element-217593f elementor-widget elementor-widget-text-editor\" data-id=\"217593f\" data-element_type=\"widget\" data-e-type=\"widget\" data-widget_type=\"text-editor.default\">\n\t\t\t\t<div class=\"elementor-widget-container\">\n\t\t\t\t\t\t\t\t\t<p><strong>HostGator<\/strong> es uno de los proveedores de alojamiento web m\u00e1s populares, famoso por su <strong>fiabilidad<\/strong>, <strong>flexibilidad<\/strong> y <strong>excelente relaci\u00f3n calidad-precio<\/strong><span style=\"letter-spacing: 0px;\">. Tanto si est\u00e1s lanzando tu primer blog de WordPress como si diriges la tienda online de una PYME ambiciosa, la marca tejana aprovecha una infraestructura propia alimentada por centros de datos redundantes y una extensa red CDN, que garantizan tiempos de carga rapid\u00edsimos, una importante baza SEO para escalar en las SERPs y convertir a m\u00e1s gente.<\/span><\/p><p class=\"\" data-start=\"555\" data-end=\"1168\">HostGator es algo m\u00e1s que rendimiento: es <strong data-start=\"611\" data-end=\"626\">flexibilidad<\/strong>, con alojamiento compartido optimizado, VPS escalables, servidores dedicados de alto rendimiento y soluciones en la nube preparadas para absorber los picos de tr\u00e1fico estacionales. Cada paquete incluye un certificado SSL gratuito, un nombre de dominio gratuito durante el primer a\u00f1o, un cPanel intuitivo y la instalaci\u00f3n con un solo clic de los principales CMS (WordPress, Joomla, Drupal). A\u00f1ade a eso copias de seguridad autom\u00e1ticas, protecci\u00f3n proactiva contra DDoS y migraciones gratuitas, y tendr\u00e1s una s\u00f3lida base t\u00e9cnica dise\u00f1ada para el crecimiento exponencial de tu sitio.  <\/p><p class=\"\" data-start=\"1170\" data-end=\"1743\">Cuando se trata de <strong data-start=\"1175\" data-end=\"1193\">inversi\u00f3n<\/strong>, HostGator destaca con una garant\u00eda de devoluci\u00f3n del dinero de 45 d\u00edas y ancho de banda ilimitado, al tiempo que mantiene una relaci\u00f3n calidad-precio dif\u00edcil de superar. M\u00e1s de dos millones de sitios ya lo utilizan; \u00fanete a ellos para beneficiarte de una arquitectura segura, recursos escalables y el apoyo de expertos en SEO que hablan tu idioma. <\/p>\t\t\t\t\t\t\t\t<\/div>\n\t\t\t\t<\/div>\n\t\t\t\t<div class=\"elementor-element elementor-element-2198dec elementor-widget elementor-widget-heading\" data-id=\"2198dec\" data-element_type=\"widget\" data-e-type=\"widget\" data-widget_type=\"heading.default\">\n\t\t\t\t<div class=\"elementor-widget-container\">\n\t\t\t\t\t<h2 class=\"elementor-heading-title elementor-size-default\">Caracter\u00edsticas principales de Hostgator<\/h2>\t\t\t\t<\/div>\n\t\t\t\t<\/div>\n\t\t\t\t<div class=\"elementor-element elementor-element-4020759 elementor-widget elementor-widget-text-editor\" data-id=\"4020759\" data-element_type=\"widget\" data-e-type=\"widget\" data-widget_type=\"text-editor.default\">\n\t\t\t\t<div class=\"elementor-widget-container\">\n\t\t\t\t\t\t\t\t\t<ul><li><p><strong><span>Alojamiento compartido<\/span><\/strong><span> HostGator ofrece alojamiento compartido de alto rendimiento que permite a varios sitios web <\/span><strong><span>compartan los mismos recursos<\/span><\/strong><span> en un servidor, ofreciendo un rendimiento s\u00f3lido y una gesti\u00f3n sencilla a un coste asequible.<\/span><\/p><\/li><li><p><strong><span>Alojamiento VPS<\/span><\/strong><span> Alojamiento : Para usuarios que buscan m\u00e1s potencia y control <\/span><strong><span>Alojamiento VPS<\/span><\/strong><span> ofrece un entorno virtual dedicado, garantizando recursos exclusivos y un mejor rendimiento para sitios con mucho tr\u00e1fico.<\/span><\/p><\/li><li><p><strong><span>Servidores dedicados<\/span><\/strong><span> Servidores dedicados: Los servidores dedicados de HostGator son ideales para empresas que necesitan el m\u00e1ximo <\/span><strong><span>m\u00e1ximo control<\/span><\/strong><span>  y un rendimiento excepcional. Permiten una personalizaci\u00f3n total, con recursos enteramente dedicados a tu sitio web. <\/span><\/p><\/li><li><p><strong><span>Creador de sitios web integrado<\/span><\/strong><span> HostGator incluye un <\/span><strong><span>constructor de sitios web f\u00e1cil de usar<\/span><\/strong><span> con <\/span><strong><span>plantillas predefinidas<\/span><\/strong><span> y una interfaz de arrastrar y soltar, que permite a los usuarios crear r\u00e1pidamente un sitio sin tener que escribir una sola l\u00ednea de c\u00f3digo.<\/span><\/p><\/li><li><p><strong><span>Nombre de dominio gratuito<\/span><\/strong><span> Con determinados planes de alojamiento, <\/span><strong><span>HostGator<\/span><\/strong><span> ofrece un <\/span><strong><span>nombre de dominio gratuito<\/span><\/strong><span> durante el primer a\u00f1o, lo que es estupendo para los usuarios que quieren empezar r\u00e1pidamente y ahorrar en costes iniciales.<\/span><\/p><\/li><\/ul>\t\t\t\t\t\t\t\t<\/div>\n\t\t\t\t<\/div>\n\t\t\t\t<div class=\"elementor-element elementor-element-6efc2b4 elementor-widget elementor-widget-heading\" data-id=\"6efc2b4\" data-element_type=\"widget\" data-e-type=\"widget\" data-widget_type=\"heading.default\">\n\t\t\t\t<div class=\"elementor-widget-container\">\n\t\t\t\t\t<h2 class=\"elementor-heading-title elementor-size-default\">Las ventajas de HostGator<\/h2>\t\t\t\t<\/div>\n\t\t\t\t<\/div>\n\t\t\t\t<div class=\"elementor-element elementor-element-17a1d6c elementor-widget elementor-widget-text-editor\" data-id=\"17a1d6c\" data-element_type=\"widget\" data-e-type=\"widget\" data-widget_type=\"text-editor.default\">\n\t\t\t\t<div class=\"elementor-widget-container\">\n\t\t\t\t\t\t\t\t\t<ul><li><p><strong><span>Alto nivel de fiabilidad<\/span><\/strong><span> HostGator garantiza <\/span><strong><span>99,9% de tiempo de actividad<\/span><\/strong><span> Esto significa que tu sitio estar\u00e1 en l\u00ednea casi todo el tiempo, proporcionando una experiencia de usuario fluida y continua.<\/span><\/p><\/li><li><p><strong><span>Atenci\u00f3n al cliente 24\/7<\/span><\/strong><span> Tanto si necesitas ayuda para configurar tu sitio como para solucionar problemas t\u00e9cnicos o responder a tus preguntas, HostGator ofrece asistencia al cliente 24 horas al d\u00eda, 7 d\u00edas a la semana, <\/span><strong><span>HostGator ofrece soporte 24\/7<\/span><\/strong><span> accesible a trav\u00e9s de chat en directo, tel\u00e9fono o tickets.<\/span><\/p><\/li><li><p><strong><span>Facilidad de uso<\/span><\/strong><span> Con su <\/span><strong><span>interfaz intuitiva<\/span><\/strong><span> y su <\/span><strong><span>cPanel<\/span><\/strong><span> HostGator hace que la gesti\u00f3n de tu sitio web sea sencilla, incluso para quienes no est\u00e1n familiarizados con la tecnolog\u00eda.<\/span><\/p><\/li><li><p><strong><span>Migraci\u00f3n gratuita de sitios<\/span><\/strong><span> Si vas a migrar desde otro proveedor de alojamiento, HostGator ofrece un servicio gratuito de <\/span><strong><span>migraci\u00f3n gratuita<\/span><\/strong><span> para determinados planes, permiti\u00e9ndote transferir f\u00e1cilmente tu sitio sin interrupci\u00f3n.<\/span><\/p><\/li><li><p><strong><span>Relaci\u00f3n calidad-precio<\/span><\/strong><span> Con sus precios competitivos, <\/span><strong><span>HostGator<\/span><\/strong><span> ofrece una excelente relaci\u00f3n calidad-precio, especialmente con sus funciones incluidas, como el <\/span><strong><span>constructor de sitios<\/span><\/strong><span> y el <\/span><strong><span>nombre de dominio gratuito<\/span><\/strong><span> .<\/span><\/p><\/li><\/ul>\t\t\t\t\t\t\t\t<\/div>\n\t\t\t\t<\/div>\n\t\t\t\t\t<\/div>\n\t\t\t\t<\/div>\n\t\t\t\t<\/div>\n\t\t","protected":false},"excerpt":{"rendered":"<p>HostGator ofrece planes de alojamiento compartido asequibles, ideales para peque\u00f1as empresas, blogs personales y sitios web de nueva creaci\u00f3n. Estos planes incluyen funciones como la instalaci\u00f3n de WordPress con un solo clic, certificados SSL gratuitos y mucho m\u00e1s. <\/p>\n<ul>\n<li>Rendimiento superior<\/li>\n<li>Instalaci\u00f3n con un clic<\/li>\n<li>Atenci\u00f3n al cliente excepcional<\/li>\n<li>Seguridad mejorada<\/li>\n<\/ul>\n","protected":false},"featured_media":31527,"comment_status":"open","ping_status":"closed","template":"","meta":{"_acf_changed":false,"_glsr_average":0,"_glsr_ranking":0,"_glsr_reviews":0},"product_brand":[],"product_cat":[3072],"product_tag":[],"class_list":{"0":"post-31526","1":"product","2":"type-product","3":"status-publish","4":"has-post-thumbnail","6":"product_cat-alojamiento-web","8":"first","9":"instock","10":"shipping-taxable","11":"product-type-external"},"acf":[],"_links":{"self":[{"href":"https:\/\/boostgrowb.com\/es\/wp-json\/wp\/v2\/product\/31526","targetHints":{"allow":["GET"]}}],"collection":[{"href":"https:\/\/boostgrowb.com\/es\/wp-json\/wp\/v2\/product"}],"about":[{"href":"https:\/\/boostgrowb.com\/es\/wp-json\/wp\/v2\/types\/product"}],"replies":[{"embeddable":true,"href":"https:\/\/boostgrowb.com\/es\/wp-json\/wp\/v2\/comments?post=31526"}],"version-history":[{"count":0,"href":"https:\/\/boostgrowb.com\/es\/wp-json\/wp\/v2\/product\/31526\/revisions"}],"wp:featuredmedia":[{"embeddable":true,"href":"https:\/\/boostgrowb.com\/es\/wp-json\/wp\/v2\/media\/31527"}],"wp:attachment":[{"href":"https:\/\/boostgrowb.com\/es\/wp-json\/wp\/v2\/media?parent=31526"}],"wp:term":[{"taxonomy":"product_brand","embeddable":true,"href":"https:\/\/boostgrowb.com\/es\/wp-json\/wp\/v2\/product_brand?post=31526"},{"taxonomy":"product_cat","embeddable":true,"href":"https:\/\/boostgrowb.com\/es\/wp-json\/wp\/v2\/product_cat?post=31526"},{"taxonomy":"product_tag","embeddable":true,"href":"https:\/\/boostgrowb.com\/es\/wp-json\/wp\/v2\/product_tag?post=31526"}],"curies":[{"name":"wp","href":"https:\/\/api.w.org\/{rel}","templated":true}]}}