{"id":31536,"date":"2025-06-09T11:24:52","date_gmt":"2025-06-09T11:24:52","guid":{"rendered":"https:\/\/boostgrowb.com\/software\/elevenlabs\/"},"modified":"2026-01-21T14:09:37","modified_gmt":"2026-01-21T14:09:37","slug":"elevenlabs","status":"publish","type":"product","link":"https:\/\/boostgrowb.com\/es\/software\/elevenlabs\/","title":{"rendered":"ElevenLabs"},"content":{"rendered":"\t\t<div data-elementor-type=\"product-post\" data-elementor-id=\"31536\" class=\"elementor elementor-31536 elementor-20103\" data-elementor-post-type=\"product\">\n\t\t\t\t<div class=\"elementor-element elementor-element-4e89c9f e-flex e-con-boxed wpr-particle-no wpr-jarallax-no wpr-parallax-no wpr-sticky-section-no e-con e-parent\" data-id=\"4e89c9f\" data-element_type=\"container\" data-e-type=\"container\">\n\t\t\t\t\t<div class=\"e-con-inner\">\n\t\t\t\t<div class=\"elementor-element elementor-element-a5ecd06 elementor-widget elementor-widget-heading\" data-id=\"a5ecd06\" data-element_type=\"widget\" data-e-type=\"widget\" data-widget_type=\"heading.default\">\n\t\t\t\t<div class=\"elementor-widget-container\">\n\t\t\t\t\t<h2 class=\"elementor-heading-title elementor-size-default\">\u00bfQu\u00e9 es ElevenLabs?<\/h2>\t\t\t\t<\/div>\n\t\t\t\t<\/div>\n\t\t\t\t<div class=\"elementor-element elementor-element-c560ef0 elementor-widget elementor-widget-text-editor\" data-id=\"c560ef0\" data-element_type=\"widget\" data-e-type=\"widget\" data-widget_type=\"text-editor.default\">\n\t\t\t\t<div class=\"elementor-widget-container\">\n\t\t\t\t\t\t\t\t\t<p data-start=\"283\" data-end=\"584\"><strong data-start=\"283\" data-end=\"363\">ElevenLabs es una plataforma de generaci\u00f3n de voz por IA de \u00faltima generaci\u00f3n<\/strong>, capaz de producir voces sint\u00e9ticas naturales, expresivas y realistas. Puede transformar texto en audio profesional en cuesti\u00f3n de segundos, con una calidad casi indistinguible de la voz humana. <\/p><p data-start=\"586\" data-end=\"776\">Ideal para <strong data-start=\"602\" data-end=\"697\">creadores de contenidos, empresas, podcasters, estudios de doblaje o cursos de e-learning<\/strong>, ElevenLabs supera los l\u00edmites de la locuci\u00f3n tradicional gracias a la IA.<\/p>\t\t\t\t\t\t\t\t<\/div>\n\t\t\t\t<\/div>\n\t\t\t\t<div class=\"elementor-element elementor-element-9df0e96 elementor-widget elementor-widget-heading\" data-id=\"9df0e96\" data-element_type=\"widget\" data-e-type=\"widget\" data-widget_type=\"heading.default\">\n\t\t\t\t<div class=\"elementor-widget-container\">\n\t\t\t\t\t<h2 class=\"elementor-heading-title elementor-size-default\">Activos clave de ElevenLabs<\/h2>\t\t\t\t<\/div>\n\t\t\t\t<\/div>\n\t\t\t\t<div class=\"elementor-element elementor-element-605803c elementor-widget elementor-widget-text-editor\" data-id=\"605803c\" data-element_type=\"widget\" data-e-type=\"widget\" data-widget_type=\"text-editor.default\">\n\t\t\t\t<div class=\"elementor-widget-container\">\n\t\t\t\t\t\t\t\t\t<ul><li data-pm-slice=\"1 1 []\"><b>Voces de IA ultrarrealistas:<\/b> <span style=\"letter-spacing: 0px;\">ElevenLabs ofrece voces naturales, fluidas y expresivas que imitan a la perfecci\u00f3n el tono, la entonaci\u00f3n y la emoci\u00f3n humanos. Incluso puedes clonar una voz existente (con consentimiento) para obtener un resultado \u00fanico y personalizado. <\/span><\/li><\/ul><div> <\/div><ul><li><b>Multiling\u00fce y multiacento:<\/b> <span style=\"letter-spacing: 0px;\">La herramienta admite m\u00e1s de 20 idiomas y varios acentos, perfecta para proyectos internacionales, doblaje o localizaci\u00f3n de contenidos de audio\/v\u00eddeo.<\/span><\/li><\/ul><div> <\/div><ul><li><b>Generaci\u00f3n r\u00e1pida y de alta calidad:<\/b> <span style=\"letter-spacing: 0px;\">Copia tu texto, elige una voz y obt\u00e9n un archivo de audio profesional en segundos, en formatos MP3 o WAV, apto para emisiones o producciones web.<\/span><\/li><\/ul><div> <\/div><ul><li><b>Control de voz personalizado: <\/b><span style=\"letter-spacing: 0px;\">Ajusta la entonaci\u00f3n, la velocidad, las pausas y las emociones para crear narraciones a medida que se adapten a tu proyecto (publicidad, podcast, v\u00eddeo, narraci\u00f3n de historias).<\/span><\/li><\/ul><div> <\/div><ul><li><b>Clonaci\u00f3n \u00e9tica de la voz:<\/b> <span style=\"letter-spacing: 0px;\">Con consentimiento, ElevenLabs permite reproducir una voz concreta, ideal para mantener la coherencia vocal en series de audio, libros narrados o cursos de e-learning.<\/span><\/li><\/ul>\t\t\t\t\t\t\t\t<\/div>\n\t\t\t\t<\/div>\n\t\t\t\t<div class=\"elementor-element elementor-element-0121c52 elementor-widget elementor-widget-heading\" data-id=\"0121c52\" data-element_type=\"widget\" data-e-type=\"widget\" data-widget_type=\"heading.default\">\n\t\t\t\t<div class=\"elementor-widget-container\">\n\t\t\t\t\t<h2 class=\"elementor-heading-title elementor-size-default\">\u00bfA qui\u00e9n va dirigido ElevenLabs?<\/h2>\t\t\t\t<\/div>\n\t\t\t\t<\/div>\n\t\t\t\t<div class=\"elementor-element elementor-element-386a27e elementor-widget elementor-widget-text-editor\" data-id=\"386a27e\" data-element_type=\"widget\" data-e-type=\"widget\" data-widget_type=\"text-editor.default\">\n\t\t\t\t<div class=\"elementor-widget-container\">\n\t\t\t\t\t\t\t\t\t<ul><li data-start=\"2011\" data-end=\"2135\"><p data-start=\"2013\" data-end=\"2135\"><strong data-start=\"2013\" data-end=\"2050\">Creadores de contenidos y YouTubers<\/strong>: a\u00f1aden locuciones profesionales a sus v\u00eddeos sin necesidad de grabar en estudio.<\/p><\/li><li data-start=\"2136\" data-end=\"2237\"><p data-start=\"2138\" data-end=\"2237\"><strong data-start=\"2138\" data-end=\"2166\">Podcasters y audiolibros<\/strong>: narra audiolibros o episodios con una voz atractiva.<\/p><\/li><li data-start=\"2238\" data-end=\"2361\"><p data-start=\"2240\" data-end=\"2361\"><strong data-start=\"2240\" data-end=\"2269\">Empresas y e-learning<\/strong>: genera narraciones did\u00e1cticas multiling\u00fces para cursos de formaci\u00f3n o materiales corporativos.<\/p><\/li><li data-start=\"2362\" data-end=\"2463\"><p data-start=\"2364\" data-end=\"2463\"><strong data-start=\"2364\" data-end=\"2399\">Estudios de producci\u00f3n y medios de comunicaci\u00f3n<\/strong>: produce r\u00e1pidamente doblajes o voces personalizadas.<\/p><\/li><\/ul>\t\t\t\t\t\t\t\t<\/div>\n\t\t\t\t<\/div>\n\t\t\t\t\t<\/div>\n\t\t\t\t<\/div>\n\t\t\t\t<\/div>\n\t\t","protected":false},"excerpt":{"rendered":"<p>\u00bfQu\u00e9 es ElevenLabs? ElevenLabs es una plataforma de generaci\u00f3n de voz por IA de \u00faltima generaci\u00f3n, capaz de producir voces sint\u00e9ticas naturales, expresivas y realistas. Puede transformar texto en audio profesional en cuesti\u00f3n de segundos, con una calidad casi indistinguible de la voz humana. Ideal para creadores de contenidos, empresas, podcasters, estudios de doblaje o cursos de e-learning, ElevenLabs supera los l\u00edmites de la locuci\u00f3n tradicional gracias a la IA. Activos clave de ElevenLabs Voces de IA ultrarrealistas: ElevenLabs ofrece voces naturales, fluidas y expresivas que imitan a la perfecci\u00f3n el tono, la entonaci\u00f3n y la emoci\u00f3n humanos. Incluso puedes clonar una voz existente (con consentimiento) para obtener un resultado \u00fanico y personalizado. Multiling\u00fce y multiacento: La herramienta admite m\u00e1s de 20 idiomas y varios acentos, perfecta para proyectos internacionales, doblaje o localizaci\u00f3n de contenidos de audio\/v\u00eddeo. Generaci\u00f3n r\u00e1pida y de alta calidad: Copia tu texto, elige una voz y obt\u00e9n un archivo de audio profesional en segundos, en formatos MP3 o WAV, apto para emisiones o producciones web. Control de voz personalizado: Ajusta la entonaci\u00f3n, la velocidad, las pausas y las emociones para crear narraciones a medida que se adapten a tu proyecto (publicidad, podcast, v\u00eddeo, narraci\u00f3n de historias). Clonaci\u00f3n \u00e9tica de la voz: Con consentimiento, ElevenLabs permite reproducir una voz concreta, ideal para mantener la coherencia vocal en series de audio, libros narrados o cursos de e-learning. \u00bfA qui\u00e9n va dirigido ElevenLabs? Creadores de contenidos y YouTubers: a\u00f1aden locuciones profesionales a sus v\u00eddeos sin necesidad de grabar en estudio. Podcasters y audiolibros: narra audiolibros o episodios con una voz atractiva. Empresas y e-learning: genera narraciones did\u00e1cticas multiling\u00fces para cursos de formaci\u00f3n o materiales corporativos. Estudios de producci\u00f3n y medios de comunicaci\u00f3n: produce r\u00e1pidamente doblajes o voces personalizadas.<\/p>\n","protected":false},"featured_media":30849,"comment_status":"open","ping_status":"closed","template":"","meta":{"_acf_changed":false,"_glsr_average":0,"_glsr_ranking":0,"_glsr_reviews":0},"product_brand":[],"product_cat":[5385,5378],"product_tag":[],"class_list":{"0":"post-31536","1":"product","2":"type-product","3":"status-publish","4":"has-post-thumbnail","6":"product_cat-generador-de-voz","7":"product_cat-ia-generativa","9":"first","10":"instock","11":"shipping-taxable","12":"product-type-external"},"acf":[],"_links":{"self":[{"href":"https:\/\/boostgrowb.com\/es\/wp-json\/wp\/v2\/product\/31536","targetHints":{"allow":["GET"]}}],"collection":[{"href":"https:\/\/boostgrowb.com\/es\/wp-json\/wp\/v2\/product"}],"about":[{"href":"https:\/\/boostgrowb.com\/es\/wp-json\/wp\/v2\/types\/product"}],"replies":[{"embeddable":true,"href":"https:\/\/boostgrowb.com\/es\/wp-json\/wp\/v2\/comments?post=31536"}],"version-history":[{"count":0,"href":"https:\/\/boostgrowb.com\/es\/wp-json\/wp\/v2\/product\/31536\/revisions"}],"wp:featuredmedia":[{"embeddable":true,"href":"https:\/\/boostgrowb.com\/es\/wp-json\/wp\/v2\/media\/30849"}],"wp:attachment":[{"href":"https:\/\/boostgrowb.com\/es\/wp-json\/wp\/v2\/media?parent=31536"}],"wp:term":[{"taxonomy":"product_brand","embeddable":true,"href":"https:\/\/boostgrowb.com\/es\/wp-json\/wp\/v2\/product_brand?post=31536"},{"taxonomy":"product_cat","embeddable":true,"href":"https:\/\/boostgrowb.com\/es\/wp-json\/wp\/v2\/product_cat?post=31536"},{"taxonomy":"product_tag","embeddable":true,"href":"https:\/\/boostgrowb.com\/es\/wp-json\/wp\/v2\/product_tag?post=31536"}],"curies":[{"name":"wp","href":"https:\/\/api.w.org\/{rel}","templated":true}]}}