{"id":31540,"date":"2025-04-18T20:50:52","date_gmt":"2025-04-18T20:50:52","guid":{"rendered":"https:\/\/boostgrowb.com\/software\/payfit\/"},"modified":"2026-02-13T14:02:53","modified_gmt":"2026-02-13T14:02:53","slug":"payfit","status":"publish","type":"product","link":"https:\/\/boostgrowb.com\/es\/software\/payfit\/","title":{"rendered":"PayFit"},"content":{"rendered":"\t\t<div data-elementor-type=\"product-post\" data-elementor-id=\"31540\" class=\"elementor elementor-31540 elementor-18100\" data-elementor-post-type=\"product\">\n\t\t\t\t<div class=\"elementor-element elementor-element-2470d9d e-flex e-con-boxed wpr-particle-no wpr-jarallax-no wpr-parallax-no wpr-sticky-section-no e-con e-parent\" data-id=\"2470d9d\" data-element_type=\"container\" data-e-type=\"container\">\n\t\t\t\t\t<div class=\"e-con-inner\">\n\t\t\t\t<div class=\"elementor-element elementor-element-391f81d elementor-widget elementor-widget-heading\" data-id=\"391f81d\" data-element_type=\"widget\" data-e-type=\"widget\" data-widget_type=\"heading.default\">\n\t\t\t\t<div class=\"elementor-widget-container\">\n\t\t\t\t\t<h2 class=\"elementor-heading-title elementor-size-default\">\u00bfQu\u00e9 es Payfit?<\/h2>\t\t\t\t<\/div>\n\t\t\t\t<\/div>\n\t\t\t\t<div class=\"elementor-element elementor-element-cac2831 elementor-widget elementor-widget-text-editor\" data-id=\"cac2831\" data-element_type=\"widget\" data-e-type=\"widget\" data-widget_type=\"text-editor.default\">\n\t\t\t\t<div class=\"elementor-widget-container\">\n\t\t\t\t\t\t\t\t\t<p class=\"\" data-start=\"0\" data-end=\"558\"><strong data-start=\"0\" data-end=\"193\">PayFit es un software de n\u00f3minas dise\u00f1ado para automatizar la gesti\u00f3n de las n\u00f3minas y simplificar los procesos administrativos de las empresas.<\/strong>  Dise\u00f1ado para PYMES y empresas de nueva creaci\u00f3n, PayFit genera n\u00f3minas conformes en unos pocos clics, al tiempo que incorpora autom\u00e1ticamente las \u00faltimas actualizaciones legales y sociales. Gracias a una interfaz intuitiva y un motor de c\u00e1lculo inteligente, se eliminan los errores humanos y el procesamiento de las n\u00f3minas se vuelve r\u00e1pido, fiable y seguro. <\/p><p class=\"\" data-start=\"560\" data-end=\"1072\"><strong data-start=\"560\" data-end=\"679\">Adem\u00e1s de la n\u00f3mina, PayFit centraliza las principales funciones de RRHH en una \u00fanica plataforma.<\/strong>  Desde la gesti\u00f3n de bajas y ausencias a la declaraci\u00f3n de cotizaciones a la Seguridad Social, pasando por el control de las horas de trabajo, la incorporaci\u00f3n y la gesti\u00f3n de cuentas de gastos, PayFit facilita la vida tanto a directivos como a empleados. Cada empleado tiene un espacio personal, y los departamentos de RRHH ahorran un tiempo precioso automatizando las tareas repetitivas e informando en tiempo real. <\/p><p class=\"\" data-start=\"1074\" data-end=\"1555\"><strong data-start=\"1083\" data-end=\"1216\">PayFit est\u00e1 dirigido a PYMES, empresas de nueva creaci\u00f3n y empresas en crecimiento que quieren profesionalizar su gesti\u00f3n de RRHH sin complejidad.<\/strong>  Su interfaz intuitiva, las actualizaciones legales autom\u00e1ticas y un servicio de atenci\u00f3n al cliente receptivo lo convierten en un aliado de confianza para gestionar tu pol\u00edtica de RR.HH. con tranquilidad. Con PayFit, puedes optimizar tus recursos, mejorar la experiencia de los empleados y asegurar todos tus procesos de n\u00f3minas y RRHH en una \u00fanica soluci\u00f3n moderna y escalable. <\/p>\t\t\t\t\t\t\t\t<\/div>\n\t\t\t\t<\/div>\n\t\t\t\t<div class=\"elementor-element elementor-element-fd65c06 elementor-widget elementor-widget-heading\" data-id=\"fd65c06\" data-element_type=\"widget\" data-e-type=\"widget\" data-widget_type=\"heading.default\">\n\t\t\t\t<div class=\"elementor-widget-container\">\n\t\t\t\t\t<h2 class=\"elementor-heading-title elementor-size-default\">Las 5 principales ventajas de Payfit<\/h2>\t\t\t\t<\/div>\n\t\t\t\t<\/div>\n\t\t\t\t<div class=\"elementor-element elementor-element-5b8e5fe elementor-widget elementor-widget-text-editor\" data-id=\"5b8e5fe\" data-element_type=\"widget\" data-e-type=\"widget\" data-widget_type=\"text-editor.default\">\n\t\t\t\t<div class=\"elementor-widget-container\">\n\t\t\t\t\t\t\t\t\t<ul>\n<li dir=\"auto\"><strong>Automatizaci\u00f3n completa de las n\u00f3minas<\/strong>: con PayFit, puedes generar tus n\u00f3minas con s\u00f3lo unos clics. El programa calcula autom\u00e1ticamente las cotizaciones a la Seguridad Social y aplica la \u00faltima normativa vigente, garantizando un cumplimiento total y eliminando errores y p\u00e9rdidas de tiempo. <\/li>\n<\/ul>\n<div><br><\/div>\n<ul>\n<li dir=\"auto\"><b>Gesti\u00f3n de RRHH fluida y centralizada:<\/b> consolida todos tus datos de RRHH -permisos, ausencias, informes de gastos, tiempo de trabajo, entrevistas- en una \u00fanica interfaz a la que puedes acceder en cualquier momento. Controla tu gesti\u00f3n de RRHH de forma clara y eficaz gracias a una visi\u00f3n completa. <\/li>\n<\/ul>\n<div><br><\/div>\n<ul>\n<li dir=\"auto\"><strong>Interfaz intuitiva<\/strong>: No necesitas ser un experto en RRHH o contabilidad. La interfaz de PayFit es clara, ergon\u00f3mica y est\u00e1 dise\u00f1ada espec\u00edficamente para PYMES. Cada acci\u00f3n est\u00e1 guiada, por lo que incluso los novatos pueden gestionar las n\u00f3minas sin estr\u00e9s.  <\/li>\n<\/ul>\n<div><br><\/div>\n<ul>\n<li dir=\"auto\"><strong>Apoyo humano<\/strong>: Detr\u00e1s de la tecnolog\u00eda, PayFit ofrece un apoyo personalizado y un servicio de atenci\u00f3n al cliente ultrarreactivo. Un equipo de expertos est\u00e1 a tu disposici\u00f3n para guiarte y ayudarte en cada etapa, asegur\u00e1ndose de que te familiarizas con el sistema sin problemas y de forma tranquilizadora. <\/li>\n<\/ul>\n<div><br><\/div>\n<ul>\n<li dir=\"auto\"><strong>Gesti\u00f3n centralizada de documentos<\/strong>: PayFit simplifica la gesti\u00f3n administrativa automatizando la creaci\u00f3n, almacenamiento y puesta en com\u00fan de documentos esenciales como n\u00f3minas, contratos de trabajo, certificados y bajas por enfermedad. Todos estos documentos est\u00e1n centralizados en un espacio seguro, accesible en cualquier momento por los empleados y los responsables de RRHH. <\/li>\n<\/ul>\t\t\t\t\t\t\t\t<\/div>\n\t\t\t\t<\/div>\n\t\t\t\t\t<\/div>\n\t\t\t\t<\/div>\n\t\t\t\t<\/div>\n\t\t","protected":false},"excerpt":{"rendered":"<p data-pm-slice=\"0 0 []\">PayFit es un paquete de software de gesti\u00f3n de n\u00f3minas y RRHH todo en uno, dise\u00f1ado para automatizar las n\u00f3minas, simplificar la administraci\u00f3n y centralizar tus procesos de RRHH.<\/p>\n<ul>\n<li data-pm-slice=\"0 0 []\">Automatizaci\u00f3n de n\u00f3minas<\/li>\n<li>Gesti\u00f3n de vacaciones<\/li>\n<li>Gesti\u00f3n de contratos<\/li>\n<li data-pm-slice=\"0 0 []\">Gesti\u00f3n de cuentas de gastos<\/li>\n<\/ul>\n","protected":false},"featured_media":31542,"comment_status":"open","ping_status":"closed","template":"","meta":{"_acf_changed":false,"_glsr_average":0,"_glsr_ranking":0,"_glsr_reviews":0},"product_brand":[],"product_cat":[4409,5190],"product_tag":[],"class_list":{"0":"post-31540","1":"product","2":"type-product","3":"status-publish","4":"has-post-thumbnail","6":"product_cat-software-de-contabilidad","7":"product_cat-software-de-rrhh","9":"first","10":"instock","11":"shipping-taxable","12":"product-type-external"},"acf":[],"_links":{"self":[{"href":"https:\/\/boostgrowb.com\/es\/wp-json\/wp\/v2\/product\/31540","targetHints":{"allow":["GET"]}}],"collection":[{"href":"https:\/\/boostgrowb.com\/es\/wp-json\/wp\/v2\/product"}],"about":[{"href":"https:\/\/boostgrowb.com\/es\/wp-json\/wp\/v2\/types\/product"}],"replies":[{"embeddable":true,"href":"https:\/\/boostgrowb.com\/es\/wp-json\/wp\/v2\/comments?post=31540"}],"version-history":[{"count":0,"href":"https:\/\/boostgrowb.com\/es\/wp-json\/wp\/v2\/product\/31540\/revisions"}],"wp:featuredmedia":[{"embeddable":true,"href":"https:\/\/boostgrowb.com\/es\/wp-json\/wp\/v2\/media\/31542"}],"wp:attachment":[{"href":"https:\/\/boostgrowb.com\/es\/wp-json\/wp\/v2\/media?parent=31540"}],"wp:term":[{"taxonomy":"product_brand","embeddable":true,"href":"https:\/\/boostgrowb.com\/es\/wp-json\/wp\/v2\/product_brand?post=31540"},{"taxonomy":"product_cat","embeddable":true,"href":"https:\/\/boostgrowb.com\/es\/wp-json\/wp\/v2\/product_cat?post=31540"},{"taxonomy":"product_tag","embeddable":true,"href":"https:\/\/boostgrowb.com\/es\/wp-json\/wp\/v2\/product_tag?post=31540"}],"curies":[{"name":"wp","href":"https:\/\/api.w.org\/{rel}","templated":true}]}}