{"id":31547,"date":"2025-02-20T18:09:58","date_gmt":"2025-02-20T18:09:58","guid":{"rendered":"https:\/\/boostgrowb.com\/software\/obat\/"},"modified":"2026-04-27T07:24:37","modified_gmt":"2026-04-27T07:24:37","slug":"obat","status":"publish","type":"product","link":"https:\/\/boostgrowb.com\/es\/software\/obat\/","title":{"rendered":"Obat"},"content":{"rendered":"\t\t<div data-elementor-type=\"product-post\" data-elementor-id=\"31547\" class=\"elementor elementor-31547 elementor-16539\" data-elementor-post-type=\"product\">\n\t\t\t\t<div class=\"elementor-element elementor-element-c90a4b4 e-flex e-con-boxed wpr-particle-no wpr-jarallax-no wpr-parallax-no wpr-sticky-section-no e-con e-parent\" data-id=\"c90a4b4\" data-element_type=\"container\" data-e-type=\"container\">\n\t\t\t\t\t<div class=\"e-con-inner\">\n\t\t\t\t<div class=\"elementor-element elementor-element-4c33c28 elementor-widget elementor-widget-heading\" data-id=\"4c33c28\" data-element_type=\"widget\" data-e-type=\"widget\" data-widget_type=\"heading.default\">\n\t\t\t\t<div class=\"elementor-widget-container\">\n\t\t\t\t\t<h2 class=\"elementor-heading-title elementor-size-default\">\u00bfQu\u00e9 es Obat?<\/h2>\t\t\t\t<\/div>\n\t\t\t\t<\/div>\n\t\t\t\t<div class=\"elementor-element elementor-element-4350892 elementor-widget elementor-widget-text-editor\" data-id=\"4350892\" data-element_type=\"widget\" data-e-type=\"widget\" data-widget_type=\"text-editor.default\">\n\t\t\t\t<div class=\"elementor-widget-container\">\n\t\t\t\t\t\t\t\t\t<p class=\"\" data-start=\"155\" data-end=\"612\"><strong data-start=\"155\" data-end=\"315\">Obat es un software de gesti\u00f3n 100% dedicado a las peque\u00f1as y medianas empresas de la construcci\u00f3n, dise\u00f1ado para simplificar la administraci\u00f3n y aumentar tu eficacia diaria.<\/strong>  Facturas, presupuestos, seguimiento de obras, gesti\u00f3n de clientes y pagos: todo est\u00e1 centralizado en una interfaz intuitiva dise\u00f1ada para los profesionales de la construcci\u00f3n. Obat ayuda a las empresas constructoras a ahorrar tiempo, reducir errores y mantenerse centradas en lo importante: sus proyectos. <\/p><p class=\"\" data-start=\"155\" data-end=\"612\"><span style=\"letter-spacing: 0px;\" data-start=\"614\" data-end=\"784\"><b>O<\/b><\/span><strong style=\"letter-spacing: 0px;\" data-start=\"614\" data-end=\"784\">bat facilita la creaci\u00f3n de presupuestos y facturas detallados para tus proyectos en unos pocos clics.<\/strong><span style=\"letter-spacing: 0px;\">  La herramienta ofrece plantillas personalizables, seguimiento de pagos, recordatorios autom\u00e1ticos y gesti\u00f3n simplificada de m\u00e1rgenes y compras. Cada funci\u00f3n se ha dise\u00f1ado para adaptarse a las necesidades espec\u00edficas del sector de la construcci\u00f3n, garantizando al mismo tiempo una gesti\u00f3n clara y profesional. <\/span><\/p><p class=\"\" data-start=\"1092\" data-end=\"1523\"><strong data-start=\"1092\" data-end=\"1246\">Obat es m\u00e1s que un software de facturaci\u00f3n: es un verdadero socio digital para estructurar tu negocio y gestionar tu empresa.<\/strong>  Tanto si eres fontanero, electricista, alba\u00f1il o gerente de una empresa muy peque\u00f1a, Obat puede ayudarte a modernizar tu gesti\u00f3n, valorizar tu experiencia y optimizar cada etapa de tu ciclo de ventas. Es una soluci\u00f3n robusta, eficaz y adaptada a las necesidades reales del sector. <\/p>\t\t\t\t\t\t\t\t<\/div>\n\t\t\t\t<\/div>\n\t\t\t\t<div class=\"elementor-element elementor-element-d9f5084 elementor-widget elementor-widget-heading\" data-id=\"d9f5084\" data-element_type=\"widget\" data-e-type=\"widget\" data-widget_type=\"heading.default\">\n\t\t\t\t<div class=\"elementor-widget-container\">\n\t\t\t\t\t<h2 class=\"elementor-heading-title elementor-size-default\">Caracter\u00edsticas principales de Obat<\/h2>\t\t\t\t<\/div>\n\t\t\t\t<\/div>\n\t\t\t\t<div class=\"elementor-element elementor-element-0792fc2 elementor-widget elementor-widget-text-editor\" data-id=\"0792fc2\" data-element_type=\"widget\" data-e-type=\"widget\" data-widget_type=\"text-editor.default\">\n\t\t\t\t<div class=\"elementor-widget-container\">\n\t\t\t\t\t\t\t\t\t<ul data-spread=\"false\" data-pm-slice=\"3 3 []\"><li><p><strong>Crea y gestiona presupuestos y facturas<\/strong>: Con una interfaz intuitiva, puedes crear r\u00e1pidamente presupuestos detallados que cumplan la normativa vigente. Convi\u00e9rtelos en facturas con un solo clic, y personal\u00edzalos seg\u00fan tus necesidades (logotipo, informaci\u00f3n legal, condiciones de pago, etc.). Obat tambi\u00e9n incluye un seguimiento de los pagos y un sistema de recordatorio autom\u00e1tico para evitar facturas impagadas.  <\/p><\/li><li><p><strong>Base de datos de precios y cat\u00e1logos integrados<\/strong>: Accede a una biblioteca de precios constantemente actualizada e integra f\u00e1cilmente los cat\u00e1logos de tus proveedores. Esta funci\u00f3n te permite generar presupuestos precisos, al tiempo que comparas los costes de materiales y servicios para obtener una mayor rentabilidad. <\/p><\/li><li><p><strong>Gesti\u00f3n optimizada de clientes y proveedores<\/strong>: centraliza todos los datos de tus clientes y proveedores en un solo lugar. Haz un seguimiento del historial de compras, pagos y recordatorios, y garantiza una comunicaci\u00f3n fluida con alertas y notificaciones inteligentes. <\/p><\/li><li><p><strong>Cuadro de mandos inteligente y control de tesorer\u00eda<\/strong>: visualiza tus ventas, pagos pendientes y gastos en tiempo real mediante un cuadro de mandos interactivo. Controla tu negocio con indicadores financieros precisos para anticiparte y optimizar tu rentabilidad. <\/p><\/li><li><p><strong>Firma electr\u00f3nica y cumplimiento legal<\/strong>: facilita la validaci\u00f3n de documentos con un sistema seguro de firma electr\u00f3nica. Ahorra tiempo evitando impresiones en papel y env\u00edos por correo, al tiempo que garantizas el pleno cumplimiento de la normativa vigente. <\/p><\/li><\/ul>\t\t\t\t\t\t\t\t<\/div>\n\t\t\t\t<\/div>\n\t\t\t\t<div class=\"elementor-element elementor-element-04a570f elementor-widget elementor-widget-heading\" data-id=\"04a570f\" data-element_type=\"widget\" data-e-type=\"widget\" data-widget_type=\"heading.default\">\n\t\t\t\t<div class=\"elementor-widget-container\">\n\t\t\t\t\t<h2 class=\"elementor-heading-title elementor-size-default\">\u00bfPara qui\u00e9n es Obat?<\/h2>\t\t\t\t<\/div>\n\t\t\t\t<\/div>\n\t\t\t\t<div class=\"elementor-element elementor-element-cd9440f elementor-widget elementor-widget-text-editor\" data-id=\"cd9440f\" data-element_type=\"widget\" data-e-type=\"widget\" data-widget_type=\"text-editor.default\">\n\t\t\t\t<div class=\"elementor-widget-container\">\n\t\t\t\t\t\t\t\t\t<ul><li><p dir=\"auto\"><strong>Oficios de la construcci\u00f3n<\/strong>: ya sean electricistas, fontaneros, alba\u00f1iles o carpinteros, Obat ofrece una soluci\u00f3n adaptada a sus necesidades espec\u00edficas.<\/p><\/li><li><p dir=\"auto\"><strong>Muy peque\u00f1as empresas (VSE<\/strong> ): Las peque\u00f1as empresas apreciar\u00e1n la sencillez y eficacia de la plataforma, que les permite gestionar su administraci\u00f3n sin complejidad.<\/p><\/li><li><p dir=\"auto\"><strong>Empresas en crecimiento<\/strong>: Para las empresas que desean expandirse, Obat es una herramienta inestimable para estructurar y optimizar su gesti\u00f3n administrativa.<\/p><\/li><\/ul>\t\t\t\t\t\t\t\t<\/div>\n\t\t\t\t<\/div>\n\t\t\t\t\t<\/div>\n\t\t\t\t<\/div>\n\t\t\t\t<\/div>\n\t\t","protected":false},"excerpt":{"rendered":"<p><strong>Obat<\/strong> es un programa de presupuestos y facturaci\u00f3n online que simplifica la gesti\u00f3n administrativa de los profesionales y peque\u00f1as empresas del sector de la construcci\u00f3n. Con su interfaz intuitiva y sus potentes herramientas, Obat te permite crear presupuestos y facturas personalizados en un abrir y cerrar de ojos. <\/p>\n<ul>\n<li>Creaci\u00f3n r\u00e1pida de presupuestos y facturas<\/li>\n<li>Interfaz clara e intuitiva<\/li>\n<li>Integraci\u00f3n de los c\u00f3digos de edificaci\u00f3n<\/li>\n<li>Calcula los costes de tus proyectos<\/li>\n<\/ul>\n","protected":false},"featured_media":31549,"comment_status":"open","ping_status":"closed","template":"","meta":{"_acf_changed":false,"_glsr_average":0,"_glsr_ranking":0,"_glsr_reviews":0},"product_brand":[],"product_cat":[4409],"product_tag":[],"class_list":{"0":"post-31547","1":"product","2":"type-product","3":"status-publish","4":"has-post-thumbnail","6":"product_cat-software-de-contabilidad","8":"first","9":"instock","10":"shipping-taxable","11":"product-type-external"},"acf":[],"_links":{"self":[{"href":"https:\/\/boostgrowb.com\/es\/wp-json\/wp\/v2\/product\/31547","targetHints":{"allow":["GET"]}}],"collection":[{"href":"https:\/\/boostgrowb.com\/es\/wp-json\/wp\/v2\/product"}],"about":[{"href":"https:\/\/boostgrowb.com\/es\/wp-json\/wp\/v2\/types\/product"}],"replies":[{"embeddable":true,"href":"https:\/\/boostgrowb.com\/es\/wp-json\/wp\/v2\/comments?post=31547"}],"version-history":[{"count":0,"href":"https:\/\/boostgrowb.com\/es\/wp-json\/wp\/v2\/product\/31547\/revisions"}],"wp:featuredmedia":[{"embeddable":true,"href":"https:\/\/boostgrowb.com\/es\/wp-json\/wp\/v2\/media\/31549"}],"wp:attachment":[{"href":"https:\/\/boostgrowb.com\/es\/wp-json\/wp\/v2\/media?parent=31547"}],"wp:term":[{"taxonomy":"product_brand","embeddable":true,"href":"https:\/\/boostgrowb.com\/es\/wp-json\/wp\/v2\/product_brand?post=31547"},{"taxonomy":"product_cat","embeddable":true,"href":"https:\/\/boostgrowb.com\/es\/wp-json\/wp\/v2\/product_cat?post=31547"},{"taxonomy":"product_tag","embeddable":true,"href":"https:\/\/boostgrowb.com\/es\/wp-json\/wp\/v2\/product_tag?post=31547"}],"curies":[{"name":"wp","href":"https:\/\/api.w.org\/{rel}","templated":true}]}}