{"id":31553,"date":"2025-02-13T11:24:15","date_gmt":"2025-02-13T11:24:15","guid":{"rendered":"https:\/\/boostgrowb.com\/software\/abby\/"},"modified":"2025-07-07T16:14:46","modified_gmt":"2025-07-07T16:14:46","slug":"abby","status":"publish","type":"product","link":"https:\/\/boostgrowb.com\/es\/software\/abby\/","title":{"rendered":"Abby"},"content":{"rendered":"\t\t<div data-elementor-type=\"product-post\" data-elementor-id=\"31553\" class=\"elementor elementor-31553 elementor-16406\" data-elementor-post-type=\"product\">\n\t\t\t\t<div class=\"elementor-element elementor-element-3bd6388 e-flex e-con-boxed wpr-particle-no wpr-jarallax-no wpr-parallax-no wpr-sticky-section-no e-con e-parent\" data-id=\"3bd6388\" data-element_type=\"container\" data-e-type=\"container\">\n\t\t\t\t\t<div class=\"e-con-inner\">\n\t\t\t\t<div class=\"elementor-element elementor-element-a9a7664 elementor-widget elementor-widget-heading\" data-id=\"a9a7664\" data-element_type=\"widget\" data-e-type=\"widget\" data-widget_type=\"heading.default\">\n\t\t\t\t<div class=\"elementor-widget-container\">\n\t\t\t\t\t<h2 class=\"elementor-heading-title elementor-size-default\">\u00bfQu\u00e9 es Abby?<\/h2>\t\t\t\t<\/div>\n\t\t\t\t<\/div>\n\t\t\t\t<div class=\"elementor-element elementor-element-e8f3671 elementor-widget elementor-widget-text-editor\" data-id=\"e8f3671\" data-element_type=\"widget\" data-e-type=\"widget\" data-widget_type=\"text-editor.default\">\n\t\t\t\t<div class=\"elementor-widget-container\">\n\t\t\t\t\t\t\t\t\t<p class=\"\" data-start=\"115\" data-end=\"618\"><strong data-start=\"115\" data-end=\"319\">Abby es un paquete de software de gesti\u00f3n online dise\u00f1ado para aut\u00f3nomos, empresarios por cuenta propia y propietarios de peque\u00f1as empresas que quieren recuperar el control de su administraci\u00f3n sin complejidades.<\/strong>  Aut\u00e9ntico asistente digital, Abby centraliza las funciones clave de tu empresa: facturaci\u00f3n, contabilidad simplificada, gesti\u00f3n de tesorer\u00eda, seguimiento fiscal y mucho m\u00e1s. Accesible desde cualquier dispositivo, la plataforma te ahorra un tiempo precioso cada d\u00eda. <\/p><p class=\"\" data-start=\"620\" data-end=\"1121\"><strong data-start=\"620\" data-end=\"791\">Gracias a su interfaz intuitiva y a sus funciones automatizadas inteligentes, Abby te permite gestionar tu empresa con eficacia, cumpliendo al mismo tiempo las obligaciones legales.<\/strong>  Creaci\u00f3n de presupuestos y facturas, seguimiento de pagos, clasificaci\u00f3n de gastos, generaci\u00f3n autom\u00e1tica de declaraciones fiscales: todas las funciones est\u00e1n dise\u00f1adas para aligerar tu carga mental y optimizar tu organizaci\u00f3n. Tendr\u00e1s una visi\u00f3n clara de tu situaci\u00f3n financiera en tiempo real, sin jerga contable. <\/p><p class=\"\" data-start=\"1123\" data-end=\"1524\"><strong data-start=\"1123\" data-end=\"1241\">Abby es para aut\u00f3nomos que quieren concentrarse en lo que realmente importa: su negocio principal.<\/strong>  Tanto si eres consultor, artesano, artista creativo o formador, esta herramienta te acompa\u00f1ar\u00e1 en todo momento. Con Abby, podr\u00e1s gestionar tu negocio de una forma m\u00e1s moderna, sin preocupaciones y, sobre todo, m\u00e1s rentable. Un aliado esencial para gestionar tu negocio con facilidad.  <\/p>\t\t\t\t\t\t\t\t<\/div>\n\t\t\t\t<\/div>\n\t\t\t\t<div class=\"elementor-element elementor-element-c3a091d elementor-widget elementor-widget-heading\" data-id=\"c3a091d\" data-element_type=\"widget\" data-e-type=\"widget\" data-widget_type=\"heading.default\">\n\t\t\t\t<div class=\"elementor-widget-container\">\n\t\t\t\t\t<h2 class=\"elementor-heading-title elementor-size-default\">Activos clave de Abby<\/h2>\t\t\t\t<\/div>\n\t\t\t\t<\/div>\n\t\t\t\t<div class=\"elementor-element elementor-element-63faaff elementor-widget elementor-widget-text-editor\" data-id=\"63faaff\" data-element_type=\"widget\" data-e-type=\"widget\" data-widget_type=\"text-editor.default\">\n\t\t\t\t<div class=\"elementor-widget-container\">\n\t\t\t\t\t\t\t\t\t<ul><li><b>Facturaci\u00f3n f\u00e1cil:<\/b> crea y env\u00eda presupuestos y facturas profesionales en cuesti\u00f3n de segundos. La herramienta incluye plantillas personalizables, seguimiento de pagos en tiempo real y gesti\u00f3n automatizada de recordatorios. <\/li><\/ul><div> <\/div><ul><li><b>Gesti\u00f3n contable automatizada:<\/b> Sincroniza tus cuentas bancarias, controla tus ingresos y gastos, y genera informes financieros que cumplan los requisitos legales.<\/li><\/ul><div> <\/div><ul><li><b>Gesti\u00f3n de gastos y reclamaciones de gastos:<\/b> digitaliza y centraliza tus recibos, automatiza la introducci\u00f3n de tus gastos y optimiza tu contabilidad.<\/li><\/ul><div> <\/div><ul><li><b>Cuadro de mandos intuitivo :<\/b> <span style=\"text-align: var(--text-align); color: var( --e-global-color-text ); background-color: var( --e-global-color-ca921c0 ); letter-spacing: 0px;\">Obt\u00e9n una visi\u00f3n detallada de tu negocio de un vistazo: ventas, cobros, recordatorios y otros indicadores clave.<\/span><\/li><\/ul><div> <\/div><ul><li><b>Seguimiento de clientes y proveedores:<\/b> <span style=\"text-align: var(--text-align); color: var( --e-global-color-text ); background-color: var( --e-global-color-ca921c0 ); letter-spacing: 0px;\">Gestiona f\u00e1cilmente tu base de clientes y proveedores, sigue el historial de transacciones y optimiza tus relaciones con los clientes.<\/span><\/li><\/ul>\t\t\t\t\t\t\t\t<\/div>\n\t\t\t\t<\/div>\n\t\t\t\t\t<\/div>\n\t\t\t\t<\/div>\n\t\t\t\t<\/div>\n\t\t","protected":false},"excerpt":{"rendered":"<p>Abby es un software de gesti\u00f3n online todo en uno para aut\u00f3nomos, autoempresarios y peque\u00f1as empresas. Gestiona f\u00e1cilmente tu facturaci\u00f3n, contabilidad y tesorer\u00eda desde una interfaz intuitiva, y ahorra tiempo cada d\u00eda. <\/p>\n<ul>\n<li>Creaci\u00f3n de presupuestos y facturas<\/li>\n<li>Gesti\u00f3n contable<\/li>\n<li>Declaraciones URSSAF<\/li>\n<li>Interfaz f\u00e1cil de usar<\/li>\n<\/ul>\n","protected":false},"featured_media":31557,"comment_status":"open","ping_status":"closed","template":"","meta":{"_acf_changed":false,"_glsr_average":0,"_glsr_ranking":0,"_glsr_reviews":0},"product_brand":[],"product_cat":[3159,4409],"product_tag":[],"class_list":{"0":"post-31553","1":"product","2":"type-product","3":"status-publish","4":"has-post-thumbnail","6":"product_cat-banco-pro","7":"product_cat-software-de-contabilidad","9":"first","10":"instock","11":"shipping-taxable","12":"product-type-external"},"acf":[],"_links":{"self":[{"href":"https:\/\/boostgrowb.com\/es\/wp-json\/wp\/v2\/product\/31553","targetHints":{"allow":["GET"]}}],"collection":[{"href":"https:\/\/boostgrowb.com\/es\/wp-json\/wp\/v2\/product"}],"about":[{"href":"https:\/\/boostgrowb.com\/es\/wp-json\/wp\/v2\/types\/product"}],"replies":[{"embeddable":true,"href":"https:\/\/boostgrowb.com\/es\/wp-json\/wp\/v2\/comments?post=31553"}],"version-history":[{"count":0,"href":"https:\/\/boostgrowb.com\/es\/wp-json\/wp\/v2\/product\/31553\/revisions"}],"wp:featuredmedia":[{"embeddable":true,"href":"https:\/\/boostgrowb.com\/es\/wp-json\/wp\/v2\/media\/31557"}],"wp:attachment":[{"href":"https:\/\/boostgrowb.com\/es\/wp-json\/wp\/v2\/media?parent=31553"}],"wp:term":[{"taxonomy":"product_brand","embeddable":true,"href":"https:\/\/boostgrowb.com\/es\/wp-json\/wp\/v2\/product_brand?post=31553"},{"taxonomy":"product_cat","embeddable":true,"href":"https:\/\/boostgrowb.com\/es\/wp-json\/wp\/v2\/product_cat?post=31553"},{"taxonomy":"product_tag","embeddable":true,"href":"https:\/\/boostgrowb.com\/es\/wp-json\/wp\/v2\/product_tag?post=31553"}],"curies":[{"name":"wp","href":"https:\/\/api.w.org\/{rel}","templated":true}]}}