{"id":31560,"date":"2024-06-06T13:32:12","date_gmt":"2024-06-06T13:32:12","guid":{"rendered":"https:\/\/boostgrowb.com\/software\/finom\/"},"modified":"2026-03-30T06:49:09","modified_gmt":"2026-03-30T06:49:09","slug":"finom","status":"publish","type":"product","link":"https:\/\/boostgrowb.com\/es\/software\/finom\/","title":{"rendered":"Finom"},"content":{"rendered":"\t\t<div data-elementor-type=\"product-post\" data-elementor-id=\"31560\" class=\"elementor elementor-31560 elementor-936\" data-elementor-post-type=\"product\">\n\t\t\t\t<div class=\"elementor-element elementor-element-3d14460 e-flex e-con-boxed wpr-particle-no wpr-jarallax-no wpr-parallax-no wpr-sticky-section-no e-con e-parent\" data-id=\"3d14460\" data-element_type=\"container\" data-e-type=\"container\">\n\t\t\t\t\t<div class=\"e-con-inner\">\n\t\t\t\t<div class=\"elementor-element elementor-element-7141247 elementor-widget elementor-widget-heading\" data-id=\"7141247\" data-element_type=\"widget\" data-e-type=\"widget\" data-widget_type=\"heading.default\">\n\t\t\t\t<div class=\"elementor-widget-container\">\n\t\t\t\t\t<h2 class=\"elementor-heading-title elementor-size-default\">\u00bfQu\u00e9 es Finom?<\/h2>\t\t\t\t<\/div>\n\t\t\t\t<\/div>\n\t\t\t\t<div class=\"elementor-element elementor-element-6ba3964 elementor-widget elementor-widget-text-editor\" data-id=\"6ba3964\" data-element_type=\"widget\" data-e-type=\"widget\" data-widget_type=\"text-editor.default\">\n\t\t\t\t<div class=\"elementor-widget-container\">\n\t\t\t\t\t\t\t\t\t<p class=\"\" data-start=\"101\" data-end=\"626\"><strong data-start=\"101\" data-end=\"253\">Finom es una soluci\u00f3n de gesti\u00f3n financiera de nueva generaci\u00f3n dise\u00f1ada para satisfacer las necesidades espec\u00edficas de emprendedores, aut\u00f3nomos y pymes.<\/strong>  Al combinar servicios bancarios, gesti\u00f3n de gastos, facturaci\u00f3n y contabilidad automatizada, Finom centraliza todas las herramientas que necesitas para gestionar las finanzas cotidianas de tu empresa. Abrir una cuenta es r\u00e1pido, 100% online, y la interfaz intuitiva te permite familiarizarte con la plataforma en pocos minutos, aunque no tengas conocimientos financieros. <\/p><p class=\"\" data-start=\"628\" data-end=\"1157\"><strong data-start=\"628\" data-end=\"833\">Finom automatiza tareas que consumen mucho tiempo, como la conciliaci\u00f3n bancaria, el archivo de recibos y la categorizaci\u00f3n de transacciones.<\/strong>  Puedes hacer un seguimiento de tus cobros en tiempo real, crear y enviar facturas con s\u00f3lo pulsar un bot\u00f3n, y sincronizar tus flujos financieros con tu software de contabilidad. Finom tambi\u00e9n ofrece tarjetas de pago f\u00edsicas y virtuales, con opciones de control y personalizaci\u00f3n adaptadas a cada empleado. <\/p><p class=\"\" data-start=\"1159\" data-end=\"1612\"><strong data-start=\"1159\" data-end=\"1308\">Finom es una soluci\u00f3n segura y orientada al rendimiento que se adapta a cada etapa de tu crecimiento.<\/strong>  Tanto si acabas de empezar como si est\u00e1s en expansi\u00f3n, Finom puede ayudarte a estructurar y optimizar tu gesti\u00f3n financiera, aport\u00e1ndote transparencia, eficacia y tranquilidad.<\/p>\t\t\t\t\t\t\t\t<\/div>\n\t\t\t\t<\/div>\n\t\t\t\t\t<\/div>\n\t\t\t\t<\/div>\n\t\t<div class=\"elementor-element elementor-element-a8b1c82 e-flex e-con-boxed wpr-particle-no wpr-jarallax-no wpr-parallax-no wpr-sticky-section-no e-con e-parent\" data-id=\"a8b1c82\" data-element_type=\"container\" data-e-type=\"container\">\n\t\t\t\t\t<div class=\"e-con-inner\">\n\t\t\t\t<div class=\"elementor-element elementor-element-e0c87fc elementor-widget elementor-widget-heading\" data-id=\"e0c87fc\" data-element_type=\"widget\" data-e-type=\"widget\" data-widget_type=\"heading.default\">\n\t\t\t\t<div class=\"elementor-widget-container\">\n\t\t\t\t\t<h2 class=\"elementor-heading-title elementor-size-default\">\u00bfCu\u00e1les son los principales servicios que ofrece Finom?<\/h2>\t\t\t\t<\/div>\n\t\t\t\t<\/div>\n\t\t\t\t\t<\/div>\n\t\t\t\t<\/div>\n\t\t<div class=\"elementor-element elementor-element-6a46dfa e-flex e-con-boxed wpr-particle-no wpr-jarallax-no wpr-parallax-no wpr-sticky-section-no e-con e-parent\" data-id=\"6a46dfa\" data-element_type=\"container\" data-e-type=\"container\">\n\t\t\t\t\t<div class=\"e-con-inner\">\n\t\t\t\t<div class=\"elementor-element elementor-element-41759d7 elementor-widget elementor-widget-text-editor\" data-id=\"41759d7\" data-element_type=\"widget\" data-e-type=\"widget\" data-widget_type=\"text-editor.default\">\n\t\t\t\t<div class=\"elementor-widget-container\">\n\t\t\t\t\t\t\t\t\t<p data-pm-slice=\"1 1 []\">Abre una cuenta de empresa en <b>unos clics:<\/b> abre tu cuenta de empresa en unos minutos, sin papeleo, con un IBAN franc\u00e9s y seguridad de nivel bancario.<\/p><p data-pm-slice=\"1 1 []\"><b>Gesti\u00f3n centralizada de las finanzas: <\/b>facturaci\u00f3n, cobros, tarjetas bancarias, informes de gastos y conciliaciones contables&#8230; Todo reunido en una \u00fanica interfaz para una gesti\u00f3n simplificada.<\/p><p data-pm-slice=\"0 0 []\"><b>Automatizaci\u00f3n contable inteligente:<\/b> Sincronizaci\u00f3n bancaria, categorizaci\u00f3n autom\u00e1tica de transacciones, archivo de recibos: Finom te ahorra un tiempo precioso cada d\u00eda.<\/p><p data-pm-slice=\"0 0 []\"><b>Tarjetas de pago f\u00edsicas y virtuales: <\/b>crea y gestiona f\u00e1cilmente tarjetas para ti y tu personal, con l\u00edmites personalizables y seguimiento de gastos en tiempo real.<\/p><p data-pm-slice=\"0 0 []\"><b>Herramientas de facturaci\u00f3n integradas: <\/b>edita, env\u00eda y realiza el seguimiento de tus facturas con s\u00f3lo unos clics. Finom tambi\u00e9n te permite recibir notificaciones en cuanto un cliente paga una factura, para que puedas controlar tu flujo de caja de forma m\u00e1s eficaz. <\/p>\t\t\t\t\t\t\t\t<\/div>\n\t\t\t\t<\/div>\n\t\t\t\t\t<\/div>\n\t\t\t\t<\/div>\n\t\t<div class=\"elementor-element elementor-element-93d2ba8 e-flex e-con-boxed wpr-particle-no wpr-jarallax-no wpr-parallax-no wpr-sticky-section-no e-con e-parent\" data-id=\"93d2ba8\" data-element_type=\"container\" data-e-type=\"container\">\n\t\t\t\t\t<div class=\"e-con-inner\">\n\t\t\t\t<div class=\"elementor-element elementor-element-bb39c45 elementor-widget elementor-widget-heading\" data-id=\"bb39c45\" data-element_type=\"widget\" data-e-type=\"widget\" data-widget_type=\"heading.default\">\n\t\t\t\t<div class=\"elementor-widget-container\">\n\t\t\t\t\t<h2 class=\"elementor-heading-title elementor-size-default\">Ventajas de utilizar Finom<\/h2>\t\t\t\t<\/div>\n\t\t\t\t<\/div>\n\t\t\t\t<div class=\"elementor-element elementor-element-8b1cdb4 elementor-widget elementor-widget-text-editor\" data-id=\"8b1cdb4\" data-element_type=\"widget\" data-e-type=\"widget\" data-widget_type=\"text-editor.default\">\n\t\t\t\t<div class=\"elementor-widget-container\">\n\t\t\t\t\t\t\t\t\t<p><strong>Reducci\u00f3n de costes: <\/strong> Gracias a sus herramientas de gesti\u00f3n integradas, ayuda a <strong>reducir los costes<\/strong> operativos minimizando los errores humanos y optimizando el flujo de caja.<\/p><p><b>Cuentas<\/b> <strong>bancarias multidivisa<\/strong><b>:<\/b> Ofrece <strong>cuentas bancarias multidivisa<\/strong>, que permiten a las empresas gestionar transacciones en distintas divisas sin cargos ocultos. Esta funci\u00f3n es especialmente \u00fatil para las empresas que operan a nivel internacional. <\/p><p><strong>Accesibilidad y facilidad de uso: <\/strong> la interfaz intuitiva de Finom est\u00e1 dise\u00f1ada para ser <strong>accesible<\/strong> incluso a quienes no tienen conocimientos financieros profundos, lo que hace que la gesti\u00f3n financiera sea m\u00e1s sencilla y accesible.<\/p><p><b>Automatizaci\u00f3n de tareas:<\/b> Gracias a la<strong>automatizaci\u00f3n<\/strong>, puedes reducir el tiempo dedicado a tareas administrativas repetitivas. Los usuarios pueden programar pagos recurrentes, automatizar conciliaciones bancarias y utilizar plantillas para facturas y presupuestos. <\/p><p><b>Integraci\u00f3n con aplicaciones de terceros:<\/b> <strong>Finom<\/strong> se integra perfectamente con otras aplicaciones empresariales habituales, como programas de contabilidad, herramientas de gesti\u00f3n de proyectos y plataformas de comercio electr\u00f3nico. Esto permite una sincronizaci\u00f3n perfecta de los datos y una gesti\u00f3n centralizada. <\/p>\t\t\t\t\t\t\t\t<\/div>\n\t\t\t\t<\/div>\n\t\t\t\t\t<\/div>\n\t\t\t\t<\/div>\n\t\t\t\t<\/div>\n\t\t","protected":false},"excerpt":{"rendered":"<p class=\"sr-only\">Finom es una soluci\u00f3n de gesti\u00f3n financiera todo en uno para <strong>aut\u00f3nomos<\/strong>, pymes y emprendedores. Abre una cuenta profesional, gestiona tus facturas, automatiza tu contabilidad y gestiona tu tesorer\u00eda desde una interfaz intuitiva y segura. <\/p>\n<ul>\n<li>Cuenta profesional en l\u00ednea<\/li>\n<li>Gesti\u00f3n de gastos<\/li>\n<li>Acceso multiusuario<\/li>\n<li>Control del flujo de caja<\/li>\n<\/ul>\n","protected":false},"featured_media":31125,"comment_status":"open","ping_status":"closed","template":"","meta":{"_acf_changed":false,"_glsr_average":0,"_glsr_ranking":0,"_glsr_reviews":0},"product_brand":[],"product_cat":[4228],"product_tag":[],"class_list":{"0":"post-31560","1":"product","2":"type-product","3":"status-publish","4":"has-post-thumbnail","6":"product_cat-gestion-de-proyectos","8":"first","9":"instock","10":"shipping-taxable","11":"product-type-external"},"acf":[],"_links":{"self":[{"href":"https:\/\/boostgrowb.com\/es\/wp-json\/wp\/v2\/product\/31560","targetHints":{"allow":["GET"]}}],"collection":[{"href":"https:\/\/boostgrowb.com\/es\/wp-json\/wp\/v2\/product"}],"about":[{"href":"https:\/\/boostgrowb.com\/es\/wp-json\/wp\/v2\/types\/product"}],"replies":[{"embeddable":true,"href":"https:\/\/boostgrowb.com\/es\/wp-json\/wp\/v2\/comments?post=31560"}],"version-history":[{"count":0,"href":"https:\/\/boostgrowb.com\/es\/wp-json\/wp\/v2\/product\/31560\/revisions"}],"wp:featuredmedia":[{"embeddable":true,"href":"https:\/\/boostgrowb.com\/es\/wp-json\/wp\/v2\/media\/31125"}],"wp:attachment":[{"href":"https:\/\/boostgrowb.com\/es\/wp-json\/wp\/v2\/media?parent=31560"}],"wp:term":[{"taxonomy":"product_brand","embeddable":true,"href":"https:\/\/boostgrowb.com\/es\/wp-json\/wp\/v2\/product_brand?post=31560"},{"taxonomy":"product_cat","embeddable":true,"href":"https:\/\/boostgrowb.com\/es\/wp-json\/wp\/v2\/product_cat?post=31560"},{"taxonomy":"product_tag","embeddable":true,"href":"https:\/\/boostgrowb.com\/es\/wp-json\/wp\/v2\/product_tag?post=31560"}],"curies":[{"name":"wp","href":"https:\/\/api.w.org\/{rel}","templated":true}]}}