{"id":31561,"date":"2025-02-10T12:08:19","date_gmt":"2025-02-10T12:08:19","guid":{"rendered":"https:\/\/boostgrowb.com\/software\/copia-ai\/"},"modified":"2026-02-15T14:03:38","modified_gmt":"2026-02-15T14:03:38","slug":"copia-ai","status":"publish","type":"product","link":"https:\/\/boostgrowb.com\/es\/software\/copia-ai\/","title":{"rendered":"Copia.ai"},"content":{"rendered":"\t\t<div data-elementor-type=\"product-post\" data-elementor-id=\"31561\" class=\"elementor elementor-31561 elementor-16329\" data-elementor-post-type=\"product\">\n\t\t\t\t<div class=\"elementor-element elementor-element-df5ff95 e-flex e-con-boxed wpr-particle-no wpr-jarallax-no wpr-parallax-no wpr-sticky-section-no e-con e-parent\" data-id=\"df5ff95\" data-element_type=\"container\" data-e-type=\"container\">\n\t\t\t\t\t<div class=\"e-con-inner\">\n\t\t\t\t<div class=\"elementor-element elementor-element-45887d6 elementor-widget elementor-widget-heading\" data-id=\"45887d6\" data-element_type=\"widget\" data-e-type=\"widget\" data-widget_type=\"heading.default\">\n\t\t\t\t<div class=\"elementor-widget-container\">\n\t\t\t\t\t<h2 class=\"elementor-heading-title elementor-size-default\">\u00bfQu\u00e9 es Copy.ai?<\/h2>\t\t\t\t<\/div>\n\t\t\t\t<\/div>\n\t\t\t\t<div class=\"elementor-element elementor-element-e036cb0 elementor-widget elementor-widget-text-editor\" data-id=\"e036cb0\" data-element_type=\"widget\" data-e-type=\"widget\" data-widget_type=\"text-editor.default\">\n\t\t\t\t<div class=\"elementor-widget-container\">\n\t\t\t\t\t\t\t\t\t<p class=\"\" data-start=\"0\" data-end=\"458\">Copy.ai es un asistente de redacci\u00f3n inteligente que revoluciona la creaci\u00f3n de contenidos mediante la inteligencia artificial. Dise\u00f1ado para empresarios, vendedores y creadores de contenidos, genera r\u00e1pidamente entradas de blog, descripciones de productos, correos electr\u00f3nicos y publicaciones en redes sociales. Su algoritmo avanzado analiza tus necesidades y produce textos con garra, optimizados para captar la atenci\u00f3n y maximizar el compromiso.  <\/p><p class=\"\" data-start=\"460\" data-end=\"897\">Gracias a su tecnolog\u00eda de vanguardia, Copy.ai no se limita a escribir, sino que adapta el tono y el estilo a tu audiencia para garantizar un mensaje impactante. Tambi\u00e9n te permite optimizar tu referenciaci\u00f3n natural integrando palabras clave estrat\u00e9gicas, aumentando la visibilidad de tu contenido en Google. Adem\u00e1s, su capacidad para reformular y mejorar el contenido existente te ayuda a hacerlo m\u00e1s eficaz y convincente.  <\/p><p class=\"\" data-start=\"899\" data-end=\"1357\">Copy.ai tambi\u00e9n es una ventaja para las empresas que quieren internacionalizarse. Su avanzado sistema de traducci\u00f3n te permite crear contenidos fluidos y naturales en varios idiomas, sin p\u00e9rdida de significado ni de calidad. Su interfaz intuitiva facilita la colaboraci\u00f3n en equipo, haciendo que el proceso de creaci\u00f3n sea m\u00e1s r\u00e1pido y eficaz. Con Copy.ai, puedes aumentar tu productividad y ahorrar un tiempo precioso mientras produces contenidos de calidad.   <\/p>\t\t\t\t\t\t\t\t<\/div>\n\t\t\t\t<\/div>\n\t\t\t\t<div class=\"elementor-element elementor-element-e1ed641 elementor-widget elementor-widget-heading\" data-id=\"e1ed641\" data-element_type=\"widget\" data-e-type=\"widget\" data-widget_type=\"heading.default\">\n\t\t\t\t<div class=\"elementor-widget-container\">\n\t\t\t\t\t<h2 class=\"elementor-heading-title elementor-size-default\">Caracter\u00edsticas principales de Copy.ai<\/h2>\t\t\t\t<\/div>\n\t\t\t\t<\/div>\n\t\t\t\t<div class=\"elementor-element elementor-element-8138084 elementor-widget elementor-widget-text-editor\" data-id=\"8138084\" data-element_type=\"widget\" data-e-type=\"widget\" data-widget_type=\"text-editor.default\">\n\t\t\t\t<div class=\"elementor-widget-container\">\n\t\t\t\t\t\t\t\t\t<ul><li><b>Generaci\u00f3n de contenidos impulsada por IA:<\/b> Copy.ai genera autom\u00e1ticamente art\u00edculos, correos electr\u00f3nicos, descripciones de productos y publicaciones en redes sociales. Tambi\u00e9n ofrece herramientas para reescribir y mejorar el contenido. Compatible con <strong data-start=\"319\" data-end=\"333\">95 idiomas<\/strong>, es ideal para uso internacional.  <\/li><\/ul><div> <\/div><ul><li><b>Optimizaci\u00f3n SEO:<\/b> Copy.ai sugiere <strong data-start=\"953\" data-end=\"966\">palabras clave<\/strong>, optimiza la estructura del texto y genera t\u00edtulos y meta descripciones para mejorar la referenciaci\u00f3n. Esto aumenta la visibilidad en los motores de b\u00fasqueda. <\/li><\/ul><div> <\/div><ul><li data-pm-slice=\"0 0 []\"><b>Voz de marca y personalizaci\u00f3n:<\/b> la IA aprende el <strong data-start=\"726\" data-end=\"745\">tono y el estilo<\/strong> de la marca para garantizar la coherencia en todos los medios. Esta funci\u00f3n garantiza una comunicaci\u00f3n coherente y profesional. <\/li><\/ul><div> <\/div><ul><li data-pm-slice=\"1 1 []\"><b>Plantillas predefinidas:<\/b> Con m\u00e1s de 90 plantillas, Copy.ai te ayuda a estructurar r\u00e1pidamente diversos contenidos, como correos electr\u00f3nicos de ventas, anuncios o p\u00e1ginas de destino. Las plantillas se pueden personalizar para adaptarlas a las necesidades de cada empresa. <\/li><\/ul><div> <\/div><ul><li data-pm-slice=\"1 1 []\"><b>Automatizaci\u00f3n y colaboraci\u00f3n: <\/b>Copy.ai te permite automatizar las tareas editoriales repetitivas mediante <strong data-start=\"2099\" data-end=\"2126\">flujos de trabajo personalizados<\/strong>. Esta automatizaci\u00f3n ahorra tiempo y garantiza la coherencia de los contenidos producidos. Adem\u00e1s, la plataforma facilita la <strong data-start=\"2259\" data-end=\"2286\">colaboraci\u00f3n en equipo<\/strong>, con acceso y roles definidos para cada usuario, lo que es ideal para empresas con equipos de marketing o creativos.  <\/li><\/ul>\t\t\t\t\t\t\t\t<\/div>\n\t\t\t\t<\/div>\n\t\t\t\t<div class=\"elementor-element elementor-element-b19fd2a elementor-widget elementor-widget-heading\" data-id=\"b19fd2a\" data-element_type=\"widget\" data-e-type=\"widget\" data-widget_type=\"heading.default\">\n\t\t\t\t<div class=\"elementor-widget-container\">\n\t\t\t\t\t<h2 class=\"elementor-heading-title elementor-size-default\">\u00bfA qui\u00e9n va dirigido copy.ai?<\/h2>\t\t\t\t<\/div>\n\t\t\t\t<\/div>\n\t\t\t\t<div class=\"elementor-element elementor-element-4205fb5 elementor-widget elementor-widget-text-editor\" data-id=\"4205fb5\" data-element_type=\"widget\" data-e-type=\"widget\" data-widget_type=\"text-editor.default\">\n\t\t\t\t<div class=\"elementor-widget-container\">\n\t\t\t\t\t\t\t\t\t<p>Copy.ai est\u00e1 dise\u00f1ado para <strong data-start=\"27\" data-end=\"80\">vendedores, empresarios y creadores de contenidos<\/strong> que desean producir r\u00e1pidamente textos optimizados de gran impacto. Ayuda a <strong data-start=\"161\" data-end=\"205\">los equipos de ventas y atenci\u00f3n al cliente<\/strong> a automatizar la redacci\u00f3n de correos electr\u00f3nicos y argumentos de venta, al tiempo que ofrece a las empresas <strong data-start=\"283\" data-end=\"314\">internacionales<\/strong> una soluci\u00f3n eficaz para crear contenidos multiling\u00fces coherentes. R\u00e1pido, inteligente e intuitivo, aumenta la productividad y optimiza la comunicaci\u00f3n.  <\/p>\t\t\t\t\t\t\t\t<\/div>\n\t\t\t\t<\/div>\n\t\t\t\t\t<\/div>\n\t\t\t\t<\/div>\n\t\t\t\t<\/div>\n\t\t","protected":false},"excerpt":{"rendered":"<p>Copy.ai es una soluci\u00f3n de inteligencia artificial que revoluciona la creaci\u00f3n de contenidos generando r\u00e1pidamente textos impactantes. Ideal para marketing, blogs, correos electr\u00f3nicos y descripciones de productos, ayuda a los profesionales a ahorrar tiempo y maximizar su impacto. <\/p>\n<ul>\n<li>Optimizaci\u00f3n SEO<\/li>\n<li>Art\u00edculos, correos electr\u00f3nicos, descripciones, posts<\/li>\n<li>Ideas de contenido<\/li>\n<li>Personalizaci\u00f3n<\/li>\n<\/ul>\n","protected":false},"featured_media":31562,"comment_status":"open","ping_status":"closed","template":"","meta":{"_acf_changed":false,"_glsr_average":0,"_glsr_ranking":0,"_glsr_reviews":0},"product_brand":[],"product_cat":[5261,7066,4538,4248],"product_tag":[],"class_list":{"0":"post-31561","1":"product","2":"type-product","3":"status-publish","4":"has-post-thumbnail","6":"product_cat-generador-de-texto-ai-para-seo","7":"product_cat-mistral-chat-es","8":"product_cat-seo-es","9":"product_cat-software-de-ia","11":"first","12":"instock","13":"shipping-taxable","14":"product-type-external"},"acf":[],"_links":{"self":[{"href":"https:\/\/boostgrowb.com\/es\/wp-json\/wp\/v2\/product\/31561","targetHints":{"allow":["GET"]}}],"collection":[{"href":"https:\/\/boostgrowb.com\/es\/wp-json\/wp\/v2\/product"}],"about":[{"href":"https:\/\/boostgrowb.com\/es\/wp-json\/wp\/v2\/types\/product"}],"replies":[{"embeddable":true,"href":"https:\/\/boostgrowb.com\/es\/wp-json\/wp\/v2\/comments?post=31561"}],"version-history":[{"count":0,"href":"https:\/\/boostgrowb.com\/es\/wp-json\/wp\/v2\/product\/31561\/revisions"}],"wp:featuredmedia":[{"embeddable":true,"href":"https:\/\/boostgrowb.com\/es\/wp-json\/wp\/v2\/media\/31562"}],"wp:attachment":[{"href":"https:\/\/boostgrowb.com\/es\/wp-json\/wp\/v2\/media?parent=31561"}],"wp:term":[{"taxonomy":"product_brand","embeddable":true,"href":"https:\/\/boostgrowb.com\/es\/wp-json\/wp\/v2\/product_brand?post=31561"},{"taxonomy":"product_cat","embeddable":true,"href":"https:\/\/boostgrowb.com\/es\/wp-json\/wp\/v2\/product_cat?post=31561"},{"taxonomy":"product_tag","embeddable":true,"href":"https:\/\/boostgrowb.com\/es\/wp-json\/wp\/v2\/product_tag?post=31561"}],"curies":[{"name":"wp","href":"https:\/\/api.w.org\/{rel}","templated":true}]}}