{"id":31564,"date":"2024-06-29T20:46:29","date_gmt":"2024-06-29T20:46:29","guid":{"rendered":"https:\/\/boostgrowb.com\/software\/mesa-de-aire\/"},"modified":"2026-03-23T14:08:21","modified_gmt":"2026-03-23T14:08:21","slug":"mesa-de-aire","status":"publish","type":"product","link":"https:\/\/boostgrowb.com\/es\/software\/mesa-de-aire\/","title":{"rendered":"Mesa de aire"},"content":{"rendered":"\t\t<div data-elementor-type=\"product-post\" data-elementor-id=\"31564\" class=\"elementor elementor-31564 elementor-3724\" data-elementor-post-type=\"product\">\n\t\t\t\t<div class=\"elementor-element elementor-element-4acb772c e-flex e-con-boxed wpr-particle-no wpr-jarallax-no wpr-parallax-no wpr-sticky-section-no e-con e-parent\" data-id=\"4acb772c\" data-element_type=\"container\" data-e-type=\"container\">\n\t\t\t\t\t<div class=\"e-con-inner\">\n\t\t\t\t<div class=\"elementor-element elementor-element-df6f999 elementor-widget elementor-widget-heading\" data-id=\"df6f999\" data-element_type=\"widget\" data-e-type=\"widget\" data-widget_type=\"heading.default\">\n\t\t\t\t<div class=\"elementor-widget-container\">\n\t\t\t\t\t<h2 class=\"elementor-heading-title elementor-size-default\">\u00bfQu\u00e9 es Airtable?<\/h2>\t\t\t\t<\/div>\n\t\t\t\t<\/div>\n\t\t\t\t<div class=\"elementor-element elementor-element-4f03ba2 elementor-widget elementor-widget-text-editor\" data-id=\"4f03ba2\" data-element_type=\"widget\" data-e-type=\"widget\" data-widget_type=\"text-editor.default\">\n\t\t\t\t<div class=\"elementor-widget-container\">\n\t\t\t\t\t\t\t\t\t<p class=\"\" data-start=\"0\" data-end=\"515\"><strong data-start=\"0\" data-end=\"12\">Airtable<\/strong> es una revolucionaria plataforma de gesti\u00f3n de datos que combina la sencillez de una <strong data-start=\"100\" data-end=\"121\">hoja de c\u00e1lculo<\/strong> con la potencia de una <strong data-start=\"143\" data-end=\"176\" data-is-only-node=\"\">base de datos relacional<\/strong>. Permite a los usuarios centralizar, organizar y automatizar sus procesos sin necesidad de conocimientos t\u00e9cnicos. Tanto si eres una <strong data-start=\"317\" data-end=\"338\">peque\u00f1a empresa<\/strong>, un <strong data-start=\"344\" data-end=\"364\">equipo de marketing<\/strong> o un <strong data-start=\"372\" data-end=\"395\">creador de contenidos<\/strong>, Airtable simplifica la gesti\u00f3n de tus proyectos al tiempo que ofrece una flexibilidad sin igual en la organizaci\u00f3n de datos.  <\/p><p class=\"\" data-start=\"517\" data-end=\"1105\">Con <b>Airtable<\/b> puedes crear <strong data-start=\"614\" data-end=\"652\">tablas, calendarios, vistas Kanban<\/strong> y mucho m\u00e1s, para estructurar tus proyectos de forma que se adapten perfectamente a tus necesidades. La plataforma permite <strong data-start=\"777\" data-end=\"808\">la colaboraci\u00f3n en tiempo real<\/strong>, facilitando el intercambio de informaci\u00f3n y el seguimiento de las tareas. Adem\u00e1s, Airtable optimiza tu flujo de trabajo automatizando las tareas repetitivas y permiti\u00e9ndote integrarte con herramientas populares como <strong data-start=\"1021\" data-end=\"1044\">Slack, Google Drive<\/strong> y <strong data-start=\"1049\" data-end=\"1059\">Zapier<\/strong>, ahorr\u00e1ndote un tiempo valioso.  <\/p><p class=\"\" data-start=\"1107\" data-end=\"1565\"><strong>Airtable<\/strong> destaca por su <strong>facilidad de uso<\/strong> y <strong>flexibilidad<\/strong> para organizar, seguir y optimizar tus proyectos. Tanto si eres una PYME, una agencia o una start-up, Airtable te ofrece una plataforma intuitiva y potente para centralizar tus datos, automatizar tus tareas y fomentar la colaboraci\u00f3n en equipo. Con m\u00faltiples integraciones y opciones avanzadas de personalizaci\u00f3n, <strong>Airtable<\/strong> te permite crear flujos de trabajo eficientes y mejorar la productividad en toda tu organizaci\u00f3n.  <\/p>\t\t\t\t\t\t\t\t<\/div>\n\t\t\t\t<\/div>\n\t\t\t\t<div class=\"elementor-element elementor-element-ff82f46 elementor-widget elementor-widget-heading\" data-id=\"ff82f46\" data-element_type=\"widget\" data-e-type=\"widget\" data-widget_type=\"heading.default\">\n\t\t\t\t<div class=\"elementor-widget-container\">\n\t\t\t\t\t<h2 class=\"elementor-heading-title elementor-size-default\">Las 5 principales ventajas de Airtable<\/h2>\t\t\t\t<\/div>\n\t\t\t\t<\/div>\n\t\t\t\t<div class=\"elementor-element elementor-element-4027010 elementor-widget elementor-widget-text-editor\" data-id=\"4027010\" data-element_type=\"widget\" data-e-type=\"widget\" data-widget_type=\"text-editor.default\">\n\t\t\t\t<div class=\"elementor-widget-container\">\n\t\t\t\t\t\t\t\t\t<ul><li><p><b><span style=\"background-color: transparent; text-align: var(--text-align); color: var( --e-global-color-text ); letter-spacing: 0px;\">Interfaz sencilla y potente<\/span>:<\/b> <span style=\"background-color: transparent; text-align: var(--text-align); color: var( --e-global-color-text ); letter-spacing: 0px;\">Airtable combina la <\/span><span style=\"background-color: transparent; text-align: var(--text-align); color: var( --e-global-color-text ); letter-spacing: 0px;\" data-start=\"183\" data-end=\"218\">potencia de una base de datos<\/span><span style=\"background-color: transparent; text-align: var(--text-align); color: var( --e-global-color-text ); letter-spacing: 0px;\"> con la <\/span><strong style=\"background-color: transparent; text-align: var(--text-align); color: var( --e-global-color-text ); letter-spacing: 0px;\" data-start=\"227\" data-end=\"265\">sencillez de una hoja de c\u00e1lculo<\/strong><span style=\"background-color: transparent; text-align: var(--text-align); color: var( --e-global-color-text ); letter-spacing: 0px;\">. Crea  <\/span><span style=\"background-color: transparent; text-align: var(--text-align); color: var( --e-global-color-text ); letter-spacing: 0px;\" data-start=\"277\" data-end=\"318\">tablas, calendarios y vistas Kanban<\/span><span style=\"background-color: transparent; text-align: var(--text-align); color: var( --e-global-color-text ); letter-spacing: 0px;\"> en unos pocos clics, para una gesti\u00f3n de proyectos ultravisual e intuitiva.<\/span><\/p><\/li><li><p><b><span style=\"background-color: transparent; text-align: var(--text-align); color: var( --e-global-color-text ); letter-spacing: 0px;\">Vistas personalizadas y flexibles<\/span>:<\/b> <span style=\"background-color: transparent; text-align: var(--text-align); color: var( --e-global-color-text ); letter-spacing: 0px;\">Personaliza tus <\/span><strong style=\"background-color: transparent; text-align: var(--text-align); color: var( --e-global-color-text ); letter-spacing: 0px;\" data-start=\"459\" data-end=\"478\">vistas de datos<\/strong><span style=\"background-color: transparent; text-align: var(--text-align); color: var( --e-global-color-text ); letter-spacing: 0px;\">  para cada proyecto, equipo o cliente. Ordena, filtra y organiza tu informaci\u00f3n con facilidad.   <\/span><span style=\"background-color: transparent; text-align: var(--text-align); color: var( --e-global-color-text ); letter-spacing: 0px;\" data-start=\"572\" data-end=\"594\">flexibilidad total<\/span><span style=\"background-color: transparent; text-align: var(--text-align); color: var( --e-global-color-text ); letter-spacing: 0px;\">. Airtable se adapta a tus necesidades espec\u00edficas, ofreciendo  <\/span><span style=\"background-color: transparent; text-align: var(--text-align); color: var( --e-global-color-text ); letter-spacing: 0px;\" data-start=\"653\" data-end=\"674\">bloques interactivos<\/span><span style=\"background-color: transparent; text-align: var(--text-align); color: var( --e-global-color-text ); letter-spacing: 0px;\"> para una gesti\u00f3n \u00e1gil.<\/span><\/p><\/li><li><p><b><span style=\"background-color: transparent; text-align: var(--text-align); color: var( --e-global-color-text ); letter-spacing: 0px;\">Automatizaci\u00f3n de Tareas<\/span> Repetitivas :<\/b> <span style=\"background-color: transparent; text-align: var(--text-align); color: var( --e-global-color-text ); letter-spacing: 0px;\">Automatiza tus tareas repetitivas para <\/span><strong style=\"background-color: transparent; text-align: var(--text-align); color: var( --e-global-color-text ); letter-spacing: 0px;\" data-start=\"1029\" data-end=\"1048\">ahorrar tiempo<\/strong><span style=\"background-color: transparent; text-align: var(--text-align); color: var( --e-global-color-text ); letter-spacing: 0px;\">  y reducir los errores. Desde actualizar estados hasta enviar correos electr\u00f3nicos, Airtable te permite gestionar sin esfuerzo las acciones rutinarias y   <\/span><span style=\"background-color: transparent; text-align: var(--text-align); color: var( --e-global-color-text ); letter-spacing: 0px;\" data-start=\"1192\" data-end=\"1225\">c\u00e9ntrate en lo esencial<\/span><span style=\"background-color: transparent; text-align: var(--text-align); color: var( --e-global-color-text ); letter-spacing: 0px;\">.<\/span><\/p><\/li><li><p><strong>Integraciones potentes y ampliables<\/strong><span style=\"background-color: transparent; text-align: var(--text-align); color: var( --e-global-color-text ); letter-spacing: 0px;\">: conecta Airtable a <\/span><strong style=\"background-color: transparent; text-align: var(--text-align); color: var( --e-global-color-text ); letter-spacing: 0px;\" data-start=\"1286\" data-end=\"1295\">Slack<\/strong><span style=\"background-color: transparent; text-align: var(--text-align); color: var( --e-global-color-text ); letter-spacing: 0px;\">, <\/span><strong style=\"background-color: transparent; text-align: var(--text-align); color: var( --e-global-color-text ); letter-spacing: 0px;\" data-start=\"1297\" data-end=\"1313\">Google Drive<\/strong><span style=\"background-color: transparent; text-align: var(--text-align); color: var( --e-global-color-text ); letter-spacing: 0px;\">, <\/span><strong style=\"background-color: transparent; text-align: var(--text-align); color: var( --e-global-color-text ); letter-spacing: 0px;\" data-start=\"1315\" data-end=\"1325\">Zapier<\/strong>, etc .<span style=\"background-color: transparent; text-align: var(--text-align); color: var( --e-global-color-text ); letter-spacing: 0px;\">  y mucho m\u00e1s. Simplifica tus procesos con   <\/span><span style=\"background-color: transparent; text-align: var(--text-align); color: var( --e-global-color-text ); letter-spacing: 0px;\" data-start=\"1376\" data-end=\"1406\">integraciones sin fisuras<\/span><span style=\"background-color: transparent; text-align: var(--text-align); color: var( --e-global-color-text ); letter-spacing: 0px;\"> que te permiten trabajar sin salir de la plataforma.<\/span><\/p><\/li><li><p><b><span style=\"background-color: transparent; text-align: var(--text-align); color: var( --e-global-color-text ); letter-spacing: 0px;\">Colaboraci\u00f3n instant\u00e1nea<\/span>:<\/b> <span style=\"background-color: transparent; text-align: var(--text-align); color: var( --e-global-color-text ); letter-spacing: 0px;\">Colabora en tiempo real con tus equipos, comparte bases de datos, asigna tareas y comenta directamente los proyectos. Airtable garantiza   <\/span><strong style=\"background-color: transparent; text-align: var(--text-align); color: var( --e-global-color-text ); letter-spacing: 0px;\" data-start=\"885\" data-end=\"908\">productividad fluida<\/strong><span style=\"background-color: transparent; text-align: var(--text-align); color: var( --e-global-color-text ); letter-spacing: 0px;\">incluso con equipos remotos.<\/span><\/p><\/li><\/ul>\t\t\t\t\t\t\t\t<\/div>\n\t\t\t\t<\/div>\n\t\t\t\t<div class=\"elementor-element elementor-element-9fbcc98 elementor-widget elementor-widget-heading\" data-id=\"9fbcc98\" data-element_type=\"widget\" data-e-type=\"widget\" data-widget_type=\"heading.default\">\n\t\t\t\t<div class=\"elementor-widget-container\">\n\t\t\t\t\t<h2 class=\"elementor-heading-title elementor-size-default\">\u00bfPara qui\u00e9n es Airtable?<\/h2>\t\t\t\t<\/div>\n\t\t\t\t<\/div>\n\t\t\t\t<div class=\"elementor-element elementor-element-39132a1 elementor-widget elementor-widget-text-editor\" data-id=\"39132a1\" data-element_type=\"widget\" data-e-type=\"widget\" data-widget_type=\"text-editor.default\">\n\t\t\t\t<div class=\"elementor-widget-container\">\n\t\t\t\t\t\t\t\t\t<p class=\"\" data-start=\"0\" data-end=\"555\"><strong data-start=\"0\" data-end=\"12\">Airtable<\/strong> se dirige a una amplia gama de usuarios, desde <strong data-start=\"68\" data-end=\"75\" data-is-only-node=\"\">PYMES<\/strong> a <strong data-start=\"80\" data-end=\"103\">grandes empresas<\/strong>, pasando por <strong data-start=\"124\" data-end=\"136\">empresas de nueva creaci\u00f3n<\/strong>, <strong data-start=\"142\" data-end=\"163\">equipos de marketing<\/strong> y <strong data-start=\"172\" data-end=\"191\">gestores de proyectos<\/strong>. Es ideal para quienes buscan <strong data-start=\"232\" data-end=\"261\">centralizar sus datos<\/strong>, automatizar tareas repetitivas y mejorar la <strong data-start=\"314\" data-end=\"331\">colaboraci\u00f3n<\/strong> dentro de sus equipos. Tanto si gestionas <strong data-start=\"385\" data-end=\"396\">proyectos<\/strong>, haces un seguimiento <strong data-start=\"409\" data-end=\"425\">del rendimiento<\/strong> o planificas <strong data-start=\"444\" data-end=\"467\">campa\u00f1as de marketing<\/strong>, Airtable te ayuda a <strong data-start=\"488\" data-end=\"502\">simplificar<\/strong> estos procesos en una \u00fanica herramienta flexible y potente.  <\/p>\t\t\t\t\t\t\t\t<\/div>\n\t\t\t\t<\/div>\n\t\t\t\t\t<\/div>\n\t\t\t\t<\/div>\n\t\t\t\t<\/div>\n\t\t","protected":false},"excerpt":{"rendered":"<p>Airtable es una plataforma flexible de gesti\u00f3n de datos y colaboraci\u00f3n que combina la funcionalidad de una base de datos con la sencillez de una hoja de c\u00e1lculo. Dise\u00f1ada para ser accesible a todo el mundo, permite a los usuarios crear, organizar y compartir informaci\u00f3n de forma intuitiva. <\/p>\n<ul>\n<li>Colaboraci\u00f3n en tiempo real<\/li>\n<li>Gesti\u00f3n del flujo de trabajo<\/li>\n<li>Flexibilidad y personalizaci\u00f3n<\/li>\n<li>F\u00e1cil de usar<\/li>\n<\/ul>\n","protected":false},"featured_media":31574,"comment_status":"open","ping_status":"closed","template":"","meta":{"_acf_changed":false,"_glsr_average":0,"_glsr_ranking":0,"_glsr_reviews":0},"product_brand":[],"product_cat":[4228,5279,5121],"product_tag":[],"class_list":{"0":"post-31564","1":"product","2":"type-product","3":"status-publish","4":"has-post-thumbnail","6":"product_cat-gestion-de-proyectos","7":"product_cat-sin-codigo-codigo-bajo","8":"product_cat-software-sin-codigo","10":"first","11":"instock","12":"shipping-taxable","13":"product-type-external"},"acf":[],"_links":{"self":[{"href":"https:\/\/boostgrowb.com\/es\/wp-json\/wp\/v2\/product\/31564","targetHints":{"allow":["GET"]}}],"collection":[{"href":"https:\/\/boostgrowb.com\/es\/wp-json\/wp\/v2\/product"}],"about":[{"href":"https:\/\/boostgrowb.com\/es\/wp-json\/wp\/v2\/types\/product"}],"replies":[{"embeddable":true,"href":"https:\/\/boostgrowb.com\/es\/wp-json\/wp\/v2\/comments?post=31564"}],"version-history":[{"count":0,"href":"https:\/\/boostgrowb.com\/es\/wp-json\/wp\/v2\/product\/31564\/revisions"}],"wp:featuredmedia":[{"embeddable":true,"href":"https:\/\/boostgrowb.com\/es\/wp-json\/wp\/v2\/media\/31574"}],"wp:attachment":[{"href":"https:\/\/boostgrowb.com\/es\/wp-json\/wp\/v2\/media?parent=31564"}],"wp:term":[{"taxonomy":"product_brand","embeddable":true,"href":"https:\/\/boostgrowb.com\/es\/wp-json\/wp\/v2\/product_brand?post=31564"},{"taxonomy":"product_cat","embeddable":true,"href":"https:\/\/boostgrowb.com\/es\/wp-json\/wp\/v2\/product_cat?post=31564"},{"taxonomy":"product_tag","embeddable":true,"href":"https:\/\/boostgrowb.com\/es\/wp-json\/wp\/v2\/product_tag?post=31564"}],"curies":[{"name":"wp","href":"https:\/\/api.w.org\/{rel}","templated":true}]}}