{"id":31580,"date":"2024-06-11T16:11:17","date_gmt":"2024-06-11T16:11:17","guid":{"rendered":"https:\/\/boostgrowb.com\/software\/pipedrive\/"},"modified":"2026-02-15T14:03:39","modified_gmt":"2026-02-15T14:03:39","slug":"pipedrive","status":"publish","type":"product","link":"https:\/\/boostgrowb.com\/es\/software\/pipedrive\/","title":{"rendered":"Pipedrive"},"content":{"rendered":"\t\t<div data-elementor-type=\"product-post\" data-elementor-id=\"31580\" class=\"elementor elementor-31580 elementor-1645\" data-elementor-post-type=\"product\">\n\t\t\t\t<div class=\"elementor-element elementor-element-5164d91 e-flex e-con-boxed wpr-particle-no wpr-jarallax-no wpr-parallax-no wpr-sticky-section-no e-con e-parent\" data-id=\"5164d91\" data-element_type=\"container\" data-e-type=\"container\">\n\t\t\t\t\t<div class=\"e-con-inner\">\n\t\t\t\t<div class=\"elementor-element elementor-element-3c0b94b elementor-widget elementor-widget-heading\" data-id=\"3c0b94b\" data-element_type=\"widget\" data-e-type=\"widget\" data-widget_type=\"heading.default\">\n\t\t\t\t<div class=\"elementor-widget-container\">\n\t\t\t\t\t<h2 class=\"elementor-heading-title elementor-size-default\">\u00bfQu\u00e9 es Pipedrive?<\/h2>\t\t\t\t<\/div>\n\t\t\t\t<\/div>\n\t\t\t\t\t<\/div>\n\t\t\t\t<\/div>\n\t\t<div class=\"elementor-element elementor-element-b427f91 e-flex e-con-boxed wpr-particle-no wpr-jarallax-no wpr-parallax-no wpr-sticky-section-no e-con e-parent\" data-id=\"b427f91\" data-element_type=\"container\" data-e-type=\"container\">\n\t\t\t\t\t<div class=\"e-con-inner\">\n\t\t\t\t<div class=\"elementor-element elementor-element-6496c2e elementor-widget elementor-widget-text-editor\" data-id=\"6496c2e\" data-element_type=\"widget\" data-e-type=\"widget\" data-widget_type=\"text-editor.default\">\n\t\t\t\t<div class=\"elementor-widget-container\">\n\t\t\t\t\t\t\t\t\t<p class=\"\" data-start=\"0\" data-end=\"511\">Pipedrive es un <strong data-start=\"17\" data-end=\"35\">CRM comercial<\/strong> dise\u00f1ado para los equipos de ventas que desean <strong data-start=\"79\" data-end=\"119\">optimizar su gesti\u00f3n de clientes potenciales<\/strong> y mejorar su tasa de conversi\u00f3n. Gracias a su interfaz intuitiva y visual, este software permite centralizar toda la informaci\u00f3n de los clientes, <strong data-start=\"273\" data-end=\"302\">realizar un seguimiento de cada interacci\u00f3n<\/strong> y simplificar el <strong data-start=\"323\" data-end=\"345\">proceso de ventas<\/strong>. Su <strong data-start=\"351\" data-end=\"388\">pipeline de ventas personalizable<\/strong> proporciona una visi\u00f3n clara del progreso de las oportunidades, lo que facilita la toma de decisiones y la <strong data-start=\"479\" data-end=\"508\">optimizaci\u00f3n de las ventas<\/strong>.  <\/p><p class=\"\" data-start=\"513\" data-end=\"1125\">Este CRM destaca por sus funciones avanzadas que impulsan <strong data-start=\"582\" data-end=\"610\">la productividad de las ventas<\/strong>. Con un sistema de <strong data-start=\"631\" data-end=\"652\">seguimiento por correo electr\u00f3nico<\/strong>, recordatorios autom\u00e1ticos y <strong data-start=\"686\" data-end=\"724\">tareas de ventas automatizadas<\/strong>, Pipedrive permite al personal de ventas centrarse en cerrar acuerdos en lugar de en la gesti\u00f3n administrativa. Su perfecta integraci\u00f3n con herramientas como Google Workspace, Slack y Zapier mejora a\u00fan m\u00e1s la eficiencia del equipo. Adem\u00e1s, su m\u00f3dulo de <strong data-start=\"992\" data-end=\"1035\">informes y an\u00e1lisis de rendimiento<\/strong> ayuda a los gestores a perfeccionar su estrategia y maximizar el retorno de la inversi\u00f3n.   <\/p><p class=\"\" data-start=\"1127\" data-end=\"1578\">Al adoptar Pipedrive, las empresas se benefician de una potente herramienta para <strong data-start=\"1203\" data-end=\"1237\">estructurar su fuerza de ventas<\/strong> y aumentar el volumen de negocio. Su enfoque orientado a la acci\u00f3n y a los resultados significa que <strong data-start=\"1334\" data-end=\"1378\">cada oportunidad puede convertirse en un \u00e9xito<\/strong>. Tanto si eres una start-up de r\u00e1pido crecimiento como una empresa consolidada, Pipedrive puede ayudarte a <strong data-start=\"1477\" data-end=\"1577\">ser m\u00e1s eficiente, automatizar tus procesos de ventas y desarrollar ventas sostenibles<\/strong>.  <\/p>\t\t\t\t\t\t\t\t<\/div>\n\t\t\t\t<\/div>\n\t\t\t\t<div class=\"elementor-element elementor-element-10236e0 elementor-widget elementor-widget-heading\" data-id=\"10236e0\" data-element_type=\"widget\" data-e-type=\"widget\" data-widget_type=\"heading.default\">\n\t\t\t\t<div class=\"elementor-widget-container\">\n\t\t\t\t\t<h2 class=\"elementor-heading-title elementor-size-default\">Las 5 principales ventajas de Pipedrive<\/h2>\t\t\t\t<\/div>\n\t\t\t\t<\/div>\n\t\t\t\t<div class=\"elementor-element elementor-element-741c726 elementor-widget elementor-widget-text-editor\" data-id=\"741c726\" data-element_type=\"widget\" data-e-type=\"widget\" data-widget_type=\"text-editor.default\">\n\t\t\t\t<div class=\"elementor-widget-container\">\n\t\t\t\t\t\t\t\t\t<ul><li data-start=\"97\" data-end=\"401\"><strong data-start=\"97\" data-end=\"142\">Gesti\u00f3n simplificada del pipeline de ventas<\/strong>: Pipedrive ofrece una visi\u00f3n clara y personalizable de tus pipelines de ventas, permiti\u00e9ndote seguir f\u00e1cilmente el progreso de los clientes potenciales y de cada transacci\u00f3n. Esto proporciona una visi\u00f3n general en tiempo real para una gesti\u00f3n \u00f3ptima de las oportunidades. <\/li><\/ul><div> <\/div><ul><li data-start=\"406\" data-end=\"723\"><strong data-start=\"406\" data-end=\"447\">Automatizaci\u00f3n de tareas repetitivas<\/strong>: Gracias a la automatizaci\u00f3n de procesos, Pipedrive te ayuda a reducir las tareas administrativas automatizando acciones como el env\u00edo de correos electr\u00f3nicos, recordatorios y actualizaciones de estado, lo que permite a tu equipo de ventas centrarse en lo que realmente importa.<\/li><\/ul><div> <\/div><ul><li data-start=\"728\" data-end=\"1013\"><strong data-start=\"728\" data-end=\"770\">Interfaz intuitiva y personal<\/strong> izable: Pipedrive destaca por su interfaz sencilla, visual y personalizable. Incluso los usuarios sin conocimientos t\u00e9cnicos pueden adaptarse r\u00e1pidamente, por lo que es accesible a todos los miembros del equipo sin una curva de aprendizaje compleja. <\/li><\/ul><div> <\/div><ul><li data-start=\"1018\" data-end=\"1317\"><strong data-start=\"1018\" data-end=\"1066\">Supervisi\u00f3n del rendimiento e informes detallados<\/strong>: Pipedrive ofrece potentes herramientas de informes y paneles para supervisar el rendimiento de tu equipo de ventas en tiempo real. Esto permite a los gestores tomar decisiones informadas para optimizar las estrategias de ventas. <\/li><\/ul><div> <\/div><ul><li data-start=\"1322\" data-end=\"1625\"><strong data-start=\"1322\" data-end=\"1377\">Integraci\u00f3n con una amplia gama de aplicaciones de terceros<\/strong>: Pipedrive se integra f\u00e1cilmente con un gran n\u00famero de aplicaciones populares, como Google Apps, Slack, Trello y muchas otras, para ofrecer una experiencia de usuario fluida y centralizar toda la informaci\u00f3n empresarial en un solo lugar.<\/li><\/ul>\t\t\t\t\t\t\t\t<\/div>\n\t\t\t\t<\/div>\n\t\t\t\t<div class=\"elementor-element elementor-element-512290f elementor-widget elementor-widget-heading\" data-id=\"512290f\" data-element_type=\"widget\" data-e-type=\"widget\" data-widget_type=\"heading.default\">\n\t\t\t\t<div class=\"elementor-widget-container\">\n\t\t\t\t\t<h2 class=\"elementor-heading-title elementor-size-default\">\u00bfCu\u00e1les son las ventajas de utilizar Pipedrive?<\/h2>\t\t\t\t<\/div>\n\t\t\t\t<\/div>\n\t\t\t\t<div class=\"elementor-element elementor-element-45c9665 elementor-widget elementor-widget-text-editor\" data-id=\"45c9665\" data-element_type=\"widget\" data-e-type=\"widget\" data-widget_type=\"text-editor.default\">\n\t\t\t\t<div class=\"elementor-widget-container\">\n\t\t\t\t\t\t\t\t\t<ul><li data-start=\"200\" data-end=\"573\"><strong data-start=\"200\" data-end=\"244\">Gesti\u00f3n de oportunidades mejorada<\/strong>: Pipedrive ofrece una gesti\u00f3n intuitiva y visual de los pipelines de ventas, lo que permite a los equipos de ventas seguir f\u00e1cilmente el progreso de cada oportunidad. Esto ayuda a garantizar que no se pierda ninguna oportunidad y que se mantenga una visi\u00f3n clara de todas las etapas del proceso de ventas. <\/li><\/ul><div> <\/div><ul><li><strong>Mayor rendimiento de las ventas<\/strong>: las funciones de automatizaci\u00f3n y los <strong>recordatorios inteligentes<\/strong> de Pipedrive garantizan que nada se pierda. Te garantizas el <strong>seguimiento de cada cliente potencial<\/strong>, aumentando tus posibilidades de conversi\u00f3n. <\/li><\/ul><div> <\/div><ul><li><strong>Facilidad de uso<\/strong>: A diferencia de otros CRM m\u00e1s complejos, Pipedrive est\u00e1 dise\u00f1ado para ser <strong>f\u00e1cil de usar<\/strong>. Su interfaz clara y sus funciones intuitivas hacen que tus equipos puedan <strong>familiarizarse con la herramienta r\u00e1pidamente<\/strong>, sin necesidad de una formaci\u00f3n exhaustiva. <\/li><\/ul><div> <\/div><ul><li><strong style=\"background-color: transparent; text-align: var(--text-align); color: var( --e-global-color-text ); letter-spacing: 0px;\" data-start=\"1550\" data-end=\"1599\">Colaboraci\u00f3n fluida y gesti\u00f3n centralizada<\/strong><span style=\"background-color: transparent; text-align: var(--text-align); color: var( --e-global-color-text ); letter-spacing: 0px;\">  Pipedrive: Pipedrive permite a los equipos colaborar f\u00e1cilmente centralizando toda la informaci\u00f3n relativa a clientes potenciales y clientes. Las comunicaciones internas, los documentos y las tareas son accesibles para todos los miembros del equipo, lo que mejora la colaboraci\u00f3n y la transparencia. <\/span><\/li><\/ul><div> <\/div><ul><li><strong>Adaptado a los equipos de ventas<\/strong>: Pipedrive fue desarrollado por vendedores para vendedores. Cada funci\u00f3n est\u00e1 dise\u00f1ada para <strong>satisfacer las necesidades espec\u00edficas de los equipos de ventas<\/strong>, lo que convierte a Pipedrive en uno de los CRM m\u00e1s populares para <strong>gestionar clientes potenciales<\/strong> y <strong>oportunidades de venta<\/strong>. <\/li><\/ul>\t\t\t\t\t\t\t\t<\/div>\n\t\t\t\t<\/div>\n\t\t\t\t\t<\/div>\n\t\t\t\t<\/div>\n\t\t<div class=\"elementor-element elementor-element-c4d79e0 e-flex e-con-boxed wpr-particle-no wpr-jarallax-no wpr-parallax-no wpr-sticky-section-no e-con e-parent\" data-id=\"c4d79e0\" data-element_type=\"container\" data-e-type=\"container\">\n\t\t\t\t\t<div class=\"e-con-inner\">\n\t\t\t\t<div class=\"elementor-element elementor-element-3728196 elementor-widget elementor-widget-heading\" data-id=\"3728196\" data-element_type=\"widget\" data-e-type=\"widget\" data-widget_type=\"heading.default\">\n\t\t\t\t<div class=\"elementor-widget-container\">\n\t\t\t\t\t<h2 class=\"elementor-heading-title elementor-size-default\">Conclusi\u00f3n<\/h2>\t\t\t\t<\/div>\n\t\t\t\t<\/div>\n\t\t\t\t\t<\/div>\n\t\t\t\t<\/div>\n\t\t<div class=\"elementor-element elementor-element-852e532 e-flex e-con-boxed wpr-particle-no wpr-jarallax-no wpr-parallax-no wpr-sticky-section-no e-con e-parent\" data-id=\"852e532\" data-element_type=\"container\" data-e-type=\"container\">\n\t\t\t\t\t<div class=\"e-con-inner\">\n\t\t\t\t<div class=\"elementor-element elementor-element-9ce4649 elementor-widget elementor-widget-text-editor\" data-id=\"9ce4649\" data-element_type=\"widget\" data-e-type=\"widget\" data-widget_type=\"text-editor.default\">\n\t\t\t\t<div class=\"elementor-widget-container\">\n\t\t\t\t\t\t\t\t\t<p><strong>Pipedrive<\/strong> es mucho m\u00e1s que un CRM. Es una herramienta dise\u00f1ada para <strong>simplificar y optimizar el proceso de ventas<\/strong> proporcionando una visi\u00f3n clara y visual de cada oportunidad. Tanto si tienes una peque\u00f1a empresa, una start-up o un gran equipo de ventas, Pipedrive te permite <strong>aumentar la eficiencia<\/strong>, automatizar tareas e <strong>impulsar el rendimiento de las ventas<\/strong>. Si buscas una herramienta potente pero f\u00e1cil de usar para mejorar tu gesti\u00f3n de ventas y convertir clientes potenciales en clientes, <strong>Pipedrive<\/strong> es la soluci\u00f3n ideal.   <\/p>\t\t\t\t\t\t\t\t<\/div>\n\t\t\t\t<\/div>\n\t\t\t\t\t<\/div>\n\t\t\t\t<\/div>\n\t\t\t\t<\/div>\n\t\t","protected":false},"excerpt":{"rendered":"<p>Impulsa tus ventas con Pipedrive, el CRM todo en uno dise\u00f1ado para maximizar el rendimiento de los equipos de ventas y apoyar el crecimiento de las pymes mediante la gesti\u00f3n intuitiva de clientes potenciales, pipeline y tareas.<\/p>\n<ul>\n<li>Gesti\u00f3n eficaz de la cartera de ventas<\/li>\n<li>Automatizaci\u00f3n de tareas repetitivas<\/li>\n<li>Personalizaci\u00f3n y flexibilidad<\/li>\n<li>CRM todo en uno<\/li>\n<\/ul>\n","protected":false},"featured_media":30471,"comment_status":"open","ping_status":"closed","template":"","meta":{"_acf_changed":false,"_glsr_average":0,"_glsr_ranking":0,"_glsr_reviews":0},"product_brand":[],"product_cat":[4296,4228],"product_tag":[],"class_list":{"0":"post-31580","1":"product","2":"type-product","3":"status-publish","4":"has-post-thumbnail","6":"product_cat-automatizacion-del-marketing","7":"product_cat-gestion-de-proyectos","9":"first","10":"instock","11":"shipping-taxable","12":"product-type-external"},"acf":[],"_links":{"self":[{"href":"https:\/\/boostgrowb.com\/es\/wp-json\/wp\/v2\/product\/31580","targetHints":{"allow":["GET"]}}],"collection":[{"href":"https:\/\/boostgrowb.com\/es\/wp-json\/wp\/v2\/product"}],"about":[{"href":"https:\/\/boostgrowb.com\/es\/wp-json\/wp\/v2\/types\/product"}],"replies":[{"embeddable":true,"href":"https:\/\/boostgrowb.com\/es\/wp-json\/wp\/v2\/comments?post=31580"}],"version-history":[{"count":0,"href":"https:\/\/boostgrowb.com\/es\/wp-json\/wp\/v2\/product\/31580\/revisions"}],"wp:featuredmedia":[{"embeddable":true,"href":"https:\/\/boostgrowb.com\/es\/wp-json\/wp\/v2\/media\/30471"}],"wp:attachment":[{"href":"https:\/\/boostgrowb.com\/es\/wp-json\/wp\/v2\/media?parent=31580"}],"wp:term":[{"taxonomy":"product_brand","embeddable":true,"href":"https:\/\/boostgrowb.com\/es\/wp-json\/wp\/v2\/product_brand?post=31580"},{"taxonomy":"product_cat","embeddable":true,"href":"https:\/\/boostgrowb.com\/es\/wp-json\/wp\/v2\/product_cat?post=31580"},{"taxonomy":"product_tag","embeddable":true,"href":"https:\/\/boostgrowb.com\/es\/wp-json\/wp\/v2\/product_tag?post=31580"}],"curies":[{"name":"wp","href":"https:\/\/api.w.org\/{rel}","templated":true}]}}