{"id":31589,"date":"2024-06-11T08:53:18","date_gmt":"2024-06-11T08:53:18","guid":{"rendered":"https:\/\/boostgrowb.com\/software\/xero\/"},"modified":"2026-04-26T14:03:45","modified_gmt":"2026-04-26T14:03:45","slug":"xero","status":"publish","type":"product","link":"https:\/\/boostgrowb.com\/es\/software\/xero\/","title":{"rendered":"Xero"},"content":{"rendered":"\t\t<div data-elementor-type=\"product-post\" data-elementor-id=\"31589\" class=\"elementor elementor-31589 elementor-1500\" data-elementor-post-type=\"product\">\n\t\t\t\t<div class=\"elementor-element elementor-element-b03e331 e-flex e-con-boxed wpr-particle-no wpr-jarallax-no wpr-parallax-no wpr-sticky-section-no e-con e-parent\" data-id=\"b03e331\" data-element_type=\"container\" data-e-type=\"container\">\n\t\t\t\t\t<div class=\"e-con-inner\">\n\t\t\t\t<div class=\"elementor-element elementor-element-827341a elementor-widget elementor-widget-heading\" data-id=\"827341a\" data-element_type=\"widget\" data-e-type=\"widget\" data-widget_type=\"heading.default\">\n\t\t\t\t<div class=\"elementor-widget-container\">\n\t\t\t\t\t<h2 class=\"elementor-heading-title elementor-size-default\">\u00bfQu\u00e9 es Xero?<\/h2>\t\t\t\t<\/div>\n\t\t\t\t<\/div>\n\t\t\t\t\t<\/div>\n\t\t\t\t<\/div>\n\t\t<div class=\"elementor-element elementor-element-edb0664 e-flex e-con-boxed wpr-particle-no wpr-jarallax-no wpr-parallax-no wpr-sticky-section-no e-con e-parent\" data-id=\"edb0664\" data-element_type=\"container\" data-e-type=\"container\">\n\t\t\t\t\t<div class=\"e-con-inner\">\n\t\t\t\t<div class=\"elementor-element elementor-element-b12e48a elementor-widget elementor-widget-text-editor\" data-id=\"b12e48a\" data-element_type=\"widget\" data-e-type=\"widget\" data-widget_type=\"text-editor.default\">\n\t\t\t\t<div class=\"elementor-widget-container\">\n\t\t\t\t\t\t\t\t\t<p data-pm-slice=\"1 1 []\"><strong>Xero<\/strong> es un software de contabilidad online dise\u00f1ado para <strong>peque\u00f1as y medianas empresas (PYMES<\/strong> ) y <strong>aut\u00f3nomos<\/strong>. Desde su creaci\u00f3n, Xero ha revolucionado la gesti\u00f3n financiera de las empresas ofreciendo una <strong>soluci\u00f3n en la nube intuitiva y accesible<\/strong> que facilita el d\u00eda a d\u00eda de los empresarios. Con Xero, puedes <strong>gestionar tus cuentas, hacer un seguimiento de tus ingresos y gastos, colaborar con tu contable<\/strong> y mucho m\u00e1s. Tanto si eres aut\u00f3nomo como propietario de una peque\u00f1a empresa, Xero est\u00e1 aqu\u00ed para ayudarte a estar al tanto de tus finanzas, <strong>de forma f\u00e1cil y eficaz<\/strong>.   <\/p><p data-pm-slice=\"1 1 []\"><strong>Xero<\/strong> destaca por su <strong>facilidad de uso y su enfoque centrado en el usuario<\/strong>. A diferencia del software de contabilidad tradicional, que suele ser engorroso y complejo, Xero est\u00e1 dise\u00f1ado para <strong>facilitar la vida a los empresarios<\/strong>. Con Xero, todas las tareas contables, desde la gesti\u00f3n de facturas hasta el seguimiento de los pagos, resultan <strong>sencillas y automatizadas<\/strong>. Este enfoque permite a los usuarios <strong>ahorrar tiempo<\/strong>, mantenerse organizados y <strong>tomar decisiones financieras m\u00e1s informadas<\/strong>.   <\/p><p>Cuando eliges Xero, est\u00e1s eligiendo una soluci\u00f3n que te ayuda a <strong>automatizar tus tareas diarias<\/strong>, a mantenerte organizado y a tener una <strong>visi\u00f3n clara de la salud financiera<\/strong> de tu negocio. Xero es m\u00e1s que un software, es un verdadero <strong>socio de gesti\u00f3n<\/strong> que te apoya en cada etapa de tu crecimiento y te ayuda a <strong>desarrollar tu negocio con confianza<\/strong>. <\/p>\t\t\t\t\t\t\t\t<\/div>\n\t\t\t\t<\/div>\n\t\t\t\t<div class=\"elementor-element elementor-element-046383c elementor-widget elementor-widget-heading\" data-id=\"046383c\" data-element_type=\"widget\" data-e-type=\"widget\" data-widget_type=\"heading.default\">\n\t\t\t\t<div class=\"elementor-widget-container\">\n\t\t\t\t\t<h2 class=\"elementor-heading-title elementor-size-default\">\u00bfCu\u00e1les son las principales caracter\u00edsticas de Xero?<\/h2>\t\t\t\t<\/div>\n\t\t\t\t<\/div>\n\t\t\t\t<div class=\"elementor-element elementor-element-bc394b5 elementor-widget elementor-widget-text-editor\" data-id=\"bc394b5\" data-element_type=\"widget\" data-e-type=\"widget\" data-widget_type=\"text-editor.default\">\n\t\t\t\t<div class=\"elementor-widget-container\">\n\t\t\t\t\t\t\t\t\t<ol start=\"1\" data-spread=\"true\" data-pm-slice=\"3 1 []\"><li><p><strong>Gesti\u00f3n de facturas: facilita tus transacciones<\/strong> Con Xero, crear y enviar <strong>facturas personalizadas<\/strong> es un juego de ni\u00f1os. Puedes controlar el estado de cada factura en tiempo real, saber qui\u00e9n te debe dinero y gestionar los pagos de forma \u00f3ptima. Esta funci\u00f3n est\u00e1 dise\u00f1ada para <strong>mejorar tu flujo de caja<\/strong> reduciendo los plazos de pago y garantizando <strong>un seguimiento riguroso<\/strong>.  <\/p><\/li><li><p><strong>Seguimiento de gastos: mant\u00e9n el control de tu presupuesto<\/strong> Xero te permite <strong>seguir y clasificar autom\u00e1ticamente tus gastos<\/strong>. Al conectar tus cuentas bancarias, puedes importar directamente tus transacciones, lo que te proporciona un mayor <strong>control sobre tu flujo de caja<\/strong>. Con una <strong>visi\u00f3n clara y organizada de tus finanzas<\/strong>, puedes evitar sorpresas desagradables y anticiparte a las necesidades financieras de tu empresa.  <\/p><\/li><li><p><strong>Conciliaci\u00f3n bancaria automatizada: mejora la precisi\u00f3n y la eficacia<\/strong> <strong>La conciliaci\u00f3n<\/strong> bancaria con Xero es r\u00e1pida y sencilla. Xero coteja autom\u00e1ticamente tus transacciones bancarias con tus asientos contables, lo que <strong>te ahorra tiempo<\/strong> y garantiza que tus cuentas sean precisas <strong>y est\u00e9n actualizadas<\/strong>. Esto no s\u00f3lo reduce el estr\u00e9s asociado a los errores, sino que tambi\u00e9n garantiza una mejor visibilidad financiera.  <\/p><\/li><li><p><strong>Gesti\u00f3n de n\u00f3minas: simplifica la gesti\u00f3n de tu equipo<\/strong> Con Xero, <strong>la gesti\u00f3n de n\u00f3minas<\/strong> es un juego de ni\u00f1os. Calcula salarios, env\u00eda declaraciones de n\u00f3minas y cumple la normativa local, todo desde una interfaz simplificada. Ideal para empresas que buscan <strong>gestionar su equipo sin complicaciones administrativas<\/strong>, Xero te ayuda a ahorrar un tiempo valioso.  <\/p><\/li><li><p><strong>Informes financieros: toma decisiones informadas<\/strong> Xero te proporciona <strong>informes financieros detallados y personalizables<\/strong> para analizar la salud financiera de tu empresa. Tanto si necesitas balances, informes de flujo de caja o cuentas de resultados, Xero te proporciona todas las herramientas que necesitas para <strong>tomar decisiones estrat\u00e9gicas basadas en datos fiables<\/strong>. <\/p><\/li><\/ol>\t\t\t\t\t\t\t\t<\/div>\n\t\t\t\t<\/div>\n\t\t\t\t<div class=\"elementor-element elementor-element-00f877b elementor-widget elementor-widget-heading\" data-id=\"00f877b\" data-element_type=\"widget\" data-e-type=\"widget\" data-widget_type=\"heading.default\">\n\t\t\t\t<div class=\"elementor-widget-container\">\n\t\t\t\t\t<h2 class=\"elementor-heading-title elementor-size-default\">\u00bfCu\u00e1les son las ventajas de utilizar Xero?<\/h2>\t\t\t\t<\/div>\n\t\t\t\t<\/div>\n\t\t\t\t<div class=\"elementor-element elementor-element-c24cf37 elementor-widget elementor-widget-text-editor\" data-id=\"c24cf37\" data-element_type=\"widget\" data-e-type=\"widget\" data-widget_type=\"text-editor.default\">\n\t\t\t\t<div class=\"elementor-widget-container\">\n\t\t\t\t\t\t\t\t\t<ul><li><strong>F\u00e1cil de usar<\/strong>: Xero est\u00e1 dise\u00f1ado para ser <strong>sencillo e intuitivo<\/strong>, incluso para quienes no tienen experiencia en contabilidad. Puedes gestionar tus finanzas con facilidad y sin conocimientos especializados, <strong>ahorr\u00e1ndote tiempo<\/strong> cada d\u00eda. <\/li><\/ul><div> <\/div><ul><li><p><strong>Colaboraci\u00f3n eficaz<\/strong>: Xero facilita la <strong>colaboraci\u00f3n con tu contable o asesor financiero<\/strong>. Invita a tus socios directamente a la plataforma para que puedan ver y analizar tus datos en tiempo real, mejorando la <strong>transparencia y la capacidad de respuesta<\/strong>. <\/p><\/li><li><p><strong>Automatizaci\u00f3n de tareas repetitivas<\/strong>: Las funciones de <strong>conciliaci\u00f3n bancaria autom\u00e1tica<\/strong> y <strong>generaci\u00f3n de informes<\/strong> <strong>te ahorran tiempo<\/strong> en tareas administrativas repetitivas, dej\u00e1ndote m\u00e1s tiempo para centrarte en desarrollar tu negocio.<\/p><\/li><li><p><strong>Escalabilidad para tu crecimiento<\/strong>: Tanto si tienes una peque\u00f1a empresa como si te expandes r\u00e1pidamente, Xero est\u00e1 dise\u00f1ado para adaptarse a tus necesidades. Empieza con las funciones b\u00e1sicas y a\u00f1ade m\u00e1s a medida que crezcas, sin comprometer nunca la eficiencia. <\/p><\/li><\/ul>\t\t\t\t\t\t\t\t<\/div>\n\t\t\t\t<\/div>\n\t\t\t\t<div class=\"elementor-element elementor-element-7f0203a elementor-widget elementor-widget-heading\" data-id=\"7f0203a\" data-element_type=\"widget\" data-e-type=\"widget\" data-widget_type=\"heading.default\">\n\t\t\t\t<div class=\"elementor-widget-container\">\n\t\t\t\t\t<h2 class=\"elementor-heading-title elementor-size-default\">\u00bfQui\u00e9nes son los usuarios de Xero?<\/h2>\t\t\t\t<\/div>\n\t\t\t\t<\/div>\n\t\t\t\t<div class=\"elementor-element elementor-element-c771565 elementor-widget elementor-widget-text-editor\" data-id=\"c771565\" data-element_type=\"widget\" data-e-type=\"widget\" data-widget_type=\"text-editor.default\">\n\t\t\t\t<div class=\"elementor-widget-container\">\n\t\t\t\t\t\t\t\t\t<ul data-spread=\"false\" data-pm-slice=\"3 1 []\"><li><p><strong>Peque\u00f1as y medianas empresas (PYME<\/strong> ): En Xero, las PYMES encuentran una soluci\u00f3n adaptada a la <strong>gesti\u00f3n fluida de sus finanzas<\/strong>. Las herramientas de facturaci\u00f3n, seguimiento de gastos y elaboraci\u00f3n de informes ofrecen a las empresas la oportunidad de<strong>automatizar sus procesos financieros<\/strong> sin perder el control total de sus operaciones. <\/p><\/li><li><p><strong>Trabajadores por cuenta propia y aut\u00f3nomos<\/strong>: Para los aut\u00f3nomos, Xero es un verdadero <strong>socio de gesti\u00f3n<\/strong>. Facilita la <strong>creaci\u00f3n de facturas profesionales<\/strong>, el seguimiento de pagos y la gesti\u00f3n de gastos, para que puedas centrarte m\u00e1s en tus clientes y menos en el papeleo. <\/p><\/li><li><p>Startups <strong>y empresas en crecimiento<\/strong>: Las startups se benefician de la <strong>flexibilidad<\/strong> de Xero. A medida que crecen, pueden a\u00f1adir funcionalidades y adaptar la plataforma a sus necesidades espec\u00edficas sin tener que cambiar de herramienta, ofreciendo <strong>una gesti\u00f3n \u00e1gil de<\/strong> sus finanzas. <\/p><\/li><li><p><strong>Contables y censores jurados de cuentas<\/strong>: Xero tambi\u00e9n es una soluci\u00f3n popular para los contables, ya que facilita el <strong>trabajo con los clientes<\/strong>. Con acceso en tiempo real, los contables pueden ofrecer asesoramiento puntual y ayudar a <strong>tomar decisiones financieras con conocimiento de causa<\/strong>. <\/p><\/li><\/ul>\t\t\t\t\t\t\t\t<\/div>\n\t\t\t\t<\/div>\n\t\t\t\t\t<\/div>\n\t\t\t\t<\/div>\n\t\t\t\t<\/div>\n\t\t","protected":false},"excerpt":{"rendered":"<p><strong>Xero<\/strong> es un software de contabilidad online dise\u00f1ado para peque\u00f1as empresas. Ofrece un conjunto completo de herramientas para la gesti\u00f3n financiera, facturaci\u00f3n, n\u00f3minas, informes y mucho m\u00e1s. Dise\u00f1ado para ser f\u00e1cil de usar y accesible, Xero ayuda a las empresas a simplificar sus procesos contables.  <\/p>\n<ul>\n<li>Gesti\u00f3n contable<\/li>\n<li>Facturaci\u00f3n y pagos<\/li>\n<li>Seguimiento del pago<\/li>\n<li>C\u00e1lculo autom\u00e1tico del IVA<\/li>\n<\/ul>\n","protected":false},"featured_media":30478,"comment_status":"open","ping_status":"closed","template":"","meta":{"_acf_changed":false,"_glsr_average":0,"_glsr_ranking":0,"_glsr_reviews":0},"product_brand":[],"product_cat":[4409],"product_tag":[],"class_list":{"0":"post-31589","1":"product","2":"type-product","3":"status-publish","4":"has-post-thumbnail","6":"product_cat-software-de-contabilidad","8":"first","9":"instock","10":"shipping-taxable","11":"product-type-external"},"acf":[],"_links":{"self":[{"href":"https:\/\/boostgrowb.com\/es\/wp-json\/wp\/v2\/product\/31589","targetHints":{"allow":["GET"]}}],"collection":[{"href":"https:\/\/boostgrowb.com\/es\/wp-json\/wp\/v2\/product"}],"about":[{"href":"https:\/\/boostgrowb.com\/es\/wp-json\/wp\/v2\/types\/product"}],"replies":[{"embeddable":true,"href":"https:\/\/boostgrowb.com\/es\/wp-json\/wp\/v2\/comments?post=31589"}],"version-history":[{"count":0,"href":"https:\/\/boostgrowb.com\/es\/wp-json\/wp\/v2\/product\/31589\/revisions"}],"wp:featuredmedia":[{"embeddable":true,"href":"https:\/\/boostgrowb.com\/es\/wp-json\/wp\/v2\/media\/30478"}],"wp:attachment":[{"href":"https:\/\/boostgrowb.com\/es\/wp-json\/wp\/v2\/media?parent=31589"}],"wp:term":[{"taxonomy":"product_brand","embeddable":true,"href":"https:\/\/boostgrowb.com\/es\/wp-json\/wp\/v2\/product_brand?post=31589"},{"taxonomy":"product_cat","embeddable":true,"href":"https:\/\/boostgrowb.com\/es\/wp-json\/wp\/v2\/product_cat?post=31589"},{"taxonomy":"product_tag","embeddable":true,"href":"https:\/\/boostgrowb.com\/es\/wp-json\/wp\/v2\/product_tag?post=31589"}],"curies":[{"name":"wp","href":"https:\/\/api.w.org\/{rel}","templated":true}]}}