{"id":31591,"date":"2024-06-10T10:12:15","date_gmt":"2024-06-10T10:12:15","guid":{"rendered":"https:\/\/boostgrowb.com\/software\/vpn-expres\/"},"modified":"2026-02-14T14:02:56","modified_gmt":"2026-02-14T14:02:56","slug":"vpn-expres","status":"publish","type":"product","link":"https:\/\/boostgrowb.com\/es\/software\/vpn-expres\/","title":{"rendered":"VPN expr\u00e9s"},"content":{"rendered":"\t\t<div data-elementor-type=\"product-post\" data-elementor-id=\"31591\" class=\"elementor elementor-31591 elementor-1363\" data-elementor-post-type=\"product\">\n\t\t\t\t<div class=\"elementor-element elementor-element-48029b1 e-flex e-con-boxed wpr-particle-no wpr-jarallax-no wpr-parallax-no wpr-sticky-section-no e-con e-parent\" data-id=\"48029b1\" data-element_type=\"container\" data-e-type=\"container\">\n\t\t\t\t\t<div class=\"e-con-inner\">\n\t\t\t\t<div class=\"elementor-element elementor-element-5c19b49 elementor-widget elementor-widget-heading\" data-id=\"5c19b49\" data-element_type=\"widget\" data-e-type=\"widget\" data-widget_type=\"heading.default\">\n\t\t\t\t<div class=\"elementor-widget-container\">\n\t\t\t\t\t<h2 class=\"elementor-heading-title elementor-size-default\">\u00bfQu\u00e9 es Express VPN?<\/h2>\t\t\t\t<\/div>\n\t\t\t\t<\/div>\n\t\t\t\t<div class=\"elementor-element elementor-element-c4a0b9b elementor-widget elementor-widget-text-editor\" data-id=\"c4a0b9b\" data-element_type=\"widget\" data-e-type=\"widget\" data-widget_type=\"text-editor.default\">\n\t\t\t\t<div class=\"elementor-widget-container\">\n\t\t\t\t\t\t\t\t\t<p><strong>Express VPN<\/strong> es un <strong>servicio VPN premium<\/strong> que ofrece una conexi\u00f3n segura, r\u00e1pida y privada a millones de usuarios de todo el mundo. Esta red privada virtual est\u00e1 dise\u00f1ada para proteger tu privacidad en l\u00ednea enmascarando tu direcci\u00f3n IP y encriptando tus datos, lo que te permite navegar con seguridad, incluso en redes Wi-Fi p\u00fablicas.   <\/p><p>Adem\u00e1s de su seguridad mejorada, <strong>ExpressVPN<\/strong> es famosa por su capacidad para eludir las restricciones geogr\u00e1ficas, d\u00e1ndote acceso a contenidos bloqueados o censurados en determinadas regiones. Tanto si quieres proteger tu informaci\u00f3n personal como acceder a sitios web extranjeros o disfrutar de una experiencia en l\u00ednea sin fronteras, <strong>ExpressVPN<\/strong> te garantiza una conexi\u00f3n r\u00e1pida, estable y segura. <\/p><p class=\"\" data-start=\"1370\" data-end=\"1850\">Cuando eliges <strong data-start=\"1385\" data-end=\"1399\">ExpressVPN<\/strong>, est\u00e1s invirtiendo en algo m\u00e1s que protecci\u00f3n: est\u00e1s invirtiendo en libertad digital completa. Tanto si tu prioridad es asegurar tus transacciones bancarias, proteger tu navegaci\u00f3n profesional o disfrutar de un Internet abierto y sin restricciones, ExpressVPN te ofrece una soluci\u00f3n r\u00e1pida, fiable y f\u00e1cil de usar. <\/p>\t\t\t\t\t\t\t\t<\/div>\n\t\t\t\t<\/div>\n\t\t\t\t<div class=\"elementor-element elementor-element-f830ed6 elementor-widget elementor-widget-heading\" data-id=\"f830ed6\" data-element_type=\"widget\" data-e-type=\"widget\" data-widget_type=\"heading.default\">\n\t\t\t\t<div class=\"elementor-widget-container\">\n\t\t\t\t\t<h2 class=\"elementor-heading-title elementor-size-default\">Principales ventajas de Express VPN<\/h2>\t\t\t\t<\/div>\n\t\t\t\t<\/div>\n\t\t\t\t<div class=\"elementor-element elementor-element-12f1d44 elementor-widget elementor-widget-text-editor\" data-id=\"12f1d44\" data-element_type=\"widget\" data-e-type=\"widget\" data-widget_type=\"text-editor.default\">\n\t\t\t\t<div class=\"elementor-widget-container\">\n\t\t\t\t\t\t\t\t\t<p class=\"\" data-start=\"175\" data-end=\"399\"><strong data-start=\"175\" data-end=\"217\">Velocidad de conexi\u00f3n excepcional: <\/strong>ExpressVPN es famosa por ofrecer velocidades ultrarr\u00e1pidas gracias a su protocolo Lightway optimizado, ideal para streaming HD, juegos online y navegaci\u00f3n sin latencia.<\/p><p class=\"\" data-start=\"401\" data-end=\"685\"><strong data-start=\"401\" data-end=\"455\">Seguridad y confidencialidad de grado militar: <\/strong>Gracias al cifrado AES-256 bits, la protecci\u00f3n contra filtraciones DNS\/IPv6 y una estricta pol\u00edtica de no registros, ExpressVPN garantiza la total confidencialidad de tus datos, incluso en redes p\u00fablicas.<\/p><p class=\"\" data-start=\"687\" data-end=\"897\"><strong data-start=\"687\" data-end=\"737\">Acceso ilimitado a contenidos de todo el mundo: <\/strong>s\u00e1ltate las restricciones geogr\u00e1ficas y accede a las bibliotecas internacionales de Netflix, Disney+, Hulu, BBC iPlayer y mucho m\u00e1s, est\u00e9s donde est\u00e9s.<\/p><p class=\"\" data-start=\"899\" data-end=\"1152\"><strong data-start=\"899\" data-end=\"963\">Compatibilidad con m\u00faltiples dispositivos y facilidad de uso: <\/strong>ExpressVPN est\u00e1 disponible en Windows, macOS, Android, iOS, Linux, routers, Smart TV, consolas de juegos y navegadores, con una interfaz intuitiva dise\u00f1ada para la protecci\u00f3n con un solo clic.<\/p><p class=\"\" data-start=\"1154\" data-end=\"1388\"><strong data-start=\"1154\" data-end=\"1221\">Cobertura mundial con m\u00e1s de 3.000 servidores en 94 pa\u00edses: <\/strong>disfruta de una conexi\u00f3n r\u00e1pida y estable en cualquier parte del mundo, con una infraestructura de red altamente fiable y optimizada para la libertad digital.<\/p>\t\t\t\t\t\t\t\t<\/div>\n\t\t\t\t<\/div>\n\t\t\t\t<div class=\"elementor-element elementor-element-591c19d elementor-widget elementor-widget-heading\" data-id=\"591c19d\" data-element_type=\"widget\" data-e-type=\"widget\" data-widget_type=\"heading.default\">\n\t\t\t\t<div class=\"elementor-widget-container\">\n\t\t\t\t\t<h2 class=\"elementor-heading-title elementor-size-default\">Conclusi\u00f3n<\/h2>\t\t\t\t<\/div>\n\t\t\t\t<\/div>\n\t\t\t\t<div class=\"elementor-element elementor-element-dc2ea19 elementor-widget elementor-widget-text-editor\" data-id=\"dc2ea19\" data-element_type=\"widget\" data-e-type=\"widget\" data-widget_type=\"text-editor.default\">\n\t\t\t\t<div class=\"elementor-widget-container\">\n\t\t\t\t\t\t\t\t\t<p><strong>Express VPN<\/strong> es una de las mejores VPN del mercado, gracias a su <strong>perfecto equilibrio entre seguridad, rendimiento y facilidad de uso<\/strong>. Tanto si quieres proteger tus datos personales, eludir la censura o acceder a contenidos internacionales, <strong>ExpressVPN<\/strong> te ofrece una soluci\u00f3n fiable, r\u00e1pida y muy segura.   <\/p><p>Con sus funciones avanzadas, su pol\u00edtica de no registros y su red mundial de servidores, <strong>ExpressVPN<\/strong> garantiza una experiencia en l\u00ednea fluida, an\u00f3nima y segura para todos los usuarios.<\/p>\t\t\t\t\t\t\t\t<\/div>\n\t\t\t\t<\/div>\n\t\t\t\t\t<\/div>\n\t\t\t\t<\/div>\n\t\t\t\t<\/div>\n\t\t","protected":false},"excerpt":{"rendered":"<p>Express VPN es un servicio de red privada virtual (VPN) famoso por su velocidad, seguridad y fiabilidad. ExpressVPN ofrece una soluci\u00f3n completa para proteger tu privacidad en l\u00ednea, proteger tus datos y hacer que tu conexi\u00f3n a Internet sea m\u00e1s segura. <\/p>\n<ul>\n<li>Seguridad y confidencialidad<\/li>\n<li>Gran red de servidores<\/li>\n<li>Eludir las restricciones geogr\u00e1ficas<\/li>\n<li>Acceso ilimitado al Contenido<\/li>\n<\/ul>\n","protected":false},"featured_media":31592,"comment_status":"open","ping_status":"closed","template":"","meta":{"_acf_changed":false,"_glsr_average":0,"_glsr_ranking":0,"_glsr_reviews":0},"product_brand":[],"product_cat":[4183],"product_tag":[],"class_list":{"0":"post-31591","1":"product","2":"type-product","3":"status-publish","4":"has-post-thumbnail","6":"product_cat-vpn-es","8":"first","9":"instock","10":"shipping-taxable","11":"product-type-external"},"acf":[],"_links":{"self":[{"href":"https:\/\/boostgrowb.com\/es\/wp-json\/wp\/v2\/product\/31591","targetHints":{"allow":["GET"]}}],"collection":[{"href":"https:\/\/boostgrowb.com\/es\/wp-json\/wp\/v2\/product"}],"about":[{"href":"https:\/\/boostgrowb.com\/es\/wp-json\/wp\/v2\/types\/product"}],"replies":[{"embeddable":true,"href":"https:\/\/boostgrowb.com\/es\/wp-json\/wp\/v2\/comments?post=31591"}],"version-history":[{"count":0,"href":"https:\/\/boostgrowb.com\/es\/wp-json\/wp\/v2\/product\/31591\/revisions"}],"wp:featuredmedia":[{"embeddable":true,"href":"https:\/\/boostgrowb.com\/es\/wp-json\/wp\/v2\/media\/31592"}],"wp:attachment":[{"href":"https:\/\/boostgrowb.com\/es\/wp-json\/wp\/v2\/media?parent=31591"}],"wp:term":[{"taxonomy":"product_brand","embeddable":true,"href":"https:\/\/boostgrowb.com\/es\/wp-json\/wp\/v2\/product_brand?post=31591"},{"taxonomy":"product_cat","embeddable":true,"href":"https:\/\/boostgrowb.com\/es\/wp-json\/wp\/v2\/product_cat?post=31591"},{"taxonomy":"product_tag","embeddable":true,"href":"https:\/\/boostgrowb.com\/es\/wp-json\/wp\/v2\/product_tag?post=31591"}],"curies":[{"name":"wp","href":"https:\/\/api.w.org\/{rel}","templated":true}]}}