{"id":31658,"date":"2024-06-30T01:02:05","date_gmt":"2024-06-30T01:02:05","guid":{"rendered":"https:\/\/boostgrowb.com\/software\/zoho\/"},"modified":"2025-07-07T16:13:14","modified_gmt":"2025-07-07T16:13:14","slug":"zoho","status":"publish","type":"product","link":"https:\/\/boostgrowb.com\/es\/software\/zoho\/","title":{"rendered":"Zoho"},"content":{"rendered":"\t\t<div data-elementor-type=\"product-post\" data-elementor-id=\"31658\" class=\"elementor elementor-31658 elementor-3734\" data-elementor-post-type=\"product\">\n\t\t\t\t<div class=\"elementor-element elementor-element-79c045e e-flex e-con-boxed wpr-particle-no wpr-jarallax-no wpr-parallax-no wpr-sticky-section-no e-con e-parent\" data-id=\"79c045e\" data-element_type=\"container\" data-e-type=\"container\">\n\t\t\t\t\t<div class=\"e-con-inner\">\n\t\t\t\t<div class=\"elementor-element elementor-element-7ae6329 elementor-widget elementor-widget-heading\" data-id=\"7ae6329\" data-element_type=\"widget\" data-e-type=\"widget\" data-widget_type=\"heading.default\">\n\t\t\t\t<div class=\"elementor-widget-container\">\n\t\t\t\t\t<h1 class=\"elementor-heading-title elementor-size-default\">\u00bfQu\u00e9 es Zoho?<\/h1>\t\t\t\t<\/div>\n\t\t\t\t<\/div>\n\t\t\t\t<div class=\"elementor-element elementor-element-ef9aa75 elementor-widget elementor-widget-text-editor\" data-id=\"ef9aa75\" data-element_type=\"widget\" data-e-type=\"widget\" data-widget_type=\"text-editor.default\">\n\t\t\t\t<div class=\"elementor-widget-container\">\n\t\t\t\t\t\t\t\t\t<p class=\"\" data-start=\"0\" data-end=\"539\">Zoho es una plataforma de gesti\u00f3n dise\u00f1ada para empresas, con m\u00e1s de 45 aplicaciones integradas en la nube, que te ofrece una soluci\u00f3n todo en uno para gestionar todos los aspectos de tu negocio: desde la prospecci\u00f3n de clientes y la facturaci\u00f3n hasta la gesti\u00f3n de proyectos, recursos humanos y asistencia. Mientras que otras herramientas te obligan a hacer malabarismos con distintos paquetes de software, Zoho lo centraliza todo, simplificando tus procesos y aumentando tu eficiencia. <\/p><p class=\"\" data-start=\"541\" data-end=\"1147\">Uno de los principales activos de Zoho es su capacidad para adaptarse a empresas de todos los tama\u00f1os. Tanto si eres aut\u00f3nomo, diriges una empresa muy peque\u00f1a o est\u00e1s a cargo de la transformaci\u00f3n digital de una PYME de r\u00e1pido crecimiento, Zoho crece contigo. Cada aplicaci\u00f3n puede activarse, personalizarse y conectarse a las dem\u00e1s herramientas que ya utilizas. La automatizaci\u00f3n de tareas repetitivas, los cuadros de mando en tiempo real y las integraciones nativas te ahorran tiempo, te permiten tomar mejores decisiones y, sobre todo, te permiten centrarte en lo que importa: hacer crecer tu negocio.   <\/p><p class=\"\" data-start=\"1149\" data-end=\"1691\">Pero lo que realmente hace irresistible a Zoho es su facilidad de uso combinada con una potencia formidable. Te beneficias de una interfaz clara, un servicio de atenci\u00f3n al cliente receptivo y unos precios transparentes que respetan tu presupuesto. Cuando eliges Zoho, no est\u00e1s eligiendo s\u00f3lo una herramienta: est\u00e1s eligiendo un socio tecnol\u00f3gico fiable y flexible, hecho a medida para ayudar a tu empresa a tener \u00e9xito. Con Zoho, tienes la garant\u00eda de mantener el control, mientras llegas m\u00e1s lejos, m\u00e1s r\u00e1pido y de forma m\u00e1s inteligente.   <\/p>\t\t\t\t\t\t\t\t<\/div>\n\t\t\t\t<\/div>\n\t\t\t\t<div class=\"elementor-element elementor-element-e1e6e29 elementor-widget elementor-widget-heading\" data-id=\"e1e6e29\" data-element_type=\"widget\" data-e-type=\"widget\" data-widget_type=\"heading.default\">\n\t\t\t\t<div class=\"elementor-widget-container\">\n\t\t\t\t\t<h2 class=\"elementor-heading-title elementor-size-default\">Los 5 activos clave de Zoho<\/h2>\t\t\t\t<\/div>\n\t\t\t\t<\/div>\n\t\t\t\t<div class=\"elementor-element elementor-element-dc9db36 elementor-widget elementor-widget-text-editor\" data-id=\"dc9db36\" data-element_type=\"widget\" data-e-type=\"widget\" data-widget_type=\"text-editor.default\">\n\t\t\t\t<div class=\"elementor-widget-container\">\n\t\t\t\t\t\t\t\t\t<ul><li><p><strong><span>CRM potente y personalizable<\/span><\/strong><span> : <\/span><strong><span>Zoho CRM<\/span><\/strong><span> te permite <\/span><strong><span>gestionar las relaciones con tus clientes<\/span><\/strong><span>  con herramientas avanzadas de seguimiento de ventas, gesti\u00f3n de contactos y automatizaci\u00f3n de tareas. Puedes personalizar CRM para satisfacer las necesidades espec\u00edficas de tu empresa, mejorando la eficacia de tus equipos de ventas. <\/span><\/p><\/li><li><p><strong><span>Automatizaci\u00f3n de procesos<\/span><\/strong><span> Con Zoho, puedes <\/span><strong><span>automatizar tareas repetitivas<\/span><\/strong><span>  gracias a flujos de trabajo inteligentes que optimizan tus operaciones. Ya se trate de enviar correos electr\u00f3nicos, gestionar clientes potenciales o facturar, Zoho ha reducido el esfuerzo manual. <\/span><\/p><\/li><li><p><strong><span>Colaboraci\u00f3n en tiempo real<\/span><\/strong><span> Zoho ofrece herramientas de colaboraci\u00f3n como <\/span><strong><span>Zoho Proyectos<\/span><\/strong><span> o <\/span><strong><span>Zoho Cliq<\/span><\/strong><span> para que tus equipos <\/span><strong><span>trabajen juntos<\/span><\/strong><span>  de forma fluida y eficaz, est\u00e9n donde est\u00e9n. Esto facilita el trabajo en equipo y mejora la comunicaci\u00f3n. <\/span><\/p><\/li><li><p><strong><span>Suite ofim\u00e1tica completa<\/span><\/strong><span> : <\/span><strong><span>Zoho Docs<\/span><\/strong><span> y <\/span><strong><span>Zoho Writer<\/span><\/strong><span>  ofrecen soluciones de gesti\u00f3n de documentos y creaci\u00f3n de contenidos, al tiempo que te permiten colaborar en tiempo real con tus compa\u00f1eros. Estas herramientas son alternativas perfectas a soluciones tradicionales como Google Workspace o Microsoft 365. <\/span><\/p><\/li><li><p><strong><span>Seguridad y cumplimiento de alto nivel<\/span><\/strong><span> Zoho se toma <\/span><strong><span>muy en serio la seguridad de los datos<\/span><\/strong><span>  y ofrece el cumplimiento de normas internacionales como el RGPD. Tu informaci\u00f3n se almacena de forma segura, lo que es crucial para cualquier empresa que quiera proteger sus datos sensibles. <\/span><\/p><\/li><\/ul>\t\t\t\t\t\t\t\t<\/div>\n\t\t\t\t<\/div>\n\t\t\t\t<div class=\"elementor-element elementor-element-adb89f7 elementor-widget elementor-widget-heading\" data-id=\"adb89f7\" data-element_type=\"widget\" data-e-type=\"widget\" data-widget_type=\"heading.default\">\n\t\t\t\t<div class=\"elementor-widget-container\">\n\t\t\t\t\t<h2 class=\"elementor-heading-title elementor-size-default\">\u00bfCu\u00e1les son las ventajas de utilizar Zoho?<\/h2>\t\t\t\t<\/div>\n\t\t\t\t<\/div>\n\t\t\t\t<div class=\"elementor-element elementor-element-4750ead elementor-widget elementor-widget-text-editor\" data-id=\"4750ead\" data-element_type=\"widget\" data-e-type=\"widget\" data-widget_type=\"text-editor.default\">\n\t\t\t\t<div class=\"elementor-widget-container\">\n\t\t\t\t\t\t\t\t\t<ul><li><p><strong><span>Mayor productividad gracias a una plataforma unificada<\/span><\/strong><span> Con Zoho, tienes <\/span><strong><span>todas tus aplicaciones empresariales<\/span><\/strong><span> en un solo lugar, lo que te permite <\/span><strong><span>centralizar tus operaciones<\/span><\/strong><span> y mejorar la productividad de tus equipos.<\/span><\/p><\/li><li><p><strong><span>Personalizaci\u00f3n total<\/span><\/strong><span> Zoho ofrece soluciones extremadamente flexibles, que te permiten <\/span><strong><span>personalizar los flujos de trabajo<\/span><\/strong><span> cuadros de mando e informes a tus necesidades espec\u00edficas, sin necesidad de conocimientos t\u00e9cnicos avanzados.<\/span><\/p><\/li><li><p><strong><span>Potentes integraciones<\/span><\/strong><span> Zoho se integra f\u00e1cilmente con herramientas populares como <\/span><strong><span>Google Workspace, Slack, Mailchimp<\/span><\/strong><span>  y muchas otras. Esto facilita la transici\u00f3n a Zoho y permite a tus equipos seguir utilizando sus aplicaciones favoritas mientras   <\/span><strong><span>optimizando sus flujos de trabajo<\/span><\/strong><span> .<\/span><\/p><\/li><li><p><strong><span>Asequible y escalable<\/span><\/strong><span> Zoho ofrece soluciones asequibles que son ideales para las peque\u00f1as empresas, sin dejar de ser lo suficientemente <\/span><strong><span>escalables para organizaciones m\u00e1s grandes<\/span><\/strong><span>  . Puedes a\u00f1adir aplicaciones a medida que cambien tus necesidades, asegur\u00e1ndote de que Zoho crece contigo.<\/span><\/p><\/li><li><p><strong><span>Asistencia mundial<\/span><\/strong><span> Con <\/span><strong><span>Zoho<\/span><\/strong><span> te beneficias de una asistencia al cliente fiable y receptiva, disponible en varios idiomas y ubicada en todo el mundo, que garantiza una experiencia de usuario \u00f3ptima y sin complicaciones.<\/span><\/p><\/li><\/ul>\t\t\t\t\t\t\t\t<\/div>\n\t\t\t\t<\/div>\n\t\t\t\t\t<\/div>\n\t\t\t\t<\/div>\n\t\t<div class=\"elementor-element elementor-element-495d85f e-flex e-con-boxed wpr-particle-no wpr-jarallax-no wpr-parallax-no wpr-sticky-section-no e-con e-parent\" data-id=\"495d85f\" data-element_type=\"container\" data-e-type=\"container\">\n\t\t\t\t\t<div class=\"e-con-inner\">\n\t\t\t\t<div class=\"elementor-element elementor-element-74159cc elementor-widget elementor-widget-heading\" data-id=\"74159cc\" data-element_type=\"widget\" data-e-type=\"widget\" data-widget_type=\"heading.default\">\n\t\t\t\t<div class=\"elementor-widget-container\">\n\t\t\t\t\t<h2 class=\"elementor-heading-title elementor-size-default\">\u00bfA qu\u00e9 tipo de usuario va dirigido Zoho?<\/h2>\t\t\t\t<\/div>\n\t\t\t\t<\/div>\n\t\t\t\t\t<\/div>\n\t\t\t\t<\/div>\n\t\t<div class=\"elementor-element elementor-element-58bdfa2 e-flex e-con-boxed wpr-particle-no wpr-jarallax-no wpr-parallax-no wpr-sticky-section-no e-con e-parent\" data-id=\"58bdfa2\" data-element_type=\"container\" data-e-type=\"container\">\n\t\t\t\t\t<div class=\"e-con-inner\">\n\t\t\t\t<div class=\"elementor-element elementor-element-a29e33b elementor-widget elementor-widget-text-editor\" data-id=\"a29e33b\" data-element_type=\"widget\" data-e-type=\"widget\" data-widget_type=\"text-editor.default\">\n\t\t\t\t<div class=\"elementor-widget-container\">\n\t\t\t\t\t\t\t\t\t<p>Zoho se dirige a una gran variedad de perfiles profesionales, desde aut\u00f3nomos a grandes empresas. Para aut\u00f3nomos y autoempresarios, Zoho ofrece herramientas accesibles para gestionar la facturaci\u00f3n, las relaciones con los clientes y las tareas administrativas, sin complejidad t\u00e9cnica. Las empresas de nueva creaci\u00f3n y las PYMES encontrar\u00e1n una suite completa para gestionar su negocio: CRM, contabilidad, marketing, gesti\u00f3n de proyectos, todo ello con una interfaz intuitiva y precios flexibles. En cuanto a las grandes empresas, se benefician de un ecosistema potente y totalmente personalizable, capaz de integrarse con sus sistemas actuales y dar soporte a procesos empresariales complejos. Tanto si eres un equipo de ventas, marketing, RRHH o finanzas, Zoho centraliza tus herramientas, automatiza tus flujos de trabajo y optimiza tu productividad a todos los niveles.    <\/p>\t\t\t\t\t\t\t\t<\/div>\n\t\t\t\t<\/div>\n\t\t\t\t\t<\/div>\n\t\t\t\t<\/div>\n\t\t<div class=\"elementor-element elementor-element-2fa672a e-flex e-con-boxed wpr-particle-no wpr-jarallax-no wpr-parallax-no wpr-sticky-section-no e-con e-parent\" data-id=\"2fa672a\" data-element_type=\"container\" data-e-type=\"container\">\n\t\t\t\t\t<div class=\"e-con-inner\">\n\t\t\t\t<div class=\"elementor-element elementor-element-9d1ca97 elementor-widget elementor-widget-heading\" data-id=\"9d1ca97\" data-element_type=\"widget\" data-e-type=\"widget\" data-widget_type=\"heading.default\">\n\t\t\t\t<div class=\"elementor-widget-container\">\n\t\t\t\t\t<h2 class=\"elementor-heading-title elementor-size-default\">Conclusi\u00f3n - Zoho<\/h2>\t\t\t\t<\/div>\n\t\t\t\t<\/div>\n\t\t\t\t\t<\/div>\n\t\t\t\t<\/div>\n\t\t<div class=\"elementor-element elementor-element-61ccd66 e-flex e-con-boxed wpr-particle-no wpr-jarallax-no wpr-parallax-no wpr-sticky-section-no e-con e-parent\" data-id=\"61ccd66\" data-element_type=\"container\" data-e-type=\"container\">\n\t\t\t\t\t<div class=\"e-con-inner\">\n\t\t\t\t<div class=\"elementor-element elementor-element-1f74b0a elementor-widget elementor-widget-text-editor\" data-id=\"1f74b0a\" data-element_type=\"widget\" data-e-type=\"widget\" data-widget_type=\"text-editor.default\">\n\t\t\t\t<div class=\"elementor-widget-container\">\n\t\t\t\t\t\t\t\t\t<p><span>En conclusi\u00f3n, <\/span><strong><span>Zoho<\/span><\/strong><span> ofrece un <\/span><strong><span>conjunto de aplicaciones integradas<\/span><\/strong><span> que te permite <\/span><strong><span>gestionar todos los aspectos de tu negocio<\/span><\/strong><span>  desde una \u00fanica plataforma, sin problemas y de forma autom\u00e1tica. Tanto si eres una peque\u00f1a empresa que quiere aumentar su productividad como una gran organizaci\u00f3n que quiere centralizar y optimizar sus procesos,   <\/span><strong><span>Zoho<\/span><\/strong><span>  es una soluci\u00f3n flexible, escalable y asequible. Si quieres mejorar tu   <\/span><strong><span>tus ventas, operaciones y colaboraci\u00f3n<\/span><\/strong><span> , <\/span><strong><span>Zoho<\/span><\/strong><span> es la herramienta ideal para acelerar el crecimiento de tu negocio.<\/span><\/p>\t\t\t\t\t\t\t\t<\/div>\n\t\t\t\t<\/div>\n\t\t\t\t\t<\/div>\n\t\t\t\t<\/div>\n\t\t\t\t<\/div>\n\t\t","protected":false},"excerpt":{"rendered":"<p>Zoho ofrece un conjunto completo de aplicaciones integradas dise\u00f1adas para impulsar todo tu negocio desde una \u00fanica plataforma de forma fluida, conectada y automatizada.<\/p>\n<ul>\n<li>Personalizaci\u00f3n flexible<\/li>\n<li>Integraci\u00f3n con herramientas de terceros<\/li>\n<li>Gesti\u00f3n centralizada de datos<\/li>\n<li>Interfaz intuitiva<\/li>\n<\/ul>\n","protected":false},"featured_media":32774,"comment_status":"open","ping_status":"closed","template":"","meta":{"_acf_changed":false,"_glsr_average":0,"_glsr_ranking":0,"_glsr_reviews":0},"product_brand":[],"product_cat":[4228],"product_tag":[],"class_list":{"0":"post-31658","1":"product","2":"type-product","3":"status-publish","4":"has-post-thumbnail","6":"product_cat-gestion-de-proyectos","8":"first","9":"instock","10":"sale","11":"shipping-taxable","12":"product-type-external"},"acf":[],"_links":{"self":[{"href":"https:\/\/boostgrowb.com\/es\/wp-json\/wp\/v2\/product\/31658","targetHints":{"allow":["GET"]}}],"collection":[{"href":"https:\/\/boostgrowb.com\/es\/wp-json\/wp\/v2\/product"}],"about":[{"href":"https:\/\/boostgrowb.com\/es\/wp-json\/wp\/v2\/types\/product"}],"replies":[{"embeddable":true,"href":"https:\/\/boostgrowb.com\/es\/wp-json\/wp\/v2\/comments?post=31658"}],"version-history":[{"count":0,"href":"https:\/\/boostgrowb.com\/es\/wp-json\/wp\/v2\/product\/31658\/revisions"}],"wp:featuredmedia":[{"embeddable":true,"href":"https:\/\/boostgrowb.com\/es\/wp-json\/wp\/v2\/media\/32774"}],"wp:attachment":[{"href":"https:\/\/boostgrowb.com\/es\/wp-json\/wp\/v2\/media?parent=31658"}],"wp:term":[{"taxonomy":"product_brand","embeddable":true,"href":"https:\/\/boostgrowb.com\/es\/wp-json\/wp\/v2\/product_brand?post=31658"},{"taxonomy":"product_cat","embeddable":true,"href":"https:\/\/boostgrowb.com\/es\/wp-json\/wp\/v2\/product_cat?post=31658"},{"taxonomy":"product_tag","embeddable":true,"href":"https:\/\/boostgrowb.com\/es\/wp-json\/wp\/v2\/product_tag?post=31658"}],"curies":[{"name":"wp","href":"https:\/\/api.w.org\/{rel}","templated":true}]}}