{"id":32088,"date":"2025-07-02T11:40:03","date_gmt":"2025-07-02T11:40:03","guid":{"rendered":"https:\/\/boostgrowb.com\/software\/oferta-vedette\/"},"modified":"2025-08-11T09:27:39","modified_gmt":"2025-08-11T09:27:39","slug":"oferta-vedette","status":"publish","type":"product","link":"https:\/\/boostgrowb.com\/es\/software\/oferta-vedette\/","title":{"rendered":"Vedette \ud83c\udfc6"},"content":{"rendered":"","protected":false},"excerpt":{"rendered":"<ul class=\"elementskit-pricing-lists\">\n<li class=\"elementor-repeater-item-c12b81e\">  Publicado en 24 horas<\/li>\n<li class=\"elementor-repeater-item-1e4725b\"><i class=\"icon icon-checkmark\" aria-hidden=\"true\"><\/i>  Una entrada dedicada en el blog<\/li>\n<li class=\"elementor-repeater-item-85ee855\"><i class=\"icon icon-checkmark\" aria-hidden=\"true\"><\/i>  Una herramienta expuesta en todo el sitio<\/li>\n<li class=\"elementor-repeater-item-1473b29\"><i class=\"icon icon-checkmark\" aria-hidden=\"true\"><\/i>  90 d\u00edas destacado en el sitio<\/li>\n<li class=\"elementor-repeater-item-0c0337c\"><i class=\"icon icon-checkmark\" aria-hidden=\"true\"><\/i>  Anuncio patrocinado<\/li>\n<li class=\"elementor-repeater-item-79a8320\"><i class=\"icon icon-checkmark\" aria-hidden=\"true\"><\/i>  Campa\u00f1a Google ADS top 10<\/li>\n<li class=\"elementor-repeater-item-b5e451d\"><i class=\"icon icon-checkmark\" aria-hidden=\"true\"><\/i>  Opiniones de usuarios verificadas recopiladas<\/li>\n<li class=\"elementor-repeater-item-02ab49f\"><i class=\"icon icon-checkmark\" aria-hidden=\"true\"><\/i>  A\u00f1ade medios: v\u00eddeos, im\u00e1genes<\/li>\n<li class=\"elementor-repeater-item-388ab3b\"><i class=\"icon icon-checkmark\" aria-hidden=\"true\"><\/i>  Insignia dorada premium para mayor confianza<\/li>\n<li class=\"elementor-repeater-item-8067299\"><i class=\"icon icon-checkmark\" aria-hidden=\"true\"><\/i>  Banner personalizado<\/li>\n<li class=\"elementor-repeater-item-a26f01e\"><i class=\"icon icon-checkmark\" aria-hidden=\"true\"><\/i>  3 enlaces a tu p\u00e1gina de producto<\/li>\n<li class=\"elementor-repeater-item-5349679\"><i class=\"icon icon-checkmark\" aria-hidden=\"true\"><\/i>  Apoyo experto<\/li>\n<\/ul>\n","protected":false},"featured_media":0,"comment_status":"closed","ping_status":"closed","template":"","meta":{"_acf_changed":false,"_glsr_average":0,"_glsr_ranking":0,"_glsr_reviews":0},"product_brand":[],"product_cat":[27],"product_tag":[7024],"class_list":{"0":"post-32088","1":"product","2":"type-product","3":"status-publish","5":"product_cat-meilleurs-outils-gestion-tpe-pme-comparatif","6":"product_tag-oferta","8":"first","9":"instock","10":"shipping-taxable","11":"purchasable","12":"product-type-simple"},"acf":[],"_links":{"self":[{"href":"https:\/\/boostgrowb.com\/es\/wp-json\/wp\/v2\/product\/32088","targetHints":{"allow":["GET"]}}],"collection":[{"href":"https:\/\/boostgrowb.com\/es\/wp-json\/wp\/v2\/product"}],"about":[{"href":"https:\/\/boostgrowb.com\/es\/wp-json\/wp\/v2\/types\/product"}],"replies":[{"embeddable":true,"href":"https:\/\/boostgrowb.com\/es\/wp-json\/wp\/v2\/comments?post=32088"}],"version-history":[{"count":0,"href":"https:\/\/boostgrowb.com\/es\/wp-json\/wp\/v2\/product\/32088\/revisions"}],"wp:attachment":[{"href":"https:\/\/boostgrowb.com\/es\/wp-json\/wp\/v2\/media?parent=32088"}],"wp:term":[{"taxonomy":"product_brand","embeddable":true,"href":"https:\/\/boostgrowb.com\/es\/wp-json\/wp\/v2\/product_brand?post=32088"},{"taxonomy":"product_cat","embeddable":true,"href":"https:\/\/boostgrowb.com\/es\/wp-json\/wp\/v2\/product_cat?post=32088"},{"taxonomy":"product_tag","embeddable":true,"href":"https:\/\/boostgrowb.com\/es\/wp-json\/wp\/v2\/product_tag?post=32088"}],"curies":[{"name":"wp","href":"https:\/\/api.w.org\/{rel}","templated":true}]}}