{"id":33714,"date":"2025-07-08T20:38:10","date_gmt":"2025-07-08T20:38:10","guid":{"rendered":"https:\/\/boostgrowb.com\/software\/freebe-me\/"},"modified":"2025-07-08T20:56:21","modified_gmt":"2025-07-08T20:56:21","slug":"freebe-me","status":"publish","type":"product","link":"https:\/\/boostgrowb.com\/es\/software\/freebe-me\/","title":{"rendered":"Freebe.me"},"content":{"rendered":"\t\t<div data-elementor-type=\"product-post\" data-elementor-id=\"33714\" class=\"elementor elementor-33714 elementor-33709\" data-elementor-post-type=\"product\">\n\t\t\t\t<div class=\"elementor-element elementor-element-a51bc33 e-flex e-con-boxed wpr-particle-no wpr-jarallax-no wpr-parallax-no wpr-sticky-section-no e-con e-parent\" data-id=\"a51bc33\" data-element_type=\"container\" data-e-type=\"container\">\n\t\t\t\t\t<div class=\"e-con-inner\">\n\t\t\t\t<div class=\"elementor-element elementor-element-f425c7b elementor-widget elementor-widget-heading\" data-id=\"f425c7b\" data-element_type=\"widget\" data-e-type=\"widget\" data-widget_type=\"heading.default\">\n\t\t\t\t<div class=\"elementor-widget-container\">\n\t\t\t\t\t<h2 class=\"elementor-heading-title elementor-size-default\">\u00bfQu\u00e9 es Freebe.me?<\/h2>\t\t\t\t<\/div>\n\t\t\t\t<\/div>\n\t\t\t\t<div class=\"elementor-element elementor-element-6b7ec48 elementor-widget elementor-widget-text-editor\" data-id=\"6b7ec48\" data-element_type=\"widget\" data-e-type=\"widget\" data-widget_type=\"text-editor.default\">\n\t\t\t\t<div class=\"elementor-widget-container\">\n\t\t\t\t\t\t\t\t\t<p data-start=\"199\" data-end=\"468\"><strong data-start=\"247\" data-end=\"260\">Freebe.me<\/strong> es un software de gesti\u00f3n para aut\u00f3nomos con estatuto de <strong data-start=\"319\" data-end=\"341\">microempresario<\/strong>, dise\u00f1ado para simplificar sus tareas administrativas cotidianas. Intuitivo, completo y automatizado, Freebe centraliza en una sola herramienta todas las tareas esenciales: creaci\u00f3n de presupuestos, facturaci\u00f3n, seguimiento bancario, declaraciones URSSAF, etc., e incluso la gesti\u00f3n de tu negocio. <\/p>\t\t\t\t\t\t\t\t<\/div>\n\t\t\t\t<\/div>\n\t\t\t\t<div class=\"elementor-element elementor-element-2525218 elementor-widget elementor-widget-heading\" data-id=\"2525218\" data-element_type=\"widget\" data-e-type=\"widget\" data-widget_type=\"heading.default\">\n\t\t\t\t<div class=\"elementor-widget-container\">\n\t\t\t\t\t<h2 class=\"elementor-heading-title elementor-size-default\">Caracter\u00edsticas principales de Freebe<\/h2>\t\t\t\t<\/div>\n\t\t\t\t<\/div>\n\t\t\t\t<div class=\"elementor-element elementor-element-3d57fb0 elementor-widget elementor-widget-text-editor\" data-id=\"3d57fb0\" data-element_type=\"widget\" data-e-type=\"widget\" data-widget_type=\"text-editor.default\">\n\t\t\t\t<div class=\"elementor-widget-container\">\n\t\t\t\t\t\t\t\t\t<p data-pm-slice=\"1 1 []\"><b>Crear presupuestos:<\/b> Freebe te permite crear presupuestos profesionales en unos pocos clics, con tus servicios, precios y detalles legales. Cada presupuesto puede convertirse en factura una vez aceptado, para un seguimiento fluido y sin errores. <\/p><p data-pm-slice=\"1 1 []\"><b>Facturaci\u00f3n a clientes:<\/b> La herramienta genera facturas conformes que se numeran autom\u00e1ticamente e incluyen toda la informaci\u00f3n requerida. Puedes controlar los pagos en tiempo real, enviar recordatorios y activar la facturaci\u00f3n recurrente. <\/p><p data-pm-slice=\"0 0 []\"><b>Sincronizaci\u00f3n de cuentas bancarias:<\/b> Freebe se conecta a tu cuenta pro para <strong data-start=\"1048\" data-end=\"1096\">categorizar autom\u00e1ticamente tus transacciones<\/strong>. Esto facilita el seguimiento de tu flujo de caja, la identificaci\u00f3n de los pagos recibidos y la gesti\u00f3n de los gastos de tu empresa. <\/p><p data-pm-slice=\"0 0 []\"><b>Declaraci\u00f3n de volumen de negocio: <\/b>El programa calcula autom\u00e1ticamente tu <strong data-start=\"1300\" data-end=\"1317\">volumen de negocio para declararlo<\/strong> a la URSSAF. Una vez validada, puedes enviar la declaraci\u00f3n directamente desde Freebe. Esto ahorra tiempo y evita errores.  <\/p>\t\t\t\t\t\t\t\t<\/div>\n\t\t\t\t<\/div>\n\t\t\t\t<div class=\"elementor-element elementor-element-250bb86 elementor-widget elementor-widget-heading\" data-id=\"250bb86\" data-element_type=\"widget\" data-e-type=\"widget\" data-widget_type=\"heading.default\">\n\t\t\t\t<div class=\"elementor-widget-container\">\n\t\t\t\t\t<h2 class=\"elementor-heading-title elementor-size-default\">\u00bfPara qui\u00e9n es Freebe?<\/h2>\t\t\t\t<\/div>\n\t\t\t\t<\/div>\n\t\t\t\t<div class=\"elementor-element elementor-element-5f483a2 elementor-widget elementor-widget-text-editor\" data-id=\"5f483a2\" data-element_type=\"widget\" data-e-type=\"widget\" data-widget_type=\"text-editor.default\">\n\t\t\t\t<div class=\"elementor-widget-container\">\n\t\t\t\t\t\t\t\t\t<p>Freebe est\u00e1 dise\u00f1ado para <strong data-start=\"1523\" data-end=\"1557\">microempresas de aut\u00f3nomos<\/strong>: desarrolladores, creativos, consultores, coaches, etc. Si trabajas solo y buscas una herramienta sencilla para gestionar tu negocio con eficacia, Freebe es para ti. <\/p>\t\t\t\t\t\t\t\t<\/div>\n\t\t\t\t<\/div>\n\t\t\t\t<div class=\"elementor-element elementor-element-2d46e12 elementor-widget elementor-widget-heading\" data-id=\"2d46e12\" data-element_type=\"widget\" data-e-type=\"widget\" data-widget_type=\"heading.default\">\n\t\t\t\t<div class=\"elementor-widget-container\">\n\t\t\t\t\t<h2 class=\"elementor-heading-title elementor-size-default\">Nuestra opini\u00f3n sobre Freebe<\/h2>\t\t\t\t<\/div>\n\t\t\t\t<\/div>\n\t\t\t\t<div class=\"elementor-element elementor-element-54cbd44 elementor-widget elementor-widget-text-editor\" data-id=\"54cbd44\" data-element_type=\"widget\" data-e-type=\"widget\" data-widget_type=\"text-editor.default\">\n\t\t\t\t<div class=\"elementor-widget-container\">\n\t\t\t\t\t\t\t\t\t<p>Como expertos en comparaci\u00f3n de software, nos impresion\u00f3 la gran funcionalidad y facilidad de uso de Freebe. A pesar de la falta de una oferta gratuita, la relaci\u00f3n calidad-precio sigue siendo excelente para los aut\u00f3nomos. Recomendamos Freebe a todos los aut\u00f3nomos que busquen mayor claridad y eficacia en la gesti\u00f3n de su negocio.  <\/p>\t\t\t\t\t\t\t\t<\/div>\n\t\t\t\t<\/div>\n\t\t\t\t\t<\/div>\n\t\t\t\t<\/div>\n\t\t\t\t<\/div>\n\t\t","protected":false},"excerpt":{"rendered":"<p><strong data-start=\"247\" data-end=\"260\">Freebe.me<\/strong> es un software de gesti\u00f3n para aut\u00f3nomos con estatus de <strong data-start=\"319\" data-end=\"341\">microempresario<\/strong>, dise\u00f1ado para simplificar sus tareas administrativas cotidianas. Intuitivo, completo y automatizado, Freebe centraliza las tareas esenciales en una \u00fanica herramienta <\/p>\n<ul>\n<li>Crear citas<\/li>\n<li>Facturaci\u00f3n al cliente<\/li>\n<li>Declaraci\u00f3n URSSAF<\/li>\n<li>Control financiero<\/li>\n<\/ul>\n<p>&nbsp;<\/p>\n","protected":false},"featured_media":33712,"comment_status":"open","ping_status":"closed","template":"","meta":{"_acf_changed":false,"_glsr_average":0,"_glsr_ranking":0,"_glsr_reviews":0},"product_brand":[],"product_cat":[4409],"product_tag":[],"class_list":{"0":"post-33714","1":"product","2":"type-product","3":"status-publish","4":"has-post-thumbnail","6":"product_cat-software-de-contabilidad","8":"first","9":"instock","10":"shipping-taxable","11":"product-type-external"},"acf":[],"_links":{"self":[{"href":"https:\/\/boostgrowb.com\/es\/wp-json\/wp\/v2\/product\/33714","targetHints":{"allow":["GET"]}}],"collection":[{"href":"https:\/\/boostgrowb.com\/es\/wp-json\/wp\/v2\/product"}],"about":[{"href":"https:\/\/boostgrowb.com\/es\/wp-json\/wp\/v2\/types\/product"}],"replies":[{"embeddable":true,"href":"https:\/\/boostgrowb.com\/es\/wp-json\/wp\/v2\/comments?post=33714"}],"version-history":[{"count":0,"href":"https:\/\/boostgrowb.com\/es\/wp-json\/wp\/v2\/product\/33714\/revisions"}],"wp:featuredmedia":[{"embeddable":true,"href":"https:\/\/boostgrowb.com\/es\/wp-json\/wp\/v2\/media\/33712"}],"wp:attachment":[{"href":"https:\/\/boostgrowb.com\/es\/wp-json\/wp\/v2\/media?parent=33714"}],"wp:term":[{"taxonomy":"product_brand","embeddable":true,"href":"https:\/\/boostgrowb.com\/es\/wp-json\/wp\/v2\/product_brand?post=33714"},{"taxonomy":"product_cat","embeddable":true,"href":"https:\/\/boostgrowb.com\/es\/wp-json\/wp\/v2\/product_cat?post=33714"},{"taxonomy":"product_tag","embeddable":true,"href":"https:\/\/boostgrowb.com\/es\/wp-json\/wp\/v2\/product_tag?post=33714"}],"curies":[{"name":"wp","href":"https:\/\/api.w.org\/{rel}","templated":true}]}}