{"id":36244,"date":"2025-07-30T07:42:32","date_gmt":"2025-07-30T07:42:32","guid":{"rendered":"https:\/\/boostgrowb.com\/software\/ahrefs\/"},"modified":"2025-07-30T08:34:21","modified_gmt":"2025-07-30T08:34:21","slug":"ahrefs","status":"publish","type":"product","link":"https:\/\/boostgrowb.com\/es\/software\/ahrefs\/","title":{"rendered":"Ahrefs"},"content":{"rendered":"\t\t<div data-elementor-type=\"product-post\" data-elementor-id=\"36244\" class=\"elementor elementor-36244 elementor-36233\" data-elementor-post-type=\"product\">\n\t\t\t\t<div class=\"elementor-element elementor-element-1042e2b e-flex e-con-boxed wpr-particle-no wpr-jarallax-no wpr-parallax-no wpr-sticky-section-no e-con e-parent\" data-id=\"1042e2b\" data-element_type=\"container\" data-e-type=\"container\">\n\t\t\t\t\t<div class=\"e-con-inner\">\n\t\t\t\t<div class=\"elementor-element elementor-element-7c74531 elementor-widget elementor-widget-heading\" data-id=\"7c74531\" data-element_type=\"widget\" data-e-type=\"widget\" data-widget_type=\"heading.default\">\n\t\t\t\t<div class=\"elementor-widget-container\">\n\t\t\t\t\t<h2 class=\"elementor-heading-title elementor-size-default\">\u00bfQu\u00e9 es Ahrefs?<\/h2>\t\t\t\t<\/div>\n\t\t\t\t<\/div>\n\t\t\t\t<div class=\"elementor-element elementor-element-0e63d72 elementor-widget elementor-widget-text-editor\" data-id=\"0e63d72\" data-element_type=\"widget\" data-e-type=\"widget\" data-widget_type=\"text-editor.default\">\n\t\t\t\t<div class=\"elementor-widget-container\">\n\t\t\t\t\t\t\t\t\t<p><strong data-start=\"339\" data-end=\"414\">Ahrefs es una de las herramientas SEO m\u00e1s potentes y fiables del mercado.<\/strong>  Te permite explorar en profundidad el rendimiento de tu sitio y el de tus competidores, encontrar palabras clave rentables e identificar las mejores oportunidades para mejorar tu SEO.<\/p><p data-start=\"737\" data-end=\"1045\">Lo que diferencia a Ahrefs es su <strong data-start=\"771\" data-end=\"795\">profundidad de an\u00e1lisis<\/strong>: con m\u00e1s de 12.000 billones de enlaces referenciados, miles de millones de palabras clave analizadas y potentes herramientas de inteligencia competitiva, Ahrefs se ha convertido en la referencia absoluta para expertos en SEO, agencias de marketing y empresas ambiciosas.<\/p><p data-start=\"1047\" data-end=\"1133\"><em><strong data-start=\"1047\" data-end=\"1061\">En pocas palabras:<\/strong> con Ahrefs, por fin tienes respuestas precisas a tus preguntas SEO.<\/em><\/p>\t\t\t\t\t\t\t\t<\/div>\n\t\t\t\t<\/div>\n\t\t\t\t<div class=\"elementor-element elementor-element-74de382 elementor-widget elementor-widget-heading\" data-id=\"74de382\" data-element_type=\"widget\" data-e-type=\"widget\" data-widget_type=\"heading.default\">\n\t\t\t\t<div class=\"elementor-widget-container\">\n\t\t\t\t\t<h2 class=\"elementor-heading-title elementor-size-default\">  Las principales ventajas de Ahrefs<\/h2>\t\t\t\t<\/div>\n\t\t\t\t<\/div>\n\t\t\t\t<div class=\"elementor-element elementor-element-837e5f9 elementor-widget elementor-widget-text-editor\" data-id=\"837e5f9\" data-element_type=\"widget\" data-e-type=\"widget\" data-widget_type=\"text-editor.default\">\n\t\t\t\t<div class=\"elementor-widget-container\">\n\t\t\t\t\t\t\t\t\t<ul data-start=\"355\" data-end=\"1952\"><li data-start=\"355\" data-end=\"662\"><p data-start=\"357\" data-end=\"662\"><strong data-start=\"357\" data-end=\"392\">An\u00e1lisis detallado de backlinks<\/strong>: Puedes ver exactamente qu\u00e9 sitios apuntan a tus competidores, con indicadores precisos (como el Domain Rating o el tr\u00e1fico generado por esos enlaces). Esta funci\u00f3n te permite seleccionar f\u00e1cilmente los mejores enlaces a obtener para potenciar tu autoridad. <\/p><\/li><li data-start=\"664\" data-end=\"1013\"><p data-start=\"666\" data-end=\"1013\"><strong data-start=\"666\" data-end=\"709\">Investigaci\u00f3n de palabras clave de alto potencial<\/strong>: Ahrefs no se limita a darte listas interminables de palabras clave. Obtienes sugerencias \u00fatiles de inmediato, con indicaciones realistas sobre la dificultad de posicionamiento y el tr\u00e1fico concreto que puedes esperar. Resultado: inviertes tu tiempo donde realmente cuenta.  <\/p><\/li><li data-start=\"1015\" data-end=\"1355\"><p data-start=\"1017\" data-end=\"1355\"><strong data-start=\"1017\" data-end=\"1048\">Auditor\u00eda t\u00e9cnica SEO completa<\/strong>: M\u00e1s que un informe, la herramienta de auditor\u00eda t\u00e9cnica de Ahrefs identifica con precisi\u00f3n los errores que realmente est\u00e1n afectando a tu SEO: problemas de indexaci\u00f3n, contenido duplicado, p\u00e1ginas lentas. As\u00ed sabr\u00e1s exactamente lo que tienes que corregir para progresar r\u00e1pidamente en los resultados de Google. <\/p><\/li><li data-start=\"1357\" data-end=\"1672\"><p data-start=\"1359\" data-end=\"1672\"><strong data-start=\"1359\" data-end=\"1400\">An\u00e1lisis competitivo ultrapreciso<\/strong>: Con Ahrefs, descubrir\u00e1s exactamente qu\u00e9 contenido est\u00e1n haciendo mejor tus competidores, qu\u00e9 estrategias SEO est\u00e1n utilizando y c\u00f3mo est\u00e1n consiguiendo su tr\u00e1fico. Es como tener acceso a su libro de jugadas, lo que te permite ir m\u00e1s r\u00e1pido y m\u00e1s lejos que ellos. <\/p><\/li><li data-start=\"1674\" data-end=\"1952\"><p data-start=\"1676\" data-end=\"1952\"><strong data-start=\"1676\" data-end=\"1720\">Seguimiento fiable y concreto de tus posiciones<\/strong>: El Rastreador de Posiciones de Ahrefs te muestra no s\u00f3lo si est\u00e1s ganando o perdiendo posiciones, sino c\u00f3mo tus acciones SEO est\u00e1n impactando directamente en tu tr\u00e1fico. As\u00ed podr\u00e1s tomar decisiones basadas en resultados reales. <\/p><\/li><\/ul>\t\t\t\t\t\t\t\t<\/div>\n\t\t\t\t<\/div>\n\t\t\t\t<div class=\"elementor-element elementor-element-a35906a elementor-widget elementor-widget-heading\" data-id=\"a35906a\" data-element_type=\"widget\" data-e-type=\"widget\" data-widget_type=\"heading.default\">\n\t\t\t\t<div class=\"elementor-widget-container\">\n\t\t\t\t\t<h2 class=\"elementor-heading-title elementor-size-default\">\u00bfC\u00f3mo utilizo Ahrefs?<\/h2>\t\t\t\t<\/div>\n\t\t\t\t<\/div>\n\t\t\t\t<div class=\"elementor-element elementor-element-74d7878 elementor-widget elementor-widget-text-editor\" data-id=\"74d7878\" data-element_type=\"widget\" data-e-type=\"widget\" data-widget_type=\"text-editor.default\">\n\t\t\t\t<div class=\"elementor-widget-container\">\n\t\t\t\t\t\t\t\t\t<p data-start=\"2103\" data-end=\"2408\">Para sacar el m\u00e1ximo partido de Ahrefs, aqu\u00ed tienes un m\u00e9todo sencillo y pr\u00e1ctico:<\/p><p data-start=\"2103\" data-end=\"2408\"><strong data-start=\"2103\" data-end=\"2153\">Paso 1: Analiza detalladamente a tus competidores: <\/strong>Introduce las direcciones de sus sitios web en el \u00abExplorador de Sitios\u00bb. Observa sus mejores backlinks, identifica exactamente qu\u00e9 p\u00e1ginas les aportan m\u00e1s tr\u00e1fico y, a continuaci\u00f3n, c\u00e9ntrate en aquellas oportunidades que puedas reproducir o incluso mejorar. <\/p><p data-start=\"2410\" data-end=\"2671\"><strong data-start=\"2410\" data-end=\"2452\">Paso 2: Realiza una auditor\u00eda SEO peri\u00f3dica: <\/strong>Realiza una auditor\u00eda r\u00e1pida cada semana o cada mes a trav\u00e9s de \u00abAuditor\u00eda del sitio\u00bb. Esto te permitir\u00e1 detectar inmediatamente nuevos problemas t\u00e9cnicos y solucionarlos antes de que afecten a tu visibilidad. <\/p><p data-start=\"2673\" data-end=\"2949\"><strong data-start=\"2673\" data-end=\"2736\">Paso 3: Elige palabras clave realistas y rentables: <\/strong>No utilices palabras clave s\u00f3lo porque sean populares. Con el \u00abExplorador de palabras clave\u00bb, selecciona s\u00f3lo las que ofrezcan un potencial real en t\u00e9rminos de tr\u00e1fico cualificado y sean accesibles para tu sitio. <\/p><p data-start=\"2951\" data-end=\"3230\"><strong data-start=\"2951\" data-end=\"3004\">Paso 4: Monitoriza el impacto real de tus acciones SEO: <\/strong>Utiliza Rank Tracker regularmente para medir la eficacia de tu estrategia. Cuando pruebes nuevas optimizaciones, comprueba en t\u00e9rminos reales c\u00f3mo evolucionan tus rankings y adapta tus acciones r\u00e1pidamente. <\/p>\t\t\t\t\t\t\t\t<\/div>\n\t\t\t\t<\/div>\n\t\t\t\t<div class=\"elementor-element elementor-element-c0f32f1 elementor-widget elementor-widget-heading\" data-id=\"c0f32f1\" data-element_type=\"widget\" data-e-type=\"widget\" data-widget_type=\"heading.default\">\n\t\t\t\t<div class=\"elementor-widget-container\">\n\t\t\t\t\t<h2 class=\"elementor-heading-title elementor-size-default\">\u00bfCu\u00e1les son las ventajas de utilizar Ahrefs?<\/h2>\t\t\t\t<\/div>\n\t\t\t\t<\/div>\n\t\t\t\t<div class=\"elementor-element elementor-element-ed066ed elementor-widget elementor-widget-text-editor\" data-id=\"ed066ed\" data-element_type=\"widget\" data-e-type=\"widget\" data-widget_type=\"text-editor.default\">\n\t\t\t\t<div class=\"elementor-widget-container\">\n\t\t\t\t\t\t\t\t\t<ul><li data-start=\"3390\" data-end=\"3565\"><p data-start=\"3392\" data-end=\"3565\"><strong data-start=\"3392\" data-end=\"3417\">Un verdadero ahorro de tiempo en el d\u00eda a d\u00eda<\/strong>: en lugar de hacer malabarismos con varias herramientas o consultar informes confusos, tienes todos los datos esenciales en un solo lugar.<\/p><\/li><li data-start=\"3567\" data-end=\"3799\"><p data-start=\"3569\" data-end=\"3799\"><strong data-start=\"3569\" data-end=\"3606\">Consigue resultados concretos, m\u00e1s r\u00e1pido<\/strong>: Al centrarte exactamente en lo que ya les funciona a tus competidores, puedes acelerar de forma natural tu propio progreso SEO, sin perder tiempo en hip\u00f3tesis o pruebas arriesgadas.<\/p><\/li><li data-start=\"3801\" data-end=\"4077\"><p data-start=\"3803\" data-end=\"4077\"><strong data-start=\"3803\" data-end=\"3841\">Toma de decisiones informada<\/strong>: Ahrefs no s\u00f3lo proporciona datos en bruto. Cada dato (volumen de b\u00fasquedas, dificultad de las palabras clave, calidad de los enlaces) se calibra para ayudarte a tomar decisiones SEO precisas, fiables y estrat\u00e9gicas. <\/p><\/li><li data-start=\"4079\" data-end=\"4289\"><p data-start=\"4081\" data-end=\"4289\"><strong data-start=\"4081\" data-end=\"4116\">Una ventaja real<\/strong>: Comprender exactamente lo que ya funciona en tu mercado significa que puedes reaccionar con rapidez, aprovechar las oportunidades antes que los dem\u00e1s y mantenerte un paso por delante.<\/p><\/li><\/ul>\t\t\t\t\t\t\t\t<\/div>\n\t\t\t\t<\/div>\n\t\t\t\t<div class=\"elementor-element elementor-element-4a7d6d7 elementor-widget elementor-widget-heading\" data-id=\"4a7d6d7\" data-element_type=\"widget\" data-e-type=\"widget\" data-widget_type=\"heading.default\">\n\t\t\t\t<div class=\"elementor-widget-container\">\n\t\t\t\t\t<h2 class=\"elementor-heading-title elementor-size-default\">\u00bfA qu\u00e9 tipo de usuario se dirige Ahrefs?<\/h2>\t\t\t\t<\/div>\n\t\t\t\t<\/div>\n\t\t\t\t<div class=\"elementor-element elementor-element-40457ea elementor-widget elementor-widget-text-editor\" data-id=\"40457ea\" data-element_type=\"widget\" data-e-type=\"widget\" data-widget_type=\"text-editor.default\">\n\t\t\t\t<div class=\"elementor-widget-container\">\n\t\t\t\t\t\t\t\t\t<p data-start=\"4348\" data-end=\"4505\">Ahrefs no es s\u00f3lo para expertos t\u00e9cnicos: es una plataforma \u00fatil para cualquier profesional que quiera mejorar su visibilidad en Google :<\/p><ul data-start=\"4507\" data-end=\"5454\"><li data-start=\"4507\" data-end=\"4718\"><p data-start=\"4509\" data-end=\"4718\"><strong data-start=\"4509\" data-end=\"4539\">Agencias web y consultores SEO<\/strong>: Utilizan Ahrefs a diario para desarrollar estrategias precisas para sus clientes, auditar sitios en profundidad y seguir su progreso con datos fiables.<\/p><\/li><li data-start=\"4720\" data-end=\"4990\"><p data-start=\"4722\" data-end=\"4990\"><strong data-start=\"4722\" data-end=\"4763\">Responsables de marketing y de negocio<\/strong>: Estos perfiles aprecian Ahrefs por su capacidad para mostrar claramente qu\u00e9 esfuerzos SEO est\u00e1n dando realmente sus frutos, para seguir f\u00e1cilmente su posicionamiento y para comprender r\u00e1pidamente lo que est\u00e1n haciendo sus competidores directos.<\/p><\/li><li data-start=\"4992\" data-end=\"5228\"><p data-start=\"4994\" data-end=\"5228\"><strong data-start=\"4994\" data-end=\"5047\">Blogueros, redactores web y creadores de contenidos<\/strong>: Ahrefs es un aliado inestimable para saber exactamente qu\u00e9 temas son los m\u00e1s populares entre su audiencia y qu\u00e9 palabras clave generan tr\u00e1fico org\u00e1nico real.<\/p><\/li><li data-start=\"5230\" data-end=\"5454\"><p data-start=\"5232\" data-end=\"5454\"><strong data-start=\"5232\" data-end=\"5271\">Comerciantes electr\u00f3nicos y tiendas online<\/strong>: Estos usuarios se benefician de Ahrefs para optimizar f\u00e1cilmente sus fichas de producto e identificar las palabras clave m\u00e1s eficaces para atraer a visitantes realmente interesados.<\/p><\/li><\/ul>\t\t\t\t\t\t\t\t<\/div>\n\t\t\t\t<\/div>\n\t\t\t\t\t<\/div>\n\t\t\t\t<\/div>\n\t\t\t\t<\/div>\n\t\t","protected":false},"excerpt":{"rendered":"<p>Ahrefs es la herramienta esencial para construir una estrategia SEO de alto rendimiento basada en datos. Desde la investigaci\u00f3n de palabras clave hasta las auditor\u00edas t\u00e9cnicas y el an\u00e1lisis de backlinks <\/p>\n<ul>\n<li>B\u00fasqueda por palabra clave<\/li>\n<li>Auditor\u00eda SEO del sitio<\/li>\n<li>An\u00e1lisis de backlinks<\/li>\n<li>Supervisi\u00f3n de la posici\u00f3n<\/li>\n<\/ul>\n","protected":false},"featured_media":36236,"comment_status":"closed","ping_status":"closed","template":"","meta":{"_acf_changed":false,"_glsr_average":0,"_glsr_ranking":0,"_glsr_reviews":0},"product_brand":[],"product_cat":[4296],"product_tag":[],"class_list":{"0":"post-36244","1":"product","2":"type-product","3":"status-publish","4":"has-post-thumbnail","6":"product_cat-automatizacion-del-marketing","8":"first","9":"instock","10":"shipping-taxable","11":"product-type-external"},"acf":[],"_links":{"self":[{"href":"https:\/\/boostgrowb.com\/es\/wp-json\/wp\/v2\/product\/36244","targetHints":{"allow":["GET"]}}],"collection":[{"href":"https:\/\/boostgrowb.com\/es\/wp-json\/wp\/v2\/product"}],"about":[{"href":"https:\/\/boostgrowb.com\/es\/wp-json\/wp\/v2\/types\/product"}],"replies":[{"embeddable":true,"href":"https:\/\/boostgrowb.com\/es\/wp-json\/wp\/v2\/comments?post=36244"}],"version-history":[{"count":0,"href":"https:\/\/boostgrowb.com\/es\/wp-json\/wp\/v2\/product\/36244\/revisions"}],"wp:featuredmedia":[{"embeddable":true,"href":"https:\/\/boostgrowb.com\/es\/wp-json\/wp\/v2\/media\/36236"}],"wp:attachment":[{"href":"https:\/\/boostgrowb.com\/es\/wp-json\/wp\/v2\/media?parent=36244"}],"wp:term":[{"taxonomy":"product_brand","embeddable":true,"href":"https:\/\/boostgrowb.com\/es\/wp-json\/wp\/v2\/product_brand?post=36244"},{"taxonomy":"product_cat","embeddable":true,"href":"https:\/\/boostgrowb.com\/es\/wp-json\/wp\/v2\/product_cat?post=36244"},{"taxonomy":"product_tag","embeddable":true,"href":"https:\/\/boostgrowb.com\/es\/wp-json\/wp\/v2\/product_tag?post=36244"}],"curies":[{"name":"wp","href":"https:\/\/api.w.org\/{rel}","templated":true}]}}