{"id":36425,"date":"2025-07-31T07:25:46","date_gmt":"2025-07-31T07:25:46","guid":{"rendered":"https:\/\/boostgrowb.com\/software\/n8n\/"},"modified":"2025-10-05T09:53:23","modified_gmt":"2025-10-05T09:53:23","slug":"n8n","status":"publish","type":"product","link":"https:\/\/boostgrowb.com\/es\/software\/n8n\/","title":{"rendered":"n8n"},"content":{"rendered":"\t\t<div data-elementor-type=\"product-post\" data-elementor-id=\"36425\" class=\"elementor elementor-36425 elementor-36414\" data-elementor-post-type=\"product\">\n\t\t\t\t<div class=\"elementor-element elementor-element-c814a29 e-flex e-con-boxed wpr-particle-no wpr-jarallax-no wpr-parallax-no wpr-sticky-section-no e-con e-parent\" data-id=\"c814a29\" data-element_type=\"container\" data-e-type=\"container\">\n\t\t\t\t\t<div class=\"e-con-inner\">\n\t\t\t\t<div class=\"elementor-element elementor-element-67645a6 elementor-widget elementor-widget-heading\" data-id=\"67645a6\" data-element_type=\"widget\" data-e-type=\"widget\" data-widget_type=\"heading.default\">\n\t\t\t\t<div class=\"elementor-widget-container\">\n\t\t\t\t\t<h2 class=\"elementor-heading-title elementor-size-default\">\u00bfQu\u00e9 es n8n?<\/h2>\t\t\t\t<\/div>\n\t\t\t\t<\/div>\n\t\t\t\t<div class=\"elementor-element elementor-element-d854e80 elementor-widget elementor-widget-text-editor\" data-id=\"d854e80\" data-element_type=\"widget\" data-e-type=\"widget\" data-widget_type=\"text-editor.default\">\n\t\t\t\t<div class=\"elementor-widget-container\">\n\t\t\t\t\t\t\t\t\t<p data-start=\"339\" data-end=\"533\"><strong data-start=\"339\" data-end=\"531\">n8n es una plataforma de automatizaci\u00f3n de c\u00f3digo abierto y bajo c\u00f3digo que te permite conectar, orquestar y automatizar tus flujos de trabajo empresariales sin las limitaciones de las soluciones SaaS tradicionales.<\/strong><\/p><p data-start=\"535\" data-end=\"834\">Donde herramientas como Zapier o Make se limitan a la automatizaci\u00f3n simple, n8n va m\u00e1s all\u00e1: puedes <strong data-start=\"647\" data-end=\"832\">crear escenarios complejos, integrar tus propias API, a\u00f1adir l\u00f3gica condicional y alojar la soluci\u00f3n en tus servidores para mantener el control total de tus datos.<\/strong><\/p><p data-start=\"836\" data-end=\"1020\">Es una herramienta dise\u00f1ada para equipos que quieren <strong data-start=\"886\" data-end=\"980\">unificar sus herramientas, automatizar tareas repetitivas y crear procesos s\u00f3lidos<\/strong> sin depender de plataformas cerradas.<\/p>\t\t\t\t\t\t\t\t<\/div>\n\t\t\t\t<\/div>\n\t\t\t\t<div class=\"elementor-element elementor-element-cc6ea3c elementor-widget elementor-widget-heading\" data-id=\"cc6ea3c\" data-element_type=\"widget\" data-e-type=\"widget\" data-widget_type=\"heading.default\">\n\t\t\t\t<div class=\"elementor-widget-container\">\n\t\t\t\t\t<h2 class=\"elementor-heading-title elementor-size-default\">Las principales ventajas del n8n<\/h2>\t\t\t\t<\/div>\n\t\t\t\t<\/div>\n\t\t\t\t<div class=\"elementor-element elementor-element-c6a6c07 elementor-widget elementor-widget-text-editor\" data-id=\"c6a6c07\" data-element_type=\"widget\" data-e-type=\"widget\" data-widget_type=\"text-editor.default\">\n\t\t\t\t<div class=\"elementor-widget-container\">\n\t\t\t\t\t\t\t\t\t<p data-start=\"1242\" data-end=\"1467\">Una <strong data-start=\"1246\" data-end=\"1278\">interfaz visual intuitiva<\/strong>: n8n te permite crear flujos de trabajo automatizados mediante un sencillo sistema visual de arrastrar y soltar. Puedes enlazar acciones entre varias herramientas sin escribir c\u00f3digo. <\/p><p data-start=\"1469\" data-end=\"1696\"><strong data-start=\"1473\" data-end=\"1499\">M\u00faltiples integraciones<\/strong>: la plataforma es compatible con m\u00e1s de <strong data-start=\"1533\" data-end=\"1553\">350 aplicaciones<\/strong> (como Google Sheets, Slack, Notion, HubSpot, Trello, Airtable y GitHub), lo que te permite una interconexi\u00f3n perfecta entre tus herramientas favoritas.<\/p><p data-start=\"1698\" data-end=\"1916\"><strong data-start=\"1702\" data-end=\"1736\">L\u00f3gica condicional avanzada<\/strong>: a diferencia de muchos competidores sin c\u00f3digo, n8n puede manejar condiciones complejas, bucles y ramas para crear escenarios din\u00e1micos e inteligentes.<\/p><p data-start=\"1918\" data-end=\"2163\"><strong data-start=\"1922\" data-end=\"1949\">Flexibilidad de c\u00f3digo abierto<\/strong>: una de las grandes ventajas de n8n es su naturaleza de c\u00f3digo abierto, lo que significa que puedes instalarlo en tus propios servidores y mantener el control total sobre tus datos, seguridad e integraciones personalizadas.<\/p><p data-start=\"2165\" data-end=\"2362\"><strong data-start=\"2169\" data-end=\"2209\">Flujos de trabajo activados autom\u00e1ticamente<\/strong>: define activadores (webhooks, temporizadores, eventos de aplicaci\u00f3n) para ejecutar tareas autom\u00e1ticamente en cuanto se produzca una acci\u00f3n.<\/p><p data-start=\"2364\" data-end=\"2546\"><strong data-start=\"2367\" data-end=\"2396\">Modo autoalojado y en la nube<\/strong>: puedes utilizar n8n en la nube para mayor sencillez, o elegir alojarlo en tus servidores para mayor confidencialidad y control.<\/p><p data-start=\"2548\" data-end=\"2760\">Una <strong data-start=\"2552\" data-end=\"2573\">comunidad activa<\/strong>: como proyecto de c\u00f3digo abierto, n8n se beneficia de una comunidad mundial de desarrolladores y usuarios que comparten flujos de trabajo, tutoriales y extensiones personalizadas.<\/p>\t\t\t\t\t\t\t\t<\/div>\n\t\t\t\t<\/div>\n\t\t\t\t<div class=\"elementor-element elementor-element-dd38eec elementor-widget elementor-widget-heading\" data-id=\"dd38eec\" data-element_type=\"widget\" data-e-type=\"widget\" data-widget_type=\"heading.default\">\n\t\t\t\t<div class=\"elementor-widget-container\">\n\t\t\t\t\t<h2 class=\"elementor-heading-title elementor-size-default\">  C\u00f3mo utilizar eficazmente el n8n<\/h2>\t\t\t\t<\/div>\n\t\t\t\t<\/div>\n\t\t\t\t<div class=\"elementor-element elementor-element-d26ba2c elementor-widget elementor-widget-text-editor\" data-id=\"d26ba2c\" data-element_type=\"widget\" data-e-type=\"widget\" data-widget_type=\"text-editor.default\">\n\t\t\t\t<div class=\"elementor-widget-container\">\n\t\t\t\t\t\t\t\t\t<ol data-start=\"2881\" data-end=\"3990\"><li data-start=\"2881\" data-end=\"3049\"><p data-start=\"2884\" data-end=\"3049\"><strong data-start=\"2884\" data-end=\"2923\">Identifica los procesos repetitivos<\/strong>: enumera las tareas que consumen mucho tiempo (por ejemplo, transferencia de datos, notificaciones, actualizaciones de CRM) que pueden automatizarse.<\/p><\/li><li data-start=\"3050\" data-end=\"3287\"><p data-start=\"3053\" data-end=\"3287\"><strong data-start=\"3053\" data-end=\"3085\">Crea tus primeros flujos de trabajo<\/strong>: utiliza la interfaz visual para conectar tus aplicaciones; por ejemplo, cuando llegue un nuevo cliente potencial a HubSpot, crea autom\u00e1ticamente una tarea en Trello y env\u00eda una alerta a Slack.<\/p><\/li><li data-start=\"3288\" data-end=\"3491\"><p data-start=\"3291\" data-end=\"3491\"><strong data-start=\"3291\" data-end=\"3334\">Utiliza activadores inteligentes<\/strong>: configura tus flujos de trabajo para que se inicien en cuanto se produzca un evento concreto, como un nuevo correo electr\u00f3nico, una venta o una actualizaci\u00f3n de un archivo.<\/p><\/li><li data-start=\"3492\" data-end=\"3657\"><p data-start=\"3495\" data-end=\"3657\"><strong data-start=\"3495\" data-end=\"3536\">A\u00f1ade condiciones y filtros<\/strong>: crea ramas l\u00f3gicas (if\/then\/else) para refinar tus automatizaciones y adaptarlas a tus escenarios empresariales.<\/p><\/li><li data-start=\"3658\" data-end=\"3835\"><p data-start=\"3661\" data-end=\"3835\"><strong data-start=\"3661\" data-end=\"3693\">Prueba, ajusta y optimiza<\/strong>: gracias a la previsualizaci\u00f3n en tiempo real, puedes comprobar cada etapa de tu flujo de trabajo antes de que pase a producci\u00f3n, para garantizar la m\u00e1xima fiabilidad.<\/p><\/li><li data-start=\"3836\" data-end=\"3990\"><p data-start=\"3839\" data-end=\"3990\"><strong data-start=\"3839\" data-end=\"3866\">Utiliza plantillas<\/strong>: n8n ofrece una serie de plantillas preconstruidas para acelerar la creaci\u00f3n de tus automatizaciones, sin tener que empezar desde cero.<\/p><\/li><\/ol><p data-start=\"3992\" data-end=\"4199\"><strong data-start=\"3995\" data-end=\"4014\">\ud83d\udca1 Consejo de experto<\/strong>: para una automatizaci\u00f3n compleja, combina la funcionalidad sin c\u00f3digo con scripts personalizados (JavaScript, API REST, etc.) - n8n ofrece una flexibilidad poco com\u00fan en este \u00e1mbito.<\/p>\t\t\t\t\t\t\t\t<\/div>\n\t\t\t\t<\/div>\n\t\t\t\t<div class=\"elementor-element elementor-element-f9cfcd8 elementor-widget elementor-widget-heading\" data-id=\"f9cfcd8\" data-element_type=\"widget\" data-e-type=\"widget\" data-widget_type=\"heading.default\">\n\t\t\t\t<div class=\"elementor-widget-container\">\n\t\t\t\t\t<h2 class=\"elementor-heading-title elementor-size-default\">Las ventajas tangibles de utilizar n8n<\/h2>\t\t\t\t<\/div>\n\t\t\t\t<\/div>\n\t\t\t\t<div class=\"elementor-element elementor-element-1749e5a elementor-widget elementor-widget-text-editor\" data-id=\"1749e5a\" data-element_type=\"widget\" data-e-type=\"widget\" data-widget_type=\"text-editor.default\">\n\t\t\t\t<div class=\"elementor-widget-container\">\n\t\t\t\t\t\t\t\t\t<ul data-start=\"2511\" data-end=\"3117\"><li data-start=\"2630\" data-end=\"2730\"><p data-start=\"2632\" data-end=\"2730\"><strong data-start=\"2632\" data-end=\"2661\">Centralizaci\u00f3n de herramientas<\/strong>: enlaza CRM, ERP, emailing y bases de datos en un flujo unificado.<\/p><\/li><li data-start=\"2731\" data-end=\"2845\"><p data-start=\"2733\" data-end=\"2845\"><strong data-start=\"2733\" data-end=\"2770\">Control total y confidencialidad<\/strong>: Alojado en tus instalaciones, n8n protege tus datos confidenciales de nubes de terceros.<\/p><\/li><li data-start=\"2846\" data-end=\"2986\"><p data-start=\"2848\" data-end=\"2986\"><strong data-start=\"2848\" data-end=\"2873\">Flexibilidad ilimitada<\/strong>: puedes crear flujos de trabajo adaptados a tu empresa, sin tener que depender de las limitaciones de una plataforma SaaS cerrada.<\/p><\/li><li data-start=\"2987\" data-end=\"3117\"><p data-start=\"2989\" data-end=\"3117\"><strong data-start=\"2989\" data-end=\"3004\">Escalabilidad<\/strong>: Un flujo de trabajo sencillo puede evolucionar hasta convertirse en un sistema complejo que impulse a varios equipos y herramientas simult\u00e1neamente.<\/p><\/li><li data-start=\"3676\" data-end=\"3781\"><p data-start=\"3678\" data-end=\"3781\"><strong data-start=\"3678\" data-end=\"3703\">Libertad de alojamiento<\/strong>: n8n puede funcionar en tus servidores, mientras que Zapier y Make est\u00e1n basados al 100% en la nube.<\/p><\/li><li data-start=\"3782\" data-end=\"3877\"><p data-start=\"3784\" data-end=\"3877\"><strong data-start=\"3784\" data-end=\"3820\">Sin l\u00edmite de trabajos pagados<\/strong>: Ideal para flujos de trabajo intensivos a gran escala.<\/p><\/li><\/ul>\t\t\t\t\t\t\t\t<\/div>\n\t\t\t\t<\/div>\n\t\t\t\t<div class=\"elementor-element elementor-element-d0ba9e3 elementor-widget elementor-widget-heading\" data-id=\"d0ba9e3\" data-element_type=\"widget\" data-e-type=\"widget\" data-widget_type=\"heading.default\">\n\t\t\t\t<div class=\"elementor-widget-container\">\n\t\t\t\t\t<h2 class=\"elementor-heading-title elementor-size-default\">\u00bfPara qui\u00e9n es n8n?<\/h2>\t\t\t\t<\/div>\n\t\t\t\t<\/div>\n\t\t\t\t<div class=\"elementor-element elementor-element-73a92a3 elementor-widget elementor-widget-text-editor\" data-id=\"73a92a3\" data-element_type=\"widget\" data-e-type=\"widget\" data-widget_type=\"text-editor.default\">\n\t\t\t\t<div class=\"elementor-widget-container\">\n\t\t\t\t\t\t\t\t\t<ul><li data-start=\"4985\" data-end=\"5098\"><p data-start=\"4987\" data-end=\"5098\"><strong data-start=\"4987\" data-end=\"5022\">Aut\u00f3nomos y empresarios<\/strong> que quieren automatizar sus procesos sin recurrir a un desarrollador.<\/p><\/li><li data-start=\"5099\" data-end=\"5242\"><p data-start=\"5101\" data-end=\"5242\"><strong data-start=\"5101\" data-end=\"5136\">Equipos de marketing y crecimiento<\/strong> que quieren conectar sus herramientas para ahorrar tiempo y mejorar la capacidad de respuesta de sus campa\u00f1as.<\/p><\/li><li data-start=\"5243\" data-end=\"5376\"><p data-start=\"5245\" data-end=\"5376\"><strong data-start=\"5245\" data-end=\"5283\">Empresas tecnol\u00f3gicas de nueva creaci\u00f3n y PYME<\/strong> que buscan una soluci\u00f3n flexible y rentable para automatizar sus flujos de datos.<\/p><\/li><li data-start=\"5377\" data-end=\"5533\"><p data-start=\"5379\" data-end=\"5533\"><strong data-start=\"5379\" data-end=\"5413\">Equipos inform\u00e1ticos y desarrolladores<\/strong>, que aprecian el control, la transparencia y la posibilidad de ampliar las capacidades mediante scripts personalizados.<\/p><\/li><\/ul>\t\t\t\t\t\t\t\t<\/div>\n\t\t\t\t<\/div>\n\t\t\t\t\t<\/div>\n\t\t\t\t<\/div>\n\t\t\t\t<\/div>\n\t\t","protected":false},"excerpt":{"rendered":"<p>n8n es una soluci\u00f3n de automatizaci\u00f3n flexible, potente y asequible que te proporciona un control total sobre tus flujos de trabajo y datos. Es la herramienta ideal para pasar de tareas repetitivas a procesos automatizados inteligentes. <\/p>\n<ul>\n<li>Automatizaci\u00f3n sin c\u00f3digo<\/li>\n<li>Automatizaci\u00f3n del marketing<\/li>\n<li>Automatizaci\u00f3n del flujo de trabajo<\/li>\n<li>Integraci\u00f3n CRM<\/li>\n<\/ul>\n","protected":false},"featured_media":36417,"comment_status":"closed","ping_status":"closed","template":"","meta":{"_acf_changed":false,"_glsr_average":0,"_glsr_ranking":0,"_glsr_reviews":0},"product_brand":[],"product_cat":[7056,5122,5279,4248,5121],"product_tag":[],"class_list":{"0":"post-36425","1":"product","2":"type-product","3":"status-publish","4":"has-post-thumbnail","6":"product_cat-agentes-de-ia","7":"product_cat-automatizacion-agentes-de-ia","8":"product_cat-sin-codigo-codigo-bajo","9":"product_cat-software-de-ia","10":"product_cat-software-sin-codigo","12":"first","13":"instock","14":"shipping-taxable","15":"product-type-external"},"acf":[],"_links":{"self":[{"href":"https:\/\/boostgrowb.com\/es\/wp-json\/wp\/v2\/product\/36425","targetHints":{"allow":["GET"]}}],"collection":[{"href":"https:\/\/boostgrowb.com\/es\/wp-json\/wp\/v2\/product"}],"about":[{"href":"https:\/\/boostgrowb.com\/es\/wp-json\/wp\/v2\/types\/product"}],"replies":[{"embeddable":true,"href":"https:\/\/boostgrowb.com\/es\/wp-json\/wp\/v2\/comments?post=36425"}],"version-history":[{"count":0,"href":"https:\/\/boostgrowb.com\/es\/wp-json\/wp\/v2\/product\/36425\/revisions"}],"wp:featuredmedia":[{"embeddable":true,"href":"https:\/\/boostgrowb.com\/es\/wp-json\/wp\/v2\/media\/36417"}],"wp:attachment":[{"href":"https:\/\/boostgrowb.com\/es\/wp-json\/wp\/v2\/media?parent=36425"}],"wp:term":[{"taxonomy":"product_brand","embeddable":true,"href":"https:\/\/boostgrowb.com\/es\/wp-json\/wp\/v2\/product_brand?post=36425"},{"taxonomy":"product_cat","embeddable":true,"href":"https:\/\/boostgrowb.com\/es\/wp-json\/wp\/v2\/product_cat?post=36425"},{"taxonomy":"product_tag","embeddable":true,"href":"https:\/\/boostgrowb.com\/es\/wp-json\/wp\/v2\/product_tag?post=36425"}],"curies":[{"name":"wp","href":"https:\/\/api.w.org\/{rel}","templated":true}]}}