{"id":37180,"date":"2025-08-28T09:03:51","date_gmt":"2025-08-28T09:03:51","guid":{"rendered":"https:\/\/boostgrowb.com\/software\/el-capitan-verifica\/"},"modified":"2025-08-28T10:40:10","modified_gmt":"2025-08-28T10:40:10","slug":"el-capitan-verifica","status":"publish","type":"product","link":"https:\/\/boostgrowb.com\/es\/software\/el-capitan-verifica\/","title":{"rendered":"El Capit\u00e1n Verifica"},"content":{"rendered":"\t\t<div data-elementor-type=\"product-post\" data-elementor-id=\"37180\" class=\"elementor elementor-37180 elementor-37175\" data-elementor-post-type=\"product\">\n\t\t\t\t<div class=\"elementor-element elementor-element-669b32b e-flex e-con-boxed wpr-particle-no wpr-jarallax-no wpr-parallax-no wpr-sticky-section-no e-con e-parent\" data-id=\"669b32b\" data-element_type=\"container\" data-e-type=\"container\">\n\t\t\t\t\t<div class=\"e-con-inner\">\n\t\t\t\t<div class=\"elementor-element elementor-element-e5ab744 elementor-widget elementor-widget-heading\" data-id=\"e5ab744\" data-element_type=\"widget\" data-e-type=\"widget\" data-widget_type=\"heading.default\">\n\t\t\t\t<div class=\"elementor-widget-container\">\n\t\t\t\t\t<h2 class=\"elementor-heading-title elementor-size-default\">\u00bfQu\u00e9 es CaptainVerify?<\/h2>\t\t\t\t<\/div>\n\t\t\t\t<\/div>\n\t\t\t\t<div class=\"elementor-element elementor-element-33bc12e elementor-widget elementor-widget-text-editor\" data-id=\"33bc12e\" data-element_type=\"widget\" data-e-type=\"widget\" data-widget_type=\"text-editor.default\">\n\t\t\t\t<div class=\"elementor-widget-container\">\n\t\t\t\t\t\t\t\t\t<p class=\"whitespace-normal break-words\">CaptainVerify es una soluci\u00f3n especializada en la verificaci\u00f3n y limpieza de direcciones de correo electr\u00f3nico. Esta plataforma utiliza algoritmos avanzados para analizar la validez de tus listas de contactos y eliminar las direcciones no v\u00e1lidas, temporales o peligrosas para tus campa\u00f1as. <\/p><p class=\"whitespace-normal break-words\">La herramienta protege tu reputaci\u00f3n como remitente evitando que tus correos acaben en el spam o sean bloqueados por los ISP. Al mantener una base de datos limpia, CaptainVerify garantiza que tus mensajes lleguen a su destino y generen los resultados esperados. <\/p>\t\t\t\t\t\t\t\t<\/div>\n\t\t\t\t<\/div>\n\t\t\t\t<div class=\"elementor-element elementor-element-7d948dc elementor-widget elementor-widget-heading\" data-id=\"7d948dc\" data-element_type=\"widget\" data-e-type=\"widget\" data-widget_type=\"heading.default\">\n\t\t\t\t<div class=\"elementor-widget-container\">\n\t\t\t\t\t<h2 class=\"elementor-heading-title elementor-size-default\">Caracter\u00edsticas principales de CaptainVerify<\/h2>\t\t\t\t<\/div>\n\t\t\t\t<\/div>\n\t\t\t\t<div class=\"elementor-element elementor-element-119ec65 elementor-widget elementor-widget-text-editor\" data-id=\"119ec65\" data-element_type=\"widget\" data-e-type=\"widget\" data-widget_type=\"text-editor.default\">\n\t\t\t\t<div class=\"elementor-widget-container\">\n\t\t\t\t\t\t\t\t\t<p class=\"whitespace-normal break-words\"><strong>Verificaci\u00f3n inteligente multinivel:<\/strong> CaptainVerify analiza m\u00e1s de 25 criterios: sintaxis, DNS, SMTP, correos electr\u00f3nicos desechables, catch-all y puntuaci\u00f3n de riesgo. Este enfoque multicapa califica con precisi\u00f3n cada contacto a una velocidad de 500.000 correos electr\u00f3nicos\/hora. <\/p><p class=\"whitespace-normal break-words\"><strong>Doble modo de uso:<\/strong> la verificaci\u00f3n masiva procesa hasta 10 millones de direcciones. La verificaci\u00f3n en tiempo real (latencia &lt;300ms) se integra en los formularios mediante una simple l\u00ednea de c\u00f3digo para bloquear inmediatamente las direcciones problem\u00e1ticas. <\/p><p class=\"whitespace-normal break-words\"><strong>Limpieza y enriquecimiento autom\u00e1ticos:<\/strong> M\u00e1s all\u00e1 de la validaci\u00f3n, la herramienta enriquece tus datos: identificaci\u00f3n profesional\/personal, normalizaci\u00f3n de formatos, detecci\u00f3n de duplicados. Esta limpieza inteligente <strong>de las bases de datos de correo electr\u00f3nico<\/strong> mejora tu segmentaci\u00f3n. <\/p><p class=\"whitespace-normal break-words\"><strong>Seguridad RGPD mejorada: <\/strong> alojamiento europeo, encriptaci\u00f3n avanzada y eliminaci\u00f3n autom\u00e1tica de datos tras el procesamiento. La <strong>seguridad<\/strong> RGPD est\u00e1 integrada de forma nativa con un registro de auditor\u00eda completo y conformidad certificada. <\/p>\t\t\t\t\t\t\t\t<\/div>\n\t\t\t\t<\/div>\n\t\t\t\t<div class=\"elementor-element elementor-element-1c61eec elementor-widget elementor-widget-heading\" data-id=\"1c61eec\" data-element_type=\"widget\" data-e-type=\"widget\" data-widget_type=\"heading.default\">\n\t\t\t\t<div class=\"elementor-widget-container\">\n\t\t\t\t\t<h2 class=\"elementor-heading-title elementor-size-default\">Ventajas para los usuarios de CaptainVerify<\/h2>\t\t\t\t<\/div>\n\t\t\t\t<\/div>\n\t\t\t\t<div class=\"elementor-element elementor-element-a1555a7 elementor-widget elementor-widget-text-editor\" data-id=\"a1555a7\" data-element_type=\"widget\" data-e-type=\"widget\" data-widget_type=\"text-editor.default\">\n\t\t\t\t<div class=\"elementor-widget-container\">\n\t\t\t\t\t\t\t\t\t<p class=\"whitespace-normal break-words\"><strong>Impacto directo en tus KPIs<\/strong> Los usuarios ven: +27% de tasa de apertura, +19% de tasa de clics, -85% de tasa de rebote. Estas mejoras generan un ROI medio de 15 euros por cada euro invertido. <\/p><p class=\"whitespace-normal break-words\"><strong>Protecci\u00f3n proactiva de la reputaci\u00f3n<\/strong> La herramienta supervisa tus dominios de env\u00edo y te alerta de los riesgos de inclusi\u00f3n en listas negras. Esta protecci\u00f3n evita las interrupciones, que cuestan una media de 15.000 euros por incidente. <\/p><p class=\"whitespace-normal break-words\"><strong>Optimizaci\u00f3n del presupuesto<\/strong> Al eliminar los contactos no v\u00e1lidos, puedes reducir tus costes de env\u00edo entre un 20 y un 40%, al tiempo que maximizas el impacto de tu presupuesto de marketing en los contactos que son realmente atractivos.<\/p>\t\t\t\t\t\t\t\t<\/div>\n\t\t\t\t<\/div>\n\t\t\t\t<div class=\"elementor-element elementor-element-cc3a53e elementor-widget elementor-widget-heading\" data-id=\"cc3a53e\" data-element_type=\"widget\" data-e-type=\"widget\" data-widget_type=\"heading.default\">\n\t\t\t\t<div class=\"elementor-widget-container\">\n\t\t\t\t\t<h2 class=\"elementor-heading-title elementor-size-default\">\u00bfA qu\u00e9 tipo de usuario se dirige CaptainVerify?<\/h2>\t\t\t\t<\/div>\n\t\t\t\t<\/div>\n\t\t\t\t<div class=\"elementor-element elementor-element-f6dee0f elementor-widget elementor-widget-text-editor\" data-id=\"f6dee0f\" data-element_type=\"widget\" data-e-type=\"widget\" data-widget_type=\"text-editor.default\">\n\t\t\t\t<div class=\"elementor-widget-container\">\n\t\t\t\t\t\t\t\t\t<p class=\"whitespace-normal break-words\">CaptainVerify satisface las necesidades de los profesionales del marketing digital que buscan profesionalizar sus pr\u00e1cticas sin perder tiempo en tareas t\u00e9cnicas. La herramienta les permite concentrarse en crear contenidos en lugar de limpiar manualmente sus bases de datos. <\/p><p class=\"whitespace-normal break-words\">Las agencias de marketing aprecian especialmente la flexibilidad de la plataforma para gestionar m\u00faltiples clientes con vol\u00famenes variables. Las PYMES y las empresas de nueva creaci\u00f3n encuentran en ella una forma de optimizar sus limitados recursos y compensar las aproximaciones iniciales en la captaci\u00f3n de contactos. <\/p><p class=\"whitespace-normal break-words\">Para los minoristas electr\u00f3nicos cuya entregabilidad del correo electr\u00f3nico tiene un impacto directo en las ventas, CaptainVerify garantiza que sus mensajes promocionales lleguen a su p\u00fablico objetivo. Por \u00faltimo, los growth hackers pueden explotar las capacidades de integraci\u00f3n de la herramienta para crear flujos de trabajo automatizados y optimizar sus embudos de conversi\u00f3n. <\/p>\t\t\t\t\t\t\t\t<\/div>\n\t\t\t\t<\/div>\n\t\t\t\t<div class=\"elementor-element elementor-element-c6ce7d1 elementor-widget elementor-widget-heading\" data-id=\"c6ce7d1\" data-element_type=\"widget\" data-e-type=\"widget\" data-widget_type=\"heading.default\">\n\t\t\t\t<div class=\"elementor-widget-container\">\n\t\t\t\t\t<h2 class=\"elementor-heading-title elementor-size-default\">PREGUNTAS FRECUENTES<\/h2>\t\t\t\t<\/div>\n\t\t\t\t<\/div>\n\t\t\t\t<div class=\"elementor-element elementor-element-efe5231 elementor-widget elementor-widget-elementskit-accordion\" data-id=\"efe5231\" data-element_type=\"widget\" data-e-type=\"widget\" data-widget_type=\"elementskit-accordion.default\">\n\t\t\t\t<div class=\"elementor-widget-container\">\n\t\t\t\t\t<div class=\"ekit-wid-con\" >\n        <div class=\"elementskit-accordion accoedion-primary\" id=\"accordion-69f2f2cad3dee\">\n\n            \n                <div class=\"elementskit-card active\">\n                    <div class=\"elementskit-card-header\" id=\"primaryHeading-0-efe5231\">\n                        <a href=\"#collapse-14514dc69f2f2cad3dee\" class=\"ekit-accordion--toggler elementskit-btn-link collapsed\" data-ekit-toggle=\"collapse\" data-target=\"#Collapse-14514dc69f2f2cad3dee\" aria-expanded=\"true\" aria-controls=\"Collapse-14514dc69f2f2cad3dee\">\n                            \n                            <span class=\"ekit-accordion-title\">\u00bfCapitanVerify cumple el RGPD?<\/span>\n\n                            \n                                <div class=\"ekit_accordion_icon_group\">\n                                    <div class=\"ekit_accordion_normal_icon\">\n                                        <!-- Normal Icon -->\n\t\t\t\t\t\t\t\t\t\t<svg xmlns=\"http:\/\/www.w3.org\/2000\/svg\" width=\"16\" height=\"17\" viewBox=\"0 0 16 17\" fill=\"none\"><path fill-rule=\"evenodd\" clip-rule=\"evenodd\" d=\"M7.19995 16.5V0.5H8.79995V16.5H7.19995Z\" fill=\"#3D3D3D\"><\/path><path fill-rule=\"evenodd\" clip-rule=\"evenodd\" d=\"M-2.08616e-07 7.69995L16 7.69995L16 9.29995L-2.78554e-07 9.29995L-2.08616e-07 7.69995Z\" fill=\"#3D3D3D\"><\/path><\/svg>                                    <\/div>\n\n                                    <div class=\"ekit_accordion_active_icon\">\n                                        <!-- Active Icon -->\n\t\t\t\t\t\t\t\t\t\t<svg xmlns=\"http:\/\/www.w3.org\/2000\/svg\" width=\"16\" height=\"3\" viewBox=\"0 0 16 3\" fill=\"none\"><path fill-rule=\"evenodd\" clip-rule=\"evenodd\" d=\"M-2.08616e-07 0.499999L16 0.5L16 2.5L-2.78554e-07 2.5L-2.08616e-07 0.499999Z\" fill=\"#675AFE\"><\/path><\/svg>                                    <\/div>\n                                <\/div>\n\n                            \n                                                    <\/a>\n                    <\/div>\n\n                    <div id=\"Collapse-14514dc69f2f2cad3dee\" class=\" show collapse\" aria-labelledby=\"primaryHeading-0-efe5231\" data-parent=\"#accordion-69f2f2cad3dee\">\n\n                        <div class=\"elementskit-card-body ekit-accordion--content\">\n                            <p>S\u00ed, totalmente conforme con el alojamiento europeo, certificaci\u00f3n ISO 27001 y eliminaci\u00f3n autom\u00e1tica de los datos tras el tratamiento.<\/p>\n                        <\/div>\n\n                    <\/div>\n\n                <\/div><!-- .elementskit-card END -->\n\n                \n                <div class=\"elementskit-card \">\n                    <div class=\"elementskit-card-header\" id=\"primaryHeading-1-efe5231\">\n                        <a href=\"#collapse-35c8fe469f2f2cad3dee\" class=\"ekit-accordion--toggler elementskit-btn-link collapsed\" data-ekit-toggle=\"collapse\" data-target=\"#Collapse-35c8fe469f2f2cad3dee\" aria-expanded=\"false\" aria-controls=\"Collapse-35c8fe469f2f2cad3dee\">\n                            \n                            <span class=\"ekit-accordion-title\">\u00bfPodemos integrarlo con nuestro CRM?<\/span>\n\n                            \n                                <div class=\"ekit_accordion_icon_group\">\n                                    <div class=\"ekit_accordion_normal_icon\">\n                                        <!-- Normal Icon -->\n\t\t\t\t\t\t\t\t\t\t<svg xmlns=\"http:\/\/www.w3.org\/2000\/svg\" width=\"16\" height=\"17\" viewBox=\"0 0 16 17\" fill=\"none\"><path fill-rule=\"evenodd\" clip-rule=\"evenodd\" d=\"M7.19995 16.5V0.5H8.79995V16.5H7.19995Z\" fill=\"#3D3D3D\"><\/path><path fill-rule=\"evenodd\" clip-rule=\"evenodd\" d=\"M-2.08616e-07 7.69995L16 7.69995L16 9.29995L-2.78554e-07 9.29995L-2.08616e-07 7.69995Z\" fill=\"#3D3D3D\"><\/path><\/svg>                                    <\/div>\n\n                                    <div class=\"ekit_accordion_active_icon\">\n                                        <!-- Active Icon -->\n\t\t\t\t\t\t\t\t\t\t<svg xmlns=\"http:\/\/www.w3.org\/2000\/svg\" width=\"16\" height=\"3\" viewBox=\"0 0 16 3\" fill=\"none\"><path fill-rule=\"evenodd\" clip-rule=\"evenodd\" d=\"M-2.08616e-07 0.499999L16 0.5L16 2.5L-2.78554e-07 2.5L-2.08616e-07 0.499999Z\" fill=\"#675AFE\"><\/path><\/svg>                                    <\/div>\n                                <\/div>\n\n                            \n                                                    <\/a>\n                    <\/div>\n\n                    <div id=\"Collapse-35c8fe469f2f2cad3dee\" class=\" collapse\" aria-labelledby=\"primaryHeading-1-efe5231\" data-parent=\"#accordion-69f2f2cad3dee\">\n\n                        <div class=\"elementskit-card-body ekit-accordion--content\">\n                            <p>S\u00ed, integraciones nativas con Salesforce, HubSpot, Mailchimp y m\u00e1s de 50 herramientas mediante API REST. Compatible con Zapier para m\u00e1s de 3000 aplicaciones. <\/p>\n                        <\/div>\n\n                    <\/div>\n\n                <\/div><!-- .elementskit-card END -->\n\n                \n                <div class=\"elementskit-card \">\n                    <div class=\"elementskit-card-header\" id=\"primaryHeading-2-efe5231\">\n                        <a href=\"#collapse-c29457c69f2f2cad3dee\" class=\"ekit-accordion--toggler elementskit-btn-link collapsed\" data-ekit-toggle=\"collapse\" data-target=\"#Collapse-c29457c69f2f2cad3dee\" aria-expanded=\"false\" aria-controls=\"Collapse-c29457c69f2f2cad3dee\">\n                            \n                            <span class=\"ekit-accordion-title\">\u00bfDiferencia entre verificaci\u00f3n masiva y verificaci\u00f3n en tiempo real?<\/span>\n\n                            \n                                <div class=\"ekit_accordion_icon_group\">\n                                    <div class=\"ekit_accordion_normal_icon\">\n                                        <!-- Normal Icon -->\n\t\t\t\t\t\t\t\t\t\t<svg xmlns=\"http:\/\/www.w3.org\/2000\/svg\" width=\"16\" height=\"17\" viewBox=\"0 0 16 17\" fill=\"none\"><path fill-rule=\"evenodd\" clip-rule=\"evenodd\" d=\"M7.19995 16.5V0.5H8.79995V16.5H7.19995Z\" fill=\"#3D3D3D\"><\/path><path fill-rule=\"evenodd\" clip-rule=\"evenodd\" d=\"M-2.08616e-07 7.69995L16 7.69995L16 9.29995L-2.78554e-07 9.29995L-2.08616e-07 7.69995Z\" fill=\"#3D3D3D\"><\/path><\/svg>                                    <\/div>\n\n                                    <div class=\"ekit_accordion_active_icon\">\n                                        <!-- Active Icon -->\n\t\t\t\t\t\t\t\t\t\t<svg xmlns=\"http:\/\/www.w3.org\/2000\/svg\" width=\"16\" height=\"3\" viewBox=\"0 0 16 3\" fill=\"none\"><path fill-rule=\"evenodd\" clip-rule=\"evenodd\" d=\"M-2.08616e-07 0.499999L16 0.5L16 2.5L-2.78554e-07 2.5L-2.08616e-07 0.499999Z\" fill=\"#675AFE\"><\/path><\/svg>                                    <\/div>\n                                <\/div>\n\n                            \n                                                    <\/a>\n                    <\/div>\n\n                    <div id=\"Collapse-c29457c69f2f2cad3dee\" class=\" collapse\" aria-labelledby=\"primaryHeading-2-efe5231\" data-parent=\"#accordion-69f2f2cad3dee\">\n\n                        <div class=\"elementskit-card-body ekit-accordion--content\">\n                            <p>Masivo = procesamiento fuera de l\u00ednea de listas completas. En tiempo real = control instant\u00e1neo al introducir datos en formularios. <\/p>\n                        <\/div>\n\n                    <\/div>\n\n                <\/div><!-- .elementskit-card END -->\n\n                \n                <div class=\"elementskit-card \">\n                    <div class=\"elementskit-card-header\" id=\"primaryHeading-3-efe5231\">\n                        <a href=\"#collapse-f0f54c169f2f2cad3dee\" class=\"ekit-accordion--toggler elementskit-btn-link collapsed\" data-ekit-toggle=\"collapse\" data-target=\"#Collapse-f0f54c169f2f2cad3dee\" aria-expanded=\"false\" aria-controls=\"Collapse-f0f54c169f2f2cad3dee\">\n                            \n                            <span class=\"ekit-accordion-title\">\u00bfLa herramienta elimina autom\u00e1ticamente los correos electr\u00f3nicos no v\u00e1lidos?<\/span>\n\n                            \n                                <div class=\"ekit_accordion_icon_group\">\n                                    <div class=\"ekit_accordion_normal_icon\">\n                                        <!-- Normal Icon -->\n\t\t\t\t\t\t\t\t\t\t<svg xmlns=\"http:\/\/www.w3.org\/2000\/svg\" width=\"16\" height=\"17\" viewBox=\"0 0 16 17\" fill=\"none\"><path fill-rule=\"evenodd\" clip-rule=\"evenodd\" d=\"M7.19995 16.5V0.5H8.79995V16.5H7.19995Z\" fill=\"#3D3D3D\"><\/path><path fill-rule=\"evenodd\" clip-rule=\"evenodd\" d=\"M-2.08616e-07 7.69995L16 7.69995L16 9.29995L-2.78554e-07 9.29995L-2.08616e-07 7.69995Z\" fill=\"#3D3D3D\"><\/path><\/svg>                                    <\/div>\n\n                                    <div class=\"ekit_accordion_active_icon\">\n                                        <!-- Active Icon -->\n\t\t\t\t\t\t\t\t\t\t<svg xmlns=\"http:\/\/www.w3.org\/2000\/svg\" width=\"16\" height=\"3\" viewBox=\"0 0 16 3\" fill=\"none\"><path fill-rule=\"evenodd\" clip-rule=\"evenodd\" d=\"M-2.08616e-07 0.499999L16 0.5L16 2.5L-2.78554e-07 2.5L-2.08616e-07 0.499999Z\" fill=\"#675AFE\"><\/path><\/svg>                                    <\/div>\n                                <\/div>\n\n                            \n                                                    <\/a>\n                    <\/div>\n\n                    <div id=\"Collapse-f0f54c169f2f2cad3dee\" class=\" collapse\" aria-labelledby=\"primaryHeading-3-efe5231\" data-parent=\"#accordion-69f2f2cad3dee\">\n\n                        <div class=\"elementskit-card-body ekit-accordion--content\">\n                            <p>No, proporciona un informe detallado, pero conservas el control total sobre las acciones a realizar en tu base.<\/p>\n                        <\/div>\n\n                    <\/div>\n\n                <\/div><!-- .elementskit-card END -->\n\n                                        <\/div>\n    <\/div>\t\t\t\t<\/div>\n\t\t\t\t<\/div>\n\t\t\t\t\t<\/div>\n\t\t\t\t<\/div>\n\t\t\t\t<\/div>\n\t\t","protected":false},"excerpt":{"rendered":"<p>\u00bfTus correos electr\u00f3nicos acaban en el spam? Con CaptainVerify, puedes limpiar autom\u00e1ticamente tus listas de contactos y mejorar significativamente tus tasas de apertura para conseguir campa\u00f1as m\u00e1s eficaces. <\/p>\n<ul>\n<li>Limpieza por correo electr\u00f3nico<\/li>\n<li>Campa\u00f1a por correo electr\u00f3nico<\/li>\n<li>Correos electr\u00f3nicos temporales<\/li>\n<li>Protecci\u00f3n de datos<\/li>\n<\/ul>\n","protected":false},"featured_media":37178,"comment_status":"closed","ping_status":"closed","template":"","meta":{"_acf_changed":false,"_glsr_average":0,"_glsr_ranking":0,"_glsr_reviews":0},"product_brand":[],"product_cat":[27],"product_tag":[],"class_list":{"0":"post-37180","1":"product","2":"type-product","3":"status-publish","4":"has-post-thumbnail","6":"product_cat-meilleurs-outils-gestion-tpe-pme-comparatif","8":"first","9":"instock","10":"shipping-taxable","11":"product-type-external"},"acf":[],"_links":{"self":[{"href":"https:\/\/boostgrowb.com\/es\/wp-json\/wp\/v2\/product\/37180","targetHints":{"allow":["GET"]}}],"collection":[{"href":"https:\/\/boostgrowb.com\/es\/wp-json\/wp\/v2\/product"}],"about":[{"href":"https:\/\/boostgrowb.com\/es\/wp-json\/wp\/v2\/types\/product"}],"replies":[{"embeddable":true,"href":"https:\/\/boostgrowb.com\/es\/wp-json\/wp\/v2\/comments?post=37180"}],"version-history":[{"count":0,"href":"https:\/\/boostgrowb.com\/es\/wp-json\/wp\/v2\/product\/37180\/revisions"}],"wp:featuredmedia":[{"embeddable":true,"href":"https:\/\/boostgrowb.com\/es\/wp-json\/wp\/v2\/media\/37178"}],"wp:attachment":[{"href":"https:\/\/boostgrowb.com\/es\/wp-json\/wp\/v2\/media?parent=37180"}],"wp:term":[{"taxonomy":"product_brand","embeddable":true,"href":"https:\/\/boostgrowb.com\/es\/wp-json\/wp\/v2\/product_brand?post=37180"},{"taxonomy":"product_cat","embeddable":true,"href":"https:\/\/boostgrowb.com\/es\/wp-json\/wp\/v2\/product_cat?post=37180"},{"taxonomy":"product_tag","embeddable":true,"href":"https:\/\/boostgrowb.com\/es\/wp-json\/wp\/v2\/product_tag?post=37180"}],"curies":[{"name":"wp","href":"https:\/\/api.w.org\/{rel}","templated":true}]}}