{"id":38309,"date":"2025-09-15T17:15:23","date_gmt":"2025-09-15T17:15:23","guid":{"rendered":"https:\/\/boostgrowb.com\/software\/chatgpt\/"},"modified":"2025-09-23T10:09:28","modified_gmt":"2025-09-23T10:09:28","slug":"chatgpt","status":"publish","type":"product","link":"https:\/\/boostgrowb.com\/es\/software\/chatgpt\/","title":{"rendered":"ChatGPT"},"content":{"rendered":"\t\t<div data-elementor-type=\"product-post\" data-elementor-id=\"38309\" class=\"elementor elementor-38309 elementor-38307\" data-elementor-post-type=\"product\">\n\t\t\t\t<div class=\"elementor-element elementor-element-43de203 e-flex e-con-boxed wpr-particle-no wpr-jarallax-no wpr-parallax-no wpr-sticky-section-no e-con e-parent\" data-id=\"43de203\" data-element_type=\"container\" data-e-type=\"container\">\n\t\t\t\t\t<div class=\"e-con-inner\">\n\t\t\t\t<div class=\"elementor-element elementor-element-8ab19ac elementor-widget elementor-widget-heading\" data-id=\"8ab19ac\" data-element_type=\"widget\" data-e-type=\"widget\" data-widget_type=\"heading.default\">\n\t\t\t\t<div class=\"elementor-widget-container\">\n\t\t\t\t\t<h2 class=\"elementor-heading-title elementor-size-default\">\u00bfQu\u00e9 es ChatGPT?<\/h2>\t\t\t\t<\/div>\n\t\t\t\t<\/div>\n\t\t\t\t<div class=\"elementor-element elementor-element-b00e355 elementor-widget elementor-widget-text-editor\" data-id=\"b00e355\" data-element_type=\"widget\" data-e-type=\"widget\" data-widget_type=\"text-editor.default\">\n\t\t\t\t<div class=\"elementor-widget-container\">\n\t\t\t\t\t\t\t\t\t<p data-start=\"320\" data-end=\"687\"><strong data-start=\"320\" data-end=\"331\">ChatGPT<\/strong> es un modelo ling\u00fc\u00edstico basado en inteligencia artificial, desarrollado por <strong data-start=\"409\" data-end=\"419\">OpenAI<\/strong>, que puede generar texto y conversar de forma natural con un usuario. M\u00e1s que un simple chatbot, act\u00faa como un <strong data-start=\"564\" data-end=\"596\">asistente virtual<\/strong> realmente <strong data-start=\"564\" data-end=\"596\">vers\u00e1til<\/strong>, capaz de escribir, explicar, resumir, traducir y proponer ideas creativas. <\/p><p data-start=\"689\" data-end=\"1034\">Su principal fuerza reside en su capacidad para comprender el lenguaje humano y proporcionar respuestas contextualizadas, relevantes y f\u00e1ciles de usar. Ya sea para escribir contenidos, automatizar tareas o apoyar el aprendizaje, ChatGPT es ahora una de las herramientas de IA m\u00e1s utilizadas en el mundo. <\/p>\t\t\t\t\t\t\t\t<\/div>\n\t\t\t\t<\/div>\n\t\t\t\t<div class=\"elementor-element elementor-element-ece05c2 elementor-widget elementor-widget-heading\" data-id=\"ece05c2\" data-element_type=\"widget\" data-e-type=\"widget\" data-widget_type=\"heading.default\">\n\t\t\t\t<div class=\"elementor-widget-container\">\n\t\t\t\t\t<h2 class=\"elementor-heading-title elementor-size-default\">Caracter\u00edsticas principales de ChatGPT<\/h2>\t\t\t\t<\/div>\n\t\t\t\t<\/div>\n\t\t\t\t<div class=\"elementor-element elementor-element-61cd668 elementor-widget elementor-widget-text-editor\" data-id=\"61cd668\" data-element_type=\"widget\" data-e-type=\"widget\" data-widget_type=\"text-editor.default\">\n\t\t\t\t<div class=\"elementor-widget-container\">\n\t\t\t\t\t\t\t\t\t<ul><li data-start=\"1090\" data-end=\"1210\"><p data-start=\"1092\" data-end=\"1210\"><strong data-start=\"1092\" data-end=\"1117\">Redacci\u00f3n de contenidos<\/strong>: art\u00edculos de blog, correos electr\u00f3nicos, publicaciones en redes sociales, guiones de v\u00eddeo, fichas de producto, etc.<\/p><\/li><li data-start=\"1211\" data-end=\"1344\"><p data-start=\"1213\" data-end=\"1344\"><strong data-start=\"1213\" data-end=\"1243\">Asistencia profesional<\/strong>: generar res\u00famenes, redactar informes, ayudar en la comunicaci\u00f3n con el cliente o en la asistencia interna.<\/p><\/li><li data-start=\"1345\" data-end=\"1462\"><p data-start=\"1347\" data-end=\"1462\"><strong data-start=\"1347\" data-end=\"1377\">Aprendizaje y formaci\u00f3n<\/strong>: explicaciones did\u00e1cticas, ayuda con los deberes, divulgaci\u00f3n de conceptos complejos.<\/p><\/li><li data-start=\"1463\" data-end=\"1596\"><p data-start=\"1465\" data-end=\"1596\"><strong data-start=\"1465\" data-end=\"1496\">Creatividad y lluvia de<\/strong> ideas: generar ideas para proyectos, proponer esl\u00f3ganes, escenarios o campa\u00f1as de marketing.<\/p><\/li><li data-start=\"1597\" data-end=\"1694\"><p data-start=\"1599\" data-end=\"1694\"><strong data-start=\"1599\" data-end=\"1625\">Traducci\u00f3n multiling\u00fce<\/strong>: comprender y producir textos en varias lenguas.<\/p><\/li><li data-start=\"1695\" data-end=\"1830\"><p data-start=\"1697\" data-end=\"1830\"><strong data-start=\"1697\" data-end=\"1731\">Automatizaci\u00f3n e integraci\u00f3n<\/strong>: puede integrarse con herramientas de terceros mediante API para agilizar los procesos empresariales.<\/p><\/li><\/ul>\t\t\t\t\t\t\t\t<\/div>\n\t\t\t\t<\/div>\n\t\t\t\t<div class=\"elementor-element elementor-element-f335cf1 elementor-widget elementor-widget-heading\" data-id=\"f335cf1\" data-element_type=\"widget\" data-e-type=\"widget\" data-widget_type=\"heading.default\">\n\t\t\t\t<div class=\"elementor-widget-container\">\n\t\t\t\t\t<h2 class=\"elementor-heading-title elementor-size-default\">\u00bfC\u00f3mo utilizo ChatGPT eficazmente?<\/h2>\t\t\t\t<\/div>\n\t\t\t\t<\/div>\n\t\t\t\t<div class=\"elementor-element elementor-element-e11d9be elementor-widget elementor-widget-text-editor\" data-id=\"e11d9be\" data-element_type=\"widget\" data-e-type=\"widget\" data-widget_type=\"text-editor.default\">\n\t\t\t\t<div class=\"elementor-widget-container\">\n\t\t\t\t\t\t\t\t\t<p data-start=\"1883\" data-end=\"2120\">Para sacar el m\u00e1ximo partido de ChatGPT, es esencial formular tus peticiones con claridad y precisi\u00f3n. Cuanto m\u00e1s contexto proporciones (objetivos, tono deseado, p\u00fablico destinatario), m\u00e1s pertinentes ser\u00e1n las respuestas de la IA. <\/p><p data-start=\"2122\" data-end=\"2149\">Las buenas pr\u00e1cticas implican :<\/p><ol data-start=\"2150\" data-end=\"2595\"><li data-start=\"2150\" data-end=\"2233\"><p data-start=\"2153\" data-end=\"2233\"><strong data-start=\"2153\" data-end=\"2177\">Define tus necesidades<\/strong> (redacci\u00f3n, resumen, idea creativa, traducci\u00f3n, etc.).<\/p><\/li><li data-start=\"2234\" data-end=\"2333\"><p data-start=\"2237\" data-end=\"2333\"><strong data-start=\"2237\" data-end=\"2268\">Estructura tus instrucciones<\/strong> con indicaciones precisas (n\u00famero de palabras, estilo, ejemplos).<\/p><\/li><li data-start=\"2334\" data-end=\"2453\"><p data-start=\"2337\" data-end=\"2453\"><strong data-start=\"2337\" data-end=\"2372\">Comprueba y adapta los resultados<\/strong> para mantener un toque humano y garantizar la exactitud de la informaci\u00f3n.<\/p><\/li><li data-start=\"2454\" data-end=\"2595\"><p data-start=\"2457\" data-end=\"2595\"><strong data-start=\"2457\" data-end=\"2484\">Aprovecha la repetici\u00f3n<\/strong>: si la primera respuesta no es perfecta, puedes pedir que la reformulen o ampl\u00eden.<\/p><\/li><\/ol><p data-start=\"2597\" data-end=\"2777\">ChatGPT es una <strong data-start=\"2612\" data-end=\"2634\">herramienta de apoyo<\/strong>, no un sustituto completo: proporciona una base s\u00f3lida, pero es el usuario quien aporta la personalizaci\u00f3n y el valor a\u00f1adido final.<\/p>\t\t\t\t\t\t\t\t<\/div>\n\t\t\t\t<\/div>\n\t\t\t\t<div class=\"elementor-element elementor-element-9c27465 elementor-widget elementor-widget-heading\" data-id=\"9c27465\" data-element_type=\"widget\" data-e-type=\"widget\" data-widget_type=\"heading.default\">\n\t\t\t\t<div class=\"elementor-widget-container\">\n\t\t\t\t\t<h2 class=\"elementor-heading-title elementor-size-default\">\u00bfCu\u00e1les son las ventajas de ChatGPT?<\/h2>\t\t\t\t<\/div>\n\t\t\t\t<\/div>\n\t\t\t\t<div class=\"elementor-element elementor-element-eb670a3 elementor-widget elementor-widget-text-editor\" data-id=\"eb670a3\" data-element_type=\"widget\" data-e-type=\"widget\" data-widget_type=\"text-editor.default\">\n\t\t\t\t<div class=\"elementor-widget-container\">\n\t\t\t\t\t\t\t\t\t<p data-start=\"2828\" data-end=\"3165\">ChatGPT impresiona por su <strong data-start=\"2850\" data-end=\"2896\">versatilidad y facilidad de uso<\/strong>. Ahorra tiempo en tareas laboriosas, estimula la creatividad y hace m\u00e1s fluido el acceso a la informaci\u00f3n. La herramienta puede adaptarse tanto para uso profesional como personal, e integrarse en una gran variedad de contextos.  <\/p><p data-start=\"3167\" data-end=\"3549\">Su accesibilidad es otra gran ventaja: no requiere conocimientos t\u00e9cnicos y puede utilizarse desde un navegador o una aplicaci\u00f3n m\u00f3vil. Por \u00faltimo, su capacidad para comprender diferentes contextos y expresarse en varios idiomas lo convierte en un compa\u00f1ero esencial para aut\u00f3nomos, equipos de marketing, estudiantes y empresas internacionales. <\/p>\t\t\t\t\t\t\t\t<\/div>\n\t\t\t\t<\/div>\n\t\t\t\t<div class=\"elementor-element elementor-element-814cf32 elementor-widget elementor-widget-heading\" data-id=\"814cf32\" data-element_type=\"widget\" data-e-type=\"widget\" data-widget_type=\"heading.default\">\n\t\t\t\t<div class=\"elementor-widget-container\">\n\t\t\t\t\t<h2 class=\"elementor-heading-title elementor-size-default\">\u00bfPara qui\u00e9n es ChatGPT?<\/h2>\t\t\t\t<\/div>\n\t\t\t\t<\/div>\n\t\t\t\t<div class=\"elementor-element elementor-element-e72a670 elementor-widget elementor-widget-text-editor\" data-id=\"e72a670\" data-element_type=\"widget\" data-e-type=\"widget\" data-widget_type=\"text-editor.default\">\n\t\t\t\t<div class=\"elementor-widget-container\">\n\t\t\t\t\t\t\t\t\t<p data-start=\"3588\" data-end=\"3629\">ChatGPT se dirige a un p\u00fablico amplio:<\/p><ul data-start=\"3631\" data-end=\"4272\"><li data-start=\"3631\" data-end=\"3761\"><p data-start=\"3633\" data-end=\"3761\"><strong data-start=\"3633\" data-end=\"3664\">Empresarios y aut\u00f3nomos<\/strong> que quieren ahorrar tiempo creando contenidos y gestionando las tareas cotidianas.<\/p><\/li><li data-start=\"3762\" data-end=\"3894\"><p data-start=\"3764\" data-end=\"3894\"><strong data-start=\"3764\" data-end=\"3802\">Los equipos de marketing y comunicaci\u00f3n<\/strong> buscan un asistente para producir campa\u00f1as y aportar ideas creativas.<\/p><\/li><li data-start=\"3895\" data-end=\"4010\"><p data-start=\"3897\" data-end=\"4010\"><strong data-start=\"3897\" data-end=\"3924\">Estudiantes y formadores<\/strong> que utilizan la herramienta para explicar, simplificar o traducir conceptos complejos.<\/p><\/li><li data-start=\"4011\" data-end=\"4160\"><p data-start=\"4013\" data-end=\"4160\"><strong data-start=\"4013\" data-end=\"4028\">Empresas<\/strong> que integran ChatGPT mediante API para mejorar sus servicios de atenci\u00f3n al cliente, automatizar procesos o mejorar sus herramientas internas.<\/p><\/li><li data-start=\"4161\" data-end=\"4272\"><p data-start=\"4163\" data-end=\"4272\"><strong data-start=\"4163\" data-end=\"4186\">Creativos y autores<\/strong> que lo utilizan como compa\u00f1ero de lluvia de ideas o para desbloquear la inspiraci\u00f3n.<\/p><\/li><\/ul>\t\t\t\t\t\t\t\t<\/div>\n\t\t\t\t<\/div>\n\t\t\t\t\t<\/div>\n\t\t\t\t<\/div>\n\t\t\t\t<\/div>\n\t\t","protected":false},"excerpt":{"rendered":"<p>\u00bfQu\u00e9 es ChatGPT? ChatGPT es un modelo ling\u00fc\u00edstico basado en inteligencia artificial, desarrollado por OpenAI, que puede generar texto y conversar de forma natural con un usuario. M\u00e1s que un simple chatbot, act\u00faa como un asistente virtual realmente vers\u00e1til, capaz de escribir, explicar, resumir, traducir y proponer ideas creativas. Su principal fuerza reside en su capacidad para comprender el lenguaje humano y proporcionar respuestas contextualizadas, relevantes y f\u00e1ciles de usar. Ya sea para escribir contenidos, automatizar tareas o apoyar el aprendizaje, ChatGPT es ahora una de las herramientas de IA m\u00e1s utilizadas en el mundo. Caracter\u00edsticas principales de ChatGPT Redacci\u00f3n de contenidos: art\u00edculos de blog, correos electr\u00f3nicos, publicaciones en redes sociales, guiones de v\u00eddeo, fichas de producto, etc. Asistencia profesional: generar res\u00famenes, redactar informes, ayudar en la comunicaci\u00f3n con el cliente o en la asistencia interna. Aprendizaje y formaci\u00f3n: explicaciones did\u00e1cticas, ayuda con los deberes, divulgaci\u00f3n de conceptos complejos. Creatividad y lluvia de ideas: generar ideas para proyectos, proponer esl\u00f3ganes, escenarios o campa\u00f1as de marketing. Traducci\u00f3n multiling\u00fce: comprender y producir textos en varias lenguas. Automatizaci\u00f3n e integraci\u00f3n: puede integrarse con herramientas de terceros mediante API para agilizar los procesos empresariales. \u00bfC\u00f3mo utilizo ChatGPT eficazmente? Para sacar el m\u00e1ximo partido de ChatGPT, es esencial formular tus peticiones con claridad y precisi\u00f3n. Cuanto m\u00e1s contexto proporciones (objetivos, tono deseado, p\u00fablico destinatario), m\u00e1s pertinentes ser\u00e1n las respuestas de la IA. Las buenas pr\u00e1cticas implican : Define tus necesidades (redacci\u00f3n, resumen, idea creativa, traducci\u00f3n, etc.). Estructura tus instrucciones con indicaciones precisas (n\u00famero de palabras, estilo, ejemplos). Comprueba y adapta los resultados para mantener un toque humano y garantizar la exactitud de la informaci\u00f3n. Aprovecha la repetici\u00f3n: si la primera respuesta no es perfecta, puedes pedir que la reformulen o ampl\u00eden. ChatGPT es una herramienta de apoyo, no un sustituto completo: proporciona una base s\u00f3lida, pero es el usuario quien aporta la personalizaci\u00f3n y el valor a\u00f1adido final. \u00bfCu\u00e1les son las ventajas de ChatGPT? ChatGPT impresiona por su versatilidad y facilidad de uso. Ahorra tiempo en tareas laboriosas, estimula la creatividad y hace m\u00e1s fluido el acceso a la informaci\u00f3n. La herramienta puede adaptarse tanto para uso profesional como personal, e integrarse en una gran variedad de contextos. Su accesibilidad es otra gran ventaja: no requiere conocimientos t\u00e9cnicos y puede utilizarse desde un navegador o una aplicaci\u00f3n m\u00f3vil. Por \u00faltimo, su capacidad para comprender diferentes contextos y expresarse en varios idiomas lo convierte en un compa\u00f1ero esencial para aut\u00f3nomos, equipos de marketing, estudiantes y empresas internacionales. \u00bfPara qui\u00e9n es ChatGPT? ChatGPT se dirige a un p\u00fablico amplio: Empresarios y aut\u00f3nomos que quieren ahorrar tiempo creando contenidos y gestionando las tareas cotidianas. Los equipos de marketing y comunicaci\u00f3n buscan un asistente para producir campa\u00f1as y aportar ideas creativas. Estudiantes y formadores que utilizan la herramienta para explicar, simplificar o traducir conceptos complejos. Empresas que integran ChatGPT mediante API para mejorar sus servicios de atenci\u00f3n al cliente, automatizar procesos o mejorar sus herramientas internas. Creativos y autores que lo utilizan como compa\u00f1ero de lluvia de ideas o para desbloquear la inspiraci\u00f3n.<\/p>\n","protected":false},"featured_media":30793,"comment_status":"closed","ping_status":"closed","template":"","meta":{"_acf_changed":false,"_glsr_average":0,"_glsr_ranking":0,"_glsr_reviews":0},"product_brand":[],"product_cat":[7060,7064,7057],"product_tag":[],"class_list":{"0":"post-38309","1":"product","2":"type-product","3":"status-publish","4":"has-post-thumbnail","6":"product_cat-chatgpt-es","7":"product_cat-deepseek-es","8":"product_cat-modelos-de-ia","10":"first","11":"instock","12":"shipping-taxable","13":"product-type-external"},"acf":[],"_links":{"self":[{"href":"https:\/\/boostgrowb.com\/es\/wp-json\/wp\/v2\/product\/38309","targetHints":{"allow":["GET"]}}],"collection":[{"href":"https:\/\/boostgrowb.com\/es\/wp-json\/wp\/v2\/product"}],"about":[{"href":"https:\/\/boostgrowb.com\/es\/wp-json\/wp\/v2\/types\/product"}],"replies":[{"embeddable":true,"href":"https:\/\/boostgrowb.com\/es\/wp-json\/wp\/v2\/comments?post=38309"}],"version-history":[{"count":0,"href":"https:\/\/boostgrowb.com\/es\/wp-json\/wp\/v2\/product\/38309\/revisions"}],"wp:featuredmedia":[{"embeddable":true,"href":"https:\/\/boostgrowb.com\/es\/wp-json\/wp\/v2\/media\/30793"}],"wp:attachment":[{"href":"https:\/\/boostgrowb.com\/es\/wp-json\/wp\/v2\/media?parent=38309"}],"wp:term":[{"taxonomy":"product_brand","embeddable":true,"href":"https:\/\/boostgrowb.com\/es\/wp-json\/wp\/v2\/product_brand?post=38309"},{"taxonomy":"product_cat","embeddable":true,"href":"https:\/\/boostgrowb.com\/es\/wp-json\/wp\/v2\/product_cat?post=38309"},{"taxonomy":"product_tag","embeddable":true,"href":"https:\/\/boostgrowb.com\/es\/wp-json\/wp\/v2\/product_tag?post=38309"}],"curies":[{"name":"wp","href":"https:\/\/api.w.org\/{rel}","templated":true}]}}