{"id":38359,"date":"2025-09-15T19:11:26","date_gmt":"2025-09-15T19:11:26","guid":{"rendered":"https:\/\/boostgrowb.com\/software\/perplejidad-ia\/"},"modified":"2025-09-23T09:49:45","modified_gmt":"2025-09-23T09:49:45","slug":"perplejidad-ia","status":"publish","type":"product","link":"https:\/\/boostgrowb.com\/es\/software\/perplejidad-ia\/","title":{"rendered":"Perplejidad IA"},"content":{"rendered":"\t\t<div data-elementor-type=\"product-post\" data-elementor-id=\"38359\" class=\"elementor elementor-38359 elementor-38352\" data-elementor-post-type=\"product\">\n\t\t\t\t<div class=\"elementor-element elementor-element-648f732 e-flex e-con-boxed wpr-particle-no wpr-jarallax-no wpr-parallax-no wpr-sticky-section-no e-con e-parent\" data-id=\"648f732\" data-element_type=\"container\" data-e-type=\"container\">\n\t\t\t\t\t<div class=\"e-con-inner\">\n\t\t\t\t<div class=\"elementor-element elementor-element-cf9018b elementor-widget elementor-widget-heading\" data-id=\"cf9018b\" data-element_type=\"widget\" data-e-type=\"widget\" data-widget_type=\"heading.default\">\n\t\t\t\t<div class=\"elementor-widget-container\">\n\t\t\t\t\t<h2 class=\"elementor-heading-title elementor-size-default\">\u00bfQu\u00e9 es la IA de Perplejidad?<\/h2>\t\t\t\t<\/div>\n\t\t\t\t<\/div>\n\t\t\t\t<div class=\"elementor-element elementor-element-823033e elementor-widget elementor-widget-text-editor\" data-id=\"823033e\" data-element_type=\"widget\" data-e-type=\"widget\" data-widget_type=\"text-editor.default\">\n\t\t\t\t<div class=\"elementor-widget-container\">\n\t\t\t\t\t\t\t\t\t<p data-start=\"329\" data-end=\"725\"><strong data-start=\"329\" data-end=\"346\">Perplexity AI<\/strong> es una herramienta de inteligencia artificial que combina los puntos fuertes de un motor de b\u00fasqueda y un asistente conversacional. A diferencia de Google, que proporciona una lista de enlaces, Perplexity ofrece directamente respuestas claras, sint\u00e9ticas y con fuentes. El usuario obtiene as\u00ed informaci\u00f3n fiable, al tiempo que puede explorar las fuentes originales.  <\/p><p data-start=\"727\" data-end=\"1010\">Dise\u00f1ado para hacer m\u00e1s intuitiva la investigaci\u00f3n, Perplexity destaca por su <strong data-start=\"805\" data-end=\"821\">transparencia<\/strong>: cada respuesta va acompa\u00f1ada de referencias precisas, lo que lo convierte en una herramienta ideal para comprobar r\u00e1pidamente la informaci\u00f3n, profundizar en un tema o agilizar el seguimiento de documentos.<\/p>\t\t\t\t\t\t\t\t<\/div>\n\t\t\t\t<\/div>\n\t\t\t\t<div class=\"elementor-element elementor-element-9dada3d elementor-widget elementor-widget-heading\" data-id=\"9dada3d\" data-element_type=\"widget\" data-e-type=\"widget\" data-widget_type=\"heading.default\">\n\t\t\t\t<div class=\"elementor-widget-container\">\n\t\t\t\t\t<h2 class=\"elementor-heading-title elementor-size-default\">Principales caracter\u00edsticas de la IA Perplejidad<\/h2>\t\t\t\t<\/div>\n\t\t\t\t<\/div>\n\t\t\t\t<div class=\"elementor-element elementor-element-20f92bc elementor-widget elementor-widget-text-editor\" data-id=\"20f92bc\" data-element_type=\"widget\" data-e-type=\"widget\" data-widget_type=\"text-editor.default\">\n\t\t\t\t<div class=\"elementor-widget-container\">\n\t\t\t\t\t\t\t\t\t<ul><li data-start=\"1072\" data-end=\"1192\"><p data-start=\"1074\" data-end=\"1192\"><strong data-start=\"1074\" data-end=\"1109\">Respuestas con<\/strong> fuentes <strong data-start=\"1074\" data-end=\"1109\">en tiempo real<\/strong>: cada respuesta va acompa\u00f1ada de enlaces clicables a las fuentes utilizadas.<\/p><\/li><li data-start=\"1193\" data-end=\"1341\"><p data-start=\"1195\" data-end=\"1341\"><strong data-start=\"1195\" data-end=\"1226\">B\u00fasqueda conversacional<\/strong>: formula tus preguntas en lenguaje natural y obt\u00e9n respuestas completas, estructuradas y f\u00e1ciles de entender.<\/p><\/li><li data-start=\"1342\" data-end=\"1473\"><p data-start=\"1344\" data-end=\"1473\"><strong data-start=\"1344\" data-end=\"1372\">Exploraci\u00f3n contextual<\/strong>: la herramienta sugiere preguntas relacionadas para ayudarte a profundizar en un tema o ampliar tu investigaci\u00f3n.<\/p><\/li><li data-start=\"1474\" data-end=\"1612\"><p data-start=\"1476\" data-end=\"1612\"><strong data-start=\"1476\" data-end=\"1494\">Multisoporte<\/strong>: disponible en la web, en el m\u00f3vil e incluso como extensi\u00f3n del navegador para que la b\u00fasqueda forme parte de tu vida cotidiana.<\/p><\/li><li data-start=\"1613\" data-end=\"1777\"><p data-start=\"1615\" data-end=\"1777\"><strong data-start=\"1615\" data-end=\"1641\">Modo Copiloto (premium)<\/strong>: permite b\u00fasquedas m\u00e1s avanzadas, res\u00famenes detallados y contextualizaci\u00f3n avanzada.<\/p><\/li><li data-start=\"1778\" data-end=\"1917\"><p data-start=\"1780\" data-end=\"1917\"><strong data-start=\"1780\" data-end=\"1810\">Actualizaciones en tiempo real<\/strong>: a diferencia de algunos modelos de IA congelados, Perplexity se basa en datos en l\u00ednea actualizados.<\/p><\/li><\/ul>\t\t\t\t\t\t\t\t<\/div>\n\t\t\t\t<\/div>\n\t\t\t\t<div class=\"elementor-element elementor-element-bc65f3a elementor-widget elementor-widget-heading\" data-id=\"bc65f3a\" data-element_type=\"widget\" data-e-type=\"widget\" data-widget_type=\"heading.default\">\n\t\t\t\t<div class=\"elementor-widget-container\">\n\t\t\t\t\t<h2 class=\"elementor-heading-title elementor-size-default\">C\u00f3mo utilizar eficazmente la IA Perplejidad<\/h2>\t\t\t\t<\/div>\n\t\t\t\t<\/div>\n\t\t\t\t<div class=\"elementor-element elementor-element-5928ed1 elementor-widget elementor-widget-text-editor\" data-id=\"5928ed1\" data-element_type=\"widget\" data-e-type=\"widget\" data-widget_type=\"text-editor.default\">\n\t\t\t\t<div class=\"elementor-widget-container\">\n\t\t\t\t\t\t\t\t\t<p data-start=\"1976\" data-end=\"2280\">Para sacar el m\u00e1ximo partido a Perplexity, formula tus consultas en lenguaje natural, como si estuvieras haciendo una pregunta a un experto. Por ejemplo, podr\u00edas preguntar: <em data-start=\"2143\" data-end=\"2201\">\u00ab\u00bfCu\u00e1les son las ventajas del teletrabajo para las pymes?\u00bb<\/em> o <em data-start=\"2205\" data-end=\"2277\">\u00abHazme un resumen de las \u00faltimas tendencias en ciberseguridad en 2025\u00bb.<\/em> <\/p><p data-start=\"2282\" data-end=\"2579\">A continuaci\u00f3n, explora las <strong data-start=\"2304\" data-end=\"2325\">fuentes sugeridas<\/strong>: esto te permitir\u00e1 no s\u00f3lo comprobar la fiabilidad de la informaci\u00f3n, sino tambi\u00e9n entrar en m\u00e1s detalles si es necesario. Utiliza las <strong data-start=\"2464\" data-end=\"2501\">sugerencias de preguntas relacionadas<\/strong> para enriquecer tu investigaci\u00f3n y obtener una visi\u00f3n m\u00e1s completa del tema. <\/p><p data-start=\"2581\" data-end=\"2775\">Por \u00faltimo, si necesitas an\u00e1lisis m\u00e1s profundos o b\u00fasquedas m\u00e1s largas, el <strong data-start=\"2662\" data-end=\"2678\">modo Copiloto<\/strong> es especialmente \u00fatil para obtener respuestas a\u00fan m\u00e1s detalladas y personalizadas.<\/p>\t\t\t\t\t\t\t\t<\/div>\n\t\t\t\t<\/div>\n\t\t\t\t<div class=\"elementor-element elementor-element-e7a3944 elementor-widget elementor-widget-heading\" data-id=\"e7a3944\" data-element_type=\"widget\" data-e-type=\"widget\" data-widget_type=\"heading.default\">\n\t\t\t\t<div class=\"elementor-widget-container\">\n\t\t\t\t\t<h2 class=\"elementor-heading-title elementor-size-default\">\u00bfCu\u00e1les son las ventajas de la IA Perplejidad?<\/h2>\t\t\t\t<\/div>\n\t\t\t\t<\/div>\n\t\t\t\t<div class=\"elementor-element elementor-element-0cdb5ed elementor-widget elementor-widget-text-editor\" data-id=\"0cdb5ed\" data-element_type=\"widget\" data-e-type=\"widget\" data-widget_type=\"text-editor.default\">\n\t\t\t\t<div class=\"elementor-widget-container\">\n\t\t\t\t\t\t\t\t\t<p data-start=\"2832\" data-end=\"3150\">La principal ventaja de Perplexity es su <strong data-start=\"2874\" data-end=\"2932\">capacidad para ofrecer respuestas fiables y verificables<\/strong>, lo que la convierte en una alternativa m\u00e1s transparente que herramientas como ChatGPT. Ahorras tiempo al acceder directamente a res\u00famenes claros, sin dejar de poder consultar las fuentes originales. <\/p><p data-start=\"3152\" data-end=\"3457\">Perplexity tambi\u00e9n destaca por su <strong data-start=\"3193\" data-end=\"3221\">facilidad de uso<\/strong>: una interfaz \u00e1gil, respuestas instant\u00e1neas y la posibilidad de profundizar en tu investigaci\u00f3n sin esfuerzo. Para profesionales, investigadores, estudiantes o periodistas, es una herramienta que combina rapidez, eficacia y rigor. <\/p>\t\t\t\t\t\t\t\t<\/div>\n\t\t\t\t<\/div>\n\t\t\t\t<div class=\"elementor-element elementor-element-0744501 elementor-widget elementor-widget-heading\" data-id=\"0744501\" data-element_type=\"widget\" data-e-type=\"widget\" data-widget_type=\"heading.default\">\n\t\t\t\t<div class=\"elementor-widget-container\">\n\t\t\t\t\t<h2 class=\"elementor-heading-title elementor-size-default\">PREGUNTAS FRECUENTES<\/h2>\t\t\t\t<\/div>\n\t\t\t\t<\/div>\n\t\t\t\t\t<\/div>\n\t\t\t\t<\/div>\n\t\t<div class=\"elementor-element elementor-element-172d38f e-flex e-con-boxed wpr-particle-no wpr-jarallax-no wpr-parallax-no wpr-sticky-section-no e-con e-parent\" data-id=\"172d38f\" data-element_type=\"container\" data-e-type=\"container\">\n\t\t\t\t\t<div class=\"e-con-inner\">\n\t\t\t\t<div class=\"elementor-element elementor-element-2873906 elementor-widget elementor-widget-elementskit-accordion\" data-id=\"2873906\" data-element_type=\"widget\" data-e-type=\"widget\" data-widget_type=\"elementskit-accordion.default\">\n\t\t\t\t<div class=\"elementor-widget-container\">\n\t\t\t\t\t<div class=\"ekit-wid-con\" >\n        <div class=\"elementskit-accordion accoedion-primary\" id=\"accordion-69db75640a134\">\n\n            \n                <div class=\"elementskit-card \">\n                    <div class=\"elementskit-card-header\" id=\"primaryHeading-0-2873906\">\n                        <a href=\"#collapse-14514dc69db75640a134\" class=\"ekit-accordion--toggler elementskit-btn-link collapsed\" data-ekit-toggle=\"collapse\" data-target=\"#Collapse-14514dc69db75640a134\" aria-expanded=\"false\" aria-controls=\"Collapse-14514dc69db75640a134\">\n                            \n                            <span class=\"ekit-accordion-title\">\u00bfPerplexity AI es gratis?<\/span>\n\n                            \n                                <div class=\"ekit_accordion_icon_group\">\n                                    <div class=\"ekit_accordion_normal_icon\">\n                                        <!-- Normal Icon -->\n\t\t\t\t\t\t\t\t\t\t<svg xmlns=\"http:\/\/www.w3.org\/2000\/svg\" width=\"13\" height=\"13\" viewBox=\"0 0 13 13\" fill=\"none\"><path d=\"M7.34933 6.44364L11.9922 6.44364L11.9922 7.15792L7.34933 7.15792L6.84933 7.15792L6.84933 7.65792L6.84933 12.3008L6.13504 12.3008L6.13504 7.65792L6.13504 7.15792L5.63504 7.15792L0.992186 7.15792L0.992186 6.44364L5.63504 6.44364L6.13504 6.44364L6.13504 5.94364L6.13505 1.30078L6.84933 1.30078L6.84933 5.94364L6.84933 6.44364L7.34933 6.44364Z\" fill=\"black\" stroke=\"black\"><\/path><\/svg>                                    <\/div>\n\n                                    <div class=\"ekit_accordion_active_icon\">\n                                        <!-- Active Icon -->\n\t\t\t\t\t\t\t\t\t\t<svg xmlns=\"http:\/\/www.w3.org\/2000\/svg\" width=\"11\" height=\"11\" viewBox=\"0 0 11 11\" fill=\"none\"><path fill-rule=\"evenodd\" clip-rule=\"evenodd\" d=\"M10.9952 1.84873L9.78303 0.636549L5.93738 4.4822L2.30083 0.845651L1.01895 2.12753L4.6555 5.76408L0.809849 9.60973L2.02203 10.8219L5.86768 6.97627L9.50423 10.6128L10.7861 9.33093L7.14957 5.69438L10.9952 1.84873Z\" fill=\"#436CFF\"><\/path><\/svg>                                    <\/div>\n                                <\/div>\n\n                            \n                                                    <\/a>\n                    <\/div>\n\n                    <div id=\"Collapse-14514dc69db75640a134\" class=\" collapse\" aria-labelledby=\"primaryHeading-0-2873906\" data-parent=\"#accordion-69db75640a134\">\n\n                        <div class=\"elementskit-card-body ekit-accordion--content\">\n                            <p>S\u00ed, hay una versi\u00f3n gratuita con todas las funciones. Una versi\u00f3n premium (Copilot) ofrece b\u00fasquedas m\u00e1s avanzadas y an\u00e1lisis detallados. <\/p>\n                        <\/div>\n\n                    <\/div>\n\n                <\/div><!-- .elementskit-card END -->\n\n                \n                <div class=\"elementskit-card \">\n                    <div class=\"elementskit-card-header\" id=\"primaryHeading-1-2873906\">\n                        <a href=\"#collapse-35c8fe469db75640a134\" class=\"ekit-accordion--toggler elementskit-btn-link collapsed\" data-ekit-toggle=\"collapse\" data-target=\"#Collapse-35c8fe469db75640a134\" aria-expanded=\"false\" aria-controls=\"Collapse-35c8fe469db75640a134\">\n                            \n                            <span class=\"ekit-accordion-title\">\u00bfCu\u00e1l es la diferencia con ChatGPT?<\/span>\n\n                            \n                                <div class=\"ekit_accordion_icon_group\">\n                                    <div class=\"ekit_accordion_normal_icon\">\n                                        <!-- Normal Icon -->\n\t\t\t\t\t\t\t\t\t\t<svg xmlns=\"http:\/\/www.w3.org\/2000\/svg\" width=\"13\" height=\"13\" viewBox=\"0 0 13 13\" fill=\"none\"><path d=\"M7.34933 6.44364L11.9922 6.44364L11.9922 7.15792L7.34933 7.15792L6.84933 7.15792L6.84933 7.65792L6.84933 12.3008L6.13504 12.3008L6.13504 7.65792L6.13504 7.15792L5.63504 7.15792L0.992186 7.15792L0.992186 6.44364L5.63504 6.44364L6.13504 6.44364L6.13504 5.94364L6.13505 1.30078L6.84933 1.30078L6.84933 5.94364L6.84933 6.44364L7.34933 6.44364Z\" fill=\"black\" stroke=\"black\"><\/path><\/svg>                                    <\/div>\n\n                                    <div class=\"ekit_accordion_active_icon\">\n                                        <!-- Active Icon -->\n\t\t\t\t\t\t\t\t\t\t<svg xmlns=\"http:\/\/www.w3.org\/2000\/svg\" width=\"11\" height=\"11\" viewBox=\"0 0 11 11\" fill=\"none\"><path fill-rule=\"evenodd\" clip-rule=\"evenodd\" d=\"M10.9952 1.84873L9.78303 0.636549L5.93738 4.4822L2.30083 0.845651L1.01895 2.12753L4.6555 5.76408L0.809849 9.60973L2.02203 10.8219L5.86768 6.97627L9.50423 10.6128L10.7861 9.33093L7.14957 5.69438L10.9952 1.84873Z\" fill=\"#436CFF\"><\/path><\/svg>                                    <\/div>\n                                <\/div>\n\n                            \n                                                    <\/a>\n                    <\/div>\n\n                    <div id=\"Collapse-35c8fe469db75640a134\" class=\" collapse\" aria-labelledby=\"primaryHeading-1-2873906\" data-parent=\"#accordion-69db75640a134\">\n\n                        <div class=\"elementskit-card-body ekit-accordion--content\">\n                            <p>ChatGPT es un asistente conversacional basado en IA, pero no cita sistem\u00e1ticamente sus fuentes. Perplexity, en cambio, proporciona respuestas con fuentes en tiempo real, lo que lo hace m\u00e1s fiable para encontrar informaci\u00f3n. <\/p>\n                        <\/div>\n\n                    <\/div>\n\n                <\/div><!-- .elementskit-card END -->\n\n                \n                <div class=\"elementskit-card \">\n                    <div class=\"elementskit-card-header\" id=\"primaryHeading-2-2873906\">\n                        <a href=\"#collapse-c29457c69db75640a134\" class=\"ekit-accordion--toggler elementskit-btn-link collapsed\" data-ekit-toggle=\"collapse\" data-target=\"#Collapse-c29457c69db75640a134\" aria-expanded=\"false\" aria-controls=\"Collapse-c29457c69db75640a134\">\n                            \n                            <span class=\"ekit-accordion-title\">\u00bfEst\u00e1 disponible en el m\u00f3vil?<\/span>\n\n                            \n                                <div class=\"ekit_accordion_icon_group\">\n                                    <div class=\"ekit_accordion_normal_icon\">\n                                        <!-- Normal Icon -->\n\t\t\t\t\t\t\t\t\t\t<svg xmlns=\"http:\/\/www.w3.org\/2000\/svg\" width=\"13\" height=\"13\" viewBox=\"0 0 13 13\" fill=\"none\"><path d=\"M7.34933 6.44364L11.9922 6.44364L11.9922 7.15792L7.34933 7.15792L6.84933 7.15792L6.84933 7.65792L6.84933 12.3008L6.13504 12.3008L6.13504 7.65792L6.13504 7.15792L5.63504 7.15792L0.992186 7.15792L0.992186 6.44364L5.63504 6.44364L6.13504 6.44364L6.13504 5.94364L6.13505 1.30078L6.84933 1.30078L6.84933 5.94364L6.84933 6.44364L7.34933 6.44364Z\" fill=\"black\" stroke=\"black\"><\/path><\/svg>                                    <\/div>\n\n                                    <div class=\"ekit_accordion_active_icon\">\n                                        <!-- Active Icon -->\n\t\t\t\t\t\t\t\t\t\t<svg xmlns=\"http:\/\/www.w3.org\/2000\/svg\" width=\"11\" height=\"11\" viewBox=\"0 0 11 11\" fill=\"none\"><path fill-rule=\"evenodd\" clip-rule=\"evenodd\" d=\"M10.9952 1.84873L9.78303 0.636549L5.93738 4.4822L2.30083 0.845651L1.01895 2.12753L4.6555 5.76408L0.809849 9.60973L2.02203 10.8219L5.86768 6.97627L9.50423 10.6128L10.7861 9.33093L7.14957 5.69438L10.9952 1.84873Z\" fill=\"#436CFF\"><\/path><\/svg>                                    <\/div>\n                                <\/div>\n\n                            \n                                                    <\/a>\n                    <\/div>\n\n                    <div id=\"Collapse-c29457c69db75640a134\" class=\" collapse\" aria-labelledby=\"primaryHeading-2-2873906\" data-parent=\"#accordion-69db75640a134\">\n\n                        <div class=\"elementskit-card-body ekit-accordion--content\">\n                            <p>S\u00ed, hay disponible una aplicaci\u00f3n m\u00f3vil, as\u00ed como una extensi\u00f3n del navegador para simplificar el uso cotidiano.<\/p>\n                        <\/div>\n\n                    <\/div>\n\n                <\/div><!-- .elementskit-card END -->\n\n                \n                <div class=\"elementskit-card \">\n                    <div class=\"elementskit-card-header\" id=\"primaryHeading-3-2873906\">\n                        <a href=\"#collapse-f0f54c169db75640a134\" class=\"ekit-accordion--toggler elementskit-btn-link collapsed\" data-ekit-toggle=\"collapse\" data-target=\"#Collapse-f0f54c169db75640a134\" aria-expanded=\"false\" aria-controls=\"Collapse-f0f54c169db75640a134\">\n                            \n                            <span class=\"ekit-accordion-title\">\u00bfEs Perplexity adecuado para uso profesional?<\/span>\n\n                            \n                                <div class=\"ekit_accordion_icon_group\">\n                                    <div class=\"ekit_accordion_normal_icon\">\n                                        <!-- Normal Icon -->\n\t\t\t\t\t\t\t\t\t\t<svg xmlns=\"http:\/\/www.w3.org\/2000\/svg\" width=\"13\" height=\"13\" viewBox=\"0 0 13 13\" fill=\"none\"><path d=\"M7.34933 6.44364L11.9922 6.44364L11.9922 7.15792L7.34933 7.15792L6.84933 7.15792L6.84933 7.65792L6.84933 12.3008L6.13504 12.3008L6.13504 7.65792L6.13504 7.15792L5.63504 7.15792L0.992186 7.15792L0.992186 6.44364L5.63504 6.44364L6.13504 6.44364L6.13504 5.94364L6.13505 1.30078L6.84933 1.30078L6.84933 5.94364L6.84933 6.44364L7.34933 6.44364Z\" fill=\"black\" stroke=\"black\"><\/path><\/svg>                                    <\/div>\n\n                                    <div class=\"ekit_accordion_active_icon\">\n                                        <!-- Active Icon -->\n\t\t\t\t\t\t\t\t\t\t<svg xmlns=\"http:\/\/www.w3.org\/2000\/svg\" width=\"11\" height=\"11\" viewBox=\"0 0 11 11\" fill=\"none\"><path fill-rule=\"evenodd\" clip-rule=\"evenodd\" d=\"M10.9952 1.84873L9.78303 0.636549L5.93738 4.4822L2.30083 0.845651L1.01895 2.12753L4.6555 5.76408L0.809849 9.60973L2.02203 10.8219L5.86768 6.97627L9.50423 10.6128L10.7861 9.33093L7.14957 5.69438L10.9952 1.84873Z\" fill=\"#436CFF\"><\/path><\/svg>                                    <\/div>\n                                <\/div>\n\n                            \n                                                    <\/a>\n                    <\/div>\n\n                    <div id=\"Collapse-f0f54c169db75640a134\" class=\" collapse\" aria-labelledby=\"primaryHeading-3-2873906\" data-parent=\"#accordion-69db75640a134\">\n\n                        <div class=\"elementskit-card-body ekit-accordion--content\">\n                            <p>Absolutamente. Su rapidez, fiabilidad y transparencia la convierten en una herramienta inestimable para la inteligencia empresarial, la investigaci\u00f3n y la redacci\u00f3n. <\/p>\n                        <\/div>\n\n                    <\/div>\n\n                <\/div><!-- .elementskit-card END -->\n\n                                        <\/div>\n    <\/div>\t\t\t\t<\/div>\n\t\t\t\t<\/div>\n\t\t\t\t\t<\/div>\n\t\t\t\t<\/div>\n\t\t\t\t<\/div>\n\t\t","protected":false},"excerpt":{"rendered":"<p>\u00bfQu\u00e9 es la IA de Perplejidad? Perplexity AI es una herramienta de inteligencia artificial que combina los puntos fuertes de un motor de b\u00fasqueda y un asistente conversacional. A diferencia de Google, que proporciona una lista de enlaces, Perplexity ofrece directamente respuestas claras, sint\u00e9ticas y con fuentes. El usuario obtiene as\u00ed informaci\u00f3n fiable, al tiempo que puede explorar las fuentes originales. Dise\u00f1ado para hacer m\u00e1s intuitiva la investigaci\u00f3n, Perplexity destaca por su transparencia: cada respuesta va acompa\u00f1ada de referencias precisas, lo que lo convierte en una herramienta ideal para comprobar r\u00e1pidamente la informaci\u00f3n, profundizar en un tema o agilizar el seguimiento de documentos. Principales caracter\u00edsticas de la IA Perplejidad Respuestas con fuentes en tiempo real: cada respuesta va acompa\u00f1ada de enlaces clicables a las fuentes utilizadas. B\u00fasqueda conversacional: formula tus preguntas en lenguaje natural y obt\u00e9n respuestas completas, estructuradas y f\u00e1ciles de entender. Exploraci\u00f3n contextual: la herramienta sugiere preguntas relacionadas para ayudarte a profundizar en un tema o ampliar tu investigaci\u00f3n. Multisoporte: disponible en la web, en el m\u00f3vil e incluso como extensi\u00f3n del navegador para que la b\u00fasqueda forme parte de tu vida cotidiana. Modo Copiloto (premium): permite b\u00fasquedas m\u00e1s avanzadas, res\u00famenes detallados y contextualizaci\u00f3n avanzada. Actualizaciones en tiempo real: a diferencia de algunos modelos de IA congelados, Perplexity se basa en datos en l\u00ednea actualizados. C\u00f3mo utilizar eficazmente la IA Perplejidad Para sacar el m\u00e1ximo partido a Perplexity, formula tus consultas en lenguaje natural, como si estuvieras haciendo una pregunta a un experto. Por ejemplo, podr\u00edas preguntar: \u00ab\u00bfCu\u00e1les son las ventajas del teletrabajo para las pymes?\u00bb o \u00abHazme un resumen de las \u00faltimas tendencias en ciberseguridad en 2025\u00bb. A continuaci\u00f3n, explora las fuentes sugeridas: esto te permitir\u00e1 no s\u00f3lo comprobar la fiabilidad de la informaci\u00f3n, sino tambi\u00e9n entrar en m\u00e1s detalles si es necesario. Utiliza las sugerencias de preguntas relacionadas para enriquecer tu investigaci\u00f3n y obtener una visi\u00f3n m\u00e1s completa del tema. Por \u00faltimo, si necesitas an\u00e1lisis m\u00e1s profundos o b\u00fasquedas m\u00e1s largas, el modo Copiloto es especialmente \u00fatil para obtener respuestas a\u00fan m\u00e1s detalladas y personalizadas. \u00bfCu\u00e1les son las ventajas de la IA Perplejidad? La principal ventaja de Perplexity es su capacidad para ofrecer respuestas fiables y verificables, lo que la convierte en una alternativa m\u00e1s transparente que herramientas como ChatGPT. Ahorras tiempo al acceder directamente a res\u00famenes claros, sin dejar de poder consultar las fuentes originales. Perplexity tambi\u00e9n destaca por su facilidad de uso: una interfaz \u00e1gil, respuestas instant\u00e1neas y la posibilidad de profundizar en tu investigaci\u00f3n sin esfuerzo. Para profesionales, investigadores, estudiantes o periodistas, es una herramienta que combina rapidez, eficacia y rigor. PREGUNTAS FRECUENTES \u00bfPerplexity AI es gratis? S\u00ed, hay una versi\u00f3n gratuita con todas las funciones. Una versi\u00f3n premium (Copilot) ofrece b\u00fasquedas m\u00e1s avanzadas y an\u00e1lisis detallados. \u00bfCu\u00e1l es la diferencia con ChatGPT? ChatGPT es un asistente conversacional basado en IA, pero no cita sistem\u00e1ticamente sus fuentes. Perplexity, en cambio, proporciona respuestas con fuentes en tiempo real, lo que lo hace m\u00e1s fiable para encontrar informaci\u00f3n. \u00bfEst\u00e1 disponible en el m\u00f3vil? S\u00ed, hay disponible una aplicaci\u00f3n m\u00f3vil, as\u00ed como una extensi\u00f3n del navegador para simplificar el uso cotidiano. \u00bfEs Perplexity adecuado para uso profesional? Absolutamente. Su rapidez, fiabilidad y transparencia la convierten en una herramienta inestimable para la inteligencia empresarial, la investigaci\u00f3n y la redacci\u00f3n.<\/p>\n","protected":false},"featured_media":30842,"comment_status":"closed","ping_status":"closed","template":"","meta":{"_acf_changed":false,"_glsr_average":0,"_glsr_ranking":0,"_glsr_reviews":0},"product_brand":[],"product_cat":[7060,5261,7057],"product_tag":[],"class_list":{"0":"post-38359","1":"product","2":"type-product","3":"status-publish","4":"has-post-thumbnail","6":"product_cat-chatgpt-es","7":"product_cat-generador-de-texto-ai-para-seo","8":"product_cat-modelos-de-ia","10":"first","11":"instock","12":"shipping-taxable","13":"product-type-external"},"acf":[],"_links":{"self":[{"href":"https:\/\/boostgrowb.com\/es\/wp-json\/wp\/v2\/product\/38359","targetHints":{"allow":["GET"]}}],"collection":[{"href":"https:\/\/boostgrowb.com\/es\/wp-json\/wp\/v2\/product"}],"about":[{"href":"https:\/\/boostgrowb.com\/es\/wp-json\/wp\/v2\/types\/product"}],"replies":[{"embeddable":true,"href":"https:\/\/boostgrowb.com\/es\/wp-json\/wp\/v2\/comments?post=38359"}],"version-history":[{"count":0,"href":"https:\/\/boostgrowb.com\/es\/wp-json\/wp\/v2\/product\/38359\/revisions"}],"wp:featuredmedia":[{"embeddable":true,"href":"https:\/\/boostgrowb.com\/es\/wp-json\/wp\/v2\/media\/30842"}],"wp:attachment":[{"href":"https:\/\/boostgrowb.com\/es\/wp-json\/wp\/v2\/media?parent=38359"}],"wp:term":[{"taxonomy":"product_brand","embeddable":true,"href":"https:\/\/boostgrowb.com\/es\/wp-json\/wp\/v2\/product_brand?post=38359"},{"taxonomy":"product_cat","embeddable":true,"href":"https:\/\/boostgrowb.com\/es\/wp-json\/wp\/v2\/product_cat?post=38359"},{"taxonomy":"product_tag","embeddable":true,"href":"https:\/\/boostgrowb.com\/es\/wp-json\/wp\/v2\/product_tag?post=38359"}],"curies":[{"name":"wp","href":"https:\/\/api.w.org\/{rel}","templated":true}]}}