{"id":38397,"date":"2025-09-15T19:39:23","date_gmt":"2025-09-15T19:39:23","guid":{"rendered":"https:\/\/boostgrowb.com\/software\/mistral-ai\/"},"modified":"2025-09-23T09:48:09","modified_gmt":"2025-09-23T09:48:09","slug":"mistral-ai","status":"publish","type":"product","link":"https:\/\/boostgrowb.com\/es\/software\/mistral-ai\/","title":{"rendered":"Mistral AI"},"content":{"rendered":"\t\t<div data-elementor-type=\"product-post\" data-elementor-id=\"38397\" class=\"elementor elementor-38397 elementor-38395\" data-elementor-post-type=\"product\">\n\t\t\t\t<div class=\"elementor-element elementor-element-8557739 e-flex e-con-boxed wpr-particle-no wpr-jarallax-no wpr-parallax-no wpr-sticky-section-no e-con e-parent\" data-id=\"8557739\" data-element_type=\"container\" data-e-type=\"container\">\n\t\t\t\t\t<div class=\"e-con-inner\">\n\t\t\t\t<div class=\"elementor-element elementor-element-452b296 elementor-widget elementor-widget-heading\" data-id=\"452b296\" data-element_type=\"widget\" data-e-type=\"widget\" data-widget_type=\"heading.default\">\n\t\t\t\t<div class=\"elementor-widget-container\">\n\t\t\t\t\t<h2 class=\"elementor-heading-title elementor-size-default\">\u00bfQu\u00e9 es Mistral AI - Le Chat?<\/h2>\t\t\t\t<\/div>\n\t\t\t\t<\/div>\n\t\t\t\t<div class=\"elementor-element elementor-element-5f6d451 elementor-widget elementor-widget-text-editor\" data-id=\"5f6d451\" data-element_type=\"widget\" data-e-type=\"widget\" data-widget_type=\"text-editor.default\">\n\t\t\t\t<div class=\"elementor-widget-container\">\n\t\t\t\t\t\t\t\t\t<p><strong data-start=\"353\" data-end=\"377\">Mistral AI - Le Chat<\/strong> es un asistente conversacional desarrollado por la start-up francesa <strong data-start=\"447\" data-end=\"461\">Mistral AI<\/strong>, una de las empresas de inteligencia artificial m\u00e1s prometedoras de Europa. Dise\u00f1ado como una alternativa cre\u00edble a ChatGPT o Claude AI, destaca por su <strong data-start=\"627\" data-end=\"685\">fluidez en franc\u00e9s, su rapidez y su capacidad<\/strong> para comunicarse en <strong data-start=\"627\" data-end=\"685\">tiempo real<\/strong>. <\/p>\t\t\t\t\t\t\t\t<\/div>\n\t\t\t\t<\/div>\n\t\t\t\t<div class=\"elementor-element elementor-element-bb87e90 elementor-widget elementor-widget-text-editor\" data-id=\"bb87e90\" data-element_type=\"widget\" data-e-type=\"widget\" data-widget_type=\"text-editor.default\">\n\t\t\t\t<div class=\"elementor-widget-container\">\n\t\t\t\t\t\t\t\t\t<p>A diferencia de las soluciones que suelen ser complejas o de pago, Le Chat ofrece una experiencia sencilla y fluida. Te conectas utilizando un navegador, eliges un modelo de IA adaptado a tus necesidades y obtienes al instante una respuesta clara y pertinente. La herramienta ilustra perfectamente el objetivo de Mistral AI: hacer que la IA generativa <strong data-start=\"1031\" data-end=\"1075\">sea \u00fatil, soberana y accesible para todos<\/strong>.  <\/p>\t\t\t\t\t\t\t\t<\/div>\n\t\t\t\t<\/div>\n\t\t\t\t<div class=\"elementor-element elementor-element-c7769c6 elementor-widget elementor-widget-heading\" data-id=\"c7769c6\" data-element_type=\"widget\" data-e-type=\"widget\" data-widget_type=\"heading.default\">\n\t\t\t\t<div class=\"elementor-widget-container\">\n\t\t\t\t\t<h2 class=\"elementor-heading-title elementor-size-default\">Caracter\u00edsticas principales de Mistral AI - Chat<\/h2>\t\t\t\t<\/div>\n\t\t\t\t<\/div>\n\t\t\t\t<div class=\"elementor-element elementor-element-3e6ea52 elementor-widget elementor-widget-text-editor\" data-id=\"3e6ea52\" data-element_type=\"widget\" data-e-type=\"widget\" data-widget_type=\"text-editor.default\">\n\t\t\t\t<div class=\"elementor-widget-container\">\n\t\t\t\t\t\t\t\t\t<ul><li data-start=\"1147\" data-end=\"1282\"><p data-start=\"1149\" data-end=\"1282\"><strong data-start=\"1149\" data-end=\"1179\">Di\u00e1logo natural y fluido<\/strong>: la IA entiende tus preguntas en lenguaje cotidiano y las responde con claridad, sin jerga innecesaria.<\/p><\/li><li data-start=\"1283\" data-end=\"1434\"><p data-start=\"1285\" data-end=\"1434\"><strong data-start=\"1285\" data-end=\"1318\">Elecci\u00f3n de varios modelos<\/strong>: puedes cambiar de un motor a otro seg\u00fan tus necesidades: velocidad, creatividad o razonamiento en profundidad.<\/p><\/li><li data-start=\"1435\" data-end=\"1581\"><p data-start=\"1437\" data-end=\"1581\"><strong data-start=\"1437\" data-end=\"1462\">Redacci\u00f3n de contenidos<\/strong>: art\u00edculos, posts para LinkedIn, correos electr\u00f3nicos profesionales o guiones de v\u00eddeo, todo se puede generar en cuesti\u00f3n de segundos.<\/p><\/li><li data-start=\"1582\" data-end=\"1703\"><p data-start=\"1584\" data-end=\"1703\"><strong data-start=\"1584\" data-end=\"1616\">Asistencia t\u00e9cnica y c\u00f3digo<\/strong>: ideal para desarrolladores que quieran generar, explicar o corregir c\u00f3digo.<\/p><\/li><li data-start=\"1704\" data-end=\"1826\"><p data-start=\"1706\" data-end=\"1826\"><strong data-start=\"1706\" data-end=\"1732\">Ideaci\u00f3n y creatividad<\/strong>: un compa\u00f1ero de lluvia de ideas para idear esl\u00f3ganes o conceptos originales.<\/p><\/li><li data-start=\"1827\" data-end=\"1971\"><p data-start=\"1829\" data-end=\"1971\"><strong data-start=\"1829\" data-end=\"1861\">Interfaz sencilla y gratuita<\/strong>: sin instalaci\u00f3n ni ajustes complicados: s\u00f3lo tienes que abrir la herramienta y empezar a operar.<\/p><\/li><\/ul>\t\t\t\t\t\t\t\t<\/div>\n\t\t\t\t<\/div>\n\t\t\t\t<div class=\"elementor-element elementor-element-0f6f70f elementor-widget elementor-widget-heading\" data-id=\"0f6f70f\" data-element_type=\"widget\" data-e-type=\"widget\" data-widget_type=\"heading.default\">\n\t\t\t\t<div class=\"elementor-widget-container\">\n\t\t\t\t\t<h2 class=\"elementor-heading-title elementor-size-default\">\u00bfC\u00f3mo se utiliza eficazmente Mistral AI - Le Chat?<\/h2>\t\t\t\t<\/div>\n\t\t\t\t<\/div>\n\t\t\t\t<div class=\"elementor-element elementor-element-6f00861 elementor-widget elementor-widget-text-editor\" data-id=\"6f00861\" data-element_type=\"widget\" data-e-type=\"widget\" data-widget_type=\"text-editor.default\">\n\t\t\t\t<div class=\"elementor-widget-container\">\n\t\t\t\t\t\t\t\t\t<p data-start=\"2037\" data-end=\"2257\">Para sacar el m\u00e1ximo partido de <strong data-start=\"2069\" data-end=\"2080\">Le Chat<\/strong>, el truco est\u00e1 en <strong data-start=\"2098\" data-end=\"2142\">formular tus peticiones con precisi\u00f3n<\/strong>. Indica lo que esperas (longitud, tono, estilo, p\u00fablico objetivo) y la IA adaptar\u00e1 su contenido en consecuencia. <\/p><p data-start=\"2259\" data-end=\"2519\">Tambi\u00e9n puedes probar varias plantillas para comparar los resultados y elegir la que mejor se adapte a tu objetivo. Por ejemplo, una ser\u00e1 m\u00e1s adecuada para un texto r\u00e1pido y conciso, otra para un contenido m\u00e1s estructurado y detallado. <\/p><p data-start=\"2521\" data-end=\"2701\">Por \u00faltimo, ten en cuenta que Mistral AI es una <strong data-start=\"2565\" data-end=\"2587\">herramienta de apoyo<\/strong>: te proporciona una base s\u00f3lida, pero es tu toque personal el que har\u00e1 que el contenido sea \u00fanico e impactante.<\/p>\t\t\t\t\t\t\t\t<\/div>\n\t\t\t\t<\/div>\n\t\t\t\t<div class=\"elementor-element elementor-element-9f70931 elementor-widget elementor-widget-heading\" data-id=\"9f70931\" data-element_type=\"widget\" data-e-type=\"widget\" data-widget_type=\"heading.default\">\n\t\t\t\t<div class=\"elementor-widget-container\">\n\t\t\t\t\t<h2 class=\"elementor-heading-title elementor-size-default\">Ventajas de utilizar Le Chat de Mistral AI<\/h2>\t\t\t\t<\/div>\n\t\t\t\t<\/div>\n\t\t\t\t<div class=\"elementor-element elementor-element-4e059bb elementor-widget elementor-widget-text-editor\" data-id=\"4e059bb\" data-element_type=\"widget\" data-e-type=\"widget\" data-widget_type=\"text-editor.default\">\n\t\t\t\t<div class=\"elementor-widget-container\">\n\t\t\t\t\t\t\t\t\t<p data-start=\"2752\" data-end=\"3086\">El enfoque de Le Chat es <strong data-start=\"2784\" data-end=\"2810\">a la vez accesible y eficaz<\/strong>. Su primera ventaja es, obviamente, su <strong data-start=\"2851\" data-end=\"2875\">dominio del franc\u00e9s<\/strong>, que a menudo es mejor que el de sus competidores anglosajones. Si a esto a\u00f1adimos una interfaz sencilla y gratuita, tenemos una herramienta que puede utilizarse inmediatamente, sin barreras t\u00e9cnicas ni costosas suscripciones.  <\/p><p data-start=\"3088\" data-end=\"3450\">Tambi\u00e9n destaca por su <strong data-start=\"3120\" data-end=\"3135\">versatilidad<\/strong>: igual de \u00fatil para un aut\u00f3nomo que quiere escribir m\u00e1s r\u00e1pido, un equipo de marketing que busca ideas para una campa\u00f1a o un desarrollador que necesita ayuda con un trozo de c\u00f3digo. Por \u00faltimo, como soluci\u00f3n europea, representa una alternativa soberana y tranquilizadora a los gigantes estadounidenses de la IA. <\/p>\t\t\t\t\t\t\t\t<\/div>\n\t\t\t\t<\/div>\n\t\t\t\t<div class=\"elementor-element elementor-element-a0586bc elementor-widget elementor-widget-heading\" data-id=\"a0586bc\" data-element_type=\"widget\" data-e-type=\"widget\" data-widget_type=\"heading.default\">\n\t\t\t\t<div class=\"elementor-widget-container\">\n\t\t\t\t\t<h2 class=\"elementor-heading-title elementor-size-default\">PREGUNTAS FRECUENTES<\/h2>\t\t\t\t<\/div>\n\t\t\t\t<\/div>\n\t\t\t\t\t<\/div>\n\t\t\t\t<\/div>\n\t\t<div class=\"elementor-element elementor-element-c4c54ca e-flex e-con-boxed wpr-particle-no wpr-jarallax-no wpr-parallax-no wpr-sticky-section-no e-con e-parent\" data-id=\"c4c54ca\" data-element_type=\"container\" data-e-type=\"container\">\n\t\t\t\t\t<div class=\"e-con-inner\">\n\t\t\t\t<div class=\"elementor-element elementor-element-d1900e3 elementor-widget elementor-widget-elementskit-accordion\" data-id=\"d1900e3\" data-element_type=\"widget\" data-e-type=\"widget\" data-widget_type=\"elementskit-accordion.default\">\n\t\t\t\t<div class=\"elementor-widget-container\">\n\t\t\t\t\t<div class=\"ekit-wid-con\" >\n        <div class=\"elementskit-accordion accoedion-primary\" id=\"accordion-69db75640016b\">\n\n            \n                <div class=\"elementskit-card active\">\n                    <div class=\"elementskit-card-header\" id=\"primaryHeading-0-d1900e3\">\n                        <a href=\"#collapse-14514dc69db75640016b\" class=\"ekit-accordion--toggler elementskit-btn-link collapsed\" data-ekit-toggle=\"collapse\" data-target=\"#Collapse-14514dc69db75640016b\" aria-expanded=\"true\" aria-controls=\"Collapse-14514dc69db75640016b\">\n                            \n                            <span class=\"ekit-accordion-title\">Mistral AI - \u00bfEs gratuito Le Chat?<\/span>\n\n                            \n                                <div class=\"ekit_accordion_icon_group\">\n                                    <div class=\"ekit_accordion_normal_icon\">\n                                        <!-- Normal Icon -->\n\t\t\t\t\t\t\t\t\t\t<svg xmlns=\"http:\/\/www.w3.org\/2000\/svg\" width=\"16\" height=\"17\" viewBox=\"0 0 16 17\" fill=\"none\"><path fill-rule=\"evenodd\" clip-rule=\"evenodd\" d=\"M7.19995 16.5V0.5H8.79995V16.5H7.19995Z\" fill=\"#3D3D3D\"><\/path><path fill-rule=\"evenodd\" clip-rule=\"evenodd\" d=\"M-2.08616e-07 7.69995L16 7.69995L16 9.29995L-2.78554e-07 9.29995L-2.08616e-07 7.69995Z\" fill=\"#3D3D3D\"><\/path><\/svg>                                    <\/div>\n\n                                    <div class=\"ekit_accordion_active_icon\">\n                                        <!-- Active Icon -->\n\t\t\t\t\t\t\t\t\t\t<svg xmlns=\"http:\/\/www.w3.org\/2000\/svg\" width=\"16\" height=\"3\" viewBox=\"0 0 16 3\" fill=\"none\"><path fill-rule=\"evenodd\" clip-rule=\"evenodd\" d=\"M-2.08616e-07 0.499999L16 0.5L16 2.5L-2.78554e-07 2.5L-2.08616e-07 0.499999Z\" fill=\"#675AFE\"><\/path><\/svg>                                    <\/div>\n                                <\/div>\n\n                            \n                                                    <\/a>\n                    <\/div>\n\n                    <div id=\"Collapse-14514dc69db75640016b\" class=\" show collapse\" aria-labelledby=\"primaryHeading-0-d1900e3\" data-parent=\"#accordion-69db75640016b\">\n\n                        <div class=\"elementskit-card-body ekit-accordion--content\">\n                            <p>S\u00ed, est\u00e1 disponible en l\u00ednea de forma gratuita. Algunas funciones avanzadas pueden actualizarse a paquetes premium. <\/p>\n                        <\/div>\n\n                    <\/div>\n\n                <\/div><!-- .elementskit-card END -->\n\n                \n                <div class=\"elementskit-card \">\n                    <div class=\"elementskit-card-header\" id=\"primaryHeading-1-d1900e3\">\n                        <a href=\"#collapse-35c8fe469db75640016b\" class=\"ekit-accordion--toggler elementskit-btn-link collapsed\" data-ekit-toggle=\"collapse\" data-target=\"#Collapse-35c8fe469db75640016b\" aria-expanded=\"false\" aria-controls=\"Collapse-35c8fe469db75640016b\">\n                            \n                            <span class=\"ekit-accordion-title\">\u00bfCu\u00e1l es la diferencia con ChatGPT?<\/span>\n\n                            \n                                <div class=\"ekit_accordion_icon_group\">\n                                    <div class=\"ekit_accordion_normal_icon\">\n                                        <!-- Normal Icon -->\n\t\t\t\t\t\t\t\t\t\t<svg xmlns=\"http:\/\/www.w3.org\/2000\/svg\" width=\"16\" height=\"17\" viewBox=\"0 0 16 17\" fill=\"none\"><path fill-rule=\"evenodd\" clip-rule=\"evenodd\" d=\"M7.19995 16.5V0.5H8.79995V16.5H7.19995Z\" fill=\"#3D3D3D\"><\/path><path fill-rule=\"evenodd\" clip-rule=\"evenodd\" d=\"M-2.08616e-07 7.69995L16 7.69995L16 9.29995L-2.78554e-07 9.29995L-2.08616e-07 7.69995Z\" fill=\"#3D3D3D\"><\/path><\/svg>                                    <\/div>\n\n                                    <div class=\"ekit_accordion_active_icon\">\n                                        <!-- Active Icon -->\n\t\t\t\t\t\t\t\t\t\t<svg xmlns=\"http:\/\/www.w3.org\/2000\/svg\" width=\"16\" height=\"3\" viewBox=\"0 0 16 3\" fill=\"none\"><path fill-rule=\"evenodd\" clip-rule=\"evenodd\" d=\"M-2.08616e-07 0.499999L16 0.5L16 2.5L-2.78554e-07 2.5L-2.08616e-07 0.499999Z\" fill=\"#675AFE\"><\/path><\/svg>                                    <\/div>\n                                <\/div>\n\n                            \n                                                    <\/a>\n                    <\/div>\n\n                    <div id=\"Collapse-35c8fe469db75640016b\" class=\" collapse\" aria-labelledby=\"primaryHeading-1-d1900e3\" data-parent=\"#accordion-69db75640016b\">\n\n                        <div class=\"elementskit-card-body ekit-accordion--content\">\n                            <p>Le Chat destaca por su <strong>mejor dominio del franc\u00e9s<\/strong> y su interfaz m\u00e1s sencilla. Se ha consolidado como una alternativa europea cre\u00edble. <\/p>\n                        <\/div>\n\n                    <\/div>\n\n                <\/div><!-- .elementskit-card END -->\n\n                \n                <div class=\"elementskit-card \">\n                    <div class=\"elementskit-card-header\" id=\"primaryHeading-2-d1900e3\">\n                        <a href=\"#collapse-c29457c69db75640016b\" class=\"ekit-accordion--toggler elementskit-btn-link collapsed\" data-ekit-toggle=\"collapse\" data-target=\"#Collapse-c29457c69db75640016b\" aria-expanded=\"false\" aria-controls=\"Collapse-c29457c69db75640016b\">\n                            \n                            <span class=\"ekit-accordion-title\">\u00bfEs adecuado para uso profesional?<\/span>\n\n                            \n                                <div class=\"ekit_accordion_icon_group\">\n                                    <div class=\"ekit_accordion_normal_icon\">\n                                        <!-- Normal Icon -->\n\t\t\t\t\t\t\t\t\t\t<svg xmlns=\"http:\/\/www.w3.org\/2000\/svg\" width=\"16\" height=\"17\" viewBox=\"0 0 16 17\" fill=\"none\"><path fill-rule=\"evenodd\" clip-rule=\"evenodd\" d=\"M7.19995 16.5V0.5H8.79995V16.5H7.19995Z\" fill=\"#3D3D3D\"><\/path><path fill-rule=\"evenodd\" clip-rule=\"evenodd\" d=\"M-2.08616e-07 7.69995L16 7.69995L16 9.29995L-2.78554e-07 9.29995L-2.08616e-07 7.69995Z\" fill=\"#3D3D3D\"><\/path><\/svg>                                    <\/div>\n\n                                    <div class=\"ekit_accordion_active_icon\">\n                                        <!-- Active Icon -->\n\t\t\t\t\t\t\t\t\t\t<svg xmlns=\"http:\/\/www.w3.org\/2000\/svg\" width=\"16\" height=\"3\" viewBox=\"0 0 16 3\" fill=\"none\"><path fill-rule=\"evenodd\" clip-rule=\"evenodd\" d=\"M-2.08616e-07 0.499999L16 0.5L16 2.5L-2.78554e-07 2.5L-2.08616e-07 0.499999Z\" fill=\"#675AFE\"><\/path><\/svg>                                    <\/div>\n                                <\/div>\n\n                            \n                                                    <\/a>\n                    <\/div>\n\n                    <div id=\"Collapse-c29457c69db75640016b\" class=\" collapse\" aria-labelledby=\"primaryHeading-2-d1900e3\" data-parent=\"#accordion-69db75640016b\">\n\n                        <div class=\"elementskit-card-body ekit-accordion--content\">\n                            <p>Por supuesto. Muchos aut\u00f3nomos, desarrolladores y equipos de marketing ya lo utilizan como asistente diario. <\/p>\n                        <\/div>\n\n                    <\/div>\n\n                <\/div><!-- .elementskit-card END -->\n\n                \n                <div class=\"elementskit-card \">\n                    <div class=\"elementskit-card-header\" id=\"primaryHeading-3-d1900e3\">\n                        <a href=\"#collapse-f0f54c169db75640016b\" class=\"ekit-accordion--toggler elementskit-btn-link collapsed\" data-ekit-toggle=\"collapse\" data-target=\"#Collapse-f0f54c169db75640016b\" aria-expanded=\"false\" aria-controls=\"Collapse-f0f54c169db75640016b\">\n                            \n                            <span class=\"ekit-accordion-title\">\u00bfOfrece Mistral AI una API?<\/span>\n\n                            \n                                <div class=\"ekit_accordion_icon_group\">\n                                    <div class=\"ekit_accordion_normal_icon\">\n                                        <!-- Normal Icon -->\n\t\t\t\t\t\t\t\t\t\t<svg xmlns=\"http:\/\/www.w3.org\/2000\/svg\" width=\"16\" height=\"17\" viewBox=\"0 0 16 17\" fill=\"none\"><path fill-rule=\"evenodd\" clip-rule=\"evenodd\" d=\"M7.19995 16.5V0.5H8.79995V16.5H7.19995Z\" fill=\"#3D3D3D\"><\/path><path fill-rule=\"evenodd\" clip-rule=\"evenodd\" d=\"M-2.08616e-07 7.69995L16 7.69995L16 9.29995L-2.78554e-07 9.29995L-2.08616e-07 7.69995Z\" fill=\"#3D3D3D\"><\/path><\/svg>                                    <\/div>\n\n                                    <div class=\"ekit_accordion_active_icon\">\n                                        <!-- Active Icon -->\n\t\t\t\t\t\t\t\t\t\t<svg xmlns=\"http:\/\/www.w3.org\/2000\/svg\" width=\"16\" height=\"3\" viewBox=\"0 0 16 3\" fill=\"none\"><path fill-rule=\"evenodd\" clip-rule=\"evenodd\" d=\"M-2.08616e-07 0.499999L16 0.5L16 2.5L-2.78554e-07 2.5L-2.08616e-07 0.499999Z\" fill=\"#675AFE\"><\/path><\/svg>                                    <\/div>\n                                <\/div>\n\n                            \n                                                    <\/a>\n                    <\/div>\n\n                    <div id=\"Collapse-f0f54c169db75640016b\" class=\" collapse\" aria-labelledby=\"primaryHeading-3-d1900e3\" data-parent=\"#accordion-69db75640016b\">\n\n                        <div class=\"elementskit-card-body ekit-accordion--content\">\n                            <p>S\u00ed, Mistral proporciona una API para integrar sus modelos en software y aplicaciones de terceros.<\/p>\n                        <\/div>\n\n                    <\/div>\n\n                <\/div><!-- .elementskit-card END -->\n\n                                        <\/div>\n    <\/div>\t\t\t\t<\/div>\n\t\t\t\t<\/div>\n\t\t\t\t\t<\/div>\n\t\t\t\t<\/div>\n\t\t\t\t<\/div>\n\t\t","protected":false},"excerpt":{"rendered":"<p>\u00bfQu\u00e9 es Mistral AI - Le Chat? Mistral AI - Le Chat es un asistente conversacional desarrollado por la start-up francesa Mistral AI, una de las empresas de inteligencia artificial m\u00e1s prometedoras de Europa. Dise\u00f1ado como una alternativa cre\u00edble a ChatGPT o Claude AI, destaca por su fluidez en franc\u00e9s, su rapidez y su capacidad para comunicarse en tiempo real. A diferencia de las soluciones que suelen ser complejas o de pago, Le Chat ofrece una experiencia sencilla y fluida. Te conectas utilizando un navegador, eliges un modelo de IA adaptado a tus necesidades y obtienes al instante una respuesta clara y pertinente. La herramienta ilustra perfectamente el objetivo de Mistral AI: hacer que la IA generativa sea \u00fatil, soberana y accesible para todos. Caracter\u00edsticas principales de Mistral AI - Chat Di\u00e1logo natural y fluido: la IA entiende tus preguntas en lenguaje cotidiano y las responde con claridad, sin jerga innecesaria. Elecci\u00f3n de varios modelos: puedes cambiar de un motor a otro seg\u00fan tus necesidades: velocidad, creatividad o razonamiento en profundidad. Redacci\u00f3n de contenidos: art\u00edculos, posts para LinkedIn, correos electr\u00f3nicos profesionales o guiones de v\u00eddeo, todo se puede generar en cuesti\u00f3n de segundos. Asistencia t\u00e9cnica y c\u00f3digo: ideal para desarrolladores que quieran generar, explicar o corregir c\u00f3digo. Ideaci\u00f3n y creatividad: un compa\u00f1ero de lluvia de ideas para idear esl\u00f3ganes o conceptos originales. Interfaz sencilla y gratuita: sin instalaci\u00f3n ni ajustes complicados: s\u00f3lo tienes que abrir la herramienta y empezar a operar. \u00bfC\u00f3mo se utiliza eficazmente Mistral AI - Le Chat? Para sacar el m\u00e1ximo partido de Le Chat, el truco est\u00e1 en formular tus peticiones con precisi\u00f3n. Indica lo que esperas (longitud, tono, estilo, p\u00fablico objetivo) y la IA adaptar\u00e1 su contenido en consecuencia. Tambi\u00e9n puedes probar varias plantillas para comparar los resultados y elegir la que mejor se adapte a tu objetivo. Por ejemplo, una ser\u00e1 m\u00e1s adecuada para un texto r\u00e1pido y conciso, otra para un contenido m\u00e1s estructurado y detallado. Por \u00faltimo, ten en cuenta que Mistral AI es una herramienta de apoyo: te proporciona una base s\u00f3lida, pero es tu toque personal el que har\u00e1 que el contenido sea \u00fanico e impactante. Ventajas de utilizar Le Chat de Mistral AI El enfoque de Le Chat es a la vez accesible y eficaz. Su primera ventaja es, obviamente, su dominio del franc\u00e9s, que a menudo es mejor que el de sus competidores anglosajones. Si a esto a\u00f1adimos una interfaz sencilla y gratuita, tenemos una herramienta que puede utilizarse inmediatamente, sin barreras t\u00e9cnicas ni costosas suscripciones. Tambi\u00e9n destaca por su versatilidad: igual de \u00fatil para un aut\u00f3nomo que quiere escribir m\u00e1s r\u00e1pido, un equipo de marketing que busca ideas para una campa\u00f1a o un desarrollador que necesita ayuda con un trozo de c\u00f3digo. Por \u00faltimo, como soluci\u00f3n europea, representa una alternativa soberana y tranquilizadora a los gigantes estadounidenses de la IA. PREGUNTAS FRECUENTES Mistral AI - \u00bfEs gratuito Le Chat? S\u00ed, est\u00e1 disponible en l\u00ednea de forma gratuita. Algunas funciones avanzadas pueden actualizarse a paquetes premium. \u00bfCu\u00e1l es la diferencia con ChatGPT? Le Chat destaca por su mejor dominio del franc\u00e9s y su interfaz m\u00e1s sencilla. Se ha consolidado como una alternativa europea cre\u00edble. \u00bfEs adecuado para uso profesional? Por supuesto. Muchos aut\u00f3nomos, desarrolladores y equipos de marketing ya lo utilizan como asistente diario. \u00bfOfrece Mistral AI una API? S\u00ed, Mistral proporciona una API para integrar sus modelos en software y aplicaciones de terceros.<\/p>\n","protected":false},"featured_media":30838,"comment_status":"closed","ping_status":"closed","template":"","meta":{"_acf_changed":false,"_glsr_average":0,"_glsr_ranking":0,"_glsr_reviews":0},"product_brand":[],"product_cat":[7060,7064,5261,7057],"product_tag":[],"class_list":{"0":"post-38397","1":"product","2":"type-product","3":"status-publish","4":"has-post-thumbnail","6":"product_cat-chatgpt-es","7":"product_cat-deepseek-es","8":"product_cat-generador-de-texto-ai-para-seo","9":"product_cat-modelos-de-ia","11":"first","12":"instock","13":"shipping-taxable","14":"product-type-external"},"acf":[],"_links":{"self":[{"href":"https:\/\/boostgrowb.com\/es\/wp-json\/wp\/v2\/product\/38397","targetHints":{"allow":["GET"]}}],"collection":[{"href":"https:\/\/boostgrowb.com\/es\/wp-json\/wp\/v2\/product"}],"about":[{"href":"https:\/\/boostgrowb.com\/es\/wp-json\/wp\/v2\/types\/product"}],"replies":[{"embeddable":true,"href":"https:\/\/boostgrowb.com\/es\/wp-json\/wp\/v2\/comments?post=38397"}],"version-history":[{"count":0,"href":"https:\/\/boostgrowb.com\/es\/wp-json\/wp\/v2\/product\/38397\/revisions"}],"wp:featuredmedia":[{"embeddable":true,"href":"https:\/\/boostgrowb.com\/es\/wp-json\/wp\/v2\/media\/30838"}],"wp:attachment":[{"href":"https:\/\/boostgrowb.com\/es\/wp-json\/wp\/v2\/media?parent=38397"}],"wp:term":[{"taxonomy":"product_brand","embeddable":true,"href":"https:\/\/boostgrowb.com\/es\/wp-json\/wp\/v2\/product_brand?post=38397"},{"taxonomy":"product_cat","embeddable":true,"href":"https:\/\/boostgrowb.com\/es\/wp-json\/wp\/v2\/product_cat?post=38397"},{"taxonomy":"product_tag","embeddable":true,"href":"https:\/\/boostgrowb.com\/es\/wp-json\/wp\/v2\/product_tag?post=38397"}],"curies":[{"name":"wp","href":"https:\/\/api.w.org\/{rel}","templated":true}]}}