{"id":38545,"date":"2025-09-16T14:34:59","date_gmt":"2025-09-16T14:34:59","guid":{"rendered":"https:\/\/boostgrowb.com\/software\/tabnine\/"},"modified":"2025-10-05T09:53:24","modified_gmt":"2025-10-05T09:53:24","slug":"tabnine","status":"publish","type":"product","link":"https:\/\/boostgrowb.com\/es\/software\/tabnine\/","title":{"rendered":"Tabnine"},"content":{"rendered":"\t\t<div data-elementor-type=\"product-post\" data-elementor-id=\"38545\" class=\"elementor elementor-38545 elementor-38539\" data-elementor-post-type=\"product\">\n\t\t\t\t<div class=\"elementor-element elementor-element-89cea64 e-flex e-con-boxed wpr-particle-no wpr-jarallax-no wpr-parallax-no wpr-sticky-section-no e-con e-parent\" data-id=\"89cea64\" data-element_type=\"container\" data-e-type=\"container\">\n\t\t\t\t\t<div class=\"e-con-inner\">\n\t\t\t\t<div class=\"elementor-element elementor-element-69dba0a elementor-widget elementor-widget-heading\" data-id=\"69dba0a\" data-element_type=\"widget\" data-e-type=\"widget\" data-widget_type=\"heading.default\">\n\t\t\t\t<div class=\"elementor-widget-container\">\n\t\t\t\t\t<h2 class=\"elementor-heading-title elementor-size-default\">\u00bfQu\u00e9 es Tabnine?<\/h2>\t\t\t\t<\/div>\n\t\t\t\t<\/div>\n\t\t\t\t<div class=\"elementor-element elementor-element-3a398ca elementor-widget elementor-widget-text-editor\" data-id=\"3a398ca\" data-element_type=\"widget\" data-e-type=\"widget\" data-widget_type=\"text-editor.default\">\n\t\t\t\t<div class=\"elementor-widget-container\">\n\t\t\t\t\t\t\t\t\t<p data-start=\"368\" data-end=\"827\"><strong data-start=\"368\" data-end=\"379\">Tabnine<\/strong> es un asistente de desarrollo inteligente que utiliza la inteligencia artificial para ayudar a los desarrolladores a escribir c\u00f3digo m\u00e1s r\u00e1pido, m\u00e1s limpio y con menos errores. Mientras que el autocompletado convencional se limita a sugerir algunas palabras clave o fragmentos de sintaxis, Tabnine va mucho m\u00e1s all\u00e1: analiza el contexto de tu proyecto, comprende la l\u00f3gica de tu c\u00f3digo y sugiere complementos adaptados a tus necesidades reales. <\/p><p data-start=\"829\" data-end=\"1298\">La herramienta se integra directamente en los entornos de desarrollo m\u00e1s utilizados, como <strong data-start=\"924\" data-end=\"977\">Visual Studio Code, IntelliJ, PyCharm y WebStorm<\/strong>. As\u00ed se convierte en un <g id=\"gid_1\">aut\u00e9ntico copiloto<\/g>, capaz de anticipar tus pr\u00f3ximas l\u00edneas de c\u00f3digo, adaptarse a tus h\u00e1bitos y hacer que tu trabajo diario vaya m\u00e1s fluido. Tanto para desarrolladores independientes como para grandes equipos t\u00e9cnicos, Tabnine es una soluci\u00f3n que <strong data-start=\"1255\" data-end=\"1295\">combina velocidad, fiabilidad y seguridad<\/strong>.  <\/p>\t\t\t\t\t\t\t\t<\/div>\n\t\t\t\t<\/div>\n\t\t\t\t<div class=\"elementor-element elementor-element-5a0f755 elementor-widget elementor-widget-heading\" data-id=\"5a0f755\" data-element_type=\"widget\" data-e-type=\"widget\" data-widget_type=\"heading.default\">\n\t\t\t\t<div class=\"elementor-widget-container\">\n\t\t\t\t\t<h2 class=\"elementor-heading-title elementor-size-default\">Caracter\u00edsticas principales de Tabnine<\/h2>\t\t\t\t<\/div>\n\t\t\t\t<\/div>\n\t\t\t\t<div class=\"elementor-element elementor-element-b360a0f elementor-widget elementor-widget-text-editor\" data-id=\"b360a0f\" data-element_type=\"widget\" data-e-type=\"widget\" data-widget_type=\"text-editor.default\">\n\t\t\t\t<div class=\"elementor-widget-container\">\n\t\t\t\t\t\t\t\t\t<p>Tabnine proporciona potentes funciones que facilitan el trabajo diario de los desarrolladores:<\/p><ul><li data-start=\"1313\" data-end=\"1449\"><p data-start=\"1315\" data-end=\"1449\"><strong data-start=\"1319\" data-end=\"1354\">Completado inteligente del c\u00f3digo<\/strong>, basado en el contexto de tu proyecto, que reduce el tiempo de introducci\u00f3n y minimiza los errores.<\/p><\/li><li data-start=\"1450\" data-end=\"1608\"><p data-start=\"1452\" data-end=\"1608\"><strong data-start=\"1455\" data-end=\"1485\">Compatibilidad multiling\u00fce<\/strong>, con soporte para m\u00e1s de 30 lenguajes de programaci\u00f3n, incluidos Python, JavaScript, Java, Go, C++ y TypeScript.<\/p><\/li><li data-start=\"1609\" data-end=\"1737\"><p data-start=\"1611\" data-end=\"1737\"><strong data-start=\"1614\" data-end=\"1644\">Aprendizaje personalizado<\/strong>, con sugerencias adaptadas a tu estilo de c\u00f3digo y base existente.<\/p><\/li><li data-start=\"1738\" data-end=\"1858\"><p data-start=\"1740\" data-end=\"1858\"><strong data-start=\"1744\" data-end=\"1785\">Integraci\u00f3n nativa con los principales IDEs<\/strong>, para adoptar sin problemas tus h\u00e1bitos de trabajo.<\/p><\/li><li data-start=\"1859\" data-end=\"2010\"><p data-start=\"1861\" data-end=\"2010\"><strong data-start=\"1865\" data-end=\"1899\">Opciones de seguridad mejoradas<\/strong>, con la opci\u00f3n de ejecutar la IA localmente o en tus servidores para proteger tus datos sensibles.<\/p><\/li><li data-start=\"2011\" data-end=\"2189\"><p data-start=\"2013\" data-end=\"2189\">Un <strong data-start=\"2016\" data-end=\"2051\">modo de colaboraci\u00f3n empresarial<\/strong>, que te permite entrenar Tabnine en tus propios repositorios de c\u00f3digo para armonizar las pr\u00e1cticas de desarrollo en todos tus equipos.<\/p><\/li><li data-start=\"2190\" data-end=\"2332\"><p data-start=\"2192\" data-end=\"2332\"><strong data-start=\"2196\" data-end=\"2225\">Alojamiento flexible<\/strong>, en la nube o in situ, para satisfacer las necesidades espec\u00edficas de cada organizaci\u00f3n.<\/p><\/li><\/ul>\t\t\t\t\t\t\t\t<\/div>\n\t\t\t\t<\/div>\n\t\t\t\t<div class=\"elementor-element elementor-element-68d4695 elementor-widget elementor-widget-heading\" data-id=\"68d4695\" data-element_type=\"widget\" data-e-type=\"widget\" data-widget_type=\"heading.default\">\n\t\t\t\t<div class=\"elementor-widget-container\">\n\t\t\t\t\t<h2 class=\"elementor-heading-title elementor-size-default\">C\u00f3mo utilizar Tabnine para optimizar tus proyectos<\/h2>\t\t\t\t<\/div>\n\t\t\t\t<\/div>\n\t\t\t\t<div class=\"elementor-element elementor-element-236ab8b elementor-widget elementor-widget-text-editor\" data-id=\"236ab8b\" data-element_type=\"widget\" data-e-type=\"widget\" data-widget_type=\"text-editor.default\">\n\t\t\t\t<div class=\"elementor-widget-container\">\n\t\t\t\t\t\t\t\t\t<p>Tabnine se adapta a diferentes contextos de uso y se convierte en una herramienta estrat\u00e9gica en diversas situaciones:<\/p><ul><li data-start=\"2531\" data-end=\"2731\"><p data-start=\"2533\" data-end=\"2731\">Acelera <strong data-start=\"2533\" data-end=\"2573\">el desarrollo diario<\/strong>: gracias a sus sugerencias autom\u00e1ticas, puedes codificar de forma m\u00e1s r\u00e1pida y fluida, tanto si trabajas en el back-end en Python como en el front-end en React.<\/p><\/li><li data-start=\"2732\" data-end=\"2917\"><p data-start=\"2734\" data-end=\"2917\"><strong data-start=\"2734\" data-end=\"2775\">Reduce los fallos y los errores comunes<\/strong>: la IA act\u00faa como una red de seguridad sugiriendo terminaciones coherentes que limitan los errores de sintaxis o las incoherencias.<\/p><\/li><li data-start=\"2918\" data-end=\"3083\"><p data-start=\"2920\" data-end=\"3083\"><strong data-start=\"2920\" data-end=\"2952\">Armoniza el c\u00f3digo en equipo<\/strong>: Tabnine puede formarse en tus propios repositorios para garantizar la uniformidad de estilo y las mejores pr\u00e1cticas.<\/p><\/li><li data-start=\"3084\" data-end=\"3268\"><p data-start=\"3086\" data-end=\"3268\"><strong data-start=\"3086\" data-end=\"3138\">Facilita la incorporaci\u00f3n de nuevos desarrolladores<\/strong>: las sugerencias contextuales ayudan a los desarrolladores noveles a familiarizarse m\u00e1s r\u00e1pidamente con la estructura y las normas de tus proyectos.<\/p><\/li><li data-start=\"3269\" data-end=\"3446\"><p data-start=\"3271\" data-end=\"3446\"><strong data-start=\"3271\" data-end=\"3312\">Acelera las contribuciones al c\u00f3digo abierto<\/strong>: Tabnine simplifica la integraci\u00f3n de proyectos complejos ofreciendo sugerencias adaptadas a las convenciones del c\u00f3digo existente.<\/p><\/li><\/ul>\t\t\t\t\t\t\t\t<\/div>\n\t\t\t\t<\/div>\n\t\t\t\t<div class=\"elementor-element elementor-element-75fc206 elementor-widget elementor-widget-heading\" data-id=\"75fc206\" data-element_type=\"widget\" data-e-type=\"widget\" data-widget_type=\"heading.default\">\n\t\t\t\t<div class=\"elementor-widget-container\">\n\t\t\t\t\t<h2 class=\"elementor-heading-title elementor-size-default\">Las ventajas de Tabnine para tu organizaci\u00f3n<\/h2>\t\t\t\t<\/div>\n\t\t\t\t<\/div>\n\t\t\t\t<div class=\"elementor-element elementor-element-2cc224f elementor-widget elementor-widget-text-editor\" data-id=\"2cc224f\" data-element_type=\"widget\" data-e-type=\"widget\" data-widget_type=\"text-editor.default\">\n\t\t\t\t<div class=\"elementor-widget-container\">\n\t\t\t\t\t\t\t\t\t<ul><li data-start=\"3874\" data-end=\"4041\"><p data-start=\"3876\" data-end=\"4041\"><strong data-start=\"3876\" data-end=\"3912\">Aumento tangible de la productividad<\/strong>: al reducir el tiempo de introducci\u00f3n de datos y las b\u00fasquedas, Tabnine permite ofrecer funciones y correcciones con mayor rapidez.<\/p><\/li><li data-start=\"4042\" data-end=\"4195\"><p data-start=\"4044\" data-end=\"4195\"><strong data-start=\"4044\" data-end=\"4077\">Mejor calidad del c\u00f3digo<\/strong>: la IA sugiere soluciones acordes con las mejores pr\u00e1cticas, reduciendo los errores y mejorando la mantenibilidad.<\/p><\/li><li data-start=\"4196\" data-end=\"4326\"><p data-start=\"4198\" data-end=\"4326\"><strong data-start=\"4198\" data-end=\"4231\">Accesibilidad universal<\/strong>: \u00fatil tanto para aut\u00f3nomos como para grandes empresas, gracias a sus opciones flexibles.<\/p><\/li><li data-start=\"4327\" data-end=\"4450\"><p data-start=\"4329\" data-end=\"4450\"><strong data-start=\"4329\" data-end=\"4352\">Costes optimizados<\/strong>: menos tiempo dedicado a tareas repetitivas significa un r\u00e1pido retorno de la inversi\u00f3n.<\/p><\/li><li data-start=\"4451\" data-end=\"4583\"><p data-start=\"4453\" data-end=\"4583\"><strong data-start=\"4453\" data-end=\"4482\">Un entorno seguro<\/strong>: la ejecuci\u00f3n local y la opci\u00f3n on-premise garantizan la confidencialidad de los proyectos sensibles.<\/p><\/li><li data-start=\"4584\" data-end=\"4757\"><p data-start=\"4586\" data-end=\"4757\"><strong data-start=\"4586\" data-end=\"4615\">Escalabilidad natural<\/strong>: tanto si eres una start-up en crecimiento como una gran empresa, Tabnine se adapta a tus necesidades y apoya a tus equipos a largo plazo.<\/p><\/li><\/ul>\t\t\t\t\t\t\t\t<\/div>\n\t\t\t\t<\/div>\n\t\t\t\t<div class=\"elementor-element elementor-element-fb6c6bb elementor-widget elementor-widget-heading\" data-id=\"fb6c6bb\" data-element_type=\"widget\" data-e-type=\"widget\" data-widget_type=\"heading.default\">\n\t\t\t\t<div class=\"elementor-widget-container\">\n\t\t\t\t\t<h2 class=\"elementor-heading-title elementor-size-default\">\u00bfPara qui\u00e9n es Tabnine?<\/h2>\t\t\t\t<\/div>\n\t\t\t\t<\/div>\n\t\t\t\t<div class=\"elementor-element elementor-element-bd56104 elementor-widget elementor-widget-text-editor\" data-id=\"bd56104\" data-element_type=\"widget\" data-e-type=\"widget\" data-widget_type=\"text-editor.default\">\n\t\t\t\t<div class=\"elementor-widget-container\">\n\t\t\t\t\t\t\t\t\t<ul><li data-start=\"4859\" data-end=\"4959\"><p data-start=\"4861\" data-end=\"4959\"><strong data-start=\"4865\" data-end=\"4894\">Desarrolladores aut\u00f3nomos<\/strong> que quieren acelerar sus proyectos y hacer que funcionen mejor.<\/p><\/li><li data-start=\"4960\" data-end=\"5057\"><p data-start=\"4962\" data-end=\"5057\"><strong data-start=\"4966\" data-end=\"4988\">Equipos t\u00e9cnicos<\/strong>, que quieren armonizar su c\u00f3digo y colaborar m\u00e1s eficazmente.<\/p><\/li><li data-start=\"5058\" data-end=\"5149\"><p data-start=\"5060\" data-end=\"5149\"><strong data-start=\"5064\" data-end=\"5076\">Empresas de nueva creaci\u00f3n<\/strong>, que buscan reducir su tiempo de comercializaci\u00f3n y seguir siendo competitivas.<\/p><\/li><li data-start=\"5150\" data-end=\"5267\"><p data-start=\"5152\" data-end=\"5267\"><strong data-start=\"5156\" data-end=\"5180\">Empresas establecidas<\/strong> que necesitan herramientas seguras y personalizables para sus proyectos sensibles.<\/p><\/li><li data-start=\"5268\" data-end=\"5397\"><p data-start=\"5270\" data-end=\"5397\"><strong data-start=\"5274\" data-end=\"5300\">Estudiantes y principiantes<\/strong>, que encontrar\u00e1n en Tabnine un aliado pedag\u00f3gico para aprender m\u00e1s r\u00e1pidamente las mejores pr\u00e1cticas.<\/p><\/li><\/ul>\t\t\t\t\t\t\t\t<\/div>\n\t\t\t\t<\/div>\n\t\t\t\t\t<\/div>\n\t\t\t\t<\/div>\n\t\t\t\t<\/div>\n\t\t","protected":false},"excerpt":{"rendered":"<p>\u00bfQu\u00e9 es Tabnine? Tabnine es un asistente de desarrollo inteligente que utiliza la inteligencia artificial para ayudar a los desarrolladores a escribir c\u00f3digo m\u00e1s r\u00e1pido, m\u00e1s limpio y con menos errores. Mientras que el autocompletado convencional se limita a sugerir algunas palabras clave o fragmentos de sintaxis, Tabnine va mucho m\u00e1s all\u00e1: analiza el contexto de tu proyecto, comprende la l\u00f3gica de tu c\u00f3digo y sugiere complementos adaptados a tus necesidades reales. La herramienta se integra directamente en los entornos de desarrollo m\u00e1s utilizados, como Visual Studio Code, IntelliJ, PyCharm y WebStorm. As\u00ed se convierte en un aut\u00e9ntico copiloto, capaz de anticipar tus pr\u00f3ximas l\u00edneas de c\u00f3digo, adaptarse a tus h\u00e1bitos y hacer que tu trabajo diario vaya m\u00e1s fluido. Tanto para desarrolladores independientes como para grandes equipos t\u00e9cnicos, Tabnine es una soluci\u00f3n que combina velocidad, fiabilidad y seguridad. Caracter\u00edsticas principales de Tabnine Tabnine proporciona potentes funciones que facilitan el trabajo diario de los desarrolladores: Completado inteligente del c\u00f3digo, basado en el contexto de tu proyecto, que reduce el tiempo de introducci\u00f3n y minimiza los errores. Compatibilidad multiling\u00fce, con soporte para m\u00e1s de 30 lenguajes de programaci\u00f3n, incluidos Python, JavaScript, Java, Go, C++ y TypeScript. Aprendizaje personalizado, con sugerencias adaptadas a tu estilo de c\u00f3digo y base existente. Integraci\u00f3n nativa con los principales IDEs, para adoptar sin problemas tus h\u00e1bitos de trabajo. Opciones de seguridad mejoradas, con la opci\u00f3n de ejecutar la IA localmente o en tus servidores para proteger tus datos sensibles. Un modo de colaboraci\u00f3n empresarial, que te permite entrenar Tabnine en tus propios repositorios de c\u00f3digo para armonizar las pr\u00e1cticas de desarrollo en todos tus equipos. Alojamiento flexible, en la nube o in situ, para satisfacer las necesidades espec\u00edficas de cada organizaci\u00f3n. C\u00f3mo utilizar Tabnine para optimizar tus proyectos Tabnine se adapta a diferentes contextos de uso y se convierte en una herramienta estrat\u00e9gica en diversas situaciones: Acelera el desarrollo diario: gracias a sus sugerencias autom\u00e1ticas, puedes codificar de forma m\u00e1s r\u00e1pida y fluida, tanto si trabajas en el back-end en Python como en el front-end en React. Reduce los fallos y los errores comunes: la IA act\u00faa como una red de seguridad sugiriendo terminaciones coherentes que limitan los errores de sintaxis o las incoherencias. Armoniza el c\u00f3digo en equipo: Tabnine puede formarse en tus propios repositorios para garantizar la uniformidad de estilo y las mejores pr\u00e1cticas. Facilita la incorporaci\u00f3n de nuevos desarrolladores: las sugerencias contextuales ayudan a los desarrolladores noveles a familiarizarse m\u00e1s r\u00e1pidamente con la estructura y las normas de tus proyectos. Acelera las contribuciones al c\u00f3digo abierto: Tabnine simplifica la integraci\u00f3n de proyectos complejos ofreciendo sugerencias adaptadas a las convenciones del c\u00f3digo existente. Las ventajas de Tabnine para tu organizaci\u00f3n Aumento tangible de la productividad: al reducir el tiempo de introducci\u00f3n de datos y las b\u00fasquedas, Tabnine permite ofrecer funciones y correcciones con mayor rapidez. Mejor calidad del c\u00f3digo: la IA sugiere soluciones acordes con las mejores pr\u00e1cticas, reduciendo los errores y mejorando la mantenibilidad. Accesibilidad universal: \u00fatil tanto para aut\u00f3nomos como para grandes empresas, gracias a sus opciones flexibles. Costes optimizados: menos tiempo dedicado a tareas repetitivas significa un r\u00e1pido retorno de la inversi\u00f3n. Un entorno seguro: la ejecuci\u00f3n local y la opci\u00f3n on-premise garantizan la confidencialidad de los proyectos sensibles. Escalabilidad natural: tanto si eres una start-up en crecimiento como una gran empresa, Tabnine se adapta a tus necesidades y apoya a tus equipos a largo plazo. \u00bfPara qui\u00e9n es Tabnine? Desarrolladores aut\u00f3nomos que quieren acelerar sus proyectos y hacer que funcionen mejor. Equipos t\u00e9cnicos, que quieren armonizar su c\u00f3digo y colaborar m\u00e1s eficazmente. Empresas de nueva creaci\u00f3n, que buscan reducir su tiempo de comercializaci\u00f3n y seguir siendo competitivas. Empresas establecidas que necesitan herramientas seguras y personalizables para sus proyectos sensibles. Estudiantes y principiantes, que encontrar\u00e1n en Tabnine un aliado pedag\u00f3gico para aprender m\u00e1s r\u00e1pidamente las mejores pr\u00e1cticas.<\/p>\n","protected":false},"featured_media":38542,"comment_status":"closed","ping_status":"closed","template":"","meta":{"_acf_changed":false,"_glsr_average":0,"_glsr_ranking":0,"_glsr_reviews":0},"product_brand":[],"product_cat":[7062,7057],"product_tag":[],"class_list":{"0":"post-38545","1":"product","2":"type-product","3":"status-publish","4":"has-post-thumbnail","6":"product_cat-claude-es","7":"product_cat-modelos-de-ia","9":"first","10":"instock","11":"shipping-taxable","12":"product-type-external"},"acf":[],"_links":{"self":[{"href":"https:\/\/boostgrowb.com\/es\/wp-json\/wp\/v2\/product\/38545","targetHints":{"allow":["GET"]}}],"collection":[{"href":"https:\/\/boostgrowb.com\/es\/wp-json\/wp\/v2\/product"}],"about":[{"href":"https:\/\/boostgrowb.com\/es\/wp-json\/wp\/v2\/types\/product"}],"replies":[{"embeddable":true,"href":"https:\/\/boostgrowb.com\/es\/wp-json\/wp\/v2\/comments?post=38545"}],"version-history":[{"count":0,"href":"https:\/\/boostgrowb.com\/es\/wp-json\/wp\/v2\/product\/38545\/revisions"}],"wp:featuredmedia":[{"embeddable":true,"href":"https:\/\/boostgrowb.com\/es\/wp-json\/wp\/v2\/media\/38542"}],"wp:attachment":[{"href":"https:\/\/boostgrowb.com\/es\/wp-json\/wp\/v2\/media?parent=38545"}],"wp:term":[{"taxonomy":"product_brand","embeddable":true,"href":"https:\/\/boostgrowb.com\/es\/wp-json\/wp\/v2\/product_brand?post=38545"},{"taxonomy":"product_cat","embeddable":true,"href":"https:\/\/boostgrowb.com\/es\/wp-json\/wp\/v2\/product_cat?post=38545"},{"taxonomy":"product_tag","embeddable":true,"href":"https:\/\/boostgrowb.com\/es\/wp-json\/wp\/v2\/product_tag?post=38545"}],"curies":[{"name":"wp","href":"https:\/\/api.w.org\/{rel}","templated":true}]}}