{"id":39002,"date":"2025-09-23T07:47:59","date_gmt":"2025-09-23T07:47:59","guid":{"rendered":"https:\/\/boostgrowb.com\/software\/inteligencia-artificial-synthesia\/"},"modified":"2025-09-24T18:46:48","modified_gmt":"2025-09-24T18:46:48","slug":"inteligencia-artificial-synthesia","status":"publish","type":"product","link":"https:\/\/boostgrowb.com\/es\/software\/inteligencia-artificial-synthesia\/","title":{"rendered":"Inteligencia Artificial Synthesia"},"content":{"rendered":"\t\t<div data-elementor-type=\"product-post\" data-elementor-id=\"39002\" class=\"elementor elementor-39002 elementor-38994\" data-elementor-post-type=\"product\">\n\t\t\t\t<div class=\"elementor-element elementor-element-ef60115 e-flex e-con-boxed wpr-particle-no wpr-jarallax-no wpr-parallax-no wpr-sticky-section-no e-con e-parent\" data-id=\"ef60115\" data-element_type=\"container\" data-e-type=\"container\">\n\t\t\t\t\t<div class=\"e-con-inner\">\n\t\t\t\t<div class=\"elementor-element elementor-element-e3c168d elementor-widget elementor-widget-heading\" data-id=\"e3c168d\" data-element_type=\"widget\" data-e-type=\"widget\" data-widget_type=\"heading.default\">\n\t\t\t\t<div class=\"elementor-widget-container\">\n\t\t\t\t\t<h2 class=\"elementor-heading-title elementor-size-default\">\u00bfQu\u00e9 es la Sinestesia?<\/h2>\t\t\t\t<\/div>\n\t\t\t\t<\/div>\n\t\t\t\t<div class=\"elementor-element elementor-element-f834d1d elementor-widget elementor-widget-text-editor\" data-id=\"f834d1d\" data-element_type=\"widget\" data-e-type=\"widget\" data-widget_type=\"text-editor.default\">\n\t\t\t\t<div class=\"elementor-widget-container\">\n\t\t\t\t\t\t\t\t\t<p data-start=\"400\" data-end=\"814\"><strong data-start=\"400\" data-end=\"413\">Synthesia<\/strong> es una plataforma de creaci\u00f3n de v\u00eddeo basada en inteligencia artificial, dise\u00f1ada para transformar un simple texto en un v\u00eddeo profesional con un avatar y una narraci\u00f3n realista. Esta herramienta elimina las limitaciones tradicionales de la producci\u00f3n audiovisual: no hay necesidad de c\u00e1maras, costosas filmaciones o voces en off grabadas: todo se hace directamente en l\u00ednea, de forma r\u00e1pida y rentable. <\/p><p data-start=\"816\" data-end=\"1197\">Utilizada por miles de empresas de todo el mundo, Synthesia es especialmente apreciada por su capacidad de <strong data-start=\"929\" data-end=\"955\">humanizar los mensajes<\/strong> gracias a sus avatares de IA fotorrealistas y sus voces naturales multiling\u00fces. Ya sea para marketing, formaci\u00f3n, comunicaci\u00f3n interna o e-learning, la herramienta permite crear v\u00eddeos atractivos en pocos minutos. <\/p>\t\t\t\t\t\t\t\t<\/div>\n\t\t\t\t<\/div>\n\t\t\t\t<div class=\"elementor-element elementor-element-cd3a9d5 elementor-widget elementor-widget-heading\" data-id=\"cd3a9d5\" data-element_type=\"widget\" data-e-type=\"widget\" data-widget_type=\"heading.default\">\n\t\t\t\t<div class=\"elementor-widget-container\">\n\t\t\t\t\t<h2 class=\"elementor-heading-title elementor-size-default\">Caracter\u00edsticas principales de Synthesia<\/h2>\t\t\t\t<\/div>\n\t\t\t\t<\/div>\n\t\t\t\t<div class=\"elementor-element elementor-element-14f2c08 elementor-widget elementor-widget-text-editor\" data-id=\"14f2c08\" data-element_type=\"widget\" data-e-type=\"widget\" data-widget_type=\"text-editor.default\">\n\t\t\t\t<div class=\"elementor-widget-container\">\n\t\t\t\t\t\t\t\t\t<p data-start=\"1248\" data-end=\"1460\"><strong data-start=\"1252\" data-end=\"1281\">Avatares AI fotorrealistas<\/strong>: accede a una amplia biblioteca de avatares profesionales o crea los tuyos propios para representar tu marca. Estos avatares a\u00f1aden una dimensi\u00f3n humana y cre\u00edble a tus v\u00eddeos. <\/p><p data-start=\"1462\" data-end=\"1719\"><strong data-start=\"1466\" data-end=\"1502\">Locuciones multiling\u00fces naturales<\/strong>: m\u00e1s de 40 idiomas y acentos disponibles, con entonaciones cercanas a la voz humana. Esto significa que puedes producir v\u00eddeos adaptados a un p\u00fablico internacional sin necesidad de un narrador externo. <\/p><p data-start=\"1721\" data-end=\"1928\"><strong data-start=\"1724\" data-end=\"1772\">Transformaci\u00f3n instant\u00e1nea de texto en v\u00eddeo<\/strong>: s\u00f3lo tienes que escribir un gui\u00f3n y Synthesia genera autom\u00e1ticamente un v\u00eddeo completo con narraci\u00f3n y avatar animado, todo en unos minutos.<\/p><p data-start=\"1930\" data-end=\"2132\">Una <strong data-start=\"1934\" data-end=\"1987\">funci\u00f3n autom\u00e1tica de traducci\u00f3n y doblaje<\/strong>: convierte tus v\u00eddeos existentes a varios idiomas con sincronizaci\u00f3n labial, ideal para distribuir tus contenidos internacionalmente.<\/p><p data-start=\"2134\" data-end=\"2292\"><strong data-start=\"2138\" data-end=\"2183\">Plantillas profesionales listas para usar<\/strong>: m\u00e1s de 60 plantillas para crear f\u00e1cilmente v\u00eddeos de marketing, formaci\u00f3n o comunicaci\u00f3n interna.<\/p><p data-start=\"2294\" data-end=\"2467\"><strong data-start=\"2298\" data-end=\"2326\">Amplia personalizaci\u00f3n<\/strong>: ajusta el tono, el ritmo, la postura del avatar y el fondo para que tus v\u00eddeos reflejen perfectamente tu identidad de marca.<\/p><p data-start=\"2469\" data-end=\"2624\">Un <strong data-start=\"2472\" data-end=\"2510\">modo colaborativo para equipos<\/strong>: comparte un espacio de trabajo con tus compa\u00f1eros para crear, editar y validar juntos tus v\u00eddeos.<\/p>\t\t\t\t\t\t\t\t<\/div>\n\t\t\t\t<\/div>\n\t\t\t\t<div class=\"elementor-element elementor-element-1820b74 elementor-widget elementor-widget-heading\" data-id=\"1820b74\" data-element_type=\"widget\" data-e-type=\"widget\" data-widget_type=\"heading.default\">\n\t\t\t\t<div class=\"elementor-widget-container\">\n\t\t\t\t\t<h2 class=\"elementor-heading-title elementor-size-default\">C\u00f3mo utilizar eficazmente Synthesia<\/h2>\t\t\t\t<\/div>\n\t\t\t\t<\/div>\n\t\t\t\t<div class=\"elementor-element elementor-element-b202336 elementor-widget elementor-widget-text-editor\" data-id=\"b202336\" data-element_type=\"widget\" data-e-type=\"widget\" data-widget_type=\"text-editor.default\">\n\t\t\t\t<div class=\"elementor-widget-container\">\n\t\t\t\t\t\t\t\t\t<p data-start=\"2679\" data-end=\"2968\">Para sacar el m\u00e1ximo partido de Synthesia, empieza por definir tu objetivo: \u00bfquieres crear un v\u00eddeo explicativo, un tutorial o un mensaje corporativo? A continuaci\u00f3n, escribe un <strong data-start=\"2866\" data-end=\"2895\">gui\u00f3n claro y estructurado<\/strong>, pensando en el ritmo de la narraci\u00f3n y en el impacto de los mensajes clave. <\/p><p data-start=\"2970\" data-end=\"3252\">Selecciona un <strong data-start=\"2986\" data-end=\"3027\">avatar que se ajuste a tu audiencia<\/strong> y elige una voz que se adapte al tono que quieras establecer (formal, amistoso, educativo). Personaliza el fondo, a\u00f1adiendo texto, elementos visuales o m\u00fasica de fondo para reforzar el impacto. <\/p><p data-start=\"3254\" data-end=\"3480\">Por \u00faltimo, utiliza la funci\u00f3n <strong data-start=\"3285\" data-end=\"3314\">de traducci\u00f3n y doblaje<\/strong> para traducir tu v\u00eddeo a varios idiomas y maximizar su alcance. Analizando los comentarios de tus espectadores, puedes afinar tus futuras producciones. <\/p>\t\t\t\t\t\t\t\t<\/div>\n\t\t\t\t<\/div>\n\t\t\t\t<div class=\"elementor-element elementor-element-707d9af elementor-widget elementor-widget-heading\" data-id=\"707d9af\" data-element_type=\"widget\" data-e-type=\"widget\" data-widget_type=\"heading.default\">\n\t\t\t\t<div class=\"elementor-widget-container\">\n\t\t\t\t\t<h2 class=\"elementor-heading-title elementor-size-default\">\u00bfPor qu\u00e9 Synthesia es diferente de los dem\u00e1s?<\/h2>\t\t\t\t<\/div>\n\t\t\t\t<\/div>\n\t\t\t\t<div class=\"elementor-element elementor-element-d030677 elementor-widget elementor-widget-text-editor\" data-id=\"d030677\" data-element_type=\"widget\" data-e-type=\"widget\" data-widget_type=\"text-editor.default\">\n\t\t\t\t<div class=\"elementor-widget-container\">\n\t\t\t\t\t\t\t\t\t<p>Synthesia destaca por su <strong data-start=\"3572\" data-end=\"3613\">facilidad de uso y rapidez<\/strong>: en pocos minutos, obtienes un resultado profesional donde una producci\u00f3n tradicional requerir\u00eda varios d\u00edas y un presupuesto considerable. A diferencia de otras herramientas de creaci\u00f3n de v\u00eddeos, hace hincapi\u00e9 en la <strong data-start=\"3831\" data-end=\"3882\">dimensi\u00f3n humana con sus avatares realistas<\/strong>, lo que la hace especialmente adecuada para usos como la formaci\u00f3n o la comunicaci\u00f3n interna. Su <strong data-start=\"3988\" data-end=\"4015\">enfoque multiling\u00fce<\/strong> y su capacidad para generar v\u00eddeos accesibles para todos la convierten en una soluci\u00f3n \u00fanica, capaz de satisfacer las necesidades tanto de las empresas locales como de las organizaciones internacionales.  <\/p>\t\t\t\t\t\t\t\t<\/div>\n\t\t\t\t<\/div>\n\t\t\t\t<div class=\"elementor-element elementor-element-5cb6ce8 elementor-widget elementor-widget-heading\" data-id=\"5cb6ce8\" data-element_type=\"widget\" data-e-type=\"widget\" data-widget_type=\"heading.default\">\n\t\t\t\t<div class=\"elementor-widget-container\">\n\t\t\t\t\t<h2 class=\"elementor-heading-title elementor-size-default\">\u00bfPara qui\u00e9n es Synthesia?<\/h2>\t\t\t\t<\/div>\n\t\t\t\t<\/div>\n\t\t\t\t<div class=\"elementor-element elementor-element-786bc16 elementor-widget elementor-widget-text-editor\" data-id=\"786bc16\" data-element_type=\"widget\" data-e-type=\"widget\" data-widget_type=\"text-editor.default\">\n\t\t\t\t<div class=\"elementor-widget-container\">\n\t\t\t\t\t\t\t\t\t<ul><li data-start=\"4239\" data-end=\"4341\"><p data-start=\"4241\" data-end=\"4341\"><strong data-start=\"4245\" data-end=\"4266\">Equipos de marketing<\/strong>, que pueden producir r\u00e1pidamente v\u00eddeos promocionales atractivos.<\/p><\/li><li data-start=\"4342\" data-end=\"4459\"><p data-start=\"4344\" data-end=\"4459\"><strong data-start=\"4348\" data-end=\"4389\">Formadores y organizaciones de e-learning<\/strong> que quieran hacer sus cursos m\u00e1s interactivos y accesibles.<\/p><\/li><li data-start=\"4460\" data-end=\"4561\"><p data-start=\"4462\" data-end=\"4561\"><strong data-start=\"4466\" data-end=\"4497\">Empresas internacionales<\/strong> que quieren comunicarse eficazmente en varios idiomas.<\/p><\/li><li data-start=\"4562\" data-end=\"4693\"><p data-start=\"4564\" data-end=\"4693\"><strong data-start=\"4568\" data-end=\"4607\">Equipos de RRHH y de comunicaci\u00f3n interna<\/strong>, que quieren transmitir mensajes claros y atractivos a su personal.<\/p><\/li><li data-start=\"4694\" data-end=\"4827\"><p data-start=\"4696\" data-end=\"4827\"><strong data-start=\"4700\" data-end=\"4738\">Aut\u00f3nomos y creadores de contenidos<\/strong> que quieran producir contenidos de v\u00eddeo profesionales sin un gran presupuesto de producci\u00f3n.<\/p><\/li><\/ul>\t\t\t\t\t\t\t\t<\/div>\n\t\t\t\t<\/div>\n\t\t\t\t\t<\/div>\n\t\t\t\t<\/div>\n\t\t\t\t<\/div>\n\t\t","protected":false},"excerpt":{"rendered":"<p>\u00bfQu\u00e9 es la Sinestesia? Synthesia es una plataforma de creaci\u00f3n de v\u00eddeo basada en inteligencia artificial, dise\u00f1ada para transformar un simple texto en un v\u00eddeo profesional con un avatar y una narraci\u00f3n realista. Esta herramienta elimina las limitaciones tradicionales de la producci\u00f3n audiovisual: no hay necesidad de c\u00e1maras, costosas filmaciones o voces en off grabadas: todo se hace directamente en l\u00ednea, de forma r\u00e1pida y rentable. Utilizada por miles de empresas de todo el mundo, Synthesia es especialmente apreciada por su capacidad de humanizar los mensajes gracias a sus avatares de IA fotorrealistas y sus voces naturales multiling\u00fces. Ya sea para marketing, formaci\u00f3n, comunicaci\u00f3n interna o e-learning, la herramienta permite crear v\u00eddeos atractivos en pocos minutos. Caracter\u00edsticas principales de Synthesia Avatares AI fotorrealistas: accede a una amplia biblioteca de avatares profesionales o crea los tuyos propios para representar tu marca. Estos avatares a\u00f1aden una dimensi\u00f3n humana y cre\u00edble a tus v\u00eddeos. Locuciones multiling\u00fces naturales: m\u00e1s de 40 idiomas y acentos disponibles, con entonaciones cercanas a la voz humana. Esto significa que puedes producir v\u00eddeos adaptados a un p\u00fablico internacional sin necesidad de un narrador externo. Transformaci\u00f3n instant\u00e1nea de texto en v\u00eddeo: s\u00f3lo tienes que escribir un gui\u00f3n y Synthesia genera autom\u00e1ticamente un v\u00eddeo completo con narraci\u00f3n y avatar animado, todo en unos minutos. Una funci\u00f3n autom\u00e1tica de traducci\u00f3n y doblaje: convierte tus v\u00eddeos existentes a varios idiomas con sincronizaci\u00f3n labial, ideal para distribuir tus contenidos internacionalmente. Plantillas profesionales listas para usar: m\u00e1s de 60 plantillas para crear f\u00e1cilmente v\u00eddeos de marketing, formaci\u00f3n o comunicaci\u00f3n interna. Amplia personalizaci\u00f3n: ajusta el tono, el ritmo, la postura del avatar y el fondo para que tus v\u00eddeos reflejen perfectamente tu identidad de marca. Un modo colaborativo para equipos: comparte un espacio de trabajo con tus compa\u00f1eros para crear, editar y validar juntos tus v\u00eddeos. C\u00f3mo utilizar eficazmente Synthesia Para sacar el m\u00e1ximo partido de Synthesia, empieza por definir tu objetivo: \u00bfquieres crear un v\u00eddeo explicativo, un tutorial o un mensaje corporativo? A continuaci\u00f3n, escribe un gui\u00f3n claro y estructurado, pensando en el ritmo de la narraci\u00f3n y en el impacto de los mensajes clave. Selecciona un avatar que se ajuste a tu audiencia y elige una voz que se adapte al tono que quieras establecer (formal, amistoso, educativo). Personaliza el fondo, a\u00f1adiendo texto, elementos visuales o m\u00fasica de fondo para reforzar el impacto. Por \u00faltimo, utiliza la funci\u00f3n de traducci\u00f3n y doblaje para traducir tu v\u00eddeo a varios idiomas y maximizar su alcance. Analizando los comentarios de tus espectadores, puedes afinar tus futuras producciones. \u00bfPor qu\u00e9 Synthesia es diferente de los dem\u00e1s? Synthesia destaca por su facilidad de uso y rapidez: en pocos minutos, obtienes un resultado profesional donde una producci\u00f3n tradicional requerir\u00eda varios d\u00edas y un presupuesto considerable. A diferencia de otras herramientas de creaci\u00f3n de v\u00eddeos, hace hincapi\u00e9 en la dimensi\u00f3n humana con sus avatares realistas, lo que la hace especialmente adecuada para usos como la formaci\u00f3n o la comunicaci\u00f3n interna. Su enfoque multiling\u00fce y su capacidad para generar v\u00eddeos accesibles para todos la convierten en una soluci\u00f3n \u00fanica, capaz de satisfacer las necesidades tanto de las empresas locales como de las organizaciones internacionales. \u00bfPara qui\u00e9n es Synthesia? Equipos de marketing, que pueden producir r\u00e1pidamente v\u00eddeos promocionales atractivos. Formadores y organizaciones de e-learning que quieran hacer sus cursos m\u00e1s interactivos y accesibles. Empresas internacionales que quieren comunicarse eficazmente en varios idiomas. Equipos de RRHH y de comunicaci\u00f3n interna, que quieren transmitir mensajes claros y atractivos a su personal. Aut\u00f3nomos y creadores de contenidos que quieran producir contenidos de v\u00eddeo profesionales sin un gran presupuesto de producci\u00f3n.<\/p>\n","protected":false},"featured_media":30825,"comment_status":"closed","ping_status":"closed","template":"","meta":{"_acf_changed":false,"_glsr_average":0,"_glsr_ranking":0,"_glsr_reviews":0},"product_brand":[],"product_cat":[7481,5385,5379,5378],"product_tag":[],"class_list":{"0":"post-39002","1":"product","2":"type-product","3":"status-publish","4":"has-post-thumbnail","6":"product_cat-avatares","7":"product_cat-generador-de-voz","8":"product_cat-generadores-de-video","9":"product_cat-ia-generativa","11":"first","12":"instock","13":"shipping-taxable","14":"product-type-external"},"acf":[],"_links":{"self":[{"href":"https:\/\/boostgrowb.com\/es\/wp-json\/wp\/v2\/product\/39002","targetHints":{"allow":["GET"]}}],"collection":[{"href":"https:\/\/boostgrowb.com\/es\/wp-json\/wp\/v2\/product"}],"about":[{"href":"https:\/\/boostgrowb.com\/es\/wp-json\/wp\/v2\/types\/product"}],"replies":[{"embeddable":true,"href":"https:\/\/boostgrowb.com\/es\/wp-json\/wp\/v2\/comments?post=39002"}],"version-history":[{"count":0,"href":"https:\/\/boostgrowb.com\/es\/wp-json\/wp\/v2\/product\/39002\/revisions"}],"wp:featuredmedia":[{"embeddable":true,"href":"https:\/\/boostgrowb.com\/es\/wp-json\/wp\/v2\/media\/30825"}],"wp:attachment":[{"href":"https:\/\/boostgrowb.com\/es\/wp-json\/wp\/v2\/media?parent=39002"}],"wp:term":[{"taxonomy":"product_brand","embeddable":true,"href":"https:\/\/boostgrowb.com\/es\/wp-json\/wp\/v2\/product_brand?post=39002"},{"taxonomy":"product_cat","embeddable":true,"href":"https:\/\/boostgrowb.com\/es\/wp-json\/wp\/v2\/product_cat?post=39002"},{"taxonomy":"product_tag","embeddable":true,"href":"https:\/\/boostgrowb.com\/es\/wp-json\/wp\/v2\/product_tag?post=39002"}],"curies":[{"name":"wp","href":"https:\/\/api.w.org\/{rel}","templated":true}]}}