{"id":39019,"date":"2025-09-23T08:18:00","date_gmt":"2025-09-23T08:18:00","guid":{"rendered":"https:\/\/boostgrowb.com\/software\/pista\/"},"modified":"2025-09-23T11:59:40","modified_gmt":"2025-09-23T11:59:40","slug":"pista","status":"publish","type":"product","link":"https:\/\/boostgrowb.com\/es\/software\/pista\/","title":{"rendered":"Pista"},"content":{"rendered":"\t\t<div data-elementor-type=\"product-post\" data-elementor-id=\"39019\" class=\"elementor elementor-39019 elementor-39013\" data-elementor-post-type=\"product\">\n\t\t\t\t<div class=\"elementor-element elementor-element-f15428d e-flex e-con-boxed wpr-particle-no wpr-jarallax-no wpr-parallax-no wpr-sticky-section-no e-con e-parent\" data-id=\"f15428d\" data-element_type=\"container\" data-e-type=\"container\">\n\t\t\t\t\t<div class=\"e-con-inner\">\n\t\t\t\t<div class=\"elementor-element elementor-element-8c87473 elementor-widget elementor-widget-heading\" data-id=\"8c87473\" data-element_type=\"widget\" data-e-type=\"widget\" data-widget_type=\"heading.default\">\n\t\t\t\t<div class=\"elementor-widget-container\">\n\t\t\t\t\t<h2 class=\"elementor-heading-title elementor-size-default\">\u00bfQu\u00e9 es la Pasarela?<\/h2>\t\t\t\t<\/div>\n\t\t\t\t<\/div>\n\t\t\t\t<div class=\"elementor-element elementor-element-18f9ab0 elementor-widget elementor-widget-text-editor\" data-id=\"18f9ab0\" data-element_type=\"widget\" data-e-type=\"widget\" data-widget_type=\"text-editor.default\">\n\t\t\t\t<div class=\"elementor-widget-container\">\n\t\t\t\t\t\t\t\t\t<p data-start=\"461\" data-end=\"778\"><strong data-start=\"461\" data-end=\"471\">Runway<\/strong> es una plataforma de creaci\u00f3n audiovisual que sit\u00faa la inteligencia artificial en el centro del proceso creativo. M\u00e1s que una herramienta de edici\u00f3n, es un aut\u00e9ntico <strong data-start=\"646\" data-end=\"686\">estudio digital de nueva generaci\u00f3n<\/strong>, dise\u00f1ado para generar, transformar y mejorar v\u00eddeos e im\u00e1genes en un tiempo r\u00e9cord. <\/p><p data-start=\"780\" data-end=\"1199\">Donde la edici\u00f3n tradicional requiere hardware, software complejo y conocimientos avanzados, Runway hace que la creaci\u00f3n <strong data-start=\"903\" data-end=\"938\">sea sencilla, intuitiva y accesible<\/strong>, incluso para los no especialistas. Para vide\u00f3grafos, vendedores, creadores de contenidos y formadores, abre todo un nuevo mundo de posibilidades: <strong data-start=\"1080\" data-end=\"1196\">producir m\u00e1s r\u00e1pido, experimentar m\u00e1s, reducir costes y ampliar los l\u00edmites de la imaginaci\u00f3n visual<\/strong>. <\/p>\t\t\t\t\t\t\t\t<\/div>\n\t\t\t\t<\/div>\n\t\t\t\t<div class=\"elementor-element elementor-element-cd0ca2f elementor-widget elementor-widget-heading\" data-id=\"cd0ca2f\" data-element_type=\"widget\" data-e-type=\"widget\" data-widget_type=\"heading.default\">\n\t\t\t\t<div class=\"elementor-widget-container\">\n\t\t\t\t\t<h2 class=\"elementor-heading-title elementor-size-default\">Caracter\u00edsticas principales de Runway<\/h2>\t\t\t\t<\/div>\n\t\t\t\t<\/div>\n\t\t\t\t<div class=\"elementor-element elementor-element-74a4443 elementor-widget elementor-widget-text-editor\" data-id=\"74a4443\" data-element_type=\"widget\" data-e-type=\"widget\" data-widget_type=\"text-editor.default\">\n\t\t\t\t<div class=\"elementor-widget-container\">\n\t\t\t\t\t\t\t\t\t<p>Runway ofrece un arsenal de potentes herramientas dise\u00f1adas para combinar creatividad y eficacia:<\/p><ul><li data-start=\"1352\" data-end=\"1506\"><p data-start=\"1354\" data-end=\"1506\"><strong data-start=\"1354\" data-end=\"1397\">Generaci\u00f3n de im\u00e1genes y v\u00eddeos por IA<\/strong>: describe tu idea en pocas palabras, y deja que la IA produzca im\u00e1genes o secuencias de v\u00eddeo originales.<\/p><\/li><li data-start=\"1507\" data-end=\"1686\"><p data-start=\"1509\" data-end=\"1686\"><strong data-start=\"1509\" data-end=\"1539\">Edici\u00f3n inteligente de v\u00eddeo<\/strong>: elimina elementos, cambia un fondo o aplica retoques avanzados sin necesidad de pesados programas de postproducci\u00f3n.<\/p><\/li><li data-start=\"1687\" data-end=\"1830\"><p data-start=\"1689\" data-end=\"1830\"><strong data-start=\"1689\" data-end=\"1706\">Texto a v\u00eddeo<\/strong>: utiliza un gui\u00f3n o una simple descripci\u00f3n de texto para generar un v\u00eddeo completo y coherente, animado por IA.<\/p><\/li><li data-start=\"1831\" data-end=\"1963\"><p data-start=\"1833\" data-end=\"1963\"><strong data-start=\"1833\" data-end=\"1863\">Efectos visuales automatizados<\/strong>: aplica filtros, transiciones y correcciones est\u00e9ticas con s\u00f3lo pulsar un bot\u00f3n para mejorar tus proyectos.<\/p><\/li><li data-start=\"1964\" data-end=\"2125\"><p data-start=\"1966\" data-end=\"2125\"><strong data-start=\"1966\" data-end=\"1997\">Colaboraci\u00f3n en tiempo real<\/strong>: trabaja con tus equipos en el mismo proyecto a trav\u00e9s de un espacio de trabajo compartido, haciendo que el proceso sea m\u00e1s r\u00e1pido y fluido.<\/p><\/li><li data-start=\"2126\" data-end=\"2277\"><p data-start=\"2128\" data-end=\"2277\"><strong data-start=\"2128\" data-end=\"2165\">Exportaciones optimizadas para digital<\/strong>: adapta tus creaciones a los formatos espec\u00edficos de plataformas como YouTube, TikTok, Instagram o LinkedIn.<\/p><\/li><li data-start=\"2278\" data-end=\"2445\"><p data-start=\"2280\" data-end=\"2445\"><strong data-start=\"2280\" data-end=\"2304\">Evoluci\u00f3n continua<\/strong>: aprovecha las actualizaciones peri\u00f3dicas que incorporan los \u00faltimos avances en IA generativa, para mantenerte a la vanguardia de los usos creativos.<\/p><\/li><\/ul>\t\t\t\t\t\t\t\t<\/div>\n\t\t\t\t<\/div>\n\t\t\t\t<div class=\"elementor-element elementor-element-74f1f49 elementor-widget elementor-widget-heading\" data-id=\"74f1f49\" data-element_type=\"widget\" data-e-type=\"widget\" data-widget_type=\"heading.default\">\n\t\t\t\t<div class=\"elementor-widget-container\">\n\t\t\t\t\t<h2 class=\"elementor-heading-title elementor-size-default\">C\u00f3mo utilizar la Pasarela para dinamizar tus proyectos creativos<\/h2>\t\t\t\t<\/div>\n\t\t\t\t<\/div>\n\t\t\t\t<div class=\"elementor-element elementor-element-d218bf8 elementor-widget elementor-widget-text-editor\" data-id=\"d218bf8\" data-element_type=\"widget\" data-e-type=\"widget\" data-widget_type=\"text-editor.default\">\n\t\t\t\t<div class=\"elementor-widget-container\">\n\t\t\t\t\t\t\t\t\t<p data-start=\"2518\" data-end=\"2617\">Runway no es s\u00f3lo una herramienta pr\u00e1ctica: es un <strong data-start=\"2574\" data-end=\"2614\">aut\u00e9ntico acelerador de la creatividad<\/strong>.<\/p><p data-start=\"2619\" data-end=\"3110\">Un <strong data-start=\"2622\" data-end=\"2649\">cineasta independiente<\/strong> puede utilizarlo para generar efectos especiales o ajustar una secuencia sin contratar a un costoso equipo de postproducci\u00f3n. Un <strong data-start=\"2779\" data-end=\"2800\">vendedor digital<\/strong> puede producir en pocos minutos un v\u00eddeo promocional contundente para una campa\u00f1a social, con resultados que rivalizan con los est\u00e1ndares profesionales. Un <strong data-start=\"2963\" data-end=\"2976\">formador<\/strong> puede transformar su material did\u00e1ctico en v\u00eddeos interactivos, aumentando la participaci\u00f3n y la retenci\u00f3n del alumno.  <\/p><p data-start=\"3112\" data-end=\"3315\">Con Runway, ganas libertad para <strong data-start=\"3154\" data-end=\"3195\">probar r\u00e1pidamente tus ideas visuales<\/strong>, explorar nuevos estilos y aplicar el mismo contenido en m\u00faltiples formatos y canales sin empezar de cero.<\/p>\t\t\t\t\t\t\t\t<\/div>\n\t\t\t\t<\/div>\n\t\t\t\t<div class=\"elementor-element elementor-element-59c1492 elementor-widget elementor-widget-heading\" data-id=\"59c1492\" data-element_type=\"widget\" data-e-type=\"widget\" data-widget_type=\"heading.default\">\n\t\t\t\t<div class=\"elementor-widget-container\">\n\t\t\t\t\t<h2 class=\"elementor-heading-title elementor-size-default\">Las ventajas de utilizar Runway<\/h2>\t\t\t\t<\/div>\n\t\t\t\t<\/div>\n\t\t\t\t<div class=\"elementor-element elementor-element-39e69a4 elementor-widget elementor-widget-text-editor\" data-id=\"39e69a4\" data-element_type=\"widget\" data-e-type=\"widget\" data-widget_type=\"text-editor.default\">\n\t\t\t\t<div class=\"elementor-widget-container\">\n\t\t\t\t\t\t\t\t\t<ul><li data-start=\"3382\" data-end=\"3538\"><p data-start=\"3384\" data-end=\"3538\"><strong data-start=\"3384\" data-end=\"3411\">Acelera la producci\u00f3n<\/strong>: ahorra un tiempo precioso automatizando tareas que consumen mucho tiempo, como la edici\u00f3n, el recorte o la correcci\u00f3n visual.<\/p><\/li><li data-start=\"3539\" data-end=\"3694\"><p data-start=\"3541\" data-end=\"3694\"><strong data-start=\"3541\" data-end=\"3571\">Potencia tu creatividad<\/strong>: deja que la IA genere conceptos originales, insp\u00edrate en sus sugerencias y explora nuevos mundos visuales.<\/p><\/li><li data-start=\"3695\" data-end=\"3804\"><p data-start=\"3697\" data-end=\"3804\"><strong data-start=\"3697\" data-end=\"3718\">Recorta costes<\/strong>: reduce tus gastos en hardware, software complejo y subcontrataci\u00f3n externa.<\/p><\/li><li data-start=\"3805\" data-end=\"3954\"><p data-start=\"3807\" data-end=\"3954\"><strong data-start=\"3807\" data-end=\"3860\">Accede al v\u00eddeo profesional sin conocimientos t\u00e9cnicos<\/strong>: incluso sin formaci\u00f3n t\u00e9cnica, puedes conseguir resultados dignos de producciones avanzadas.<\/p><\/li><li data-start=\"3955\" data-end=\"4136\"><p data-start=\"3957\" data-end=\"4136\"><strong data-start=\"3957\" data-end=\"3996\">Desarrolla una estrategia multicanal<\/strong>: un mismo proyecto puede desplegarse en varios formatos adaptados a las redes sociales, los sitios web o las presentaciones profesionales.<\/p><\/li><\/ul>\t\t\t\t\t\t\t\t<\/div>\n\t\t\t\t<\/div>\n\t\t\t\t<div class=\"elementor-element elementor-element-d8da3bc elementor-widget elementor-widget-heading\" data-id=\"d8da3bc\" data-element_type=\"widget\" data-e-type=\"widget\" data-widget_type=\"heading.default\">\n\t\t\t\t<div class=\"elementor-widget-container\">\n\t\t\t\t\t<h2 class=\"elementor-heading-title elementor-size-default\">\u00bfA qui\u00e9n se dirige Runway?<\/h2>\t\t\t\t<\/div>\n\t\t\t\t<\/div>\n\t\t\t\t<div class=\"elementor-element elementor-element-7b20ff5 elementor-widget elementor-widget-text-editor\" data-id=\"7b20ff5\" data-element_type=\"widget\" data-e-type=\"widget\" data-widget_type=\"text-editor.default\">\n\t\t\t\t<div class=\"elementor-widget-container\">\n\t\t\t\t\t\t\t\t\t<p>Runway es para cualquiera que quiera transformar su forma de producir contenidos visuales:<\/p><ul><li data-start=\"4273\" data-end=\"4400\"><p data-start=\"4275\" data-end=\"4400\"><strong data-start=\"4275\" data-end=\"4308\">Cineastas y vide\u00f3grafos<\/strong> que quieran acelerar su flujo de trabajo y a\u00f1adir efectos especiales de alta calidad.<\/p><\/li><li data-start=\"4401\" data-end=\"4522\"><p data-start=\"4403\" data-end=\"4522\"><strong data-start=\"4403\" data-end=\"4445\">Equipos de marketing y comunicaci\u00f3n<\/strong>, que necesitan crear r\u00e1pidamente v\u00eddeos atractivos para sus campa\u00f1as.<\/p><\/li><li data-start=\"4523\" data-end=\"4642\"><p data-start=\"4525\" data-end=\"4642\"><strong data-start=\"4525\" data-end=\"4569\">Creadores de contenidos y personas influyentes<\/strong> que buscan destacar entre la multitud con formatos originales y envolventes.<\/p><\/li><li data-start=\"4643\" data-end=\"4745\"><p data-start=\"4645\" data-end=\"4745\"><strong data-start=\"4645\" data-end=\"4676\">Dise\u00f1adores y artistas gr\u00e1ficos<\/strong> que quieran integrar la IA generativa en su proceso creativo.<\/p><\/li><li data-start=\"4746\" data-end=\"4873\"><p data-start=\"4748\" data-end=\"4873\"><strong data-start=\"4748\" data-end=\"4779\">Empresas y start-ups<\/strong> que necesitan elementos visuales modernos, escalables y adaptados a un p\u00fablico digital.<\/p><\/li><\/ul>\t\t\t\t\t\t\t\t<\/div>\n\t\t\t\t<\/div>\n\t\t\t\t\t<\/div>\n\t\t\t\t<\/div>\n\t\t\t\t<\/div>\n\t\t","protected":false},"excerpt":{"rendered":"<p>\u00bfQu\u00e9 es la Pasarela? Runway es una plataforma de creaci\u00f3n audiovisual que sit\u00faa la inteligencia artificial en el centro del proceso creativo. M\u00e1s que una herramienta de edici\u00f3n, es un aut\u00e9ntico estudio digital de nueva generaci\u00f3n, dise\u00f1ado para generar, transformar y mejorar v\u00eddeos e im\u00e1genes en un tiempo r\u00e9cord. Donde la edici\u00f3n tradicional requiere hardware, software complejo y conocimientos avanzados, Runway hace que la creaci\u00f3n sea sencilla, intuitiva y accesible, incluso para los no especialistas. Para vide\u00f3grafos, vendedores, creadores de contenidos y formadores, abre todo un nuevo mundo de posibilidades: producir m\u00e1s r\u00e1pido, experimentar m\u00e1s, reducir costes y ampliar los l\u00edmites de la imaginaci\u00f3n visual. Caracter\u00edsticas principales de Runway Runway ofrece un arsenal de potentes herramientas dise\u00f1adas para combinar creatividad y eficacia: Generaci\u00f3n de im\u00e1genes y v\u00eddeos por IA: describe tu idea en pocas palabras, y deja que la IA produzca im\u00e1genes o secuencias de v\u00eddeo originales. Edici\u00f3n inteligente de v\u00eddeo: elimina elementos, cambia un fondo o aplica retoques avanzados sin necesidad de pesados programas de postproducci\u00f3n. Texto a v\u00eddeo: utiliza un gui\u00f3n o una simple descripci\u00f3n de texto para generar un v\u00eddeo completo y coherente, animado por IA. Efectos visuales automatizados: aplica filtros, transiciones y correcciones est\u00e9ticas con s\u00f3lo pulsar un bot\u00f3n para mejorar tus proyectos. Colaboraci\u00f3n en tiempo real: trabaja con tus equipos en el mismo proyecto a trav\u00e9s de un espacio de trabajo compartido, haciendo que el proceso sea m\u00e1s r\u00e1pido y fluido. Exportaciones optimizadas para digital: adapta tus creaciones a los formatos espec\u00edficos de plataformas como YouTube, TikTok, Instagram o LinkedIn. Evoluci\u00f3n continua: aprovecha las actualizaciones peri\u00f3dicas que incorporan los \u00faltimos avances en IA generativa, para mantenerte a la vanguardia de los usos creativos. C\u00f3mo utilizar la Pasarela para dinamizar tus proyectos creativos Runway no es s\u00f3lo una herramienta pr\u00e1ctica: es un aut\u00e9ntico acelerador de la creatividad. Un cineasta independiente puede utilizarlo para generar efectos especiales o ajustar una secuencia sin contratar a un costoso equipo de postproducci\u00f3n. Un vendedor digital puede producir en pocos minutos un v\u00eddeo promocional contundente para una campa\u00f1a social, con resultados que rivalizan con los est\u00e1ndares profesionales. Un formador puede transformar su material did\u00e1ctico en v\u00eddeos interactivos, aumentando la participaci\u00f3n y la retenci\u00f3n del alumno. Con Runway, ganas libertad para probar r\u00e1pidamente tus ideas visuales, explorar nuevos estilos y aplicar el mismo contenido en m\u00faltiples formatos y canales sin empezar de cero. Las ventajas de utilizar Runway Acelera la producci\u00f3n: ahorra un tiempo precioso automatizando tareas que consumen mucho tiempo, como la edici\u00f3n, el recorte o la correcci\u00f3n visual. Potencia tu creatividad: deja que la IA genere conceptos originales, insp\u00edrate en sus sugerencias y explora nuevos mundos visuales. Recorta costes: reduce tus gastos en hardware, software complejo y subcontrataci\u00f3n externa. Accede al v\u00eddeo profesional sin conocimientos t\u00e9cnicos: incluso sin formaci\u00f3n t\u00e9cnica, puedes conseguir resultados dignos de producciones avanzadas. Desarrolla una estrategia multicanal: un mismo proyecto puede desplegarse en varios formatos adaptados a las redes sociales, los sitios web o las presentaciones profesionales. \u00bfA qui\u00e9n se dirige Runway? Runway es para cualquiera que quiera transformar su forma de producir contenidos visuales: Cineastas y vide\u00f3grafos que quieran acelerar su flujo de trabajo y a\u00f1adir efectos especiales de alta calidad. Equipos de marketing y comunicaci\u00f3n, que necesitan crear r\u00e1pidamente v\u00eddeos atractivos para sus campa\u00f1as. Creadores de contenidos y personas influyentes que buscan destacar entre la multitud con formatos originales y envolventes. Dise\u00f1adores y artistas gr\u00e1ficos que quieran integrar la IA generativa en su proceso creativo. Empresas y start-ups que necesitan elementos visuales modernos, escalables y adaptados a un p\u00fablico digital.<\/p>\n","protected":false},"featured_media":29929,"comment_status":"closed","ping_status":"closed","template":"","meta":{"_acf_changed":false,"_glsr_average":0,"_glsr_ranking":0,"_glsr_reviews":0},"product_brand":[],"product_cat":[6546,5379,5378],"product_tag":[],"class_list":{"0":"post-39019","1":"product","2":"type-product","3":"status-publish","4":"has-post-thumbnail","6":"product_cat-generador-de-imagenes","7":"product_cat-generadores-de-video","8":"product_cat-ia-generativa","10":"first","11":"instock","12":"shipping-taxable","13":"product-type-external"},"acf":[],"_links":{"self":[{"href":"https:\/\/boostgrowb.com\/es\/wp-json\/wp\/v2\/product\/39019","targetHints":{"allow":["GET"]}}],"collection":[{"href":"https:\/\/boostgrowb.com\/es\/wp-json\/wp\/v2\/product"}],"about":[{"href":"https:\/\/boostgrowb.com\/es\/wp-json\/wp\/v2\/types\/product"}],"replies":[{"embeddable":true,"href":"https:\/\/boostgrowb.com\/es\/wp-json\/wp\/v2\/comments?post=39019"}],"version-history":[{"count":0,"href":"https:\/\/boostgrowb.com\/es\/wp-json\/wp\/v2\/product\/39019\/revisions"}],"wp:featuredmedia":[{"embeddable":true,"href":"https:\/\/boostgrowb.com\/es\/wp-json\/wp\/v2\/media\/29929"}],"wp:attachment":[{"href":"https:\/\/boostgrowb.com\/es\/wp-json\/wp\/v2\/media?parent=39019"}],"wp:term":[{"taxonomy":"product_brand","embeddable":true,"href":"https:\/\/boostgrowb.com\/es\/wp-json\/wp\/v2\/product_brand?post=39019"},{"taxonomy":"product_cat","embeddable":true,"href":"https:\/\/boostgrowb.com\/es\/wp-json\/wp\/v2\/product_cat?post=39019"},{"taxonomy":"product_tag","embeddable":true,"href":"https:\/\/boostgrowb.com\/es\/wp-json\/wp\/v2\/product_tag?post=39019"}],"curies":[{"name":"wp","href":"https:\/\/api.w.org\/{rel}","templated":true}]}}